{"id":986,"date":"2025-10-15T11:58:24","date_gmt":"2025-10-15T09:58:24","guid":{"rendered":"https:\/\/3d-printere.dk\/index.php\/vare\/soft-snack-fit-vital-puppy-og-junior-2\/"},"modified":"2025-10-15T11:58:32","modified_gmt":"2025-10-15T09:58:32","slug":"soft-snack-fit-vital-puppy-og-junior-2","status":"publish","type":"product","link":"https:\/\/3d-printere.dk\/index.php\/vare\/soft-snack-fit-vital-puppy-og-junior-2\/","title":{"rendered":"Soft Snack Fit &#038; Vital Puppy og Junior"},"content":{"rendered":"<p>Velsmagende, letford\u00f8jelige snack til hvalpe og unghunde fra 6. uge. Den bl\u00f8de, hjerteformede snack er ideel til at fork\u00e6le sensible hvalpe\/unghunde af mellemstore og store racer, eller som et mellemm\u00e5ltid. Vores hvedefri snacks indeholder ekstra C-vitamin. Soft Snack fremstilles uden tils\u00e6tning af sukker og konserveringsmidler.<\/p>\n<p>Fremstillet i Tyskland under den strengeste kvalitetskontrol.<\/p>\n<p>&nbsp;<\/p>\n<p><strong>Ingredienser:<\/strong><strong><br \/>\n<\/strong>Vegetabilske biprodukter*, fjerkr\u00e6protein* (13,5%), majsmel, ris, fedtegrever, majs, fiskemel (3,5%, heraf 50% laksemel), lammeprotein* (3%), solsikkeolie, hydrolyseret protein *, kaliumchlorid, g\u00e6r *, natriumchlorid, t\u00f8rret hele \u00e6g (0,17%), tang*, h\u00f8rfr\u00f8 (0,1%), muslingek\u00f8d* (0,03%), g\u00e6r* (ekstraheret) *) t\u00f8rret<\/p>\n<p><strong>Analytiske bestanddele<\/strong><strong><br \/>\n<\/strong>R\u00e5protein 23,0%, r\u00e5fedt 6,5%, r\u00e5fibre 2,0%, r\u00e5aske 8,0%.<\/p>\n<p>&nbsp;<\/p>\n<p><strong>Tils\u00e6tningsstoffer:<\/strong><\/p>\n<p><strong>Vitaminer \/kg:<\/strong><br \/>\nA-vitamin (3a672a) 12500 IE, D3-vitamin (3a671) 650 IE, C-vitamin (3a312) 20 mg.<\/p>\n<p><strong>Sporstoffer\/kg:<\/strong><br \/>\nJern (3b103) 45 mg, kobber (3b405) 9 mg, zink (3b603, 3b606) 85 mg, mangan (3b502) 20 mg, jod (3b202) 2 mg, selen (3b801) 0,1 mg.<\/p>\n<p><strong> Aminosyrer\/kg:<br \/>\n<\/strong>L-tryptophan (3c440) 600 mg. Antioxidant, tocopherolekstrakter fra vegetabilske olier 1b306(i)<\/p>\n<p><strong>Fodring:<\/strong><br \/>\nTilbyd et par stykker flere gang om dagen som bel\u00f8nning \u2013 eller som et lille mellemm\u00e5ltid. S\u00f8rg for at der er frisk drikkevand til r\u00e5dighed p\u00e5 alle tidspunkter.<\/p>\n","protected":false},"excerpt":{"rendered":"<p>&nbsp;<\/p>\n<p><!--more--><\/p>\n<p>Findes i poser \u00e1 100 gr<\/p>\n<ul>\n<li>Hjerteformede velsmagende snacks<\/li>\n<li>Fjerkr\u00e6, laks, havfisk, lam og \u00e6g<\/li>\n<li>Hvedefri<\/li>\n<li>Praktisk genluk-funktion<\/li>\n<li>23\/6,5 protein\/fedt<\/li>\n<li>Anbefalet af dyrl\u00e6ger og opdr\u00e6ttere<\/li>\n<\/ul>\n","protected":false},"featured_media":0,"comment_status":"closed","ping_status":"closed","template":"","meta":[],"product_brand":[],"product_cat":[1151,1754,1755,1756],"product_tag":[],"class_list":{"0":"post-986","1":"product","2":"type-product","3":"status-publish","5":"product_cat-fit-vital","6":"product_cat-hvalpe-og-unge-hunde-fit-vital","7":"product_cat-hvedefri-hund-hvalpe-og-unge-hunde-fit-vital","8":"product_cat-snacks-og-kiks-hund-hvedefri-hund-hvalpe-og-unge-hunde-fit-vital","10":"first","11":"onbackorder","12":"taxable","13":"shipping-taxable","14":"purchasable","15":"product-type-simple"},"supplier_id":null,"supplier_sku":"","barcode":null,"atum_controlled":true,"out_stock_date":"2025-10-15 11:58:32","out_stock_threshold":null,"inheritable":false,"inbound_stock":null,"stock_on_hold":0,"sold_today":0,"sales_last_days":0,"reserved_stock":null,"customer_returns":null,"warehouse_damage":null,"lost_in_post":null,"other_logs":null,"out_stock_days":102,"lost_sales":0,"has_location":null,"update_date":"2026-01-26T00:06:51","atum_locations":[],"atum_stock_status":"onbackorder","restock_status":false,"low_stock_amount":"","sales_update_date":"2026-01-26T00:06:51","calc_backorders":0,"_links":{"self":[{"href":"https:\/\/3d-printere.dk\/index.php\/wp-json\/wp\/v2\/product\/986","targetHints":{"allow":["GET"]}}],"collection":[{"href":"https:\/\/3d-printere.dk\/index.php\/wp-json\/wp\/v2\/product"}],"about":[{"href":"https:\/\/3d-printere.dk\/index.php\/wp-json\/wp\/v2\/types\/product"}],"replies":[{"embeddable":true,"href":"https:\/\/3d-printere.dk\/index.php\/wp-json\/wp\/v2\/comments?post=986"}],"wp:attachment":[{"href":"https:\/\/3d-printere.dk\/index.php\/wp-json\/wp\/v2\/media?parent=986"}],"wp:term":[{"taxonomy":"product_brand","embeddable":true,"href":"https:\/\/3d-printere.dk\/index.php\/wp-json\/wp\/v2\/product_brand?post=986"},{"taxonomy":"product_cat","embeddable":true,"href":"https:\/\/3d-printere.dk\/index.php\/wp-json\/wp\/v2\/product_cat?post=986"},{"taxonomy":"product_tag","embeddable":true,"href":"https:\/\/3d-printere.dk\/index.php\/wp-json\/wp\/v2\/product_tag?post=986"}],"curies":[{"name":"wp","href":"https:\/\/api.w.org\/{rel}","templated":true}]}}