{"id":977,"date":"2025-10-15T11:58:02","date_gmt":"2025-10-15T09:58:02","guid":{"rendered":"https:\/\/3d-printere.dk\/index.php\/vare\/sensible-mini-india\/"},"modified":"2025-10-15T11:58:19","modified_gmt":"2025-10-15T09:58:19","slug":"sensible-mini-india","status":"publish","type":"product","link":"https:\/\/3d-printere.dk\/index.php\/vare\/sensible-mini-india\/","title":{"rendered":"Sensible Mini India"},"content":{"rendered":"<p>Komplet foder, velegnet til sensible voksne hunde, op til 10 kg. voksenv\u00e6gt. Indeholder veltilberedte ris, \u00e6rter og gurkemeje.<\/p>\n<p>Fremstillet i Tyskland under den strengeste kvalitetskontrol.<\/p>\n<p>&nbsp;<\/p>\n<p><strong>Ingredienser:<\/strong><br \/>\nRis (39%), risprotein*, olier og fedtstoffer, \u00e6rteflager (8%), hydrolyseret protein (fra m\u00e6lkeprodukter), lignocellulose, roetr\u00e6vler* (afsukret), kartoffelprotein*, g\u00e6r*, monocalciumphosphat, \u00e6blekvas*, calciumcarbonat, natriumchlorid, t\u00f8rrede hele \u00e6g, cikoriepulver, traneb\u00e6r* (0,1%), kokosn\u00f8d* (0,1%), gurkemeje* (0,05%) *) t\u00f8rret<\/p>\n<p><strong>Analytiske bestanddele:<\/strong><br \/>\nR\u00e5protein 26,0%, r\u00e5fedt 12,0%, r\u00e5fiber 5,5%, r\u00e5aske 6,5%, calcium 1,1%, fosfor 0,7%, natrium 0,25%, omega-6 fedtsyrer, 3,5%. omega-3 fedtsyrer 0,4%<\/p>\n<p>&nbsp;<\/p>\n<p><strong>Tils\u00e6tningsstoffer:<\/strong><\/p>\n<p><strong>Vitaminer\/kg:<\/strong><br \/>\nVitamin A (3a672a) 15000 IE, vitamin D3 (3a671) 900 IE, vitamin B12 (3a835) 65 mcg, L-carnitin (3a910) 900 mg, taurin (3a370) 2000 mg.<\/p>\n<p><strong> Sporstoffer\/kg:<\/strong><br \/>\nJern (som 3b103) 55 mg, kobber (som 3b405) 12 mg, zink (som 3b603) 70 mg, mangan (som 3b502) 14 mg, jod (som 3b202) 1,5 mg, selen (som 3b801) . ) 0,2 mg.<\/p>\n<p><strong>Aminosyrer\/kg:<\/strong><br \/>\nDL-Methionin (3c301) 4400 mg, L-tryptophan (3c440) 2000 mg.<\/p>\n<p>Antioxidanter, tocopherolekstrakter fra vegetabilske olier 1b306(i)<\/p>\n<p>&nbsp;<\/p>\n<p><strong>Anbefalet daglig foderm\u00e6ngde (g\/dag):<\/strong><\/p>\n<p><img loading=\"lazy\" decoding=\"async\" class=\"alignnone wp-image-4820\" src=\"https:\/\/3d-printere.dk\/wp-content\/uploads\/2025\/10\/Mini-India-0623-1-600x395.jpg\" alt=\"\" width=\"501\" height=\"330\" \/><\/p>\n<p><strong>Fodring:<br \/>\n<\/strong>Giv foderet t\u00f8r eller tilf\u00f8j frisk, varmt vand (ved omkring 50-60\u00b0 C) og lad det tr\u00e6kke i et par minutter. S\u00f8rg for, at der er frisk drikkevand til r\u00e5dighed p\u00e5 alle tidspunkter. Reducer m\u00e6ngden af foder, hvis du ogs\u00e5 giver din hund snacks\/godbidder. I betragtning af forskellen mellem de enkelte hunde, kan den angivne daglige m\u00e6ngde reduceres med op til 15 %, hvis hunden har tendens til at v\u00e6re overv\u00e6gtig.<\/p>\n<p>&nbsp;<\/p>\n<p>&nbsp;<\/p>\n","protected":false},"excerpt":{"rendered":"<p>&nbsp;<\/p>\n<p><!--more--><\/p>\n<p>Findes i 300 gr og 4 kg<\/p>\n<ul>\n<li>Sm\u00e5 racer op til 10 kg voksenv\u00e6gt \u2013 normalt energibehov<\/li>\n<li>Sm\u00e5 kroketter til sm\u00e5 hunde<\/li>\n<li>Vegetarisk opskrift<\/li>\n<li>Hvede- og glutenfri<\/li>\n<li>Indeholder omega-3 og omega-6<\/li>\n<li>26\/12 protein\/fedt<\/li>\n<li>Anbefalet af dyrel\u00e6ger og opdr\u00e6ttere<\/li>\n<\/ul>\n","protected":false},"featured_media":0,"comment_status":"closed","ping_status":"closed","template":"","meta":[],"product_brand":[],"product_cat":[1218,1470,1471,1472,1673,1674,1675,1676,1677,1678,1679],"product_tag":[],"class_list":{"0":"post-977","1":"product","2":"type-product","3":"status-publish","5":"product_cat-foderintolerance-hund-2","6":"product_cat-glutenfri-hund-foderintolerance-hund-2","7":"product_cat-hundefoder-glutenfri-hund-foderintolerance-hund-2","8":"product_cat-hvedefri-hund-hundefoder-glutenfri-hund-foderintolerance-hund-2","9":"product_cat-mini-hunde-hvedefri-hund-hundefoder-glutenfri-hund-foderintolerance-hund-2","10":"product_cat-pels-hund-mini-hunde-hvedefri-hund-hundefoder-glutenfri-hund-foderintolerance-hund-2","11":"product_cat-sensible-hund-pels-hund-mini-hunde-hvedefri-hund-hundefoder-glutenfri-hund-foderintolerance-hund-2","12":"product_cat-toerfoder-hund-sensible-hund-pels-hund-mini-hunde-hvedefri-hund-hundefoder-glutenfri-hund-foderintolerance-hund-2","13":"product_cat-vegetarisk-hund-toerfoder-hund-sensible-hund-pels-hund-mini-hunde-hvedefri-hund-hundefoder-glutenfri-hund-foderintolerance-hund-2","14":"product_cat-voksen-hund-vegetarisk-hund-toerfoder-hund-sensible-hund-pels-hund-mini-hunde-hvedefri-hund-hundefoder-glutenfri-hund-foderintolerance-hund-2","15":"product_cat-voksen-mini-hunde-voksen-hund-vegetarisk-hund-toerfoder-hund-sensible-hund-pels-hund-mini-hunde-hvedefri-hund-hundefoder-glutenfri-hund-foderintolerance-hund-2","16":"pa_posestoerrelse-4-kgs8positioni1s10is_visiblei1s12is_variationi1s11is_taxonomyi0","17":"pa_posestoerrelse-a1s15posestoerrelsera6s4names15posestoerrelsers5values276-x-300-gr-1-kasse","19":"first","20":"onbackorder","21":"taxable","22":"shipping-taxable","23":"product-type-simple"},"supplier_id":null,"supplier_sku":"","barcode":null,"atum_controlled":true,"out_stock_date":"2025-10-15 11:58:18","out_stock_threshold":null,"inheritable":false,"inbound_stock":null,"stock_on_hold":0,"sold_today":0,"sales_last_days":0,"reserved_stock":null,"customer_returns":null,"warehouse_damage":null,"lost_in_post":null,"other_logs":null,"out_stock_days":102,"lost_sales":0,"has_location":null,"update_date":"2026-01-26T00:06:51","atum_locations":[],"atum_stock_status":"onbackorder","restock_status":false,"low_stock_amount":"","sales_update_date":"2026-01-26T00:06:51","calc_backorders":0,"_links":{"self":[{"href":"https:\/\/3d-printere.dk\/index.php\/wp-json\/wp\/v2\/product\/977","targetHints":{"allow":["GET"]}}],"collection":[{"href":"https:\/\/3d-printere.dk\/index.php\/wp-json\/wp\/v2\/product"}],"about":[{"href":"https:\/\/3d-printere.dk\/index.php\/wp-json\/wp\/v2\/types\/product"}],"replies":[{"embeddable":true,"href":"https:\/\/3d-printere.dk\/index.php\/wp-json\/wp\/v2\/comments?post=977"}],"wp:attachment":[{"href":"https:\/\/3d-printere.dk\/index.php\/wp-json\/wp\/v2\/media?parent=977"}],"wp:term":[{"taxonomy":"product_brand","embeddable":true,"href":"https:\/\/3d-printere.dk\/index.php\/wp-json\/wp\/v2\/product_brand?post=977"},{"taxonomy":"product_cat","embeddable":true,"href":"https:\/\/3d-printere.dk\/index.php\/wp-json\/wp\/v2\/product_cat?post=977"},{"taxonomy":"product_tag","embeddable":true,"href":"https:\/\/3d-printere.dk\/index.php\/wp-json\/wp\/v2\/product_tag?post=977"}],"curies":[{"name":"wp","href":"https:\/\/api.w.org\/{rel}","templated":true}]}}