{"id":960,"date":"2025-10-15T11:58:02","date_gmt":"2025-10-15T09:58:02","guid":{"rendered":"https:\/\/3d-printere.dk\/index.php\/vare\/naturcroq-active-2\/"},"modified":"2025-10-15T11:58:13","modified_gmt":"2025-10-15T09:58:13","slug":"naturcroq-active-2","status":"publish","type":"product","link":"https:\/\/3d-printere.dk\/index.php\/vare\/naturcroq-active-2\/","title":{"rendered":"NaturCroq Active"},"content":{"rendered":"<p>Komplet fuldfoder til aktive voksne hunde, med forh\u00f8jet energibehov. Ideel til hunde der skal pr\u00e6stere i sport, jagt, agility eller som brugshund.<\/p>\n<p>Fremstillet i Tyskland under den strengeste kvalitetskontrol!<\/p>\n<p>&nbsp;<\/p>\n<p><strong>Ingredienser:<\/strong><br \/>\nFjerkr\u00e6protein* (13,5%), hvedemel, fuldkornshvede, majsmel, fjerkr\u00e6fedt, oksek\u00f8dsfedt, fuldkornsbyg, fuldkornsmajs, fedtegrever, k\u00f8dmel, h\u00e6moglobin*, hydrolyseret lever, fiskemel (1,5%), roetr\u00e6vler* (afsukret), solsikkeolie (0, 9%), \u00e6blekvas* (0,7%), g\u00e6r*, kaliumchlorid, rapsolie (0,2%), guler\u00f8dder*, natriumchlorid, gr\u00f8n havre*, solsikke* (0,08%), karse*, persille*, musling*, (gr\u00f8nne urter i alt: 0,3%); *t\u00f8rret<\/p>\n<p><strong>Analytiske bestanddele:<\/strong><br \/>\nR\u00e5protein 24,0%, r\u00e5fedt 18,0%, r\u00e5fibre 2,0%, r\u00e5aske 5,5%, calcium 1,2%, fosfor 0,8%, natrium 0,25%, kalium 0,6%, magnesium 0,1%, omega-6-fedtsyrer 3,0%, omega-3-fedtsyrer 0,3%.<\/p>\n<p>&nbsp;<\/p>\n<p><strong>Tils\u00e6tningsstoffer:<\/strong><\/p>\n<p><strong>Vitaminer \/ kg:<\/strong><br \/>\nVitamin A (3a672a) 12000 IE, vitamin D3 (3a671) 700 IE, vitamin E (alle rac-alpha-tocopherylacetat 3a700) 85 mg, vitamin B1 (thiaminmononitrat 3a821) 3 mg, vitamin B2 (3ariboflavin5) ) 3 mg, vitamin B6 (pyridoxinhydrochlorid 3a831) 3 mg, biotin (3a880) 340 mcg, calcium D-pantothenat (3a841) 10 mg, niacin (3a314) 35 mg, vitamin B12 50 mcg. Antioxidanter, tocopherolekstrakter fra vegetabilske olier 1b306(i).<\/p>\n<p><strong>Sporstoffer\/kg:<\/strong><br \/>\nJern (jern(II)sulfatmonohydrat 3b103) 60 mg, kobber (kobber(II)sulfatpentahydrat 3b405) 12 mg, zink (zinkoxid 3b603) 100 mg, mangan (mangan(II)oxid 3b4002) 1050 mg, jod (calciumiodat, vandfrit 3b202) 2,6 mg, selen (natriumselenit 3b801) 0,18 mg.<\/p>\n<p>&nbsp;<\/p>\n<p><strong>Anbefalet daglig foderm\u00e6ngde (g\/dag):<\/strong><\/p>\n<p><img loading=\"lazy\" decoding=\"async\" class=\"alignnone wp-image-4748\" src=\"https:\/\/3d-printere.dk\/wp-content\/uploads\/2025\/10\/NaturCroq-active-0623-1-600x513.jpg\" alt=\"\" width=\"502\" height=\"429\" \/><\/p>\n<div><strong>Fodring:<\/strong><\/div>\n<div>Giv foderet t\u00f8r eller tilf\u00f8j frisk, varmt vand (ved omkring 50-60\u00b0 C) og\u00a0lad det tr\u00e6kke i et par minutter. S\u00f8rg for, at der er frisk drikkevand til\u00a0r\u00e5dighed p\u00e5 alle tidspunkter. Reducer m\u00e6ngden af foder, hvis du ogs\u00e5\u00a0giver din hund snacks\/godbidder. I betragtning af de metaboliske forskelle mellem\u00a0de enkelte hunde, kan den angivne daglige m\u00e6ngde reduceres med op\u00a0til 15\u00a0%, hvis hunden har tendens til at v\u00e6re overv\u00e6gtig.<\/div>\n","protected":false},"excerpt":{"rendered":"<p>&nbsp;<\/p>\n<p><!--more--><\/p>\n<p>Findes i 15 kg<\/p>\n<ul>\n<li>Voksne hunde med forh\u00f8jet energibehov<\/li>\n<li>Brugshunde, agility, sport og jagt<\/li>\n<li>Afbalanceret indhold af proteiner<\/li>\n<li>Fjerkr\u00e6, oksek\u00f8d og fisk<\/li>\n<li>V\u00e6rdifulde lokale urter<\/li>\n<li>Anbefalet af dyrel\u00e6ger og opdr\u00e6ttere<\/li>\n<\/ul>\n","protected":false},"featured_media":0,"comment_status":"closed","ping_status":"closed","template":"","meta":[],"product_brand":[],"product_cat":[1200,1257,1258,1259,1260,1650,1648,1649],"product_tag":[],"class_list":{"0":"post-960","1":"product","2":"type-product","3":"status-publish","5":"product_cat-aktiv-hund","6":"product_cat-fordoejelse-hund-aktiv-hund","7":"product_cat-hundefoder-fordoejelse-hund-aktiv-hund","8":"product_cat-maxi-hund-hundefoder-fordoejelse-hund-aktiv-hund","9":"product_cat-medium-hund-maxi-hund-hundefoder-fordoejelse-hund-aktiv-hund","10":"product_cat-naturcroq-voksen-hund-toerfoder-hund-medium-hund-maxi-hund-hundefoder-fordoejelse-hund-aktiv-hund","11":"product_cat-toerfoder-hund-medium-hund-maxi-hund-hundefoder-fordoejelse-hund-aktiv-hund","12":"product_cat-voksen-hund-toerfoder-hund-medium-hund-maxi-hund-hundefoder-fordoejelse-hund-aktiv-hund","14":"first","15":"onbackorder","16":"taxable","17":"shipping-taxable","18":"purchasable","19":"product-type-simple"},"supplier_id":null,"supplier_sku":"","barcode":null,"atum_controlled":true,"out_stock_date":"2025-10-15 11:58:12","out_stock_threshold":null,"inheritable":false,"inbound_stock":null,"stock_on_hold":0,"sold_today":0,"sales_last_days":0,"reserved_stock":null,"customer_returns":null,"warehouse_damage":null,"lost_in_post":null,"other_logs":null,"out_stock_days":102,"lost_sales":0,"has_location":null,"update_date":"2026-01-26T00:06:51","atum_locations":[],"atum_stock_status":"onbackorder","restock_status":false,"low_stock_amount":"","sales_update_date":"2026-01-26T00:06:51","calc_backorders":0,"_links":{"self":[{"href":"https:\/\/3d-printere.dk\/index.php\/wp-json\/wp\/v2\/product\/960","targetHints":{"allow":["GET"]}}],"collection":[{"href":"https:\/\/3d-printere.dk\/index.php\/wp-json\/wp\/v2\/product"}],"about":[{"href":"https:\/\/3d-printere.dk\/index.php\/wp-json\/wp\/v2\/types\/product"}],"replies":[{"embeddable":true,"href":"https:\/\/3d-printere.dk\/index.php\/wp-json\/wp\/v2\/comments?post=960"}],"wp:attachment":[{"href":"https:\/\/3d-printere.dk\/index.php\/wp-json\/wp\/v2\/media?parent=960"}],"wp:term":[{"taxonomy":"product_brand","embeddable":true,"href":"https:\/\/3d-printere.dk\/index.php\/wp-json\/wp\/v2\/product_brand?post=960"},{"taxonomy":"product_cat","embeddable":true,"href":"https:\/\/3d-printere.dk\/index.php\/wp-json\/wp\/v2\/product_cat?post=960"},{"taxonomy":"product_tag","embeddable":true,"href":"https:\/\/3d-printere.dk\/index.php\/wp-json\/wp\/v2\/product_tag?post=960"}],"curies":[{"name":"wp","href":"https:\/\/api.w.org\/{rel}","templated":true}]}}