{"id":946,"date":"2025-10-15T11:58:02","date_gmt":"2025-10-15T09:58:02","guid":{"rendered":"https:\/\/3d-printere.dk\/index.php\/vare\/sensible-andalucia-2\/"},"modified":"2025-10-15T11:58:08","modified_gmt":"2025-10-15T09:58:08","slug":"sensible-andalucia-2","status":"publish","type":"product","link":"https:\/\/3d-printere.dk\/index.php\/vare\/sensible-andalucia-2\/","title":{"rendered":"Sensible Andaluc\u00eda"},"content":{"rendered":"<p>Komplet foder, velegnet til sensible voksne hunde, fra 11 kg. voksenv\u00e6gt. Indeholder iberico grisek\u00f8d og middelhavsris.<\/p>\n<p>Fremstillet i Tyskland under den strengeste kvalitetskontrol.<\/p>\n<p>&nbsp;<\/p>\n<p><strong>Ingredienser:<\/strong><br \/>\nRis, protein fra Iberico-gris (18,0%), risprotein*, fjerkr\u00e6fedt, roetr\u00e6vler* (afsukret), hydrolyseret lever, \u00e6blekvas*, solsikkeolie, kaliumklorid, g\u00e6r*, natriumklorid, rapsolie, tang*, paprika* (r\u00f8d og gr\u00f8n), rosmarin, tomater*, olivenblade*, courgetter*, muslingek\u00f8d* (0,05%), marietidsel, artiskok, m\u00e6lkeb\u00f8tte, ingef\u00e6r, birk, br\u00e6nden\u00e6lde, kamille, koriander, salvie, s\u00f8d tr\u00e6rod, timian, g\u00e6r* (ekstraheret), (gr\u00f8ntsager i alt: 0,45%, t\u00f8rrede urter i alt: 0,14%) *t\u00f8rret<\/p>\n<p><strong>Analytiske bestanddele:<\/strong><br \/>\nR\u00e5protein 21,0%, r\u00e5fedt 10,0%, r\u00e5fibre 3%, r\u00e5aske 9%, calcium 1,75%, fosfor 1,1%, natrium 0,4%, kalium 0,8%, magnesium 0,07%, omega-6-fedtsyrer 5,0%, omega-3-fedtsyrer 0,2%.<\/p>\n<p>&nbsp;<\/p>\n<p><strong>Tils\u00e6tningsstoffer:<\/strong><\/p>\n<p><strong>Vitaminer \/ kg:<\/strong><br \/>\nVitamin A (3a672a) 15000 I.E., Vitamin D3 (3a671) 900 I.E., Vitamin E (all rac-alpha-Tocopherylacetat 3a700) 110 mg, Vitamin B1 (Thiaminmononitrat 3a821) 4 mg, Vitamin B2 (Riboflavin 3a825ii) 4 mg, Vitamin B6 (Pyridoxinhydrochlorid 3a831) 4 mg, Biotin (3a880) 430 mcg, Calcium-D-Pantothenat (3a841) 10 mg, Niacin (3a314) 45 mg, Vitamin B12 65 mcg, Taurin (3a370) 500 mg.<\/p>\n<p><strong>Sporstoffer\/kg:<\/strong><br \/>\nJern (jern(II) sulfat-Monohydrat 3b103) 70 mg, kpbber (kobber(II)-sulfat-Pentahydrat 3b405) 13 mg, Zink (Zinkoxid 3b603) 85 mg, Magan (Mangan(II)-oxid 3b502) 16 mg, Jod (calciumiodat, vandfrit 3b202) 1,6 mg, Selen (Natriumselenit 3b801) 0,25 mg.<\/p>\n<p><strong>Aminosyrer\/kg:<\/strong><br \/>\nDL-Methionin (3c301) 4000 mg, L-Tryptophan (3c440) 2000 mg<\/p>\n<p>Antioxidanter, tocopherolekstrakter fra vegetabilske olier 1b306(i)<\/p>\n<p>&nbsp;<\/p>\n<p><strong>Anbefalet daglig foderm\u00e6ngde (g\/dag):<\/strong><\/p>\n<p><img loading=\"lazy\" decoding=\"async\" class=\"alignnone wp-image-4679\" src=\"https:\/\/3d-printere.dk\/wp-content\/uploads\/2025\/10\/Andalucia-1122-1-600x575.jpg\" alt=\"\" width=\"500\" height=\"479\" \/><\/p>\n<p><strong>Fodring:<\/strong><br \/>\nGiv foderet t\u00f8r eller tilf\u00f8j frisk, varmt vand (ved omkring 50-60\u00b0 C) og lad det tr\u00e6kke i et par minutter. S\u00f8rg for, at der er frisk drikkevand til r\u00e5dighed p\u00e5 alle tidspunkter. Reducer m\u00e6ngden af foder, hvis du ogs\u00e5 giver din hund snacks\/godbidder. I betragtning af de metaboliske forskelle mellem de enkelte hunde, kan den angivne daglige m\u00e6ngde reduceres med op til 15\u00a0%, hvis hunden har tendens til at v\u00e6re overv\u00e6gtig.<\/p>\n","protected":false},"excerpt":{"rendered":"<p>&nbsp;<\/p>\n<p><!--more--><\/p>\n<p>Findes i 4 kg og 11 kg<\/p>\n<ul>\n<li>Fra 11 kg. voksenv\u00e6gt \u2013 normalt energibehov<\/li>\n<li>Iberico grisek\u00f8d som eksklusiv proteinkilde<\/li>\n<li>Hvede- og glutenfri<\/li>\n<li>Indeholder omega-3 og omega-6<\/li>\n<li>21\/10 protein\/fedt<\/li>\n<li>Anbefalet af dyrel\u00e6ger og opdr\u00e6ttere<\/li>\n<\/ul>\n","protected":false},"featured_media":0,"comment_status":"closed","ping_status":"closed","template":"","meta":[],"product_brand":[],"product_cat":[1218,1219,1220,1221,1479,1480,1481,1639,1636,1637,1638],"product_tag":[],"class_list":{"0":"post-946","1":"product","2":"type-product","3":"status-publish","5":"product_cat-foderintolerance-hund-2","6":"product_cat-fordoejelse-hund-foderintolerance-hund-2","7":"product_cat-glutenfri-hund-fordoejelse-hund-foderintolerance-hund-2","8":"product_cat-hundefoder-glutenfri-hund-fordoejelse-hund-foderintolerance-hund-2","9":"product_cat-hvedefri-hund-hundefoder-glutenfri-hund-fordoejelse-hund-foderintolerance-hund-2","10":"product_cat-maxi-hund-hvedefri-hund-hundefoder-glutenfri-hund-fordoejelse-hund-foderintolerance-hund-2","11":"product_cat-medium-hund-maxi-hund-hvedefri-hund-hundefoder-glutenfri-hund-fordoejelse-hund-foderintolerance-hund-2","12":"product_cat-sensible-hund-voksen-hund-toerfoder-hund-single-protein-hund-medium-hund-maxi-hund-hvedefri-hund-hundefoder-glutenfri-hund-fordoejelse-hund-foderintolerance-hund-2","13":"product_cat-single-protein-hund-medium-hund-maxi-hund-hvedefri-hund-hundefoder-glutenfri-hund-fordoejelse-hund-foderintolerance-hund-2","14":"product_cat-toerfoder-hund-single-protein-hund-medium-hund-maxi-hund-hvedefri-hund-hundefoder-glutenfri-hund-fordoejelse-hund-foderintolerance-hund-2","15":"product_cat-voksen-hund-toerfoder-hund-single-protein-hund-medium-hund-maxi-hund-hvedefri-hund-hundefoder-glutenfri-hund-fordoejelse-hund-foderintolerance-hund-2","17":"first","18":"onbackorder","19":"taxable","20":"shipping-taxable","21":"purchasable","22":"product-type-simple"},"supplier_id":null,"supplier_sku":"","barcode":null,"atum_controlled":true,"out_stock_date":"2025-10-15 11:58:07","out_stock_threshold":null,"inheritable":false,"inbound_stock":null,"stock_on_hold":0,"sold_today":0,"sales_last_days":0,"reserved_stock":null,"customer_returns":null,"warehouse_damage":null,"lost_in_post":null,"other_logs":null,"out_stock_days":102,"lost_sales":0,"has_location":null,"update_date":"2026-01-26T00:06:52","atum_locations":[],"atum_stock_status":"onbackorder","restock_status":false,"low_stock_amount":"","sales_update_date":"2026-01-26T00:06:52","calc_backorders":0,"_links":{"self":[{"href":"https:\/\/3d-printere.dk\/index.php\/wp-json\/wp\/v2\/product\/946","targetHints":{"allow":["GET"]}}],"collection":[{"href":"https:\/\/3d-printere.dk\/index.php\/wp-json\/wp\/v2\/product"}],"about":[{"href":"https:\/\/3d-printere.dk\/index.php\/wp-json\/wp\/v2\/types\/product"}],"replies":[{"embeddable":true,"href":"https:\/\/3d-printere.dk\/index.php\/wp-json\/wp\/v2\/comments?post=946"}],"wp:attachment":[{"href":"https:\/\/3d-printere.dk\/index.php\/wp-json\/wp\/v2\/media?parent=946"}],"wp:term":[{"taxonomy":"product_brand","embeddable":true,"href":"https:\/\/3d-printere.dk\/index.php\/wp-json\/wp\/v2\/product_brand?post=946"},{"taxonomy":"product_cat","embeddable":true,"href":"https:\/\/3d-printere.dk\/index.php\/wp-json\/wp\/v2\/product_cat?post=946"},{"taxonomy":"product_tag","embeddable":true,"href":"https:\/\/3d-printere.dk\/index.php\/wp-json\/wp\/v2\/product_tag?post=946"}],"curies":[{"name":"wp","href":"https:\/\/api.w.org\/{rel}","templated":true}]}}