{"id":901,"date":"2025-10-15T11:57:42","date_gmt":"2025-10-15T09:57:42","guid":{"rendered":"https:\/\/3d-printere.dk\/index.php\/vare\/puppy-starter-med-lam-og-ris\/"},"modified":"2025-10-15T11:57:50","modified_gmt":"2025-10-15T09:57:50","slug":"puppy-starter-med-lam-og-ris","status":"publish","type":"product","link":"https:\/\/3d-printere.dk\/index.php\/vare\/puppy-starter-med-lam-og-ris\/","title":{"rendered":"Puppy Starter med lam og ris"},"content":{"rendered":"<p>En optimalt sammensat hvalpefoder er det bedste grundlag for en sund udvikling. Happy Dog Baby Starter indeholder lam af h\u00f8j kvalitet og letford\u00f8jelige ris i en glutenfri opskrift med 30 % protein, som anbefales af dyrl\u00e6ger.<br \/>\nDen fine granulatstruktur er ideel til problemfri og sk\u00e5nsom fodring i hvalpens frav\u00e6nningsfase fra 4. uge. Fra 5 til 6 uger skiftes foderet gradvist over til et passende Happy Dog Puppy-produkt.<\/p>\n<p>&nbsp;<\/p>\n<p><strong>Ingredienser:<\/strong><br \/>\nLammeprotein* (20 %), rismel (19 %), k\u00f8dmel, majsmel, oksefedt, risprotein (5,5 %), solsikkeolie, hydrolyseret lever, roetr\u00e6vler* (afsukret), cellulose, \u00e6blekvas*, rapsolie, kaliumklorid, g\u00e6r*, natriumklorid, tang*, h\u00f8rfr\u00f8, psylliumfr\u00f8skaller, muslingek\u00f8d* (0,5 %). 05 %), yucca schidigera*, g\u00e6r* (ekstrakt), marietidsel, artiskok, m\u00e6lkeb\u00f8tte, ingef\u00e6r, birkeblade, br\u00e6nden\u00e6lde, kamille, koriander, rosmarin, salvie, lakridsrod, timian (t\u00f8rrede urter i alt: 0,16 %); *)t\u00f8rret<\/p>\n<p><strong>Analytiske bestanddele:<\/strong><strong><br \/>\n<\/strong>R\u00e5protein 30,0 %, r\u00e5fedt 16,0 %, r\u00e5fibre 3,0 %, r\u00e5aske 7,5 %, calcium 1,6 %, fosfor 1,05 %, natrium 0,4 %, kalium 0,6 %, magnesium 0,08 %, omega 6-fedtsyrer 2,5 %, omega 3-fedtsyrer 0,3 %.<\/p>\n<p>&nbsp;<\/p>\n<p><strong>Tils\u00e6tningsstoffer:<\/strong><\/p>\n<p><strong>Vitaminer\/kg:<\/strong><br \/>\nVitamin A (3a672a) 17000 IE, vitamin D3 (3a671) 1000 IE, vitamin E (all-rac-alpha-tocopherylacetat 3a700) 125 mg, vitamin B1 (thiaminmononitrat 3a821) 4 mg, vitamin B2 (riboflavin 3a825ii) 4 mg, vitamin B6 (pyridoxinhydrochlorid 3a831) 4 mg, biotin (3a880) 495 mcg, calcium-d-pantothenat (3a841) 10 mg, niacin (3a314) 50 mg, vitamin B12 70 mcg, cholinklorid (3a890) 30 mg, vitamin C (natriumcalciumascorbylphosphat 3a312) 55 mg.<\/p>\n<p><strong>Sporstoffer:<\/strong><br \/>\nJern (jern(II)sulfatmonohydrat 3b103) 65 mg, kobber (kobber(II)sulfatpentahydrat 3b405) 14 mg, zink (zinkoxid 3b603) 100 mg, zinkchelat af aminosyrer, hydrat 3b606 25 mg) 125 mg, mangan (mangan(II)oxid 3b502) 30 mg, jod (calciumjodat, vandfrit 3b202) 2 mg, zink(II)oxid 3b502) 30 mg, jod (calciumjodat, vandfrit 3b202) 2 mg. 5 mg, selen (natriumselenit 3b801) 0,2 mg.<\/p>\n<p><strong>Aminosyrer \/ kg:<\/strong><br \/>\nL-tryptofan (3c440) 1000 mg\/kg. Antioxidant, tocopherolrige ekstrakter fra planteolier 1b306(i)<\/p>\n<p><strong>Anbefalet daglig foderm\u00e6ngde (g\/dag):<\/strong><\/p>\n<p><img loading=\"lazy\" decoding=\"async\" class=\"alignnone wp-image-4617\" src=\"https:\/\/3d-printere.dk\/wp-content\/uploads\/2025\/10\/Puppy-starter-0224-1-600x491.jpg\" alt=\"\" width=\"499\" height=\"408\" \/><\/p>\n<p><strong> Foder vejledning:<br \/>\n<\/strong><span style=\"line-height: 1.5;\">Bland foderet med varmt vand (60 \u00b0 C) eller hvalpem\u00e6lk, lad foderet tr\u00e6kke til den \u00f8nskede konsistens og foderet kan reguleres ved at \u00e6ndre m\u00e6ngden af vand (gr\u00f8d). Hvalpen b\u00f8r regelm\u00e6ssigt vejes og foderet tilpasses de angivende tal i tabellen. P\u00e5 grund af de individuelle behov for hvalpe, kan tallene overskrides med 15%. \u00a0Husk altid at hvalpen skal have adgang til frisk vand.<br \/>\n<\/span><\/p>\n","protected":false},"excerpt":{"rendered":"<p>&nbsp;<\/p>\n<p><!--more--><\/p>\n<p>Findes i\u00a0 1,5 kg og 4 kg<\/p>\n<ul>\n<li>Blid fodring i hvalpens\u00a0frav\u00e6nningsfase fra den\u00a03. \u2013 4. uge<\/li>\n<li>Granuleret struktur<\/li>\n<li>Bland med vand eller hvalpem\u00e6lk til at lave en tynd gr\u00f8d<\/li>\n<li>30\/16 protein\/fedt<\/li>\n<li>Anbefalet af dyrl\u00e6ger og opdr\u00e6ttere<\/li>\n<\/ul>\n","protected":false},"featured_media":0,"comment_status":"closed","ping_status":"closed","template":"","meta":[],"product_brand":[],"product_cat":[1596,1597,1598],"product_tag":[],"class_list":{"0":"post-901","1":"product","2":"type-product","3":"status-publish","5":"product_cat-hvalpe-og-unge-hunde-2","6":"product_cat-opdraetter-serie-hund-hvalpe-og-unge-hunde-2","7":"product_cat-profiline-opdraetter-serie-hund-hvalpe-og-unge-hunde-2","8":"pa_posestoerrelse-4-kgs8positioni0s10is_visiblei1s12is_variationi1s11is_taxonomyi0","9":"pa_posestoerrelse-a1s15posestoerrelsera6s4names15posestoerrelsers5values1315-kg","11":"first","12":"onbackorder","13":"taxable","14":"shipping-taxable","15":"product-type-simple"},"supplier_id":null,"supplier_sku":"","barcode":null,"atum_controlled":true,"out_stock_date":"2025-10-15 11:57:50","out_stock_threshold":null,"inheritable":false,"inbound_stock":null,"stock_on_hold":0,"sold_today":0,"sales_last_days":0,"reserved_stock":null,"customer_returns":null,"warehouse_damage":null,"lost_in_post":null,"other_logs":null,"out_stock_days":102,"lost_sales":0,"has_location":null,"update_date":"2026-01-26T00:06:52","atum_locations":[],"atum_stock_status":"onbackorder","restock_status":false,"low_stock_amount":"","sales_update_date":"2026-01-26T00:06:52","calc_backorders":0,"_links":{"self":[{"href":"https:\/\/3d-printere.dk\/index.php\/wp-json\/wp\/v2\/product\/901","targetHints":{"allow":["GET"]}}],"collection":[{"href":"https:\/\/3d-printere.dk\/index.php\/wp-json\/wp\/v2\/product"}],"about":[{"href":"https:\/\/3d-printere.dk\/index.php\/wp-json\/wp\/v2\/types\/product"}],"replies":[{"embeddable":true,"href":"https:\/\/3d-printere.dk\/index.php\/wp-json\/wp\/v2\/comments?post=901"}],"wp:attachment":[{"href":"https:\/\/3d-printere.dk\/index.php\/wp-json\/wp\/v2\/media?parent=901"}],"wp:term":[{"taxonomy":"product_brand","embeddable":true,"href":"https:\/\/3d-printere.dk\/index.php\/wp-json\/wp\/v2\/product_brand?post=901"},{"taxonomy":"product_cat","embeddable":true,"href":"https:\/\/3d-printere.dk\/index.php\/wp-json\/wp\/v2\/product_cat?post=901"},{"taxonomy":"product_tag","embeddable":true,"href":"https:\/\/3d-printere.dk\/index.php\/wp-json\/wp\/v2\/product_tag?post=901"}],"curies":[{"name":"wp","href":"https:\/\/api.w.org\/{rel}","templated":true}]}}