{"id":898,"date":"2025-10-15T11:57:42","date_gmt":"2025-10-15T09:57:42","guid":{"rendered":"https:\/\/3d-printere.dk\/index.php\/vare\/baby-maelk-puppy-milk\/"},"modified":"2025-10-15T11:57:50","modified_gmt":"2025-10-15T09:57:50","slug":"baby-maelk-puppy-milk","status":"publish","type":"product","link":"https:\/\/3d-printere.dk\/index.php\/vare\/baby-maelk-puppy-milk\/","title":{"rendered":"Baby M\u00e6lk &#8211; Puppy Milk"},"content":{"rendered":"<p>Puppy Milk Probiotic bidrager til en god v\u00e6kst i de f\u00f8rste dage og uger, hvis moderen ikke kan producere m\u00e6lk eller ikke kan levere nok m\u00e6lk. Denne hvalpem\u00e6lk er specielt skr\u00e6ddersyet til de unge hvalpes behov og forsyner dem med afbalancerede m\u00e6ngder af alle de vitale n\u00e6ringsstoffer. Den er perfekt tilpasset til unge hundes f\u00f8lsomme ford\u00f8jelseskanaler og har et lavt laktose indhold (h\u00f8jst 25 %) og s\u00e6rlige probiotiske kulturer, der stabiliserer tarmen. Ud over at blive brugt til moderl\u00f8s opv\u00e6kst eller som supplement til moderm\u00e6lken kan Puppy Milk ogs\u00e5 gives til den ammende t\u00e6ve. Puppy Milk er desuden meget opl\u00f8seligt og sikrer en fremragende accept.<\/p>\n<p>Fremstillet i Tyskland under den strengeste kvalitetskontrol.<\/p>\n<p>&nbsp;<\/p>\n<p><strong>Ingredienser:<br \/>\n<\/strong>Vallefedtpulver, koncentreret sojaprotein, gelatine, skummetm\u00e6lkspulver, vallepulver, t\u00f8rret \u00e6g, dicalciumphosphat, calcium-carbonat, natriumchlorid.<\/p>\n<p><strong>Analytiske bestanddele:<\/strong><br \/>\nR\u00e5protein 30,0 %, r\u00e5fedt 30,0 %, r\u00e5fibre 0,8 %, r\u00e5aske 8,5 %, calcium 1,5 %, fosfor 1,1 %, natrium 0,5 %, lysin 1,1 %, methionin 0,6 %, cystin 0,2 %, tryptofan 0,3 %, omega 3-fedtsyrer 0,3 %, omega 6-fedtsyrer 0,9 %.<\/p>\n<p>&nbsp;<\/p>\n<p><strong>Tils\u00e6tningsstoffer:<\/strong><\/p>\n<p><strong><span style=\"vertical-align: inherit;\"><span style=\"vertical-align: inherit;\">Vitaminer\/kg:<\/span><\/span><\/strong><br \/>\n<span style=\"vertical-align: inherit;\"><span style=\"vertical-align: inherit;\"> Vitamin A (3a672a) 35.000 IE, vitamin D3 (3a671) 2.000 IE, vitamin E (all-rac-alpha-tocopherylacetat 3a700) 150 mg, vitamin B1 (thiaminmononitrat 3a821) 10 mg, riboflavini B2 (825-vitamin) mg, B6-vitamin (pyridoxinhydrochlorid 3a831) 10 mg, B12-vitamin 100 mcg, C-vitamin (3a300) 500 mg, biotin (3a880) 100 mcg, niacin (3a314) 50 mg, folinsyre (3a316) (3a316) &#8211; 4 mg calcium, 80 mg mg, cholinklorid (3a890) 1.000 mg, L-carnitin (3a910) 500 mg, taurin (3a370) 1.000 mg.<\/span><\/span><\/p>\n<p><strong><span style=\"vertical-align: inherit;\"><span style=\"vertical-align: inherit;\">Aminosyrer \/ kg:<\/span><\/span><\/strong><br \/>\n<span style=\"vertical-align: inherit;\"><span style=\"vertical-align: inherit;\"> DL-methionin (3c301) 4.000 mg.<\/span><\/span><\/p>\n<p><strong>Sporstoffer\/kg:<\/strong><br \/>\nZink (zinkoxid 3b603) 150 mg, jern (jern(II)sulfat monohydrat 3b103) 50 mg, kobber (kobber(II)sulfat pentahydrat 3b405) 10 mg, mangan (mangan(II)sulfat, monohydrat 3b503) 5 mg, jod (kaliumjodid 3b201) 2 mg, selen (natriumselenit 3b801) 0,5 mg. Stabilisatorer af tarmfloraen: 4b1705, Enterococcus faecium, NCIMB 10415, 10&#215;1010 CFU.<\/p>\n<p><strong>Fodervejledning:<br \/>\n<\/strong>R\u00f8r 1 del hvalpem\u00e6lkspulver (en m\u00e5leske = ~15 g) i 3 dele varmt vand (en m\u00e5leske = ~15 ml) &#8211; serveringstemperatur ~35 \u00b0C.<br \/>\nTilberedes frisk til hvert m\u00e5ltid, brug altid rene sk\u00e5le.<\/p>\n<p><em>1. uge<\/em><br \/>\n8-12 x daglig (pr. 100 g hvalpev\u00e6gt skal der gives i alt ca. 15 &#8211; 20 ml opl\u00f8st hvalpem\u00e6lk dagligt).<\/p>\n<p><em>2. uge<\/em><br \/>\n8 x daglig (pr. 100 g hvalpev\u00e6gt skal der gives i alt ca.15 &#8211; 20 ml opl\u00f8st hvalpem\u00e6lk dagligt).<\/p>\n<p><em>3. uge<\/em><br \/>\n6 x dagligt (pr. 100 g hvalpev\u00e6gt skal der gives i alt ca. 15 &#8211; 20 ml opl\u00f8st hvalpem\u00e6lk dagligt).<\/p>\n<p><em>Fra 4. uge<\/em><br \/>\nHvalpem\u00e6lk kan tilbydes 4 &#8211; 5 gange dagligt, indtil hvalpen er m\u00e6t; begynd gradvist at supplere med t\u00f8rfoder p\u00e5 dette tidspunkt. Disse anbefalinger b\u00f8r tilpasses efter hvalpens st\u00f8rrelse og udvikling. Vi anbefaler<strong> Happy Dog Puppy Starter med lam og ris <\/strong>til sk\u00e5nsom fodring i frav\u00e6nningsfasen.<strong><br \/>\n<\/strong><\/p>\n<p>&nbsp;<\/p>\n","protected":false},"excerpt":{"rendered":"<p>&nbsp;<\/p>\n<p><!--more--><\/p>\n<p>Finde i 500 gr<\/p>\n<ul>\n<li>Hvalpem\u00e6lk til moderl\u00f8se hvalpe &#8211; fra f\u00f8rste dag<\/li>\n<li>Lavt laktoseindhold (maks. 25%)<\/li>\n<li>Med s\u00e6rlig probiotiske kulturer til stabilisering af tarmen<\/li>\n<li>30\/30 protein\/fedt<\/li>\n<li>Anbefalet af dyrel\u00e6ger og opdr\u00e6ttere<\/li>\n<\/ul>\n","protected":false},"featured_media":0,"comment_status":"closed","ping_status":"closed","template":"","meta":[],"product_brand":[],"product_cat":[1596,1597,1598],"product_tag":[],"class_list":{"0":"post-898","1":"product","2":"type-product","3":"status-publish","5":"product_cat-hvalpe-og-unge-hunde-2","6":"product_cat-opdraetter-serie-hund-hvalpe-og-unge-hunde-2","7":"product_cat-profiline-opdraetter-serie-hund-hvalpe-og-unge-hunde-2","8":"pa_posestoerrelse-a1s14posestoerrelsea6s4names14posestoerrelses5values7500-gr-s8positioni0s10is_visiblei1s12is_variationi1s11is_taxonomyi0","10":"first","11":"onbackorder","12":"taxable","13":"shipping-taxable","14":"product-type-simple"},"supplier_id":null,"supplier_sku":"","barcode":null,"atum_controlled":true,"out_stock_date":"2025-10-15 11:57:49","out_stock_threshold":null,"inheritable":false,"inbound_stock":null,"stock_on_hold":0,"sold_today":0,"sales_last_days":0,"reserved_stock":null,"customer_returns":null,"warehouse_damage":null,"lost_in_post":null,"other_logs":null,"out_stock_days":102,"lost_sales":0,"has_location":null,"update_date":"2026-01-26T00:06:52","atum_locations":[],"atum_stock_status":"onbackorder","restock_status":false,"low_stock_amount":"","sales_update_date":"2026-01-26T00:06:52","calc_backorders":0,"_links":{"self":[{"href":"https:\/\/3d-printere.dk\/index.php\/wp-json\/wp\/v2\/product\/898","targetHints":{"allow":["GET"]}}],"collection":[{"href":"https:\/\/3d-printere.dk\/index.php\/wp-json\/wp\/v2\/product"}],"about":[{"href":"https:\/\/3d-printere.dk\/index.php\/wp-json\/wp\/v2\/types\/product"}],"replies":[{"embeddable":true,"href":"https:\/\/3d-printere.dk\/index.php\/wp-json\/wp\/v2\/comments?post=898"}],"wp:attachment":[{"href":"https:\/\/3d-printere.dk\/index.php\/wp-json\/wp\/v2\/media?parent=898"}],"wp:term":[{"taxonomy":"product_brand","embeddable":true,"href":"https:\/\/3d-printere.dk\/index.php\/wp-json\/wp\/v2\/product_brand?post=898"},{"taxonomy":"product_cat","embeddable":true,"href":"https:\/\/3d-printere.dk\/index.php\/wp-json\/wp\/v2\/product_cat?post=898"},{"taxonomy":"product_tag","embeddable":true,"href":"https:\/\/3d-printere.dk\/index.php\/wp-json\/wp\/v2\/product_tag?post=898"}],"curies":[{"name":"wp","href":"https:\/\/api.w.org\/{rel}","templated":true}]}}