{"id":895,"date":"2025-10-15T11:57:42","date_gmt":"2025-10-15T09:57:42","guid":{"rendered":"https:\/\/3d-printere.dk\/index.php\/vare\/junior-giant-lam-og-ris\/"},"modified":"2025-10-15T11:57:50","modified_gmt":"2025-10-15T09:57:50","slug":"junior-giant-lam-og-ris","status":"publish","type":"product","link":"https:\/\/3d-printere.dk\/index.php\/vare\/junior-giant-lam-og-ris\/","title":{"rendered":"Junior GIANT lam og ris"},"content":{"rendered":"<p>Komplet foder til unge hunde af meget store racer fra 7. m\u00e5ned til 18. m\u00e5ned. Tilpasset de unge hundes behov og indeholder lam, yderst let ford\u00f8jelig ris og n\u00e6rende v\u00e6rdifulde New Zealandske muslinger. De hjerteformede kroketter, med hul i midten, g\u00f8r foderet nemmere at tygge og lettere at ford\u00f8je.\u00a0 Indeholder det unikke Happy Natural Life Concept\u00ae<\/p>\n<p>Fremstillet i Tyskland under den strengeste kvalitetskontrol.<\/p>\n<p>&nbsp;<\/p>\n<p><strong>Ingredienser:<\/strong><br \/>\nProtein fra lam* (20%), rismel (18%), majs, majsmel, grever, oksefedt, solsikkeolie, roetr\u00e6vler* (afsukret), leverhydrolisat, \u00e6blekvas* (0,7%), rapsolie, kaliumchlorid, natriumchlorid, g\u00e6r*, havalger, h\u00f8rfr\u00f8 (0,16%), muslingek\u00f8d* (0,04%), yucca schidigera*, g\u00e6r (ekstraheret), marietidsel, artiskok, m\u00e6lkeb\u00f8tte, ingef\u00e6r, birkeblade, br\u00e6nden\u00e6lde, kamille, koriander, rosmarin, salvie, lakridsrod, timian, (urter* i alt 0,15%); *) t\u00f8rret<\/p>\n<p><strong>Analytiske bestanddele:<\/strong><br \/>\nR\u00e5protein 26,0%, r\u00e5fedt 13,0%, r\u00e5fiber 2,5%, r\u00e5aske 8,5% calcium 1,50%, fosfor 1,10%, natrium 0,45%, kalium 0,55%, magnesium 0,08%, omega-6-fedtsyrer 3,1%, omega-3-fedtsyrer 0,3%.<\/p>\n<p>&nbsp;<\/p>\n<p><strong>Tils\u00e6tningsstoffer:<\/strong><\/p>\n<p><strong>Vitaminer \/ kg:<\/strong><br \/>\nVitamin A (3a672a) 12000 IE, vitamin D3 (3a671) 1200 IE, vitamin E (all rac-alpha-Tocopherylacetat 3a700) 75 mg, vitamin B1 (thiaminmononitrat 3a821) 4 mg, vitamin B2 (riboflavin) 6 mg , Vitamin B6 (pyridoxinhydrochlorid 3a831) 4 mg, biotin (3a880) 575 mcg, calcium D-pantothenat (3a841) 10 mg, niacin (3a314) 40 mg, vitamin B12 70 mcg, cholinchlorid (3a890) 60 mg, antioxidanter , Tocopherol-ekstrakter fra vegetabilske olier 1b306 (i)<\/p>\n<p><strong>Sporstoffer\/kg:<\/strong><br \/>\nJern (jern (II) sulfat, monohydrat 3b103) 105 mg, kobber (kobber (II) sulfat pentahydrat 3b405) 10 mg, zink (zinkoxid 3b603 100 mg, aminosyre zinkchelat, hydrat 3b606 25 mg) 125 mg , Mangan (mangan (II) oxid 3b502) 25 mg, iod (calciumjodat, vandfri 3b202) 2 mg, selen (E8, natriumselenit) 0,15 mg<\/p>\n<p><strong>Anbefalet daglig foderm\u00e6ngde (g\/dag):<\/strong><\/p>\n<p><img loading=\"lazy\" decoding=\"async\" class=\"alignnone wp-image-4591\" src=\"https:\/\/3d-printere.dk\/wp-content\/uploads\/2025\/10\/Junior-Giant-0224-1-600x405.jpg\" alt=\"\" width=\"501\" height=\"338\" \/><\/p>\n<p><strong>Fodring:<br \/>\n<\/strong>Alderen er angivet i uger (uger) eller m\u00e5neder (m\u00e5neder). M\u00e6ngden af foder er pr. dag og b\u00f8r fordeles over flere m\u00e5ltider. Giv foderet t\u00f8r eller tilf\u00f8j frisk, varmt vand (ved omkring 50-60\u00b0 C) og\u00a0lad det tr\u00e6kke i et par minutter. S\u00f8rg for, at der er frisk drikkevand til\u00a0r\u00e5dighed p\u00e5 alle tidspunkter. Reducer m\u00e6ngden af foder, hvis du ogs\u00e5\u00a0giver din hund snacks\/godbidder. I betragtning af de metaboliske forskelle mellem\u00a0de enkelte hunde, kan den angivne daglige m\u00e6ngde reduceres med op\u00a0til 15\u00a0%, hvis hunden har tendens til at v\u00e6re overv\u00e6gtig. Sikre du ikke foder for meget \u2013 opm\u00e6rksomhed p\u00e5 den moderate v\u00e6kst. Efter den 18. m\u00e5ned b\u00f8r der langsomt skiftes til et Happy Dog voksen foder, for eksempel \u201cHappy Dog Superme Sensible Neuseeland\u201c.<\/p>\n","protected":false},"excerpt":{"rendered":"<p>&nbsp;<\/p>\n<p><!--more--><\/p>\n<p>Findes i 15 kg<\/p>\n<ul>\n<li>Unge hunde af meget store racer<\/li>\n<li>Fra 7. m\u00e5ned (efter tandskifte)\u00a0op til 15. m\u00e5ned<\/li>\n<li>Ekstra store hjertekroketter<\/li>\n<li>Glutenfri<\/li>\n<li>Lam (fritg\u00e5ende) og letford\u00f8jelig ris<\/li>\n<li>Indeholder ikke fjerkr\u00e6<\/li>\n<li>26\/13 protein\/fedt<\/li>\n<li>Anbefalet af dyrel\u00e6ger og opdr\u00e6ttere<\/li>\n<\/ul>\n","protected":false},"featured_media":0,"comment_status":"closed","ping_status":"closed","template":"","meta":[],"product_brand":[],"product_cat":[1168,1591,1592,1593,1594,1595],"product_tag":[],"class_list":{"0":"post-895","1":"product","2":"type-product","3":"status-publish","5":"product_cat-hundefoder-2","6":"product_cat-hvalpe-og-unge-hunde-hundefoder-2","7":"product_cat-maxi-hund-hvalpe-og-unge-hunde-hundefoder-2","8":"product_cat-opdraetter-serie-hund-maxi-hund-hvalpe-og-unge-hunde-hundefoder-2","9":"product_cat-profiline-opdraetter-serie-hund-maxi-hund-hvalpe-og-unge-hunde-hundefoder-2","10":"product_cat-toerfoder-hund-profiline-opdraetter-serie-hund-maxi-hund-hvalpe-og-unge-hunde-hundefoder-2","11":"pa_posestoerrelse-a1s15posestoerrelsera6s4names15posestoerrelsers5values515-kgs8positioni0s10is_visiblei1s12is_variationi1s11is_taxonomyi0","13":"first","14":"onbackorder","15":"taxable","16":"shipping-taxable","17":"product-type-simple"},"supplier_id":null,"supplier_sku":"","barcode":null,"atum_controlled":true,"out_stock_date":"2025-10-15 11:57:49","out_stock_threshold":null,"inheritable":false,"inbound_stock":null,"stock_on_hold":0,"sold_today":0,"sales_last_days":0,"reserved_stock":null,"customer_returns":null,"warehouse_damage":null,"lost_in_post":null,"other_logs":null,"out_stock_days":102,"lost_sales":0,"has_location":null,"update_date":"2026-01-26T00:06:52","atum_locations":[],"atum_stock_status":"onbackorder","restock_status":false,"low_stock_amount":"","sales_update_date":"2026-01-26T00:06:52","calc_backorders":0,"_links":{"self":[{"href":"https:\/\/3d-printere.dk\/index.php\/wp-json\/wp\/v2\/product\/895","targetHints":{"allow":["GET"]}}],"collection":[{"href":"https:\/\/3d-printere.dk\/index.php\/wp-json\/wp\/v2\/product"}],"about":[{"href":"https:\/\/3d-printere.dk\/index.php\/wp-json\/wp\/v2\/types\/product"}],"replies":[{"embeddable":true,"href":"https:\/\/3d-printere.dk\/index.php\/wp-json\/wp\/v2\/comments?post=895"}],"wp:attachment":[{"href":"https:\/\/3d-printere.dk\/index.php\/wp-json\/wp\/v2\/media?parent=895"}],"wp:term":[{"taxonomy":"product_brand","embeddable":true,"href":"https:\/\/3d-printere.dk\/index.php\/wp-json\/wp\/v2\/product_brand?post=895"},{"taxonomy":"product_cat","embeddable":true,"href":"https:\/\/3d-printere.dk\/index.php\/wp-json\/wp\/v2\/product_cat?post=895"},{"taxonomy":"product_tag","embeddable":true,"href":"https:\/\/3d-printere.dk\/index.php\/wp-json\/wp\/v2\/product_tag?post=895"}],"curies":[{"name":"wp","href":"https:\/\/api.w.org\/{rel}","templated":true}]}}