{"id":869,"date":"2025-10-15T11:58:24","date_gmt":"2025-10-15T09:58:24","guid":{"rendered":"https:\/\/3d-printere.dk\/index.php\/vare\/naturcroq-mini-lam-og-ris\/"},"modified":"2025-10-15T11:58:26","modified_gmt":"2025-10-15T09:58:26","slug":"naturcroq-mini-lam-og-ris","status":"publish","type":"product","link":"https:\/\/3d-printere.dk\/index.php\/vare\/naturcroq-mini-lam-og-ris\/","title":{"rendered":"NaturCroq MINI lam og ris"},"content":{"rendered":"<p>Komplet foder, velegnet til sensible voksne hunde, op til 10 kg. voksenv\u00e6gt. Spr\u00f8de sm\u00e5 kroketter med letford\u00f8jelige ris og v\u00e6rdifulde lokale urter.<\/p>\n<p>Fremstillet i Tyskland under den strengeste kvalitetskontrol!<\/p>\n<p>&nbsp;<\/p>\n<p><strong>Ingredienser:<\/strong><br \/>\nFjerkr\u00e6protein*, hvedemel, fuldkornshvede, fuldkornsmajs, majsmel, lammeprotein* (8%), ris (8%), olier og fedtstoffer, fuldkornsbyg, fedtegrever, hydrolyseret protein, roetr\u00e6vler* (afsukret), \u00e6blekvas* (0,8%), g\u00e6r*, kaliumchlorid, natriumchlorid, gr\u00f8n havre, solsikker (0,09%), karse, persille (t\u00f8rrede urter i alt: 0,4%); *t\u00f8rret.<\/p>\n<p><strong>Analytiske bestanddele:<br \/>\n<\/strong>R\u00e5protein 24,0%, r\u00e5fedt 12,0%, r\u00e5fibre 2,0%, r\u00e5aske 6,5%, calcium 1,35%, fosfor 0,9%, natrium 0,25%, omega-6 fedtsyrer 2,0%, omega-3 fedtsyrer 0,2%<\/p>\n<p>&nbsp;<\/p>\n<p><strong>Tils\u00e6tningsstoffer:<\/strong><\/p>\n<p><strong>Vitaminer\/kg:<\/strong><br \/>\nVitamin A (3a672a) 15000 IE, vitamin D3 (3a671) 900 IE.<\/p>\n<p><strong>Sporstoffer\/kg:<\/strong><br \/>\nJern (som 3b103) 55 mg, kobber (som 3b405) 12 mg, zink (som 3b603) 100 mg, mangan (som 3b502) 9 mg, jod (som 3b202) 2,5 mg, selen (som 3b801) .) 0,15 mg.<\/p>\n<p>Antioxidanter, tocopherolekstrakter fra vegetabilske olier 1b306(i)<\/p>\n<p>&nbsp;<\/p>\n<p><strong>Anbefalet daglig foderm\u00e6ngde (g\/dag):<\/strong><\/p>\n<p><img loading=\"lazy\" decoding=\"async\" class=\"alignnone wp-image-4871\" src=\"https:\/\/3d-printere.dk\/wp-content\/uploads\/2025\/10\/Mini-NC-lam-og-ris-0623-2-600x395.jpg\" alt=\"\" width=\"501\" height=\"330\" \/><\/p>\n<p><strong>Fodring:<br \/>\n<\/strong>Giv foderet t\u00f8r eller tilf\u00f8j frisk, varmt vand (ved omkring 50-60\u00b0 C) og lad det tr\u00e6kke i et par minutter. S\u00f8rg for, at der er frisk drikkevand til r\u00e5dighed p\u00e5 alle tidspunkter. Reducer m\u00e6ngden af foder, hvis du ogs\u00e5 giver din hund snacks\/godbidder. I betragtning af de metaboliske forskelle mellem de enkelte hunde, kan den angivne daglige m\u00e6ngde reduceres med op til 15\u00a0%, hvis hunden har tendens til at v\u00e6re overv\u00e6gtig.<\/p>\n","protected":false},"excerpt":{"rendered":"<p>&nbsp;<\/p>\n<p><!--more--><\/p>\n<p>Findes i 4 kg<\/p>\n<ul>\n<li>Sm\u00e5 racer op til 10 kg voksenv\u00e6gt \u2013 normalt energibehov<\/li>\n<li>Sm\u00e5 kroketter til sm\u00e5 hunde<\/li>\n<li>Afbalanceret udvalg af proteiner<\/li>\n<li>Lam, fjerkr\u00e6 og ris<\/li>\n<li>Indeholder omega-3 og omega-6<\/li>\n<li>24\/12 protein\/fedt<\/li>\n<li>Anbefalet af dyrel\u00e6ger og opdr\u00e6ttere<\/li>\n<\/ul>\n","protected":false},"featured_media":0,"comment_status":"closed","ping_status":"closed","template":"","meta":[],"product_brand":[],"product_cat":[1176,1177,1698,1699,1700,1701,1702],"product_tag":[],"class_list":{"0":"post-869","1":"product","2":"type-product","3":"status-publish","5":"product_cat-fordoejelse-hund","6":"product_cat-hundefoder-fordoejelse-hund","7":"product_cat-mini-hunde-hundefoder-fordoejelse-hund","8":"product_cat-naturcroq-mini-hunde-hundefoder-fordoejelse-hund","9":"product_cat-toerfoder-hund-naturcroq-mini-hunde-hundefoder-fordoejelse-hund","10":"product_cat-voksen-hund-toerfoder-hund-naturcroq-mini-hunde-hundefoder-fordoejelse-hund","11":"product_cat-voksen-mini-hunde-voksen-hund-toerfoder-hund-naturcroq-mini-hunde-hundefoder-fordoejelse-hund","12":"pa_posestoerrelse-4-kgs8positioni0s10is_visiblei1s12is_variationi1s11is_taxonomyi0","13":"pa_posestoerrelse-a1s15posestoerrelsera6s4names15posestoerrelsers5values274-x-800-gr-1-kasse","15":"first","16":"onbackorder","17":"taxable","18":"shipping-taxable","19":"product-type-simple"},"supplier_id":null,"supplier_sku":"","barcode":null,"atum_controlled":true,"out_stock_date":"2025-10-15 11:58:26","out_stock_threshold":null,"inheritable":false,"inbound_stock":null,"stock_on_hold":0,"sold_today":0,"sales_last_days":0,"reserved_stock":null,"customer_returns":null,"warehouse_damage":null,"lost_in_post":null,"other_logs":null,"out_stock_days":102,"lost_sales":0,"has_location":null,"update_date":"2026-01-26T00:06:52","atum_locations":[],"atum_stock_status":"onbackorder","restock_status":false,"low_stock_amount":"","sales_update_date":"2026-01-26T00:06:52","calc_backorders":0,"_links":{"self":[{"href":"https:\/\/3d-printere.dk\/index.php\/wp-json\/wp\/v2\/product\/869","targetHints":{"allow":["GET"]}}],"collection":[{"href":"https:\/\/3d-printere.dk\/index.php\/wp-json\/wp\/v2\/product"}],"about":[{"href":"https:\/\/3d-printere.dk\/index.php\/wp-json\/wp\/v2\/types\/product"}],"replies":[{"embeddable":true,"href":"https:\/\/3d-printere.dk\/index.php\/wp-json\/wp\/v2\/comments?post=869"}],"wp:attachment":[{"href":"https:\/\/3d-printere.dk\/index.php\/wp-json\/wp\/v2\/media?parent=869"}],"wp:term":[{"taxonomy":"product_brand","embeddable":true,"href":"https:\/\/3d-printere.dk\/index.php\/wp-json\/wp\/v2\/product_brand?post=869"},{"taxonomy":"product_cat","embeddable":true,"href":"https:\/\/3d-printere.dk\/index.php\/wp-json\/wp\/v2\/product_cat?post=869"},{"taxonomy":"product_tag","embeddable":true,"href":"https:\/\/3d-printere.dk\/index.php\/wp-json\/wp\/v2\/product_tag?post=869"}],"curies":[{"name":"wp","href":"https:\/\/api.w.org\/{rel}","templated":true}]}}