{"id":860,"date":"2025-10-15T11:58:02","date_gmt":"2025-10-15T09:58:02","guid":{"rendered":"https:\/\/3d-printere.dk\/index.php\/vare\/sensible-mini-neuseeland-2\/"},"modified":"2025-10-15T11:58:20","modified_gmt":"2025-10-15T09:58:20","slug":"sensible-mini-neuseeland-2","status":"publish","type":"product","link":"https:\/\/3d-printere.dk\/index.php\/vare\/sensible-mini-neuseeland-2\/","title":{"rendered":"Sensible MINI Neuseeland"},"content":{"rendered":"<p>Komplet foder, velegnet til sensible voksne hunde, op til 10 kg. voksenv\u00e6gt med velsmagende lam, veltilberedte ris og v\u00e6rdifulde newzealandske muslinger.<\/p>\n<p>Fremstillet i Tyskland under den strengeste kvalitetskontrol.<\/p>\n<p>&nbsp;<\/p>\n<p><strong>Ingredienser:<\/strong><br \/>\nLammeprotein* (19%), ris, majsmel, majs, risprotein*, olier og fedtstoffer, roetr\u00e6vler* (afsukret), hydrolyseret protein, \u00e6blekvas*, kaliumchlorid, g\u00e6r*, natriumchlorid, tang*, h\u00f8rfr\u00f8, muslingek\u00f8d* (0,04%), marietidsel, g\u00e6r* (ekstraheret), artiskok, m\u00e6lkeb\u00f8tte, ingef\u00e6r, birk, br\u00e6nden\u00e6lde, kamille, koriander, rosmarin, salvie, lakridsrod, timian (t\u00f8rrede urter i alt: 0,17%) *) t\u00f8rret.<\/p>\n<p><strong>Analytiske bestanddele:<\/strong><br \/>\nR\u00e5protein 24%, r\u00e5fedt 12%, r\u00e5fiber 2%, r\u00e5aske 8%, calcium 1,7%, fosfor 1,05%, natrium 0,45%, omega-6 fedtsyrer 3,0%, omega-3 fedtsyrer 0,3%<\/p>\n<p>&nbsp;<\/p>\n<p><strong>Tils\u00e6tningsstoffer:<\/strong><\/p>\n<p><strong>Vitaminer\/kg:<\/strong><br \/>\nVitamin A (3a672a) 18000 IE, vitamin D3 (3a671) 1000 IE, taurin (3a370) 500 mg.<\/p>\n<p><strong>Sporstoffer\/kg:<\/strong><br \/>\nJern (som 3b103) 55 mg, kobber (som 3b405) 11 mg, zink 3b603, 3b606) 110 mg, mangan (som 3b502) 26 mg, jod (som 3b202) 2 mg, selen (som 3b801) 0,1 mg<\/p>\n<p>Antioxidanter, tocopherolekstrakter fra vegetabilske olier 1b306(i)<\/p>\n<p>&nbsp;<\/p>\n<p><strong>Anbefalet daglig foderm\u00e6ngde (g\/dag):<\/strong><\/p>\n<p><strong><img loading=\"lazy\" decoding=\"async\" class=\"alignnone wp-image-4826\" src=\"https:\/\/3d-printere.dk\/wp-content\/uploads\/2025\/10\/Mini-Neuseeland-0623ok-1-600x395.jpg\" alt=\"\" width=\"501\" height=\"330\" \/><br \/>\nFodring:<br \/>\n<\/strong>Giv foderet t\u00f8r eller tilf\u00f8j frisk, varmt vand (ved omkring 50-60\u00b0 C) og lad det tr\u00e6kke i et par minutter. S\u00f8rg for, at der er frisk drikkevand til r\u00e5dighed p\u00e5 alle tidspunkter. Reducer m\u00e6ngden af foder, hvis du ogs\u00e5 giver din hund snacks\/godbidder. I betragtning af de metaboliske forskelle mellem de enkelte hunde, kan den angivne daglige m\u00e6ngde reduceres med op til 15\u00a0%, hvis hunden har tendens til at v\u00e6re overv\u00e6gtig.<\/p>\n<p>&nbsp;<\/p>\n","protected":false},"excerpt":{"rendered":"<p>&nbsp;<\/p>\n<p><!--more--><\/p>\n<p>Findes i 300 gr og 4 kg<\/p>\n<ul>\n<li>Sm\u00e5 racer op til 10 kg voksenv\u00e6gt \u2013 normalt energibehov<\/li>\n<li>Sm\u00e5 kroketter til sm\u00e5 hunde<\/li>\n<li>Eksklusive animalske proteiner<\/li>\n<li>Glutenfri<\/li>\n<li>Indeholder omega-3 og omega-6<\/li>\n<li>24\/12 protein\/fedt<\/li>\n<li>Anbefalet af dyrel\u00e6ger og opdr\u00e6ttere<\/li>\n<\/ul>\n","protected":false},"featured_media":0,"comment_status":"closed","ping_status":"closed","template":"","meta":[],"product_brand":[],"product_cat":[1176,1177,1178,1179,1683,1680,1681,1682],"product_tag":[],"class_list":{"0":"post-860","1":"product","2":"type-product","3":"status-publish","5":"product_cat-fordoejelse-hund","6":"product_cat-hundefoder-fordoejelse-hund","7":"product_cat-hvedefri-hund-hundefoder-fordoejelse-hund","8":"product_cat-mini-hunde-hvedefri-hund-hundefoder-fordoejelse-hund","9":"product_cat-sensible-hund-voksen-mini-hunde-voksen-hund-toerfoder-hund-mini-hunde-hvedefri-hund-hundefoder-fordoejelse-hund","10":"product_cat-toerfoder-hund-mini-hunde-hvedefri-hund-hundefoder-fordoejelse-hund","11":"product_cat-voksen-hund-toerfoder-hund-mini-hunde-hvedefri-hund-hundefoder-fordoejelse-hund","12":"product_cat-voksen-mini-hunde-voksen-hund-toerfoder-hund-mini-hunde-hvedefri-hund-hundefoder-fordoejelse-hund","14":"first","15":"onbackorder","16":"taxable","17":"shipping-taxable","18":"purchasable","19":"product-type-simple"},"supplier_id":null,"supplier_sku":"","barcode":null,"atum_controlled":true,"out_stock_date":"2025-10-15 11:58:20","out_stock_threshold":null,"inheritable":false,"inbound_stock":null,"stock_on_hold":0,"sold_today":0,"sales_last_days":0,"reserved_stock":null,"customer_returns":null,"warehouse_damage":null,"lost_in_post":null,"other_logs":null,"out_stock_days":102,"lost_sales":0,"has_location":null,"update_date":"2026-01-26T00:06:52","atum_locations":[],"atum_stock_status":"onbackorder","restock_status":false,"low_stock_amount":"","sales_update_date":"2026-01-26T00:06:52","calc_backorders":0,"_links":{"self":[{"href":"https:\/\/3d-printere.dk\/index.php\/wp-json\/wp\/v2\/product\/860","targetHints":{"allow":["GET"]}}],"collection":[{"href":"https:\/\/3d-printere.dk\/index.php\/wp-json\/wp\/v2\/product"}],"about":[{"href":"https:\/\/3d-printere.dk\/index.php\/wp-json\/wp\/v2\/types\/product"}],"replies":[{"embeddable":true,"href":"https:\/\/3d-printere.dk\/index.php\/wp-json\/wp\/v2\/comments?post=860"}],"wp:attachment":[{"href":"https:\/\/3d-printere.dk\/index.php\/wp-json\/wp\/v2\/media?parent=860"}],"wp:term":[{"taxonomy":"product_brand","embeddable":true,"href":"https:\/\/3d-printere.dk\/index.php\/wp-json\/wp\/v2\/product_brand?post=860"},{"taxonomy":"product_cat","embeddable":true,"href":"https:\/\/3d-printere.dk\/index.php\/wp-json\/wp\/v2\/product_cat?post=860"},{"taxonomy":"product_tag","embeddable":true,"href":"https:\/\/3d-printere.dk\/index.php\/wp-json\/wp\/v2\/product_tag?post=860"}],"curies":[{"name":"wp","href":"https:\/\/api.w.org\/{rel}","templated":true}]}}