{"id":827,"date":"2025-10-15T11:57:19","date_gmt":"2025-10-15T09:57:19","guid":{"rendered":"https:\/\/3d-printere.dk\/index.php\/vare\/naturcroq-ente-reis-and-og-ris\/"},"modified":"2025-10-15T11:57:38","modified_gmt":"2025-10-15T09:57:38","slug":"naturcroq-ente-reis-and-og-ris","status":"publish","type":"product","link":"https:\/\/3d-printere.dk\/index.php\/vare\/naturcroq-ente-reis-and-og-ris\/","title":{"rendered":"NaturCroq Ente &#038; Reis &#8211; and og ris"},"content":{"rendered":"<p>Komplet fuldfoder til voksne hunde, med normalt energibehov. Spr\u00f8de kroketter med veltilberedte ris og sunde fuldkornsprodukter.<\/p>\n<p>Fremstillet i Tyskland under den strengeste kvalitetskontrol!<\/p>\n<p>&nbsp;<\/p>\n<p><strong>Ingredienser:<\/strong><br \/>\nFjerkr\u00e6protein*, fuldkornshvede, fuldkornsmajs, hvedemel, majsmel, andeprotein* (8,0%), rismel (8,0%), fuldkornsbyg, roetr\u00e6vler* (afsukret), fjerkr\u00e6fedt, oksefedt, hydrolyseret lever, solsikkeolie (0,8%), \u00e6blekvas* (0,6%), g\u00e6r*, kaliumchlorid, rapsolie (0,2%), natriumchlorid, gr\u00f8n havre*, solsikke*, karse*, persille*, (gr\u00f8nne urter i alt: 0,3 %); *t\u00f8rret<\/p>\n<p><strong>Analytiske bestanddele:<\/strong><br \/>\nR\u00e5protein 22,0%, r\u00e5fedt 9,0%, r\u00e5fibre2,5%, r\u00e5aske 5,5%, calcium 1,2%, fosfor 0,8%, natrium 0,25%, kalium 0,5%, magnesium 0,11%, omega-6-fedtsyrer 2,0%, omega-3-fedtsyrer 0,2%<\/p>\n<p>&nbsp;<\/p>\n<p><strong>Tils\u00e6tningsstoffer:<\/strong><\/p>\n<p><strong>Vitaminer\/kg:<\/strong><br \/>\nVitamin A (3a672a) 16000 I.E., Vitamin D3 (3a671) 950 I.E.<\/p>\n<p><strong>Sporstoffer \/ kg:<\/strong><br \/>\nJern (jern(II)sulfatmonohydrat 3b103) 80 mg, kobber (kobber(II)sulfatpentahydrat 3b405) 8 mg, zink (zinkoxid 3b603) 80 mg, mangan (mangan(II)oxid 3b502) mg, jod (calciumiodat, vandfrit 3b202) 2 mg, selen (natriumselenit 3b801) 0,15 mg.<\/p>\n<p>&nbsp;<\/p>\n<p><strong>Anbefalet daglig foderm\u00e6ngde (g\/dag):<\/strong><\/p>\n<div>\n<p><img loading=\"lazy\" decoding=\"async\" class=\"alignnone wp-image-4749\" src=\"https:\/\/3d-printere.dk\/wp-content\/uploads\/2025\/10\/NaturCroq-and-og-ris-0623-1-600x513.jpg\" alt=\"\" width=\"501\" height=\"428\" \/><\/p>\n<p><strong>Fodring:<br \/>\n<\/strong>Giv foderet t\u00f8r eller tilf\u00f8j frisk, varmt vand (ved omkring 50-60\u00b0 C) og lad det tr\u00e6kke i et par minutter. S\u00f8rg for, at der er frisk drikkevand til r\u00e5dighed p\u00e5 alle tidspunkter. Reducer m\u00e6ngden af foder, hvis du ogs\u00e5 giver din hund snacks\/godbidder. I betragtning af forskellen mellem de enkelte hunde, kan den angivne daglige m\u00e6ngde reduceres med op til 15 %, hvis hunden har tendens til at v\u00e6re overv\u00e6gtig.<\/p>\n<\/div>\n","protected":false},"excerpt":{"rendered":"<p>&nbsp;<\/p>\n<p><!--more--><\/p>\n<p>Findes i 11 kg<\/p>\n<ul>\n<li>Voksne hunde med et normalt energibehov<\/li>\n<li>Afbalanceret udvalg af proteiner<\/li>\n<li>And og ris<\/li>\n<li>Let ford\u00f8jelig<\/li>\n<li>V\u00e6rdifulde lokale urter<\/li>\n<li>Anbefalet af dyrel\u00e6ger og opdr\u00e6ttere<\/li>\n<\/ul>\n","protected":false},"featured_media":0,"comment_status":"closed","ping_status":"closed","template":"","meta":[],"product_brand":[],"product_cat":[1176,1177,1248,1249,1250,1251,1252],"product_tag":[],"class_list":{"0":"post-827","1":"product","2":"type-product","3":"status-publish","5":"product_cat-fordoejelse-hund","6":"product_cat-hundefoder-fordoejelse-hund","7":"product_cat-maxi-hund-hundefoder-fordoejelse-hund","8":"product_cat-medium-hund-maxi-hund-hundefoder-fordoejelse-hund","9":"product_cat-naturcroq","10":"product_cat-toerfoder-hund-naturcroq","11":"product_cat-voksen-hund-toerfoder-hund-naturcroq","12":"pa_posestoerrelse-a1s15posestoerrelsera6s4names15posestoerrelsers5values511-kgs8positioni1s10is_visiblei1s12is_variationi1s11is_taxonomyi0","14":"first","15":"onbackorder","16":"taxable","17":"shipping-taxable","18":"product-type-simple"},"supplier_id":null,"supplier_sku":"","barcode":null,"atum_controlled":true,"out_stock_date":"2025-10-15 11:57:37","out_stock_threshold":null,"inheritable":false,"inbound_stock":null,"stock_on_hold":0,"sold_today":0,"sales_last_days":0,"reserved_stock":null,"customer_returns":null,"warehouse_damage":null,"lost_in_post":null,"other_logs":null,"out_stock_days":102,"lost_sales":0,"has_location":null,"update_date":"2026-01-26T00:06:52","atum_locations":[],"atum_stock_status":"onbackorder","restock_status":false,"low_stock_amount":"","sales_update_date":"2026-01-26T00:06:52","calc_backorders":0,"_links":{"self":[{"href":"https:\/\/3d-printere.dk\/index.php\/wp-json\/wp\/v2\/product\/827","targetHints":{"allow":["GET"]}}],"collection":[{"href":"https:\/\/3d-printere.dk\/index.php\/wp-json\/wp\/v2\/product"}],"about":[{"href":"https:\/\/3d-printere.dk\/index.php\/wp-json\/wp\/v2\/types\/product"}],"replies":[{"embeddable":true,"href":"https:\/\/3d-printere.dk\/index.php\/wp-json\/wp\/v2\/comments?post=827"}],"wp:attachment":[{"href":"https:\/\/3d-printere.dk\/index.php\/wp-json\/wp\/v2\/media?parent=827"}],"wp:term":[{"taxonomy":"product_brand","embeddable":true,"href":"https:\/\/3d-printere.dk\/index.php\/wp-json\/wp\/v2\/product_brand?post=827"},{"taxonomy":"product_cat","embeddable":true,"href":"https:\/\/3d-printere.dk\/index.php\/wp-json\/wp\/v2\/product_cat?post=827"},{"taxonomy":"product_tag","embeddable":true,"href":"https:\/\/3d-printere.dk\/index.php\/wp-json\/wp\/v2\/product_tag?post=827"}],"curies":[{"name":"wp","href":"https:\/\/api.w.org\/{rel}","templated":true}]}}