{"id":807,"date":"2025-10-15T11:57:19","date_gmt":"2025-10-15T09:57:19","guid":{"rendered":"https:\/\/3d-printere.dk\/index.php\/vare\/fit-vital-junior\/"},"modified":"2025-10-15T11:57:36","modified_gmt":"2025-10-15T09:57:36","slug":"fit-vital-junior","status":"publish","type":"product","link":"https:\/\/3d-printere.dk\/index.php\/vare\/fit-vital-junior\/","title":{"rendered":"Fit &#038; Vital Junior"},"content":{"rendered":"<p>Komplet foder til unge hunde fra 7. m\u00e5ned til 18. m\u00e5ned. Tilpasset de unge hundes behov. Indeholder psyllium fr\u00f8skaller.<\/p>\n<p>Fremstillet i Tyskland under den strengeste kvalitetskontrol!<\/p>\n<p>&nbsp;<\/p>\n<p><strong>Ingredienser:<\/strong><br \/>\nFjerkr\u00e6protein* (17 %), rismel, majsmel, lammeprotein* (5 %), fjerkr\u00e6fedt, grever, fiskemel (5 %, heraf 50 % laksemel), solsikkeolie, roetr\u00e6vler* (afsukret), hydrolyseret lever, \u00e6blekvas*, cellulose, rapsolie, kaliumklorid, g\u00e6r*, natriumklorid, t\u00f8rrede hele \u00e6g (0,2 %), tang*, h\u00f8rfr\u00f8 (0,16 %), psylliumf r\u00f8skaller, muslingek\u00f8d* (0,05 %), yucca schidigera* , g\u00e6r* (ekstraheret), marietidsel, artiskok, m\u00e6lkeb\u00f8tte, ingef\u00e6r (0,013 %), birkeblade, br\u00e6nden\u00e6lde, kamille, koriander, rosmarin, salvie, lakridsrod, timian, (t\u00f8rrede urter i alt 0,16 %); *) t\u00f8rret<\/p>\n<p><strong>Analytiske bestanddele:<\/strong> R\u00e5protein 26,0 %, r\u00e5fedt 13,0 %, r\u00e5fibre 3,0 %, r\u00e5aske 7,5 %, calcium 1,5 %, fosfor 1,05 %, natrium 0,4 %, kalium 0,6 %, magnesium 0,08 %, omega 6-fedtsyrer 3,5 %, omega 3-fedtsyrer 0,4 %.<\/p>\n<p>&nbsp;<\/p>\n<p><strong>Tils\u00e6tningsstoffer:<\/strong><\/p>\n<p><strong>Vitaminer\/kg:<\/strong><br \/>\nVitamin A (3a672a) 17000 I.E., vitamin D3 (3a671) 1000 I.E., E-vitamin (alle rac-alpha-tocopherylacetat 3a700) 125 mg, vitamin B1 (thiaminmononitrat 3a821) 4 mg, vitamin B2 (riboflavin 3a825ii) mg, vitamin B6 (pyridoxinhydrochlorid 3a831) 4 mg, biotin (3a880) 495 mcg, calcium D-pantothenat (3a841) 10 mg, niacin (3a314) 50 mg, vitamin B12 70 mcg, C-vitamin (natriumcalciumascorbylphosphat 3a312) 30 mg, cholinklorid (3a890) 55 mg.<\/p>\n<p><strong>Sporstoffer \/ kg:<\/strong><br \/>\nJern (jern(II)sulfat, monohydrat) 3b103) 65 mg, kobber (kobber(II)sulfat pentahydrat 3b405) 14 mg, zink (zinkoxid 3b603 100 mg, aminosyrezinkchelat, hydrat 3b606 25mg) 125 mg, mangan (mangan(II)oxid 3b502) 30 mg, jod (calciumjodat, vandfrit 3b202) 2,5 mg, selen (natriumselenit 3b801) 0,2 mg. Antioxidant, tocopherolekstrakter af vegetabilske olier 1b306(i)<\/p>\n<p>&nbsp;<\/p>\n<p>&nbsp;<\/p>\n<p><strong>Anbefalet daglig foderm\u00e6ngde (g\/dag):<\/strong><\/p>\n<p><img loading=\"lazy\" decoding=\"async\" class=\"alignnone wp-image-6910\" src=\"https:\/\/3d-printere.dk\/wp-content\/uploads\/2025\/10\/Fit_Vital-Junior-foderplan-052022-1-600x440.jpg\" alt=\"\" width=\"453\" height=\"332\" \/><\/p>\n<p><strong>Bem\u00e6rk:<\/strong> Efterh\u00e5nden som hunden n\u00e6rmer sig sin slutv\u00e6gt, falder energibehovet, og foderm\u00e6ngden b\u00f8r justeres i overensstemmelse med fodringsvejledningen. Vej unghunden regelm\u00e6ssigt og dokumenter v\u00e6gtudvikling. Det kan v\u00e6re n\u00f8dvendigt at justere m\u00e6ngden af foder individuelt. Fodre ikke for meget &#8211; v\u00e6r opm\u00e6rksom p\u00e5 den moderate v\u00e6kst. Ved tils\u00e6tning af snacks b\u00f8r foderm\u00e6ngden reduceres tilsvarende. Tip: Brug en del af den daglige foderration som snackserstatning. Giv foderet t\u00f8r eller tilf\u00f8j frisk, varmt vand (omkring 50-60\u00b0 C) og lad det tr\u00e6kke i et par minutter. Fordel den daglige foderration p\u00e5 flere m\u00e5ltider (2-3). S\u00f8rg for, at der altid er frisk drikkevand til r\u00e5dighed.<\/p>\n","protected":false},"excerpt":{"rendered":"<p>&nbsp;<\/p>\n<p><!--more--><\/p>\n<p>Findes i 1 kg, 4 kg og 10 kg<\/p>\n<ul>\n<li>Fra 7. m\u00e5ned til 18. m\u00e5ned<\/li>\n<li>H\u00f8jt indhold af protein<\/li>\n<li>Fjerkr\u00e6, laks, havfisk, lam og \u00e6g<\/li>\n<li>Hvedefri<\/li>\n<li>26\/16 protein\/fedt<\/li>\n<li>Anbefalet af dyrel\u00e6ger og opdr\u00e6ttere<\/li>\n<\/ul>\n","protected":false},"featured_media":0,"comment_status":"closed","ping_status":"closed","template":"","meta":[],"product_brand":[],"product_cat":[1151,1152,1550,1551,1552,1553,1557],"product_tag":[],"class_list":{"0":"post-807","1":"product","2":"type-product","3":"status-publish","5":"product_cat-fit-vital","6":"product_cat-hundefoder","7":"product_cat-hvalpe-og-unge-hunde-hundefoder","8":"product_cat-hvedefri-hund-hvalpe-og-unge-hunde-hundefoder","9":"product_cat-maxi-hund-hvedefri-hund-hvalpe-og-unge-hunde-hundefoder","10":"product_cat-medium-hund-maxi-hund-hvedefri-hund-hvalpe-og-unge-hunde-hundefoder","11":"product_cat-toerfoder-hund-medium-hund-maxi-hund-hvedefri-hund-hvalpe-og-unge-hunde-hundefoder","12":"pa_posestoerrelse-10-kgs8positioni0s10is_visiblei1s12is_variationi1s11is_taxonomyi0","13":"pa_posestoerrelse-4-kg","14":"pa_posestoerrelse-a1s15posestoerrelsera6s4names15posestoerrelsers5values334-x-1-kg-1-kasse","16":"first","17":"onbackorder","18":"taxable","19":"shipping-taxable","20":"product-type-simple"},"supplier_id":null,"supplier_sku":"","barcode":null,"atum_controlled":true,"out_stock_date":"2025-10-15 11:57:35","out_stock_threshold":null,"inheritable":false,"inbound_stock":null,"stock_on_hold":0,"sold_today":0,"sales_last_days":0,"reserved_stock":null,"customer_returns":null,"warehouse_damage":null,"lost_in_post":null,"other_logs":null,"out_stock_days":102,"lost_sales":0,"has_location":null,"update_date":"2026-01-26T00:06:50","atum_locations":[],"atum_stock_status":"onbackorder","restock_status":false,"low_stock_amount":"","sales_update_date":"2026-01-26T00:06:50","calc_backorders":0,"_links":{"self":[{"href":"https:\/\/3d-printere.dk\/index.php\/wp-json\/wp\/v2\/product\/807","targetHints":{"allow":["GET"]}}],"collection":[{"href":"https:\/\/3d-printere.dk\/index.php\/wp-json\/wp\/v2\/product"}],"about":[{"href":"https:\/\/3d-printere.dk\/index.php\/wp-json\/wp\/v2\/types\/product"}],"replies":[{"embeddable":true,"href":"https:\/\/3d-printere.dk\/index.php\/wp-json\/wp\/v2\/comments?post=807"}],"wp:attachment":[{"href":"https:\/\/3d-printere.dk\/index.php\/wp-json\/wp\/v2\/media?parent=807"}],"wp:term":[{"taxonomy":"product_brand","embeddable":true,"href":"https:\/\/3d-printere.dk\/index.php\/wp-json\/wp\/v2\/product_brand?post=807"},{"taxonomy":"product_cat","embeddable":true,"href":"https:\/\/3d-printere.dk\/index.php\/wp-json\/wp\/v2\/product_cat?post=807"},{"taxonomy":"product_tag","embeddable":true,"href":"https:\/\/3d-printere.dk\/index.php\/wp-json\/wp\/v2\/product_tag?post=807"}],"curies":[{"name":"wp","href":"https:\/\/api.w.org\/{rel}","templated":true}]}}