{"id":747,"date":"2025-10-15T11:57:19","date_gmt":"2025-10-15T09:57:19","guid":{"rendered":"https:\/\/3d-printere.dk\/index.php\/vare\/soft-snack-mini-africa\/"},"modified":"2025-10-15T11:57:29","modified_gmt":"2025-10-15T09:57:29","slug":"soft-snack-mini-africa","status":"publish","type":"product","link":"https:\/\/3d-printere.dk\/index.php\/vare\/soft-snack-mini-africa\/","title":{"rendered":"Soft Snack MINI Africa"},"content":{"rendered":"<p>Sund snack som bel\u00f8nning mellem m\u00e5ltiderne, til sm\u00e5 racer. Den bl\u00f8de, hjerteformede snack er ideel til at fork\u00e6le din lille hund med, eller som et mellemm\u00e5ltid. Ideel til hunde af sm\u00e5 racer, op til 10 kg. voksenv\u00e6gt, der skal undg\u00e5 korn. Soft Snack fremstilles uden tils\u00e6tning af sukker og konserveringsmidler.<\/p>\n<p>Fremstillet i Tyskland under den strengeste kvalitetskontrol.<\/p>\n<p>&nbsp;<\/p>\n<p><strong>Ingredienser:<\/strong><strong><br \/>\n<\/strong>Vegetabilske biprodukter, kartoffel*, strudseprotein* (11%), kartoffelprotein*, hydrolyseret protein, solsikkeolie, natriumchlorid, g\u00e6r* (ekstraheret); *t\u00f8rret<\/p>\n<p><strong>Analytiske bestanddele<\/strong><strong><br \/>\n<\/strong>R\u00e5protein 15%, r\u00e5fedt 4,5%, r\u00e5fibre 2,0%, r\u00e5aske 8,0%, vandindhold 14,0%.<\/p>\n<p>&nbsp;<\/p>\n<p><strong>Tils\u00e6tningsstoffer:<\/strong><\/p>\n<p><strong>Vitaminer \/kg:<\/strong><br \/>\nVitamin A (3a672a) 9500 IE, vitamin D3 (3a671) 600 IE, taurin (3a370) 400 mg.<\/p>\n<p><strong>Sporstoffer\/kg: <\/strong><br \/>\nJern (jern(II)sulfatmonohydrat 3b103) 45 mg, kobber (kobber(II)sulfatpentahydrat 3b405) 9 mg, zink (zinkoxid 3b603) 60 mg, mangan (mangan(II)oxid 3b402) mg, jod (calcium jod, vandfrit 3b202) 1,0 mg, selen (natriumselenit 3b801) 0,15 mg.<\/p>\n<p><strong>Aminosyrer\/kg:<br \/>\n<\/strong>DL-methionin (3c301) 2000 mg.<\/p>\n<p>Antioxidanter, tocopherolekstrakter fra vegetabilske olier 1b306(i).<\/p>\n<p>&nbsp;<\/p>\n<p><strong>Fodring:<\/strong><br \/>\nTilbyd et par stykker flere gang om dagen som bel\u00f8nning \u2013 eller som et lille mellemm\u00e5ltid. S\u00f8rg for at der er frisk drikkevand til r\u00e5dighed p\u00e5 alle tidspunkter.<\/p>\n","protected":false},"excerpt":{"rendered":"<p>&nbsp;<\/p>\n<p><!--more--><\/p>\n<p>Findes i poser \u00e1 100 gr<\/p>\n<ul>\n<li>Sm\u00e5 hjerteformede velsmagende snacks<\/li>\n<li>Struds og glutenfri kartoffel<\/li>\n<li>Korn- og glutenfri<\/li>\n<li>Praktisk genluk-funktion<\/li>\n<li>15\/4,5 protein\/fedt<\/li>\n<li>Anbefalet af dyrl\u00e6ger og opdr\u00e6ttere<\/li>\n<\/ul>\n","protected":false},"featured_media":0,"comment_status":"closed","ping_status":"closed","template":"","meta":[],"product_brand":[],"product_cat":[1218,1470,1487,1488,1489,1490,1491,1492,1493,1494],"product_tag":[],"class_list":{"0":"post-747","1":"product","2":"type-product","3":"status-publish","5":"product_cat-foderintolerance-hund-2","6":"product_cat-glutenfri-hund-foderintolerance-hund-2","7":"product_cat-kornfri-hund-glutenfri-hund-foderintolerance-hund-2","8":"product_cat-mini-hunde-kornfri-hund-glutenfri-hund-foderintolerance-hund-2","9":"product_cat-pels-hund-mini-hunde-kornfri-hund-glutenfri-hund-foderintolerance-hund-2","10":"product_cat-sensible-hund-pels-hund-mini-hunde-kornfri-hund-glutenfri-hund-foderintolerance-hund-2","11":"product_cat-single-protein-hund-sensible-hund-pels-hund-mini-hunde-kornfri-hund-glutenfri-hund-foderintolerance-hund-2","12":"product_cat-snacks-og-kiks-hund-single-protein-hund-sensible-hund-pels-hund-mini-hunde-kornfri-hund-glutenfri-hund-foderintolerance-hund-2","13":"product_cat-voksen-hund-snacks-og-kiks-hund-single-protein-hund-sensible-hund-pels-hund-mini-hunde-kornfri-hund-glutenfri-hund-foderintolerance-hund-2","14":"product_cat-voksen-mini-hunde-voksen-hund-snacks-og-kiks-hund-single-protein-hund-sensible-hund-pels-hund-mini-hunde-kornfri-hund-glutenfri-hund-foderintolerance-hund-2","15":"pa_posestoerrelse-a1s15posestoerrelsera6s4names15posestoerrelsers5values2110-x-100-gr-1-kasses8positioni0s10is_visiblei1s12is_variationi1s11is_taxonomyi0","17":"first","18":"onbackorder","19":"taxable","20":"shipping-taxable","21":"product-type-simple"},"supplier_id":null,"supplier_sku":"","barcode":null,"atum_controlled":true,"out_stock_date":"2025-10-15 11:57:29","out_stock_threshold":null,"inheritable":false,"inbound_stock":null,"stock_on_hold":0,"sold_today":0,"sales_last_days":0,"reserved_stock":null,"customer_returns":null,"warehouse_damage":null,"lost_in_post":null,"other_logs":null,"out_stock_days":102,"lost_sales":0,"has_location":null,"update_date":"2026-01-26T00:06:50","atum_locations":[],"atum_stock_status":"onbackorder","restock_status":false,"low_stock_amount":"","sales_update_date":"2026-01-26T00:06:50","calc_backorders":0,"_links":{"self":[{"href":"https:\/\/3d-printere.dk\/index.php\/wp-json\/wp\/v2\/product\/747","targetHints":{"allow":["GET"]}}],"collection":[{"href":"https:\/\/3d-printere.dk\/index.php\/wp-json\/wp\/v2\/product"}],"about":[{"href":"https:\/\/3d-printere.dk\/index.php\/wp-json\/wp\/v2\/types\/product"}],"replies":[{"embeddable":true,"href":"https:\/\/3d-printere.dk\/index.php\/wp-json\/wp\/v2\/comments?post=747"}],"wp:attachment":[{"href":"https:\/\/3d-printere.dk\/index.php\/wp-json\/wp\/v2\/media?parent=747"}],"wp:term":[{"taxonomy":"product_brand","embeddable":true,"href":"https:\/\/3d-printere.dk\/index.php\/wp-json\/wp\/v2\/product_brand?post=747"},{"taxonomy":"product_cat","embeddable":true,"href":"https:\/\/3d-printere.dk\/index.php\/wp-json\/wp\/v2\/product_cat?post=747"},{"taxonomy":"product_tag","embeddable":true,"href":"https:\/\/3d-printere.dk\/index.php\/wp-json\/wp\/v2\/product_tag?post=747"}],"curies":[{"name":"wp","href":"https:\/\/api.w.org\/{rel}","templated":true}]}}