{"id":713,"date":"2025-10-15T11:57:19","date_gmt":"2025-10-15T09:57:19","guid":{"rendered":"https:\/\/3d-printere.dk\/index.php\/vare\/soft-snack-africa\/"},"modified":"2025-10-15T11:57:24","modified_gmt":"2025-10-15T09:57:24","slug":"soft-snack-africa","status":"publish","type":"product","link":"https:\/\/3d-printere.dk\/index.php\/vare\/soft-snack-africa\/","title":{"rendered":"Soft Snack Africa"},"content":{"rendered":"<p>Sund snack som bel\u00f8nning mellem m\u00e5ltiderne. Den bl\u00f8de, hjerteformede snack er ideel til at fork\u00e6le din hund med, eller som et mellemm\u00e5ltid. Ideel til hunde af mellemstore og store racer. Soft Snack fremstilles uden tils\u00e6tning af sukker og konserveringsmidler.<\/p>\n<p>Fremstillet i Tyskland under den strengeste kvalitetskontrol.<\/p>\n<p>&nbsp;<\/p>\n<p><strong>Ingredienser:<\/strong><strong><br \/>\n<\/strong>Vegetabilske biprodukter, strudseprotein* (11%), kartoffel-protein*,\u00a0 hydrolyseret protein, solsikkeolie, natriumchlorid, g\u00e6r* (ekstraheret).<\/p>\n<p><strong>Analytiske bestanddele<\/strong><strong><br \/>\n<\/strong>R\u00e5protein 15%, r\u00e5fedt 4,5%, r\u00e5fibre 2,0%, r\u00e5aske 8%, vandindhold 14,0 %.<\/p>\n<p>&nbsp;<\/p>\n<p><strong>Tils\u00e6tningsstoffer:<\/strong><\/p>\n<p><strong>Vitaminer \/kg:<\/strong><br \/>\nVitamin A (3a672a) 9500 IE, vitamin D3 (3a671) 600 IE, taurin (3a370) 400 mg.<\/p>\n<p><strong>Sporstoffer\/kg:<\/strong><br \/>\nJern (jern(II)sulfatmonohydrat 3b103) 45 mg, kobber (kobber(II) sulfatpentahydrat 3b405) 9 mg, zink (zinkoxid 3b603) 60 mg, mangan (mangan (II) oxid 3b502) 11 mg, jod (calciumiodat, vandfrit 3b202) 1,0 mg, selenit (30801 aminosulfat 5 mg<\/p>\n<p><strong>Aminosyrer\/kg:<\/strong><br \/>\nDL-methionin (3c301) 2000 mg.<\/p>\n<p>Antioxidanter, tocopherolekstrakter fra vegetabilske olier 1b306(i).<\/p>\n<p>&nbsp;<\/p>\n<p><strong>Fodring:<\/strong><br \/>\nTilbyd et par stykker flere gang om dagen som bel\u00f8nning \u2013 eller som et lille mellemm\u00e5ltid. S\u00f8rg for at der er frisk drikkevand til r\u00e5dighed p\u00e5 alle tidspunkter.<\/p>\n","protected":false},"excerpt":{"rendered":"<p>&nbsp;<\/p>\n<p>Findes i poser \u00e1 100 gr<\/p>\n<ul>\n<li>Hjerteformede velsmagende snacks<\/li>\n<li>Struds og glutenfri kartoffel<\/li>\n<li>Korn- og glutenfri<\/li>\n<li>Praktisk genluk-funktion<\/li>\n<li>15\/4,5 protein\/fedt<\/li>\n<li>Anbefalet af dyrl\u00e6ger og opdr\u00e6ttere<\/li>\n<\/ul>\n","protected":false},"featured_media":0,"comment_status":"closed","ping_status":"closed","template":"","meta":[],"product_brand":[],"product_cat":[1218,1219,1220,1422,1423,1424,1425,1426,1427,1428,1429],"product_tag":[],"class_list":{"0":"post-713","1":"product","2":"type-product","3":"status-publish","5":"product_cat-foderintolerance-hund-2","6":"product_cat-fordoejelse-hund-foderintolerance-hund-2","7":"product_cat-glutenfri-hund-fordoejelse-hund-foderintolerance-hund-2","8":"product_cat-kornfri-hund-glutenfri-hund-fordoejelse-hund-foderintolerance-hund-2","9":"product_cat-maxi-hund-kornfri-hund-glutenfri-hund-fordoejelse-hund-foderintolerance-hund-2","10":"product_cat-medium-hund-maxi-hund-kornfri-hund-glutenfri-hund-fordoejelse-hund-foderintolerance-hund-2","11":"product_cat-pels-hund-medium-hund-maxi-hund-kornfri-hund-glutenfri-hund-fordoejelse-hund-foderintolerance-hund-2","12":"product_cat-sensible-hund-pels-hund-medium-hund-maxi-hund-kornfri-hund-glutenfri-hund-fordoejelse-hund-foderintolerance-hund-2","13":"product_cat-single-protein-hund-sensible-hund-pels-hund-medium-hund-maxi-hund-kornfri-hund-glutenfri-hund-fordoejelse-hund-foderintolerance-hund-2","14":"product_cat-snacks-og-kiks-hund-single-protein-hund-sensible-hund-pels-hund-medium-hund-maxi-hund-kornfri-hund-glutenfri-hund-fordoejelse-hund-foderintolerance-hund-2","15":"product_cat-voksen-hund-snacks-og-kiks-hund-single-protein-hund-sensible-hund-pels-hund-medium-hund-maxi-hund-kornfri-hund-glutenfri-hund-fordoejelse-hund-foderintolerance-hund-2","16":"pa_posestoerrelse-a1s15posestoerrelsera6s4names15posestoerrelsers5values2110-x-100-gr-1-kasses8positioni0s10is_visiblei1s12is_variationi1s11is_taxonomyi0","18":"first","19":"onbackorder","20":"taxable","21":"shipping-taxable","22":"product-type-simple"},"supplier_id":null,"supplier_sku":"","barcode":null,"atum_controlled":true,"out_stock_date":"2025-10-15 11:57:24","out_stock_threshold":null,"inheritable":false,"inbound_stock":null,"stock_on_hold":0,"sold_today":0,"sales_last_days":0,"reserved_stock":null,"customer_returns":null,"warehouse_damage":null,"lost_in_post":null,"other_logs":null,"out_stock_days":102,"lost_sales":0,"has_location":null,"update_date":"2026-01-26T00:06:49","atum_locations":[],"atum_stock_status":"onbackorder","restock_status":false,"low_stock_amount":"","sales_update_date":"2026-01-26T00:06:49","calc_backorders":0,"_links":{"self":[{"href":"https:\/\/3d-printere.dk\/index.php\/wp-json\/wp\/v2\/product\/713","targetHints":{"allow":["GET"]}}],"collection":[{"href":"https:\/\/3d-printere.dk\/index.php\/wp-json\/wp\/v2\/product"}],"about":[{"href":"https:\/\/3d-printere.dk\/index.php\/wp-json\/wp\/v2\/types\/product"}],"replies":[{"embeddable":true,"href":"https:\/\/3d-printere.dk\/index.php\/wp-json\/wp\/v2\/comments?post=713"}],"wp:attachment":[{"href":"https:\/\/3d-printere.dk\/index.php\/wp-json\/wp\/v2\/media?parent=713"}],"wp:term":[{"taxonomy":"product_brand","embeddable":true,"href":"https:\/\/3d-printere.dk\/index.php\/wp-json\/wp\/v2\/product_brand?post=713"},{"taxonomy":"product_cat","embeddable":true,"href":"https:\/\/3d-printere.dk\/index.php\/wp-json\/wp\/v2\/product_cat?post=713"},{"taxonomy":"product_tag","embeddable":true,"href":"https:\/\/3d-printere.dk\/index.php\/wp-json\/wp\/v2\/product_tag?post=713"}],"curies":[{"name":"wp","href":"https:\/\/api.w.org\/{rel}","templated":true}]}}