{"id":624,"date":"2025-10-15T11:56:57","date_gmt":"2025-10-15T09:56:57","guid":{"rendered":"https:\/\/3d-printere.dk\/index.php\/vare\/mini-hundekiks-naturcroq-kalkun\/"},"modified":"2025-10-15T11:57:10","modified_gmt":"2025-10-15T09:57:10","slug":"mini-hundekiks-naturcroq-kalkun","status":"publish","type":"product","link":"https:\/\/3d-printere.dk\/index.php\/vare\/mini-hundekiks-naturcroq-kalkun\/","title":{"rendered":"Mini hundekiks &#8211; NaturCroq kalkun"},"content":{"rendered":"<p>Velegnet til besk\u00e6ftigelse eller som bel\u00f8nning. Mini hundekiks, NaturCroq Kalkun, er produceret med ingredienser af h\u00f8j kvalitet, til sm\u00e5 hunderacer. Kan anvendes som tr\u00e6ningssnack til mellemstore og store hunderacer. En spr\u00f8d kiks laver af korn og velsmagende kalkun. Kan v\u00e6re ideel til tandpleje og\u00a0 giver en frisk \u00e5nde. Uden farvestoffer og konserveringsmidler. Ikke tilsat sukker.<\/p>\n<p>Fremstillet i Tyskland under den strengeste kvalitetskontrol.<\/p>\n<p>&nbsp;<\/p>\n<p><strong>Ingredienser:<br \/>\n<\/strong>Korn (78%), k\u00f8d og animalske biprodukter (kalkun 15%), vegetabilske biprodukter (hvedekim 6%), mineraler.<\/p>\n<p><strong>Analytiske bestanddele<br \/>\n<\/strong>R\u00e5protein 15,5%, r\u00e5fedt 6,0%, r\u00e5fiber 3,0%, r\u00e5aske 4,0%, calcium 1%, fosfor 0,8%.<\/p>\n<p><strong>Tils\u00e6tningsstoffer:<br \/>\n<\/strong>Uden tils\u00e6tningsstoffer<\/p>\n","protected":false},"excerpt":{"rendered":"<p>&nbsp;<\/p>\n<p><!--more--><\/p>\n<p>Findes i 5 kg<\/p>\n<ul>\n<li>Sm\u00e5 velsmagende kiks med fuldkort<\/li>\n<li>Til sm\u00e5 hunde<\/li>\n<li>Uden tils\u00e6tningsstoffer<\/li>\n<li>15,5\/6 protein\/fedt<\/li>\n<li>Anbefalet af dyrl\u00e6ger og opdr\u00e6ttere<\/li>\n<\/ul>\n<p>&nbsp;<\/p>\n","protected":false},"featured_media":0,"comment_status":"closed","ping_status":"closed","template":"","meta":[],"product_brand":[],"product_cat":[1288],"product_tag":[],"class_list":{"0":"post-624","1":"product","2":"type-product","3":"status-publish","5":"product_cat-snacks-og-kiks-hund","6":"pa_posestoerrelse-a1s15kassestoerrelsea6s4names15kassestoerrelses5values45-kgs8positioni0s10is_visiblei1s12is_variationi1s11is_taxonomyi0","8":"first","9":"onbackorder","10":"taxable","11":"shipping-taxable","12":"product-type-simple"},"supplier_id":null,"supplier_sku":"","barcode":null,"atum_controlled":true,"out_stock_date":"2025-10-15 11:57:09","out_stock_threshold":null,"inheritable":false,"inbound_stock":null,"stock_on_hold":0,"sold_today":0,"sales_last_days":0,"reserved_stock":null,"customer_returns":null,"warehouse_damage":null,"lost_in_post":null,"other_logs":null,"out_stock_days":102,"lost_sales":0,"has_location":null,"update_date":"2026-01-26T00:06:51","atum_locations":[],"atum_stock_status":"onbackorder","restock_status":false,"low_stock_amount":"","sales_update_date":"2026-01-26T00:06:51","calc_backorders":0,"_links":{"self":[{"href":"https:\/\/3d-printere.dk\/index.php\/wp-json\/wp\/v2\/product\/624","targetHints":{"allow":["GET"]}}],"collection":[{"href":"https:\/\/3d-printere.dk\/index.php\/wp-json\/wp\/v2\/product"}],"about":[{"href":"https:\/\/3d-printere.dk\/index.php\/wp-json\/wp\/v2\/types\/product"}],"replies":[{"embeddable":true,"href":"https:\/\/3d-printere.dk\/index.php\/wp-json\/wp\/v2\/comments?post=624"}],"wp:attachment":[{"href":"https:\/\/3d-printere.dk\/index.php\/wp-json\/wp\/v2\/media?parent=624"}],"wp:term":[{"taxonomy":"product_brand","embeddable":true,"href":"https:\/\/3d-printere.dk\/index.php\/wp-json\/wp\/v2\/product_brand?post=624"},{"taxonomy":"product_cat","embeddable":true,"href":"https:\/\/3d-printere.dk\/index.php\/wp-json\/wp\/v2\/product_cat?post=624"},{"taxonomy":"product_tag","embeddable":true,"href":"https:\/\/3d-printere.dk\/index.php\/wp-json\/wp\/v2\/product_tag?post=624"}],"curies":[{"name":"wp","href":"https:\/\/api.w.org\/{rel}","templated":true}]}}