{"id":622,"date":"2025-10-15T11:56:57","date_gmt":"2025-10-15T09:56:57","guid":{"rendered":"https:\/\/3d-printere.dk\/index.php\/vare\/hundekiks-naturcroq\/"},"modified":"2025-10-15T11:57:09","modified_gmt":"2025-10-15T09:57:09","slug":"hundekiks-naturcroq","status":"publish","type":"product","link":"https:\/\/3d-printere.dk\/index.php\/vare\/hundekiks-naturcroq\/","title":{"rendered":"Hundekiks \u2013 NaturCroq"},"content":{"rendered":"<p>Velegnet til besk\u00e6ftigelse eller som bel\u00f8nning. Hundekiks, NaturCroq, er en bagt delikatesse med v\u00e6rdifulde proteiner, mineraler og hvedekim. Indeholder letford\u00f8jelige vegetabilsk fiber. Kan v\u00e6re velegnet til tandpleje og giver en frisk \u00e5nde. Uden farvestoffer og konserveringsmidler. Ikke tilsat sukker<\/p>\n<p>Fremstillet i Tyskland under den strengeste kvalitetskontrol.<\/p>\n<p>&nbsp;<\/p>\n<p><strong>Ingredienser:<br \/>\n<\/strong>Korn (78%), k\u00f8d og animalske biprodukter (15%), vegetabilske biprodukter (hvedekim 6%), mineraler.<\/p>\n<p><strong>Analytiske bestanddele:<\/strong><br \/>\nR\u00e5protein 22,0%, r\u00e5fedt 5,0%, r\u00e5fiber 3,0%, r\u00e5aske 7,0%, calcium 1,0%, fosfor 0,8%.<\/p>\n<p><strong>Tils\u00e6tningsstoffer:<br \/>\n<\/strong>Uden tils\u00e6tningsstoffer<\/p>\n","protected":false},"excerpt":{"rendered":"<p>&nbsp;<\/p>\n<p><!--more--><\/p>\n<p>Findes i\u00a0 5 kg<\/p>\n<ul>\n<li>Firkantede velsmagende kiks<\/li>\n<li>Til mellemstore og store hunde<\/li>\n<li>Uden tils\u00e6tningsstoffer<\/li>\n<li>22\/5 protein\/fedt<\/li>\n<li>Anbefalet af dyrl\u00e6ger og opdr\u00e6ttere<\/li>\n<\/ul>\n","protected":false},"featured_media":0,"comment_status":"closed","ping_status":"closed","template":"","meta":[],"product_brand":[],"product_cat":[1288],"product_tag":[],"class_list":{"0":"post-622","1":"product","2":"type-product","3":"status-publish","5":"product_cat-snacks-og-kiks-hund","6":"pa_posestoerrelse-a1s15kassestoerrelsea6s4names15kassestoerrelses5values45-kgs8positioni0s10is_visiblei1s12is_variationi1s11is_taxonomyi0","8":"first","9":"onbackorder","10":"taxable","11":"shipping-taxable","12":"product-type-simple"},"supplier_id":null,"supplier_sku":"","barcode":null,"atum_controlled":true,"out_stock_date":"2025-10-15 11:57:09","out_stock_threshold":null,"inheritable":false,"inbound_stock":null,"stock_on_hold":0,"sold_today":0,"sales_last_days":0,"reserved_stock":null,"customer_returns":null,"warehouse_damage":null,"lost_in_post":null,"other_logs":null,"out_stock_days":102,"lost_sales":0,"has_location":null,"update_date":"2026-01-26T00:06:51","atum_locations":[],"atum_stock_status":"onbackorder","restock_status":false,"low_stock_amount":"","sales_update_date":"2026-01-26T00:06:51","calc_backorders":0,"_links":{"self":[{"href":"https:\/\/3d-printere.dk\/index.php\/wp-json\/wp\/v2\/product\/622","targetHints":{"allow":["GET"]}}],"collection":[{"href":"https:\/\/3d-printere.dk\/index.php\/wp-json\/wp\/v2\/product"}],"about":[{"href":"https:\/\/3d-printere.dk\/index.php\/wp-json\/wp\/v2\/types\/product"}],"replies":[{"embeddable":true,"href":"https:\/\/3d-printere.dk\/index.php\/wp-json\/wp\/v2\/comments?post=622"}],"wp:attachment":[{"href":"https:\/\/3d-printere.dk\/index.php\/wp-json\/wp\/v2\/media?parent=622"}],"wp:term":[{"taxonomy":"product_brand","embeddable":true,"href":"https:\/\/3d-printere.dk\/index.php\/wp-json\/wp\/v2\/product_brand?post=622"},{"taxonomy":"product_cat","embeddable":true,"href":"https:\/\/3d-printere.dk\/index.php\/wp-json\/wp\/v2\/product_cat?post=622"},{"taxonomy":"product_tag","embeddable":true,"href":"https:\/\/3d-printere.dk\/index.php\/wp-json\/wp\/v2\/product_tag?post=622"}],"curies":[{"name":"wp","href":"https:\/\/api.w.org\/{rel}","templated":true}]}}