{"id":506,"date":"2025-10-15T11:56:57","date_gmt":"2025-10-15T09:56:57","guid":{"rendered":"https:\/\/3d-printere.dk\/index.php\/vare\/naturcroq-xxl\/"},"modified":"2025-10-15T11:57:06","modified_gmt":"2025-10-15T09:57:06","slug":"naturcroq-xxl","status":"publish","type":"product","link":"https:\/\/3d-printere.dk\/index.php\/vare\/naturcroq-xxl\/","title":{"rendered":"NaturCroq XXL"},"content":{"rendered":"<p>Komplet fuldfoder til voksne hunde af store racer, med normalt energibehov. Spr\u00f8de kroketter med hytteost og spinat, ogs\u00e5 til sensible hunde.<\/p>\n<p>Fremstillet i Tyskland under den strengeste kvalitetskontrol!<\/p>\n<p>&nbsp;<\/p>\n<p><strong>Ingredienser:<\/strong><br \/>\nFjerkr\u00e6protein* (14%), hvedemel, fuldkornshvede, fuldkornsmajs, majsmel, fuldkornsbyg, fjerkr\u00e6fedt, oksek\u00f8d, fiskemel, k\u00f8dmel, roetr\u00e6vler* (afsukret), hydrolyseret lever, h\u00e6moglobin*, \u00e6blekvas* (1,0%), g\u00e6r*, guler\u00f8dder*, natriumklorid, gr\u00f8n havre*, solsikke* (0,08%), karse*, persille*, muslingek\u00f8d* (gr\u00f8nne urter i alt: 0,3%); *t\u00f8rret.<\/p>\n<p><strong>Analytiske bestanddele:<\/strong><br \/>\nR\u00e5protein 21,0%, r\u00e5fedt 10,0%, r\u00e5fibre 3,0%, r\u00e5aske 5,5%, calcium 1,2%, fosfor 0,85%, natrium 0,25%, kalium 0,45%, magnesium 0,12%, omega-6-fedtsyrer 2,0%, omega-3-fedtsyrer 0,2%.<\/p>\n<p>&nbsp;<\/p>\n<p><strong>Tils\u00e6tningsstoffer:<\/strong><\/p>\n<p><strong>Vitaminer \/ kg:<\/strong><br \/>\nVitamin A (3a672a) 18000 IE, vitamin D3 (3a671) 1000 IE, vitamin E (alle rac-alpha-tocopherylacetat 3a700) 130 mg, vitamin B1 (thiaminmononitrat 3a821) 4 mg, vitamin B25i (825 vitamin B2i) ) 4 mg, vitamin B6 (pyridoxinhydrochlorid 3a831) 4 mg, biotin (3a880) 500 mcg, calcium D-pantothenat (3a841) 10 mg, niacin (3a314) 55 mg, vitamin B12 75 mcg. Antioxidanter, tocopherolekstrakter fra vegetabilske olier 1b306(i).<\/p>\n<p><strong>Sporstoffer\/kg:<\/strong><br \/>\nJern (jern(II)sulfatmonohydrat 3b103) 55 mg, kobber (kobber(II)sulfatpentahydrat 3b405) 12 mg, zink (zinkoxid 3b603) 95 mg, mangan (mangan(II)oxid) 3b502 mg, jod (calciumiodat, vandfrit 3b202) 2,5 mg, selen (natriumselenit 3b801) 0,17 mg.<\/p>\n<p>&nbsp;<\/p>\n<p><strong>Anbefalet daglig foderm\u00e6ngde (g\/dag):<\/strong><\/p>\n<p><img loading=\"lazy\" decoding=\"async\" class=\"alignnone wp-image-4757\" src=\"https:\/\/3d-printere.dk\/wp-content\/uploads\/2025\/10\/NaturCroq-XXL_0623-1-600x353.jpg\" alt=\"\" width=\"500\" height=\"294\" \/><\/p>\n<p><strong>Fodring:<br \/>\n<\/strong>Giv foderet t\u00f8r eller tilf\u00f8j frisk, varmt vand (ved omkring 50-60\u00b0 C) og lad det tr\u00e6kke i et par minutter. S\u00f8rg for, at der er frisk drikkevand til r\u00e5dighed p\u00e5 alle tidspunkter. Reducer m\u00e6ngden af foder, hvis du ogs\u00e5 giver din hund snacks\/godbidder. I betragtning af forskellen mellem de enkelte hunde, kan den angivne daglige m\u00e6ngde reduceres med op til 15 %, hvis hunden har tendens til at v\u00e6re overv\u00e6gtig.<\/p>\n","protected":false},"excerpt":{"rendered":"<p>&nbsp;<\/p>\n<p><!--more--><\/p>\n<p>Findes i 15 kg<\/p>\n<ul>\n<li>Voksne hunde af store eller meget store racer.<\/li>\n<li>Moderat protein- og fedtindhold<\/li>\n<li>Fjerkr\u00e6, fisk, oksek\u00f8d<\/li>\n<li>Store kroketter til store racer<\/li>\n<li>Anbefalet af dyrel\u00e6ger og opdr\u00e6ttere<\/li>\n<\/ul>\n","protected":false},"featured_media":0,"comment_status":"closed","ping_status":"closed","template":"","meta":[],"product_brand":[],"product_cat":[1168,1253,1254,1255,1256],"product_tag":[],"class_list":{"0":"post-506","1":"product","2":"type-product","3":"status-publish","5":"product_cat-hundefoder-2","6":"product_cat-maxi-hund-hundefoder-2","7":"product_cat-naturcroq-maxi-hund-hundefoder-2","8":"product_cat-toerfoder-hund-naturcroq-maxi-hund-hundefoder-2","9":"product_cat-voksen-hund-toerfoder-hund-naturcroq-maxi-hund-hundefoder-2","10":"pa_posestoerrelse-a1s15posestoerrelsera6s4names15posestoerrelsers5values515-kgs8positioni0s10is_visiblei1s12is_variationi1s11is_taxonomyi0","12":"first","13":"onbackorder","14":"taxable","15":"shipping-taxable","16":"product-type-simple"},"supplier_id":null,"supplier_sku":"","barcode":null,"atum_controlled":true,"out_stock_date":"2025-10-15 11:57:05","out_stock_threshold":null,"inheritable":false,"inbound_stock":null,"stock_on_hold":0,"sold_today":0,"sales_last_days":0,"reserved_stock":null,"customer_returns":null,"warehouse_damage":null,"lost_in_post":null,"other_logs":null,"out_stock_days":102,"lost_sales":0,"has_location":null,"update_date":"2026-01-26T00:06:50","atum_locations":[],"atum_stock_status":"onbackorder","restock_status":false,"low_stock_amount":"","sales_update_date":"2026-01-26T00:06:50","calc_backorders":0,"_links":{"self":[{"href":"https:\/\/3d-printere.dk\/index.php\/wp-json\/wp\/v2\/product\/506","targetHints":{"allow":["GET"]}}],"collection":[{"href":"https:\/\/3d-printere.dk\/index.php\/wp-json\/wp\/v2\/product"}],"about":[{"href":"https:\/\/3d-printere.dk\/index.php\/wp-json\/wp\/v2\/types\/product"}],"replies":[{"embeddable":true,"href":"https:\/\/3d-printere.dk\/index.php\/wp-json\/wp\/v2\/comments?post=506"}],"wp:attachment":[{"href":"https:\/\/3d-printere.dk\/index.php\/wp-json\/wp\/v2\/media?parent=506"}],"wp:term":[{"taxonomy":"product_brand","embeddable":true,"href":"https:\/\/3d-printere.dk\/index.php\/wp-json\/wp\/v2\/product_brand?post=506"},{"taxonomy":"product_cat","embeddable":true,"href":"https:\/\/3d-printere.dk\/index.php\/wp-json\/wp\/v2\/product_cat?post=506"},{"taxonomy":"product_tag","embeddable":true,"href":"https:\/\/3d-printere.dk\/index.php\/wp-json\/wp\/v2\/product_tag?post=506"}],"curies":[{"name":"wp","href":"https:\/\/api.w.org\/{rel}","templated":true}]}}