{"id":488,"date":"2025-10-15T11:56:57","date_gmt":"2025-10-15T09:56:57","guid":{"rendered":"https:\/\/3d-printere.dk\/index.php\/vare\/sensible-canada\/"},"modified":"2025-10-15T11:57:02","modified_gmt":"2025-10-15T09:57:02","slug":"sensible-canada","status":"publish","type":"product","link":"https:\/\/3d-printere.dk\/index.php\/vare\/sensible-canada\/","title":{"rendered":"Sensible Canada"},"content":{"rendered":"<p>Komplet foder, velegnet til sensible voksne hunde, fra 11 kg. voksenv\u00e6gt. Indeholder laks, kanin, lam og glutenfri kartoffel.<\/p>\n<p>Fremstillet i Tyskland under den strengeste kvalitetskontrol.<\/p>\n<p>&nbsp;<\/p>\n<p><strong>Ingredienser:<\/strong><br \/>\nKartofler*, laksemel (10%), kaninprotein* (10%), lammeprotein* (10%), fjerkr\u00e6fedt, kartoffelprotein*, roetr\u00e6vler* (afsukret), hydrolyseret lever, solsikkeolie (1,5%) , \u00e6blekvas*, cellulose, t\u00f8rrede hele \u00e6g, rapsolie (0,4%), h\u00f8rfr\u00f8, traneb\u00e6r*, g\u00e6r*, tang*, muslingek\u00f8d* (0,1%), g\u00e6r* (ekstraheret), marietidsel, yucca schidigera*, artiskok, m\u00e6lkeb\u00f8tte, ingef\u00e6r, birk, br\u00e6nden\u00e6lde, kamille, koriander, rosmarin, salvie, lakridsrod, timian (i alt t\u00f8rrede urter 0,14%)<\/p>\n<p><strong>Analytiske bestanddele:<\/strong><br \/>\nR\u00e5protein 25,0%, r\u00e5fedt 14,0%, r\u00e5fibre 3,5%, r\u00e5aske 8%, calcium 1,55%, fosfor 1,0%, natrium 0,35%, kalium 0,85%, magnesium 0,1%, omega-6-fedtsyrer 3,0%, omega- 3 fedtsyrer 0,3%<\/p>\n<p>&nbsp;<\/p>\n<p><strong>Tils\u00e6tningsstoffer:<\/strong><\/p>\n<p><strong>Vitaminer \/ kg:<\/strong><br \/>\nVitamin A (3a672a) 15000 I.E., Vitamin D3 (3a671) 900 I.E., Vitamin E (all rac-alpha-Tocopherylacetat 3a700) 110 mg, Vitamin B1 (Thiaminmononitrat 3a821) 4 mg, Vitamin B2 (Riboflavin 3a825ii) 4 mg, Vitamin B6 (Pyridoxinhydrochlorid 3a831) 4 mg, Biotin (3a880) 430 mcg, Calcium-D-Pantothenat (3a841) 10 mg, Niacin (3a314) 45 mg, Vitamin B12 65 mcg.<\/p>\n<p><strong>Sporstoffer\/kg:<\/strong><br \/>\nJern (jern (II) sulfat-Monohydrat 3b103) 70 mg, kobber (kobber(II)-sulfat-Pentahydrat 3b405) 13 mg, Zink (Zinkoxid 3b603) 85 mg, Mangan (Mangan(II)-oxid 3b502) 16 mg, Jod (kalciumjod, vandfri 3b202) 1,6 mg, Selen (Natriumselenit 3b801) 0,25 mg.<\/p>\n<p>Antioxidanter, tocopherolekstrakter fra vegetabilske olier 1b306(i).<\/p>\n<p>&nbsp;<\/p>\n<p><strong>Anbefalet daglig foderm\u00e6ngde (g\/dag):<\/strong><\/p>\n<p><img loading=\"lazy\" decoding=\"async\" class=\"alignnone wp-image-4680\" src=\"https:\/\/3d-printere.dk\/wp-content\/uploads\/2025\/10\/Canada-1122-1-600x575.jpg\" alt=\"\" width=\"499\" height=\"478\" \/><\/p>\n<p><strong><br \/>\nFodring:<br \/>\n<\/strong>Giv foderet t\u00f8r eller tilf\u00f8j frisk, varmt vand (ved omkring 50-60\u00b0 C) og lad det tr\u00e6kke i et par minutter. S\u00f8rg for, at der er frisk drikkevand til r\u00e5dighed p\u00e5 alle tidspunkter. Reducer m\u00e6ngden af foder, hvis du ogs\u00e5 giver din hund snacks\/godbidder. I betragtning af forskellen mellem de enkelte hunde, kan den angivne daglige m\u00e6ngde reduceres med op til 15 %, hvis hunden har tendens til at v\u00e6re overv\u00e6gtig.<\/p>\n<p>&nbsp;<\/p>\n","protected":false},"excerpt":{"rendered":"<p>&nbsp;<\/p>\n<p><!--more--><\/p>\n<p>Findes i 4 kg og 11 kg<\/p>\n<ul>\n<li>Fra 11 kg. voksenv\u00e6gt \u2013 forh\u00f8jet energibehov<\/li>\n<li>Laks, kanin og lam som eksklusiv proteinkilde<\/li>\n<li>Korn- og glutenfri<\/li>\n<li>Indeholder omega-3 og omega-6<\/li>\n<li>25\/14 protein\/fedt<\/li>\n<li>Anbefalet af dyrl\u00e6ger og opdr\u00e6ttere<\/li>\n<\/ul>\n","protected":false},"featured_media":0,"comment_status":"closed","ping_status":"closed","template":"","meta":[],"product_brand":[],"product_cat":[1200,1209,1210,1211,1212,1213,1214,1215,1216,1217],"product_tag":[],"class_list":{"0":"post-488","1":"product","2":"type-product","3":"status-publish","5":"product_cat-aktiv-hund","6":"product_cat-foderintolerance-hund","7":"product_cat-glutenfri-hund","8":"product_cat-hundefoder-glutenfri-hund","9":"product_cat-kornfri-hund","10":"product_cat-maxi-hund-kornfri-hund","11":"product_cat-medium-hund-maxi-hund-kornfri-hund","12":"product_cat-sensible-hund-medium-hund-maxi-hund-kornfri-hund","13":"product_cat-toerfoder-hund-sensible-hund-medium-hund-maxi-hund-kornfri-hund","14":"product_cat-voksen-hund-toerfoder-hund-sensible-hund-medium-hund-maxi-hund-kornfri-hund","15":"pa_posestoerrelse-11-kgs8positioni0s10is_visiblei1s12is_variationi1s11is_taxonomyi0","16":"pa_posestoerrelse-4-kg","17":"pa_posestoerrelse-a1s15posestoerrelsera6s4names15posestoerrelsers5values356-x-300-gr-1-kasse","19":"first","20":"onbackorder","21":"taxable","22":"shipping-taxable","23":"product-type-simple"},"supplier_id":null,"supplier_sku":"","barcode":null,"atum_controlled":true,"out_stock_date":"2025-10-15 11:57:02","out_stock_threshold":null,"inheritable":false,"inbound_stock":null,"stock_on_hold":0,"sold_today":0,"sales_last_days":0,"reserved_stock":null,"customer_returns":null,"warehouse_damage":null,"lost_in_post":null,"other_logs":null,"out_stock_days":102,"lost_sales":0,"has_location":null,"update_date":"2026-01-26T00:06:50","atum_locations":[],"atum_stock_status":"onbackorder","restock_status":false,"low_stock_amount":"","sales_update_date":"2026-01-26T00:06:50","calc_backorders":0,"_links":{"self":[{"href":"https:\/\/3d-printere.dk\/index.php\/wp-json\/wp\/v2\/product\/488","targetHints":{"allow":["GET"]}}],"collection":[{"href":"https:\/\/3d-printere.dk\/index.php\/wp-json\/wp\/v2\/product"}],"about":[{"href":"https:\/\/3d-printere.dk\/index.php\/wp-json\/wp\/v2\/types\/product"}],"replies":[{"embeddable":true,"href":"https:\/\/3d-printere.dk\/index.php\/wp-json\/wp\/v2\/comments?post=488"}],"wp:attachment":[{"href":"https:\/\/3d-printere.dk\/index.php\/wp-json\/wp\/v2\/media?parent=488"}],"wp:term":[{"taxonomy":"product_brand","embeddable":true,"href":"https:\/\/3d-printere.dk\/index.php\/wp-json\/wp\/v2\/product_brand?post=488"},{"taxonomy":"product_cat","embeddable":true,"href":"https:\/\/3d-printere.dk\/index.php\/wp-json\/wp\/v2\/product_cat?post=488"},{"taxonomy":"product_tag","embeddable":true,"href":"https:\/\/3d-printere.dk\/index.php\/wp-json\/wp\/v2\/product_tag?post=488"}],"curies":[{"name":"wp","href":"https:\/\/api.w.org\/{rel}","templated":true}]}}