{"id":484,"date":"2025-10-15T11:56:57","date_gmt":"2025-10-15T09:56:57","guid":{"rendered":"https:\/\/3d-printere.dk\/index.php\/vare\/fit-vital-senior\/"},"modified":"2025-10-15T11:57:01","modified_gmt":"2025-10-15T09:57:01","slug":"fit-vital-senior","status":"publish","type":"product","link":"https:\/\/3d-printere.dk\/index.php\/vare\/fit-vital-senior\/","title":{"rendered":"Fit &#038; Vital Senior"},"content":{"rendered":"<p>Komplet foder til seniorhunde &#8211; fra 11 kg. voksenv\u00e6gt. Giver optimale betingelser og fremmer vitalitet og gl\u00e6de hos \u00e6ldre hunde, der nyder deres liv i alderdommen.<\/p>\n<p>Fremstillet i Tyskland under den strengeste kvalitetskontrol.<\/p>\n<p>&nbsp;<\/p>\n<p><strong>Ingredienser:<\/strong><br \/>\nAnimalske proteiner * (9% fjerkr\u00e6, 4% lam), ris, rismel, majs, majsmel, byg, fiskemel (4%, heraf 50% laksemel), fedtegrever, fjerkr\u00e6fedt, leverhydrolysat, solsikkeolie, roetr\u00e6vler * (afsukret), \u00e6blekvas * , kaliumchlorid, rapsolie, g\u00e6r *, natriumchlorid, tang *, h\u00f8rfr\u00f8 (0,16%), t\u00f8rrede hele \u00e6g (0,12%), cikorierod * (ekstraheret) (0,05)%), muslingek\u00f8d * (0,02%), g\u00e6r * (ekstraheret), marietidsel, artiskok, m\u00e6lkeb\u00f8tte, ingef\u00e6r (0,013%), birkeblade, br\u00e6nden\u00e6lde, kamille, koriander, rosmarin, salvie, lakridsrod, timian, (t\u00f8rrede urter i alt: 0,16%); *) t\u00f8rret.<\/p>\n<p><strong>Analytiske bestanddele:<\/strong><br \/>\nR\u00e5protein 21,0\u2009%, r\u00e5fedt 10,0\u2009%, r\u00e5fiber 2,5\u2009%, r\u00e5aske 5,5\u2009%, calcium 1,0\u2009%, fosfor 0,75\u2009%, natrium 0,35\u2009%, kalium 0,5\u2009%, magnesium 0,08\u2009%, omega-6-fedtsyrer 3,0\u2009%, omega-3-fedtsyrer 0,3\u2009%.<\/p>\n<p>&nbsp;<\/p>\n<p><strong>Tils\u00e6tningsstoffer:<\/strong><\/p>\n<p><strong>Vitaminer \/ kg:<\/strong><br \/>\nVitamin A (3a672a) 12000 IE, vitamin D3 (3a671) 1000 IE, vitamin E (3a700) 75 mg, vitamin B1 (3a821) 4 mg, vitamin B2 (3a825ii) 6 mg, vitamin B6 (3a831) 4 mg, biotin ( 3a880) 575 mcg, calcium-D-pantothenat (3a841) 10 mg, niacin (3a314) 40 mg, vitamin B12 70 mcg, cholinchlorid (3a890) 60 mg, C-vitamin (3a312) 20 mg, L-carnitin (3a910) 200 mg.<\/p>\n<p><strong>Sporstoffer\/kg:<\/strong><br \/>\nJern (som 3b103, 3b106) 105 mg, kobber (som 3b405, 3b406) 10 mg, zink (som 3b603, 3b606, 3b607) 105 mg, mangan (som 3b502, 3b504) 25 mg, jod (som 3b202 2 mg selen (som 3b801, 3b8.12) 0,15 mg.<\/p>\n<p>Antioxidanter, tocopherolekstrakter fra vegetabilske olier 1b306 (i).<\/p>\n<p>&nbsp;<\/p>\n<p><strong>Anbefalet daglig foderm\u00e6ngde (g\/dag):<\/strong><\/p>\n<p><img loading=\"lazy\" decoding=\"async\" class=\"alignnone wp-image-4660\" src=\"https:\/\/3d-printere.dk\/wp-content\/uploads\/2025\/10\/Fit-og-vital-Senior-foderplan-052022-1-600x440.jpg\" alt=\"\" width=\"500\" height=\"367\" \/><\/p>\n<p><strong>Fodring:<br \/>\n<\/strong>Giv foderet t\u00f8r eller tilf\u00f8j frisk, varmt vand (ved omkring 50-60\u00b0 C) og lad det tr\u00e6kke i et par minutter. S\u00f8rg for, at der er frisk drikkevand til r\u00e5dighed p\u00e5 alle tidspunkter. Reducer m\u00e6ngden af foder, hvis du ogs\u00e5 giver din hund snacks\/godbidder. I betragtning af forskellen mellem de enkelte hunde, kan den angivne daglige m\u00e6ngde reduceres med op til 15 %, hvis hunden har tendens til at v\u00e6re overv\u00e6gtig.<\/p>\n","protected":false},"excerpt":{"rendered":"<p>&nbsp;<\/p>\n<p><!--more--><\/p>\n<p>Findes i 300 gr, 4 kg og 12 kg<\/p>\n<ul>\n<li>Seniorhunde fra 11kg. voksenv\u00e6gt<\/li>\n<li>L-Carnitin for mere vitalitet<\/li>\n<li>5 forskellige proteinkilder af h\u00f8j kvalitet<\/li>\n<li>Hvedefri<\/li>\n<li>Beskytter led og knogler<\/li>\n<li>21\/10 protein\/fedt<\/li>\n<li>Anbefalet af dyrel\u00e6ger og opdr\u00e6ttere<\/li>\n<\/ul>\n","protected":false},"featured_media":0,"comment_status":"closed","ping_status":"closed","template":"","meta":[],"product_brand":[],"product_cat":[1151,1152,1153,1163,1195,1196,1197,1198,1199],"product_tag":[],"class_list":{"0":"post-484","1":"product","2":"type-product","3":"status-publish","5":"product_cat-fit-vital","6":"product_cat-hundefoder","7":"product_cat-hvedefri-hund","8":"product_cat-led-knogler-hund","9":"product_cat-maxi-hund-led-knogler-hund","10":"product_cat-medium-hund-maxi-hund-led-knogler-hund","11":"product_cat-senior-hund-medium-hund-maxi-hund-led-knogler-hund","12":"product_cat-toerfoder-hund-senior-hund-medium-hund-maxi-hund-led-knogler-hund","13":"product_cat-voksen-hund-toerfoder-hund-senior-hund-medium-hund-maxi-hund-led-knogler-hund","14":"pa_posestoerrelse-12-kgs8positioni0s10is_visiblei1s12is_variationi1s11is_taxonomyi0","15":"pa_posestoerrelse-4-kg","16":"pa_posestoerrelse-a1s15posestoerrelsera6s4names15posestoerrelsers5values356-x-300-gr-1-kasse","18":"first","19":"onbackorder","20":"taxable","21":"shipping-taxable","22":"product-type-simple"},"supplier_id":null,"supplier_sku":"","barcode":null,"atum_controlled":true,"out_stock_date":"2025-10-15 11:57:01","out_stock_threshold":null,"inheritable":false,"inbound_stock":null,"stock_on_hold":0,"sold_today":0,"sales_last_days":0,"reserved_stock":null,"customer_returns":null,"warehouse_damage":null,"lost_in_post":null,"other_logs":null,"out_stock_days":102,"lost_sales":0,"has_location":null,"update_date":"2026-01-26T00:06:50","atum_locations":[],"atum_stock_status":"onbackorder","restock_status":false,"low_stock_amount":"","sales_update_date":"2026-01-26T00:06:50","calc_backorders":0,"_links":{"self":[{"href":"https:\/\/3d-printere.dk\/index.php\/wp-json\/wp\/v2\/product\/484","targetHints":{"allow":["GET"]}}],"collection":[{"href":"https:\/\/3d-printere.dk\/index.php\/wp-json\/wp\/v2\/product"}],"about":[{"href":"https:\/\/3d-printere.dk\/index.php\/wp-json\/wp\/v2\/types\/product"}],"replies":[{"embeddable":true,"href":"https:\/\/3d-printere.dk\/index.php\/wp-json\/wp\/v2\/comments?post=484"}],"wp:attachment":[{"href":"https:\/\/3d-printere.dk\/index.php\/wp-json\/wp\/v2\/media?parent=484"}],"wp:term":[{"taxonomy":"product_brand","embeddable":true,"href":"https:\/\/3d-printere.dk\/index.php\/wp-json\/wp\/v2\/product_brand?post=484"},{"taxonomy":"product_cat","embeddable":true,"href":"https:\/\/3d-printere.dk\/index.php\/wp-json\/wp\/v2\/product_cat?post=484"},{"taxonomy":"product_tag","embeddable":true,"href":"https:\/\/3d-printere.dk\/index.php\/wp-json\/wp\/v2\/product_tag?post=484"}],"curies":[{"name":"wp","href":"https:\/\/api.w.org\/{rel}","templated":true}]}}