{"id":482,"date":"2025-10-15T11:56:57","date_gmt":"2025-10-15T09:56:57","guid":{"rendered":"https:\/\/3d-printere.dk\/index.php\/vare\/fit-vital-light-calorie-control\/"},"modified":"2025-10-15T11:57:01","modified_gmt":"2025-10-15T09:57:01","slug":"fit-vital-light-calorie-control","status":"publish","type":"product","link":"https:\/\/3d-printere.dk\/index.php\/vare\/fit-vital-light-calorie-control\/","title":{"rendered":"Fit &#038; Vital Light Calorie Control"},"content":{"rendered":"<p>Komplet foder til voksne hunde &#8211; fra 11 kg. voksenv\u00e6gt. Ideel til hunde, der har brug for et foder med lavt fedtindhold og til at opretholde en sund v\u00e6gt, is\u00e6r efter en di\u00e6tperiode.<\/p>\n<p>Fremstillet i Tyskland under den strengeste kvalitetskontrol.<\/p>\n<p>&nbsp;<\/p>\n<p><strong>Ingredienser:<\/strong><strong><br \/>\n<\/strong>Animalske proteiner * (16% fjerkr\u00e6, 4% lam), majs, majsmel, rismel, byg, lignocellulose, fiskemel (5%, heraf 50% laksemel), fedtegrever, leverhydrolysat, roetr\u00e6vler * (afsukret), fjerkr\u00e6fedt,\u00e6blekvas *, kaliumchlorid, solsikkeolie, g\u00e6r *, natriumchlorid, tang *, h\u00f8rfr\u00f8 (0,15%), t\u00f8rrede hele \u00e6g (0,1%), rapsolie, muslingek\u00f8d * (0,02% ), g\u00e6r * (ekstraheret), marietidsel, artiskok, m\u00e6lkeb\u00f8tte, ingef\u00e6r (0,013%), birkeblade, br\u00e6nden\u00e6lde, kamille, koriander, rosmarin, salvie, lakridsrod, timian, (t\u00f8rrede urter i alt: 0,15%); *) t\u00f8rret<\/p>\n<p><strong>Analytiske bestanddele:<\/strong><strong><br \/>\n<\/strong>R\u00e5protein 25,5%, r\u00e5fedt 7,0%, r\u00e5fibre 6,0%, r\u00e5aske 6,5%, calcium 1,4%, fosfor 0,9%, natrium 0,4%, kalium 0,55%, magnesium 0,08%, omega-6 fedtsyrer 1,8%, omega-3 fedtsyrer 0,2%.<\/p>\n<p>&nbsp;<\/p>\n<p><strong>Tils\u00e6tningsstoffer:<\/strong><\/p>\n<p><strong>Vitaminer \/ kg:<\/strong><strong><br \/>\n<\/strong>Vitamin A (3a672a) 12000 IE, vitamin D3 (3a671) 1000 IE, vitamin E (3a700) 75 mg, vitamin B1 (3a821) 4 mg, vitamin B2 (3a825ii) 6 mg, vitamin B6 (3a831) 4 mg, biotin (3a880) 575 mcg, calcium D-pantothenat (3a841) 10 mg, niacin (3a314) 40 mg, vitamin B12 70 mcg, cholinchlorid (3a890) 60 mg, L &#8211; carnitin (3a9010) mg. .<\/p>\n<p><strong>Sporstoffer\/kg:<\/strong><strong><br \/>\n<\/strong>\u00a0Jern (som 3b103, 3b106) 105 mg, kobber (som 3b405, 3b406) 10 mg, zink (som 3b603, 3b606, 3b607) 105 mg, mangan (som 3b504, 3b504, 3b504, 2 mg) 3b202) 2 mg, selen (som 3b801, 3b8.12) 0,15 mg.<\/p>\n<p>Antioxidanter, tocopherolekstrakter fra vegetabilske olier 1b306 (i).<\/p>\n<p>&nbsp;<\/p>\n<p><strong>Anbefalet daglig foderm\u00e6ngde (g\/dag):<\/strong><\/p>\n<p><strong><img loading=\"lazy\" decoding=\"async\" class=\"alignnone wp-image-4656\" src=\"https:\/\/3d-printere.dk\/wp-content\/uploads\/2025\/10\/Fit-og-vital-Light-foderplan-052022-1-600x440.jpg\" alt=\"\" width=\"503\" height=\"369\" \/><br \/>\n<\/strong><\/p>\n<p><strong>Fodring:<br \/>\n<\/strong>Giv foderet t\u00f8r eller tilf\u00f8j frisk, varmt vand (ved omkring 50-60\u00b0 C) og lad det tr\u00e6kke i et par minutter. S\u00f8rg for, at der er frisk drikkevand til r\u00e5dighed p\u00e5 alle tidspunkter. Reducer m\u00e6ngden af foder, hvis du ogs\u00e5 giver din hund snacks\/godbidder. I betragtning af forskellen mellem de enkelte hunde, kan den angivne daglige m\u00e6ngde reduceres med op til 15 %, hvis hunden har tendens til at v\u00e6re overv\u00e6gtig.<strong><br \/>\n<\/strong><\/p>\n","protected":false},"excerpt":{"rendered":"<p>&nbsp;<\/p>\n<p><!--more--><\/p>\n<p>Findes i 4 kg og 12 kg<\/p>\n<ul>\n<li>Fra 11 kg. voksenv\u00e6gt \u2013 normalt energibehov<\/li>\n<li>40% mindre fedt<\/li>\n<li>Hvedefri<\/li>\n<li>H\u00f8jt fiberindhold<\/li>\n<li>5 forskellige proteinkilder af h\u00f8j kvalitet<\/li>\n<li>25,5\/7\u00a0 protein\/fedt<\/li>\n<li>Anbefalet af dyrel\u00e6ger og opdr\u00e6ttere<\/li>\n<\/ul>\n","protected":false},"featured_media":0,"comment_status":"closed","ping_status":"closed","template":"","meta":[],"product_brand":[],"product_cat":[1151,1152,1153,1187,1190,1191,1192,1193,1194],"product_tag":[],"class_list":{"0":"post-482","1":"product","2":"type-product","3":"status-publish","5":"product_cat-fit-vital","6":"product_cat-hundefoder","7":"product_cat-hvedefri-hund","8":"product_cat-maxi-hund","9":"product_cat-medium-hund-maxi-hund","10":"product_cat-neutraliseret-hund-medium-hund-maxi-hund","11":"product_cat-overvaegt-hund-neutraliseret-hund-medium-hund-maxi-hund","12":"product_cat-toerfoder-hund-overvaegt-hund-neutraliseret-hund-medium-hund-maxi-hund","13":"product_cat-voksen-hund-toerfoder-hund-overvaegt-hund-neutraliseret-hund-medium-hund-maxi-hund","14":"pa_posestoerrelse-12-kgs8positioni0s10is_visiblei1s12is_variationi1s11is_taxonomyi0","15":"pa_posestoerrelse-a1s15posestoerrelsera6s4names15posestoerrelsers5values124-kg","17":"first","18":"onbackorder","19":"taxable","20":"shipping-taxable","21":"product-type-simple"},"supplier_id":null,"supplier_sku":"","barcode":null,"atum_controlled":true,"out_stock_date":"2025-10-15 11:57:00","out_stock_threshold":null,"inheritable":false,"inbound_stock":null,"stock_on_hold":0,"sold_today":0,"sales_last_days":0,"reserved_stock":null,"customer_returns":null,"warehouse_damage":null,"lost_in_post":null,"other_logs":null,"out_stock_days":102,"lost_sales":0,"has_location":null,"update_date":"2026-01-26T00:06:50","atum_locations":[],"atum_stock_status":"onbackorder","restock_status":false,"low_stock_amount":"","sales_update_date":"2026-01-26T00:06:50","calc_backorders":0,"_links":{"self":[{"href":"https:\/\/3d-printere.dk\/index.php\/wp-json\/wp\/v2\/product\/482","targetHints":{"allow":["GET"]}}],"collection":[{"href":"https:\/\/3d-printere.dk\/index.php\/wp-json\/wp\/v2\/product"}],"about":[{"href":"https:\/\/3d-printere.dk\/index.php\/wp-json\/wp\/v2\/types\/product"}],"replies":[{"embeddable":true,"href":"https:\/\/3d-printere.dk\/index.php\/wp-json\/wp\/v2\/comments?post=482"}],"wp:attachment":[{"href":"https:\/\/3d-printere.dk\/index.php\/wp-json\/wp\/v2\/media?parent=482"}],"wp:term":[{"taxonomy":"product_brand","embeddable":true,"href":"https:\/\/3d-printere.dk\/index.php\/wp-json\/wp\/v2\/product_brand?post=482"},{"taxonomy":"product_cat","embeddable":true,"href":"https:\/\/3d-printere.dk\/index.php\/wp-json\/wp\/v2\/product_cat?post=482"},{"taxonomy":"product_tag","embeddable":true,"href":"https:\/\/3d-printere.dk\/index.php\/wp-json\/wp\/v2\/product_tag?post=482"}],"curies":[{"name":"wp","href":"https:\/\/api.w.org\/{rel}","templated":true}]}}