{"id":1900,"date":"2025-12-05T16:00:42","date_gmt":"2025-12-05T15:00:42","guid":{"rendered":"https:\/\/3d-printere.dk\/index.php\/vare\/minkas-sterilised-laks-6\/"},"modified":"2025-12-05T16:00:59","modified_gmt":"2025-12-05T15:00:59","slug":"minkas-sterilised-laks-6","status":"publish","type":"product","link":"https:\/\/3d-printere.dk\/index.php\/vare\/minkas-sterilised-laks-6\/","title":{"rendered":"Minkas Sterilised Laks"},"content":{"rendered":"<h3 data-start=\"159\" data-end=\"236\">Happy Cat Minkas Sterilised Laks \u2013 t\u00f8rfoder til kastrerede katte<\/h3>\n<p data-start=\"238\" data-end=\"417\"><strong data-start=\"238\" data-end=\"281\">Happy Cat Minkas Sterilised Laks<\/strong> er et velsmagende t\u00f8rfoder, udviklet til at im\u00f8dekomme de s\u00e6rlige behov hos steriliserede og kastrerede katte med lavere energibehov.<br \/>\nEfter kastration \u00e6ndres stofskiftet, og mange katte bliver mindre aktive end f\u00f8r. Derfor har de ofte lettere ved at tage p\u00e5 i v\u00e6gt. Happy Cat Minkas Sterilised er sammensat netop med dette for \u00f8je:<\/p>\n<ul>\n<li data-start=\"238\" data-end=\"417\"><strong data-start=\"621\" data-end=\"646\">Reduceret fedtindhold<\/strong><\/li>\n<li><strong data-start=\"686\" data-end=\"704\">M\u00e6ttende fibre<\/strong><\/li>\n<\/ul>\n<p data-start=\"780\" data-end=\"921\">P\u00e5 den m\u00e5de kan foderet effektivt bidrage til v\u00e6gtkontrol og hj\u00e6lpe din kat med at bevare sin idealv\u00e6gt \u2013 selv ved lavere aktivitetsniveau.<\/p>\n<h3 data-start=\"923\" data-end=\"976\">N\u00e6ringsrige ingredienser for sundhed og trivsel<\/h3>\n<p data-start=\"977\" data-end=\"1214\">Den n\u00f8je afbalancerede opskrift med l\u00e6kker laks tilf\u00f8rer katten v\u00e6rdifulde <strong data-start=\"1052\" data-end=\"1085\">omega-3- og omega-6-fedtsyrer<\/strong>, som underst\u00f8tter en sund hud og en skinnende pels. Derudover er der tilsat <strong data-start=\"1159\" data-end=\"1177\">yucca-ekstrakt.<\/strong><br \/>\nHappy Cat Minkas Sterilised har desuden en masse essentielle n\u00e6ringsstoffer, som din kat kan have brug ved et aktivt og vitalt liv \u2013 helt uden kunstige smagsstoffer eller konserveringsmidler.<\/p>\n<p><strong>Sammens\u00e6tning:<br \/>\n<\/strong>Animalsk protein* (fra fjerkr\u00e6), majs, grever, hvedemel, hvede, majsmel, t\u00f8rrede roesnitter [roepiller], laksemel (4 %),lignocellulose,olier og fedtstoffer, hydrolyseret protein*, \u00e6blekvas*, mineralstoffer, Yucca schidigera* (0,04 %); *) t\u00f8rret.<\/p>\n<p><strong>Analytiske bestanddele:<br \/>\n<\/strong>R\u00e5protein 34,5 %, r\u00e5fedt 9,5 %, r\u00e5fibre 5,5 %, r\u00e5aske 7,0 %, calcium 1,1 %, fosfor 0,9 %, natrium 0,35 %, omega 6-fedtsyrer 2,0 %, omega 3-fedtsyrer 0,2 %.<\/p>\n<p><strong>Tils\u00e6tningsstoffer:<br \/>\n<\/strong>vitaminer\/kg.<br \/>\nA-vitamin (3a672a) 15000 I.E., D3-vitamin (3a671) 910 I.E., E-vitamin (3a700i) 110 mg,taurin (3a370) 1000 mg. Sporstoffer\/kg: jern (3b103) 75 mg, kobber (3b405) 15 mg, zink (3b603) 95 mg, mangan (3b502) 18 mg, jod (3b202) 2 mg, selen (3b801) 0,3 mg.<\/p>\n<p>Aminosyrer\/kg: DL-methionin (3c301) 4700 mg.<br \/>\nAntioxidant, tocopherolholdige ekstrakter af planteolier 1b306(i).<\/p>\n<p><strong>Anbefalet daglig foderm\u00e6ngde (g\/dag):<\/strong><\/p>\n<p data-start=\"977\" data-end=\"1214\"><img loading=\"lazy\" decoding=\"async\" class=\"alignnone wp-image-6714\" src=\"https:\/\/haps.centrumdyrehandel.dk\/wp-content\/uploads\/2022\/06\/Minkas-sterilised-240424-300x197.jpg\" alt=\"\" width=\"349\" height=\"229\" \/><\/p>\n<p>S\u00f8rg for, at der er frisk drikkevand til r\u00e5dighed p\u00e5 alle tidspunkter, i en god afstand fra fodersk\u00e5len. I betragtning af forskellen mellem de enkelte katte, kan den angivne daglige m\u00e6ngde reduceres med op til 15 %. Opdel den daglige m\u00e6ngde af foder, i flere m\u00e5ltider.<\/p>\n","protected":false},"excerpt":{"rendered":"<p>Findes i 1,5 kg &#8211; 4 kg og 10 kg<\/p>\n<ul>\n<li>Komplet t\u00f8rfoder til voksne katte<\/li>\n<li>Laks<\/li>\n<li>Letford\u00f8jelig<\/li>\n<li>Indeholder taurin<\/li>\n<li>Reduceret aff\u00f8ringslugt<\/li>\n<li>33\/9 protein\/fedt<\/li>\n<li>Anbefalet af dyrl\u00e6ger og opdr\u00e6ttere<\/li>\n<\/ul>\n","protected":false},"featured_media":0,"comment_status":"closed","ping_status":"closed","template":"","meta":[],"product_brand":[],"product_cat":[1298,1364,1329,1933,2070,2071,2076,2072,2073,2074],"product_tag":[],"class_list":{"0":"post-1900","1":"product","2":"type-product","3":"status-publish","5":"product_cat-aktiv-kat","6":"product_cat-fordoejelse-kat-2","7":"product_cat-happy-cat-sterilised","8":"product_cat-kattefoder-2","9":"product_cat-maxi-kat-2","10":"product_cat-medium-kat-2","11":"product_cat-neutraliseret-kat-2","12":"product_cat-pels-kat-2","13":"product_cat-toerfoder-kat-2","14":"product_cat-voksen-kat-2","15":"pa_vaegt-15kg","17":"first","18":"instock","19":"featured","20":"purchasable","21":"product-type-simple"},"supplier_id":null,"supplier_sku":"","barcode":null,"atum_controlled":true,"out_stock_date":null,"out_stock_threshold":null,"inheritable":false,"inbound_stock":null,"stock_on_hold":0,"sold_today":0,"sales_last_days":0,"reserved_stock":null,"customer_returns":null,"warehouse_damage":null,"lost_in_post":null,"other_logs":null,"out_stock_days":0,"lost_sales":0,"has_location":null,"update_date":"2026-01-26T00:06:59","atum_locations":[],"atum_stock_status":"instock","restock_status":false,"low_stock_amount":"","sales_update_date":"2026-01-26T00:06:59","calc_backorders":null,"_links":{"self":[{"href":"https:\/\/3d-printere.dk\/index.php\/wp-json\/wp\/v2\/product\/1900","targetHints":{"allow":["GET"]}}],"collection":[{"href":"https:\/\/3d-printere.dk\/index.php\/wp-json\/wp\/v2\/product"}],"about":[{"href":"https:\/\/3d-printere.dk\/index.php\/wp-json\/wp\/v2\/types\/product"}],"replies":[{"embeddable":true,"href":"https:\/\/3d-printere.dk\/index.php\/wp-json\/wp\/v2\/comments?post=1900"}],"wp:attachment":[{"href":"https:\/\/3d-printere.dk\/index.php\/wp-json\/wp\/v2\/media?parent=1900"}],"wp:term":[{"taxonomy":"product_brand","embeddable":true,"href":"https:\/\/3d-printere.dk\/index.php\/wp-json\/wp\/v2\/product_brand?post=1900"},{"taxonomy":"product_cat","embeddable":true,"href":"https:\/\/3d-printere.dk\/index.php\/wp-json\/wp\/v2\/product_cat?post=1900"},{"taxonomy":"product_tag","embeddable":true,"href":"https:\/\/3d-printere.dk\/index.php\/wp-json\/wp\/v2\/product_tag?post=1900"}],"curies":[{"name":"wp","href":"https:\/\/api.w.org\/{rel}","templated":true}]}}