{"id":1891,"date":"2025-12-05T16:00:42","date_gmt":"2025-12-05T15:00:42","guid":{"rendered":"https:\/\/3d-printere.dk\/index.php\/vare\/foderskaal-katte-4\/"},"modified":"2025-12-05T16:00:48","modified_gmt":"2025-12-05T15:00:48","slug":"foderskaal-katte-4","status":"publish","type":"product","link":"https:\/\/3d-printere.dk\/index.php\/vare\/foderskaal-katte-4\/","title":{"rendered":"Fodersk\u00e5l katte"},"content":{"rendered":"<div class=\"h3 product-detail-description-title\">\n<ul>\n<li>Ideel til Happy Cat t\u00f8r- og v\u00e5dfoder samt vand<\/li>\n<li>T\u00e5ler opvaskemaskine, men er ogs\u00e5 nem at reng\u00f8re i h\u00e5nden<\/li>\n<li>Materiale: Keramik<\/li>\n<li>M\u00e5l: \u00d8 11 cm<\/li>\n<\/ul>\n<\/div>\n","protected":false},"excerpt":{"rendered":"<p>&nbsp;<\/p>\n<p><!--more--><\/p>\n<p><strong>Happy Cat Keramik-Katteska\u030al<\/strong><br \/>\nFra denne stilfulde ska\u030al i moderne design smager Happy Cat-kattefoder dobbelt s\u00e5 godt.<\/p>\n","protected":false},"featured_media":0,"comment_status":"closed","ping_status":"closed","template":"","meta":[],"product_brand":[],"product_cat":[2030],"product_tag":[],"class_list":{"0":"post-1891","1":"product","2":"type-product","3":"status-publish","5":"product_cat-tilbehoer","7":"first","8":"instock","9":"featured","10":"purchasable","11":"product-type-simple"},"supplier_id":null,"supplier_sku":"","barcode":null,"atum_controlled":true,"out_stock_date":null,"out_stock_threshold":null,"inheritable":false,"inbound_stock":null,"stock_on_hold":0,"sold_today":0,"sales_last_days":0,"reserved_stock":null,"customer_returns":null,"warehouse_damage":null,"lost_in_post":null,"other_logs":null,"out_stock_days":0,"lost_sales":0,"has_location":null,"update_date":"2026-01-26T00:06:59","atum_locations":[],"atum_stock_status":"instock","restock_status":false,"low_stock_amount":"","sales_update_date":"2026-01-26T00:06:59","calc_backorders":null,"_links":{"self":[{"href":"https:\/\/3d-printere.dk\/index.php\/wp-json\/wp\/v2\/product\/1891","targetHints":{"allow":["GET"]}}],"collection":[{"href":"https:\/\/3d-printere.dk\/index.php\/wp-json\/wp\/v2\/product"}],"about":[{"href":"https:\/\/3d-printere.dk\/index.php\/wp-json\/wp\/v2\/types\/product"}],"replies":[{"embeddable":true,"href":"https:\/\/3d-printere.dk\/index.php\/wp-json\/wp\/v2\/comments?post=1891"}],"wp:attachment":[{"href":"https:\/\/3d-printere.dk\/index.php\/wp-json\/wp\/v2\/media?parent=1891"}],"wp:term":[{"taxonomy":"product_brand","embeddable":true,"href":"https:\/\/3d-printere.dk\/index.php\/wp-json\/wp\/v2\/product_brand?post=1891"},{"taxonomy":"product_cat","embeddable":true,"href":"https:\/\/3d-printere.dk\/index.php\/wp-json\/wp\/v2\/product_cat?post=1891"},{"taxonomy":"product_tag","embeddable":true,"href":"https:\/\/3d-printere.dk\/index.php\/wp-json\/wp\/v2\/product_tag?post=1891"}],"curies":[{"name":"wp","href":"https:\/\/api.w.org\/{rel}","templated":true}]}}