{"id":1877,"date":"2025-12-05T16:00:25","date_gmt":"2025-12-05T15:00:25","guid":{"rendered":"https:\/\/3d-printere.dk\/index.php\/vare\/foderskaal-hund-5\/"},"modified":"2025-12-05T16:00:33","modified_gmt":"2025-12-05T15:00:33","slug":"foderskaal-hund-5","status":"publish","type":"product","link":"https:\/\/3d-printere.dk\/index.php\/vare\/foderskaal-hund-5\/","title":{"rendered":"Fodersk\u00e5l hund"},"content":{"rendered":"<ul>\n<li><strong>Lille fodersk\u00e5l til sm\u00e5 hunde<\/strong>: Diameter: 25 cm; Volumen: 1,0 l<\/li>\n<li><strong>Stor fodersk\u00e5l til mellemstore og store hunde<\/strong>: Diameter: 29 cm; Volumen: 1,6 l<\/li>\n<\/ul>\n","protected":false},"excerpt":{"rendered":"<p>&nbsp;<\/p>\n<p><!--more--><\/p>\n<p><strong>Happy Dog fodersk\u00e5l stor<\/strong><br \/>\nDen robuste Happy Dog fodersk\u00e5l af plastik i bl\u00e5 med hvidt logo f\u00e5s i to st\u00f8rrelser<\/p>\n","protected":false},"featured_media":0,"comment_status":"closed","ping_status":"closed","template":"","meta":[],"product_brand":[],"product_cat":[2030],"product_tag":[],"class_list":{"0":"post-1877","1":"product","2":"type-product","3":"status-publish","5":"product_cat-tilbehoer","7":"first","8":"instock","9":"featured","10":"purchasable","11":"product-type-simple"},"supplier_id":null,"supplier_sku":"","barcode":null,"atum_controlled":true,"out_stock_date":null,"out_stock_threshold":null,"inheritable":false,"inbound_stock":null,"stock_on_hold":0,"sold_today":0,"sales_last_days":0,"reserved_stock":null,"customer_returns":null,"warehouse_damage":null,"lost_in_post":null,"other_logs":null,"out_stock_days":0,"lost_sales":0,"has_location":null,"update_date":"2026-01-26T00:06:59","atum_locations":[],"atum_stock_status":"instock","restock_status":false,"low_stock_amount":"","sales_update_date":"2026-01-26T00:06:59","calc_backorders":null,"_links":{"self":[{"href":"https:\/\/3d-printere.dk\/index.php\/wp-json\/wp\/v2\/product\/1877","targetHints":{"allow":["GET"]}}],"collection":[{"href":"https:\/\/3d-printere.dk\/index.php\/wp-json\/wp\/v2\/product"}],"about":[{"href":"https:\/\/3d-printere.dk\/index.php\/wp-json\/wp\/v2\/types\/product"}],"replies":[{"embeddable":true,"href":"https:\/\/3d-printere.dk\/index.php\/wp-json\/wp\/v2\/comments?post=1877"}],"wp:attachment":[{"href":"https:\/\/3d-printere.dk\/index.php\/wp-json\/wp\/v2\/media?parent=1877"}],"wp:term":[{"taxonomy":"product_brand","embeddable":true,"href":"https:\/\/3d-printere.dk\/index.php\/wp-json\/wp\/v2\/product_brand?post=1877"},{"taxonomy":"product_cat","embeddable":true,"href":"https:\/\/3d-printere.dk\/index.php\/wp-json\/wp\/v2\/product_cat?post=1877"},{"taxonomy":"product_tag","embeddable":true,"href":"https:\/\/3d-printere.dk\/index.php\/wp-json\/wp\/v2\/product_tag?post=1877"}],"curies":[{"name":"wp","href":"https:\/\/api.w.org\/{rel}","templated":true}]}}