{"id":1873,"date":"2025-12-05T16:00:25","date_gmt":"2025-12-05T15:00:25","guid":{"rendered":"https:\/\/3d-printere.dk\/index.php\/vare\/foderskaal-hvalpe-4\/"},"modified":"2025-12-05T16:00:31","modified_gmt":"2025-12-05T15:00:31","slug":"foderskaal-hvalpe-4","status":"publish","type":"product","link":"https:\/\/3d-printere.dk\/index.php\/vare\/foderskaal-hvalpe-4\/","title":{"rendered":"Fodersk\u00e5l hvalpe"},"content":{"rendered":"<p>F\u00e5s i to st\u00f8rrelser:<\/p>\n<ul>\n<li style=\"list-style-type: none;\">\n<ul>\n<li><strong>Lille:<\/strong> 29 cm i diameter og 1,4 liter kapacitet<\/li>\n<li><strong>Stor:<\/strong> 38 cm i diameter og 4 liter kapacitet<\/li>\n<\/ul>\n<\/li>\n<li>Happy Dog-logo indgraveret p\u00e5 forh\u00f8jningen i midten<\/li>\n<\/ul>\n","protected":false},"excerpt":{"rendered":"<p>&nbsp;<\/p>\n<p><!--more--><\/p>\n<p>Happy Dog Rustfri St\u00e5l Hvalpesk\u00e5l<\/p>\n<ul>\n<li><strong>Materiale:<\/strong> Rustfrit st\u00e5l<\/li>\n<li><strong>T\u00e5ler opvaskemaskine<\/strong><\/li>\n<li>Forh\u00f8jning forhindrer, at hvalpe l\u00f8ber igennem eller s\u00e6tter sig i sk\u00e5len<\/li>\n<li>Stor diameter giver rigelig plads til flere hvalpe<\/li>\n<li>Lav kant g\u00f8r det nemt og behageligt for hvalpene at spise<\/li>\n<\/ul>\n","protected":false},"featured_media":1358,"comment_status":"closed","ping_status":"closed","template":"","meta":[],"product_brand":[],"product_cat":[2030],"product_tag":[],"class_list":{"0":"post-1873","1":"product","2":"type-product","3":"status-publish","4":"has-post-thumbnail","6":"product_cat-tilbehoer","8":"first","9":"instock","10":"featured","11":"product-type-simple"},"supplier_id":null,"supplier_sku":"","barcode":null,"atum_controlled":true,"out_stock_date":null,"out_stock_threshold":null,"inheritable":false,"inbound_stock":null,"stock_on_hold":0,"sold_today":0,"sales_last_days":0,"reserved_stock":null,"customer_returns":null,"warehouse_damage":null,"lost_in_post":null,"other_logs":null,"out_stock_days":0,"lost_sales":0,"has_location":null,"update_date":"2026-01-26T00:06:59","atum_locations":[],"atum_stock_status":"instock","restock_status":false,"low_stock_amount":"","sales_update_date":"2026-01-26T00:06:59","calc_backorders":null,"_links":{"self":[{"href":"https:\/\/3d-printere.dk\/index.php\/wp-json\/wp\/v2\/product\/1873","targetHints":{"allow":["GET"]}}],"collection":[{"href":"https:\/\/3d-printere.dk\/index.php\/wp-json\/wp\/v2\/product"}],"about":[{"href":"https:\/\/3d-printere.dk\/index.php\/wp-json\/wp\/v2\/types\/product"}],"replies":[{"embeddable":true,"href":"https:\/\/3d-printere.dk\/index.php\/wp-json\/wp\/v2\/comments?post=1873"}],"wp:featuredmedia":[{"embeddable":true,"href":"https:\/\/3d-printere.dk\/index.php\/wp-json\/wp\/v2\/media\/1358"}],"wp:attachment":[{"href":"https:\/\/3d-printere.dk\/index.php\/wp-json\/wp\/v2\/media?parent=1873"}],"wp:term":[{"taxonomy":"product_brand","embeddable":true,"href":"https:\/\/3d-printere.dk\/index.php\/wp-json\/wp\/v2\/product_brand?post=1873"},{"taxonomy":"product_cat","embeddable":true,"href":"https:\/\/3d-printere.dk\/index.php\/wp-json\/wp\/v2\/product_cat?post=1873"},{"taxonomy":"product_tag","embeddable":true,"href":"https:\/\/3d-printere.dk\/index.php\/wp-json\/wp\/v2\/product_tag?post=1873"}],"curies":[{"name":"wp","href":"https:\/\/api.w.org\/{rel}","templated":true}]}}