{"id":1860,"date":"2025-12-05T15:59:58","date_gmt":"2025-12-05T14:59:58","guid":{"rendered":"https:\/\/3d-printere.dk\/index.php\/vare\/sensible-africa-8\/"},"modified":"2025-12-05T16:00:14","modified_gmt":"2025-12-05T15:00:14","slug":"sensible-africa-8","status":"publish","type":"product","link":"https:\/\/3d-printere.dk\/index.php\/vare\/sensible-africa-8\/","title":{"rendered":"Sensible Africa"},"content":{"rendered":"<p>Komplet foder, velegnet til sensible voksne hunde, fra 11 kg. voksenv\u00e6gt. Indeholder struds og glutenfri kartoffelflager.<\/p>\n<p>Fremstillet i Tyskland under den strengeste kvalitetskontrol.<\/p>\n<p>&nbsp;<\/p>\n<p><strong>Ingredienser:<\/strong><br \/>\nKartoffelflager*, strudseprotein* (15%), solsikkeolie, kartoffelprotein*, roetr\u00e6vler (afsukret) *, leverhydrolysat, \u00e6blekvas *, rapsolie, havsalt, g\u00e6r (ekstraheret) *. (* t\u00f8rret)<\/p>\n<p><strong>Analytiske bestanddele:<\/strong><br \/>\nR\u00e5protein 20%, r\u00e5fedt 10%, r\u00e5fibre 3%, r\u00e5aske 7,5%, calcium 1,2%, fosfor 0,8%, natrium 0,35%, omega-6-fedtsyrer 3,5%, omega-3-fedtsyrer 0,4%<\/p>\n<p>&nbsp;<\/p>\n<p><strong>Tils\u00e6tningsstoffer:<\/strong><\/p>\n<p><strong>Vitaminer \/ kg:<\/strong><br \/>\nVitamin A (3a672a) 15000 I.E., Vitamin D3 (3a671) 900 I.E., Vitamin E (all rac-alpha-Tocopherylacetat 3a700) 110 mg, Vitamin B1 (Thiaminmononitrat 3a821) 4 mg, Vitamin B2 (Riboflavin 3a825ii) 4 mg, Vitamin B6 (Py-ridoxinhydrochlorid 3a831) 4 mg, Biotin (3a880) 430 mcg, Calcium-D-Pantothenat (3a841) 10 mg, Niacin (3a314) 45 mg, Vitamin B12 65 mcg, Taurin (3a370) 500 mg.<\/p>\n<p><strong>Sporstoffer\/kg:<\/strong><br \/>\nJern (jern(II)-sulfat-Monohydrat 3b103) 70 mg, kobber (kobber(II)-sulfat-Pentahydrat 3b405) 13 mg, Zink (Zinkoxid 3b603) 85 mg, Mangan (Mangan(II)-oxid 3b502) 16 mg, Jod (calciumiodat, vandfrit 3b202) 1,6 mg, Selen (Natriumselenit 3b801) 0,25 mg.<\/p>\n<p><strong>Aminosyrer\/kg:<\/strong><br \/>\nDL-methionin (3c301) 3500 mg.<\/p>\n<p>Antioxidanter, tocopherolekstrakter fra vegetabilske olier 1b306(i)<\/p>\n<p>&nbsp;<\/p>\n<p><strong>Anbefalet daglig foderm\u00e6ngde (g\/dag):<\/strong><\/p>\n<p><strong><img loading=\"lazy\" decoding=\"async\" class=\"alignnone wp-image-4678\" src=\"https:\/\/haps.centrumdyrehandel.dk\/wp-content\/uploads\/2022\/06\/Africa-1122-600x575.jpg\" alt=\"\" width=\"499\" height=\"478\" \/><br \/>\nFodring:<br \/>\n<\/strong>Giv foderet t\u00f8r eller tilf\u00f8j frisk, varmt vand (ved omkring 50-60\u00b0 C) og lad det tr\u00e6kke i et par minutter. S\u00f8rg for, at der er frisk drikkevand til r\u00e5dighed p\u00e5 alle tidspunkter. Reducer m\u00e6ngden af foder, hvis du ogs\u00e5 giver din hund snacks\/godbidder. I betragtning af forskellen mellem de enkelte hunde, kan den angivne daglige m\u00e6ngde reduceres med op til 15 %, hvis hunden har tendens til at v\u00e6re overv\u00e6gtig.<strong><br \/>\n<\/strong><\/p>\n","protected":false},"excerpt":{"rendered":"<p>&nbsp;<\/p>\n<p><!--more--><\/p>\n<p>Findes i 300 gr, 4 kg og 11 kg<\/p>\n<ul>\n<li>Fra 11 kg. voksenv\u00e6gt \u2013 normalt energibehov<\/li>\n<li>Afrikansk struds som eksklusiv proteinkilde<\/li>\n<li>Korn- og glutenfri<\/li>\n<li>Indeholder omega-3 og omega-6<\/li>\n<li>20\/10 protein\/fedt<\/li>\n<li>Anbefalet af dyrl\u00e6ger og opdr\u00e6ttere<\/li>\n<\/ul>\n","protected":false},"featured_media":0,"comment_status":"closed","ping_status":"closed","template":"","meta":[],"product_brand":[],"product_cat":[1218,1176,1543,1168,2063,2062,2061,2092,2089,2064,2087,2088],"product_tag":[],"class_list":{"0":"post-1860","1":"product","2":"type-product","3":"status-publish","5":"product_cat-foderintolerance-hund-2","6":"product_cat-fordoejelse-hund","7":"product_cat-glutenfri-hund-2","8":"product_cat-hundefoder-2","9":"product_cat-kornfri-hund-2","10":"product_cat-maxi-hund-2","11":"product_cat-medium-hund-2","12":"product_cat-pels-hund-2","13":"product_cat-sensible-hund-2","14":"product_cat-single-protein-hund-2","15":"product_cat-toerfoder-hund-2","16":"product_cat-voksen-hund-2","18":"first","19":"instock","20":"featured","21":"purchasable","22":"product-type-simple"},"supplier_id":null,"supplier_sku":"","barcode":null,"atum_controlled":true,"out_stock_date":null,"out_stock_threshold":null,"inheritable":false,"inbound_stock":null,"stock_on_hold":0,"sold_today":0,"sales_last_days":0,"reserved_stock":null,"customer_returns":null,"warehouse_damage":null,"lost_in_post":null,"other_logs":null,"out_stock_days":0,"lost_sales":0,"has_location":null,"update_date":"2026-01-26T00:06:59","atum_locations":[],"atum_stock_status":"instock","restock_status":false,"low_stock_amount":"","sales_update_date":"2026-01-26T00:06:59","calc_backorders":null,"_links":{"self":[{"href":"https:\/\/3d-printere.dk\/index.php\/wp-json\/wp\/v2\/product\/1860","targetHints":{"allow":["GET"]}}],"collection":[{"href":"https:\/\/3d-printere.dk\/index.php\/wp-json\/wp\/v2\/product"}],"about":[{"href":"https:\/\/3d-printere.dk\/index.php\/wp-json\/wp\/v2\/types\/product"}],"replies":[{"embeddable":true,"href":"https:\/\/3d-printere.dk\/index.php\/wp-json\/wp\/v2\/comments?post=1860"}],"wp:attachment":[{"href":"https:\/\/3d-printere.dk\/index.php\/wp-json\/wp\/v2\/media?parent=1860"}],"wp:term":[{"taxonomy":"product_brand","embeddable":true,"href":"https:\/\/3d-printere.dk\/index.php\/wp-json\/wp\/v2\/product_brand?post=1860"},{"taxonomy":"product_cat","embeddable":true,"href":"https:\/\/3d-printere.dk\/index.php\/wp-json\/wp\/v2\/product_cat?post=1860"},{"taxonomy":"product_tag","embeddable":true,"href":"https:\/\/3d-printere.dk\/index.php\/wp-json\/wp\/v2\/product_tag?post=1860"}],"curies":[{"name":"wp","href":"https:\/\/api.w.org\/{rel}","templated":true}]}}