{"id":1856,"date":"2025-12-05T15:59:58","date_gmt":"2025-12-05T14:59:58","guid":{"rendered":"https:\/\/3d-printere.dk\/index.php\/vare\/sensible-ireland-9\/"},"modified":"2025-12-05T16:00:09","modified_gmt":"2025-12-05T15:00:09","slug":"sensible-ireland-9","status":"publish","type":"product","link":"https:\/\/3d-printere.dk\/index.php\/vare\/sensible-ireland-9\/","title":{"rendered":"Sensible Ireland"},"content":{"rendered":"<p>Komplet foder, velegnet til sensible voksne hunde, fra 11 kg. voksenv\u00e6gt, med velsmagende laks og kanin &#8211; og v\u00e6rdifulde newzealandske muslinger.<\/p>\n<p>Fremstillet i Tyskland under den strengeste kvalitetskontrol.<\/p>\n<p>&nbsp;<\/p>\n<p><strong>Ingredienser:<\/strong><br \/>\nFuldkorns havremel, laksemel (13%), byg, majsmel, kaninprotein * (8%), kartoffelflager, fjerkr\u00e6fedt, roetr\u00e6vler * (afsukret), hydroliseret lever, h\u00e6moglobin *, \u00e6blekvas * (1,1%), kaliumchlorid, t\u00f8rrede hele \u00e6g, g\u00e6r *, natriumchlorid, tang *, h\u00f8rfr\u00f8 (0,15%), muslingek\u00f8d * (0,05%), g\u00e6r * (ekstraheret), yucca schidigera * (0,02%), marietidsel, artiskok, m\u00e6lkeb\u00f8tte, ingef\u00e6r (0,014%), birkeblade, br\u00e6nden\u00e6lde, kamille, koriander, rosmarin, salvie, lakridsrod, timian, (t\u00f8rrede urter i alt: 0,17%) *<\/p>\n<p><strong>Analytiske bestanddele:<\/strong><br \/>\nR\u00e5protein 21,0%, r\u00e5fedt 10,0%, r\u00e5fibre 3,0%, r\u00e5aske 7,0%, calcium 1,3%, fosfor 0,9%, natrium 0,45%, kalium 0,7%, magnesium 0 , 1%, omega-6-fedtsyrer, 2,5%. omega-3-fedtsyrer 0,3%<\/p>\n<p>&nbsp;<\/p>\n<p><strong>Tils\u00e6tningsstoffer:<\/strong><\/p>\n<p><strong>Vitaminer \/ kg:<\/strong><br \/>\nVitamin A (3a672a) 16000 I.E., Vitamin D3 (3a671) 950 I.E., Vitamin E (all rac-alpha-Tocopherylacetat 3a700) 115 mg, Vitamin B1 (Thiaminmononitrat 3a821) 4 mg, Vitamin B2 (Riboflavin 3a825ii) 4 mg, Vitamin B6 (Pyridoxinhydrochlorid 3a831) 4 mg, Biotin (3a880) 450 mcg, Calcium-D-Pantothenat (3a841) 10 mg, Niacin (3a314) 45 mg, Vitamin B12 65 mcg, Cholinchlorid (3a890) 55 mg.<\/p>\n<p><strong>Sporstoffer\/kg:<\/strong><br \/>\nJern (jern(II)-sulfat-Monohydrat 3b103) 75 mg, kobber (kobber(II)-sulfat-Pentahydrat 3b405) 15 mg, Zink (Zinkoxid 3b603 100 mg, Aminos\u00e4uren-Zinkchelat, Hydrat 3b606 30 mg) 130 mg, Mangan (Mangan(II)-oxid 3b502) 30 mg, Jod (calciumiodat, vandfrit 3b202) 2,5 mg, Selen (Natriumselenit 3b801) 0,2 mg.<\/p>\n<p>&nbsp;<\/p>\n<p><strong>Anbefalet daglig foderm\u00e6ngde (g\/dag):<\/strong><\/p>\n<p><strong><img loading=\"lazy\" decoding=\"async\" class=\"alignnone wp-image-4684\" src=\"https:\/\/haps.centrumdyrehandel.dk\/wp-content\/uploads\/2022\/06\/Ireland-1122-600x575.jpg\" alt=\"\" width=\"502\" height=\"481\" \/><br \/>\nFodring:<br \/>\n<\/strong>Giv foderet t\u00f8r eller tilf\u00f8j frisk, varmt vand (ved omkring 50-60\u00b0 C) og lad det tr\u00e6kke i et par minutter. S\u00f8rg for, at der er frisk drikkevand til r\u00e5dighed p\u00e5 alle tidspunkter. Reducer m\u00e6ngden af foder, hvis du ogs\u00e5 giver din hund snacks\/godbidder. I betragtning af forskellen mellem de enkelte hunde, kan den angivne daglige m\u00e6ngde reduceres med op til 15 %, hvis hunden har tendens til at v\u00e6re overv\u00e6gtig.<strong><br \/>\n<\/strong><\/p>\n","protected":false},"excerpt":{"rendered":"<p>&nbsp;<\/p>\n<p><!--more--><\/p>\n<p>Findes i 300 gr, 4 kg, 11 kg og 12,5 kg<\/p>\n<ul>\n<li>Fra 11 kg voksenv\u00e6gt \u2013 normalt energibehov<\/li>\n<li>Laks og kanin som eksklusiv proteinkilde<\/li>\n<li>Hvedefri<\/li>\n<li>Indeholder omega-3 og omega-6<\/li>\n<li>21\/10 protein\/fedt<\/li>\n<li>Anbefalet af dyrel\u00e6ger og opdr\u00e6ttere<\/li>\n<\/ul>\n","protected":false},"featured_media":0,"comment_status":"closed","ping_status":"closed","template":"","meta":[],"product_brand":[],"product_cat":[1168,1436,2062,2061,2092,2089,2087,2088],"product_tag":[],"class_list":{"0":"post-1856","1":"product","2":"type-product","3":"status-publish","5":"product_cat-hundefoder-2","6":"product_cat-hvedefri-hund-2","7":"product_cat-maxi-hund-2","8":"product_cat-medium-hund-2","9":"product_cat-pels-hund-2","10":"product_cat-sensible-hund-2","11":"product_cat-toerfoder-hund-2","12":"product_cat-voksen-hund-2","14":"first","15":"instock","16":"featured","17":"purchasable","18":"product-type-simple"},"supplier_id":null,"supplier_sku":"","barcode":null,"atum_controlled":true,"out_stock_date":null,"out_stock_threshold":null,"inheritable":false,"inbound_stock":null,"stock_on_hold":0,"sold_today":0,"sales_last_days":0,"reserved_stock":null,"customer_returns":null,"warehouse_damage":null,"lost_in_post":null,"other_logs":null,"out_stock_days":0,"lost_sales":0,"has_location":null,"update_date":"2026-01-26T00:06:58","atum_locations":[],"atum_stock_status":"instock","restock_status":false,"low_stock_amount":"","sales_update_date":"2026-01-26T00:06:58","calc_backorders":null,"_links":{"self":[{"href":"https:\/\/3d-printere.dk\/index.php\/wp-json\/wp\/v2\/product\/1856","targetHints":{"allow":["GET"]}}],"collection":[{"href":"https:\/\/3d-printere.dk\/index.php\/wp-json\/wp\/v2\/product"}],"about":[{"href":"https:\/\/3d-printere.dk\/index.php\/wp-json\/wp\/v2\/types\/product"}],"replies":[{"embeddable":true,"href":"https:\/\/3d-printere.dk\/index.php\/wp-json\/wp\/v2\/comments?post=1856"}],"wp:attachment":[{"href":"https:\/\/3d-printere.dk\/index.php\/wp-json\/wp\/v2\/media?parent=1856"}],"wp:term":[{"taxonomy":"product_brand","embeddable":true,"href":"https:\/\/3d-printere.dk\/index.php\/wp-json\/wp\/v2\/product_brand?post=1856"},{"taxonomy":"product_cat","embeddable":true,"href":"https:\/\/3d-printere.dk\/index.php\/wp-json\/wp\/v2\/product_cat?post=1856"},{"taxonomy":"product_tag","embeddable":true,"href":"https:\/\/3d-printere.dk\/index.php\/wp-json\/wp\/v2\/product_tag?post=1856"}],"curies":[{"name":"wp","href":"https:\/\/api.w.org\/{rel}","templated":true}]}}