{"id":1855,"date":"2025-12-05T15:59:58","date_gmt":"2025-12-05T14:59:58","guid":{"rendered":"https:\/\/3d-printere.dk\/index.php\/vare\/sensible-toscana-10\/"},"modified":"2025-12-05T16:00:08","modified_gmt":"2025-12-05T15:00:08","slug":"sensible-toscana-10","status":"publish","type":"product","link":"https:\/\/3d-printere.dk\/index.php\/vare\/sensible-toscana-10\/","title":{"rendered":"Sensible Toscana"},"content":{"rendered":"<p>Komplet foder, velegnet til sensible voksne hunde, fra 11 kg. voksenv\u00e6gt med velsmagende and, laks, aromatiske middelhavsurter og newzealandske muslinger.<\/p>\n<p>Fremstillet i Tyskland under den strengeste kvalitetskontrol.<\/p>\n<p>&nbsp;<\/p>\n<p><strong>Ingredienser:\u00a0<\/strong><br \/>\nAndeprotein* (23%), majsmel, majs, ris, laksemel (5%), hydrolyseret protein, roetr\u00e6vler* (afsukret), fjerkr\u00e6fedt, solsikkeolie, \u00e6blekvas*, kaliumchlorid, g\u00e6r*, natrium klorid, rapsolie, tang*, h\u00f8rfr\u00f8, t\u00f8rrede hele \u00e6g, muslingek\u00f8d* (0,05%), hyldeb\u00e6r, marietidsel, g\u00e6r* (ekstraheret),artiskok, m\u00e6lkeb\u00f8tte, ingef\u00e6r, birkeblade, br\u00e6nden\u00e6lde, kamille, b\u00f8nner, merian, koriander, rosmarin, salvie, lakridsrod, timian, anis, basilikum, fennikel, hyldeblomst, lavendelblomster (t\u00f8rrede urter i alt: 0,28%); *t\u00f8rret<\/p>\n<p><strong>Analytiske bestanddele:<\/strong><br \/>\nR\u00e5protein 24%, r\u00e5fedt 7,5%, r\u00e5fibre 2,5%, r\u00e5aske 7,0%, calcium 1,5%, fosfor 0,95%, natrium 0,4%, kalium 0,55%, magnesium 0,09%, omega-6-fedtsyrer 2,5%, omega-3-fedtsyrer 0,3%<\/p>\n<p>&nbsp;<\/p>\n<p><strong>Tils\u00e6tningsstoffer:<\/strong><\/p>\n<p><strong>Vitaminer \/ kg:<\/strong><br \/>\nVitamin A (3a672a) 16000 IE, vitamin D3 (3a671) 900 IE, vitamin E (alle rac-alpha-tocopherylacetat 3a700) 115 mg, vitamin B1 (thiaminmononitrat 3a821) 4 mg, vitamin B2 (8ariboflavin 5) ) 4 mg, vitamin B6 (pyridoxinhydrochlorid 3a831) 4 mg, biotin (3a880) 450 mcg, calcium D-pantothenat (3a841) 10 mg, niacin (3a314) 45 mg, vitamin B12 65 mcg, cholin chlorid (3a890) 55mg.<\/p>\n<p><strong>Sporstoffer \/ kg:<\/strong><br \/>\nJern (jern (II) sulfat; monohydrat 3b103) 75 mg, kobber (kobber (II) sulfat pentahydrat 3b405) 15 mg, zink (zinkoxid 3b603 130 mg, AS zink chelat, hydrat 3b6061 mg, mangan (mangan(II)oxid 3b502) 30 mg, jod (calciumiodat, vandfrit 3b202) 2,5 mg, selen (natriumselenit 3b801) 0,2 mg.<br \/>\nAntioxidanter, tocopherolekstrakter fra vegetabilske olier 1b306)<\/p>\n<p>&nbsp;<\/p>\n<p><strong>Anbefalet daglig foderm\u00e6ngde (g\/dag):<\/strong><\/p>\n<div>\n<div class=\"btn-group\"><img loading=\"lazy\" decoding=\"async\" class=\"alignnone wp-image-4700\" src=\"https:\/\/haps.centrumdyrehandel.dk\/wp-content\/uploads\/2022\/06\/Toscana-1122-600x575.jpg\" alt=\"\" width=\"496\" height=\"475\" \/><\/div>\n<\/div>\n<div>\n<p><strong>Fodring:<\/strong><strong><br \/>\n<\/strong>Giv foderet t\u00f8r eller tilf\u00f8j frisk, varmt vand (ved omkring 50-60\u00b0 C) og lad det tr\u00e6kke i et par minutter. S\u00f8rg for, at der er frisk drikkevand til r\u00e5dighed p\u00e5 alle tidspunkter. Reducer m\u00e6ngden af foder, hvis du ogs\u00e5 giver din hund snacks\/godbidder. I betragtning af forskellen mellem de enkelte hunde, kan den angivne daglige m\u00e6ngde reduceres med op til 15 %, hvis hunden har tendens til at v\u00e6re overv\u00e6gtig.<\/p>\n<\/div>\n<p>&nbsp;<\/p>\n","protected":false},"excerpt":{"rendered":"<p>&nbsp;<\/p>\n<p><!--more--><\/p>\n<p>Findes i 300 gr, 4 kg, 11 kg og 12,5 kg<\/p>\n<ul>\n<li>Fra 11 kg voksenv\u00e6gt \u2013 med lavt energibehov<\/li>\n<li>Velegnet til neutraliserede hunde<\/li>\n<li>Reduceret fedtindhold<\/li>\n<li>And og laks som eksklusiv proteinkilde<\/li>\n<li>Glutenfri<\/li>\n<li>Indeholder omega-3 og omega-6<\/li>\n<li>24\/7,5 protein\/fedt<\/li>\n<li>Anbefalet af dyrel\u00e6ger og opdr\u00e6ttere<\/li>\n<\/ul>\n","protected":false},"featured_media":0,"comment_status":"closed","ping_status":"closed","template":"","meta":[],"product_brand":[],"product_cat":[1168,1436,2062,2061,2090,2091,2089,2087,2088],"product_tag":[],"class_list":{"0":"post-1855","1":"product","2":"type-product","3":"status-publish","5":"product_cat-hundefoder-2","6":"product_cat-hvedefri-hund-2","7":"product_cat-maxi-hund-2","8":"product_cat-medium-hund-2","9":"product_cat-neutraliseret-hund-2","10":"product_cat-overvaegt-hund-2","11":"product_cat-sensible-hund-2","12":"product_cat-toerfoder-hund-2","13":"product_cat-voksen-hund-2","15":"first","16":"instock","17":"featured","18":"purchasable","19":"product-type-simple"},"supplier_id":null,"supplier_sku":"","barcode":null,"atum_controlled":true,"out_stock_date":null,"out_stock_threshold":null,"inheritable":false,"inbound_stock":null,"stock_on_hold":0,"sold_today":0,"sales_last_days":0,"reserved_stock":null,"customer_returns":null,"warehouse_damage":null,"lost_in_post":null,"other_logs":null,"out_stock_days":0,"lost_sales":0,"has_location":null,"update_date":"2026-01-26T00:06:58","atum_locations":[],"atum_stock_status":"instock","restock_status":false,"low_stock_amount":"","sales_update_date":"2026-01-26T00:06:58","calc_backorders":null,"_links":{"self":[{"href":"https:\/\/3d-printere.dk\/index.php\/wp-json\/wp\/v2\/product\/1855","targetHints":{"allow":["GET"]}}],"collection":[{"href":"https:\/\/3d-printere.dk\/index.php\/wp-json\/wp\/v2\/product"}],"about":[{"href":"https:\/\/3d-printere.dk\/index.php\/wp-json\/wp\/v2\/types\/product"}],"replies":[{"embeddable":true,"href":"https:\/\/3d-printere.dk\/index.php\/wp-json\/wp\/v2\/comments?post=1855"}],"wp:attachment":[{"href":"https:\/\/3d-printere.dk\/index.php\/wp-json\/wp\/v2\/media?parent=1855"}],"wp:term":[{"taxonomy":"product_brand","embeddable":true,"href":"https:\/\/3d-printere.dk\/index.php\/wp-json\/wp\/v2\/product_brand?post=1855"},{"taxonomy":"product_cat","embeddable":true,"href":"https:\/\/3d-printere.dk\/index.php\/wp-json\/wp\/v2\/product_cat?post=1855"},{"taxonomy":"product_tag","embeddable":true,"href":"https:\/\/3d-printere.dk\/index.php\/wp-json\/wp\/v2\/product_tag?post=1855"}],"curies":[{"name":"wp","href":"https:\/\/api.w.org\/{rel}","templated":true}]}}