{"id":1840,"date":"2025-12-05T15:59:32","date_gmt":"2025-12-05T14:59:32","guid":{"rendered":"https:\/\/3d-printere.dk\/index.php\/vare\/vet-hund-early-renal-og-cardio-toerfoder-kronisk-nyre-og-hjerteinsufficiens-6\/"},"modified":"2025-12-05T15:59:47","modified_gmt":"2025-12-05T14:59:47","slug":"vet-hund-early-renal-og-cardio-toerfoder-kronisk-nyre-og-hjerteinsufficiens-6","status":"publish","type":"product","link":"https:\/\/3d-printere.dk\/index.php\/vare\/vet-hund-early-renal-og-cardio-toerfoder-kronisk-nyre-og-hjerteinsufficiens-6\/","title":{"rendered":"VET HUND Early Renal og Cardio t\u00f8rfoder &#8211; Kronisk nyre- og hjerteinsufficiens"},"content":{"rendered":"<p>Di\u00e6tetisk fuldfoder til hunde &#8211; aflastning ved begyndende akut og kronisk nyreinsufficiens og\/eller kronisk hjerteinsufficiens<\/p>\n<p><strong>Indikation<\/strong><\/p>\n<ul>\n<li>Akut og kronisk nyreinsufficiens (nyresvigt)<\/li>\n<li>Kronisk hjerteinsufficiens (hjertesvigt)<\/li>\n<\/ul>\n<p><strong>M\u00e5l<\/strong><br \/>\nSt\u00f8tte af nyrefunktionen ved akut og kronisk nyresvigt samt st\u00f8tte ved kronisk hjerteinsufficiens (hjertesvigt).<\/p>\n<p>&nbsp;<\/p>\n<p><strong>Ingredienser<\/strong><br \/>\nMajs, ris, fedtegrever (12%), olier og fedtstoffer, kartoffel*, risprotein (6,5%), laksemel (4%), guler\u00f8dder*, hydrolyseret protein, cellulose, calciumcarbonat, monocalciumphosphat, kaliumchlorid, muslingepulver (0,26 %), g\u00e6r*, cikorieinulin*, magnesiumoxid, g\u00e6r (ekstraheret)*, marietidsel, artiskok, m\u00e6lkeb\u00f8tte (0,015 %), ingef\u00e6r, birkeblade (0,015 %), br\u00e6nden\u00e6lde, kamille, koriander, rosmarin, salvie , lakridsrod, timian (t\u00f8rrede urter i alt: 0,16%); *) t\u00f8rret.<\/p>\n<p><strong>Analytiske bestanddele<\/strong><br \/>\nR\u00e5protein 22,0%, r\u00e5fedt 16,0%, r\u00e5fibre 2,5%, r\u00e5aske 4,0%, calcium 0,60%, fosfor 0,43%, natrium 0,20%, kalium 0,6%, magnesium 0,12%, omega-6 fedtsyrer 3,5%, omega-3 fedtsyrer 0,4<\/p>\n<p>&nbsp;<\/p>\n<p><strong>Tils\u00e6tningsstoffer<\/strong><\/p>\n<p><strong>Vitaminer \/ kg:<br \/>\n<\/strong>Vitamin A (3a672a) 17000 IE, Vitamin D3 (3a671) 1000 IE, Vitamin E (3a700i) 120 mg, L-carnitin (3a910) 200 mg, Taurin (3a370) 500 mg<\/p>\n<p><strong>Sporstoffer\/kg:<\/strong><br \/>\nJern (3b103) 95 mg, kobber (3b405) 19 mg, zink (3b603) 120 mg, mangan (3b502) 23 mg, jod (3b202) 2,3 mg, selen (3b801) 0,35 mg<\/p>\n<p><strong>Aminosyrer\/kg:<\/strong><br \/>\nL-tryptofan (3c440) 1000 mg<\/p>\n<p>Antioxidanter, tocopherolekstrakter af vegetabilske olier 1b306(i)<\/p>\n<div class=\"js--modal sizing--content\">\n<div class=\"btn icon--cross is--small btn--grey modal--close\"><\/div>\n<\/div>\n<p><strong>Kan ikke anbefales til<\/strong><br \/>\nHvalpe og unghunde op til 12. levem\u00e5ned<br \/>\nGraviditet, diegivende<br \/>\nPancreatitis (bet\u00e6ndelse i bugspytkirtlen)<br \/>\nHyperlipid\u00e6mi (forh\u00f8jet fedtstof i blodet)<br \/>\nFedtford\u00f8jelsesforstyrrelser<\/p>\n<p>&nbsp;<\/p>\n<p><img loading=\"lazy\" decoding=\"async\" class=\"alignnone size-medium wp-image-6118\" src=\"https:\/\/haps.centrumdyrehandel.dk\/wp-content\/uploads\/2024\/03\/VET-HUND-Early-Renal-toerfoder-foderplan-040324-294x300.jpg\" alt=\"\" width=\"294\" height=\"300\" \/><\/p>\n<p><strong>Anbefalet varighed<\/strong><br \/>\nVed kronisk nyresvigt op til 6 m\u00e5neder.Livslang fodring er normalt n\u00f8dvendig. Hvis foderet anbefales til midlertidigt nyresvigt, er den anbefalede fodringsperiode 2 til 4 uger.<\/p>\n<p><strong>Foderanbefaling<\/strong><br \/>\nDet anbefales at kontrollere blodv\u00e6rdier og nyrefunktion med j\u00e6vne mellemrum.<\/p>\n<p><strong>Anbefalet foderm\u00e6ngde pr. dag<\/strong><br \/>\nM\u00e6ngden af \u200b\u200bfoder skal tilpasses hundens individuelle stofskifte og skal muligvis justeres i moderate m\u00e6ngder. Hunden skal altid have frisk vand til r\u00e5dighed.<br \/>\nBem\u00e6rk ved blandet fodring: 100 g v\u00e5dfoder \u2248 35 g t\u00f8rfoder<\/p>\n","protected":false},"excerpt":{"rendered":"<p>&nbsp;<\/p>\n<p><!--more--><\/p>\n<p><span style=\"color: #339966;\">M\u00c5 KUN ANVENDES EFTER AFTALE MED EN DYRL\u00c6GE<\/span><br \/>\n<span style=\"color: #339966;\">Happy Dog VET er kun tilg\u00e6ngelig hos godkendte forhandlere<\/span><\/p>\n<p>Findes i 1 kg og 4 kg<\/p>\n<ul>\n<li>Tilpasset protein-, fosfor- og natriumindhold &#8211; hj\u00e6lper med at lindre belastningen af \u200b\u200bnyrer og hjerte<\/li>\n<li>S\u00e6rligt velsmagende ingredienser fremmer foderoptagelsen<\/li>\n<li>E-vitamin binder som antioxidant frie radikaler og sikrer aktiv cellebeskyttelse<\/li>\n<\/ul>\n","protected":false},"featured_media":0,"comment_status":"closed","ping_status":"closed","template":"","meta":[],"product_brand":[],"product_cat":[1825,2104,2103,2099],"product_tag":[],"class_list":{"0":"post-1840","1":"product","2":"type-product","3":"status-publish","5":"product_cat-vet-hund","6":"product_cat-vet-hund-hjerteinsufficiens-2","7":"product_cat-vet-hund-nyrersvigt-2","8":"product_cat-vet-hund-toerkost-2","10":"first","11":"instock","12":"featured","13":"purchasable","14":"product-type-simple"},"supplier_id":null,"supplier_sku":"","barcode":null,"atum_controlled":true,"out_stock_date":null,"out_stock_threshold":null,"inheritable":false,"inbound_stock":null,"stock_on_hold":0,"sold_today":0,"sales_last_days":0,"reserved_stock":null,"customer_returns":null,"warehouse_damage":null,"lost_in_post":null,"other_logs":null,"out_stock_days":0,"lost_sales":0,"has_location":null,"update_date":"2026-01-26T00:06:58","atum_locations":[],"atum_stock_status":"instock","restock_status":false,"low_stock_amount":"","sales_update_date":"2026-01-26T00:06:58","calc_backorders":null,"_links":{"self":[{"href":"https:\/\/3d-printere.dk\/index.php\/wp-json\/wp\/v2\/product\/1840","targetHints":{"allow":["GET"]}}],"collection":[{"href":"https:\/\/3d-printere.dk\/index.php\/wp-json\/wp\/v2\/product"}],"about":[{"href":"https:\/\/3d-printere.dk\/index.php\/wp-json\/wp\/v2\/types\/product"}],"replies":[{"embeddable":true,"href":"https:\/\/3d-printere.dk\/index.php\/wp-json\/wp\/v2\/comments?post=1840"}],"wp:attachment":[{"href":"https:\/\/3d-printere.dk\/index.php\/wp-json\/wp\/v2\/media?parent=1840"}],"wp:term":[{"taxonomy":"product_brand","embeddable":true,"href":"https:\/\/3d-printere.dk\/index.php\/wp-json\/wp\/v2\/product_brand?post=1840"},{"taxonomy":"product_cat","embeddable":true,"href":"https:\/\/3d-printere.dk\/index.php\/wp-json\/wp\/v2\/product_cat?post=1840"},{"taxonomy":"product_tag","embeddable":true,"href":"https:\/\/3d-printere.dk\/index.php\/wp-json\/wp\/v2\/product_tag?post=1840"}],"curies":[{"name":"wp","href":"https:\/\/api.w.org\/{rel}","templated":true}]}}