{"id":1839,"date":"2025-12-05T15:59:32","date_gmt":"2025-12-05T14:59:32","guid":{"rendered":"https:\/\/3d-printere.dk\/index.php\/vare\/vet-hund-hepatic-toerfoder-leversygdomme-6\/"},"modified":"2025-12-05T15:59:46","modified_gmt":"2025-12-05T14:59:46","slug":"vet-hund-hepatic-toerfoder-leversygdomme-6","status":"publish","type":"product","link":"https:\/\/3d-printere.dk\/index.php\/vare\/vet-hund-hepatic-toerfoder-leversygdomme-6\/","title":{"rendered":"VET HUND Hepatic t\u00f8rfoder &#8211; Leversygdomme"},"content":{"rendered":"<p>Di\u00e6tetisk fuldfoder til voksne hunde for at underst\u00f8tte leverfunktionen ved kronisk leversvigt og for at reducere kobberoplagring i leveren.<\/p>\n<p><strong>Indikation<\/strong><\/p>\n<ul>\n<li>Ved leversygdomme<\/li>\n<li>Ved leverrelaterede encephalopatier (bet\u00e6ndelse i hjernen)<\/li>\n<li>Ved tilf\u00e6lde af portosystemisk shunt (leversygdom)<\/li>\n<li>Ved kobberophobningssygdom<\/li>\n<\/ul>\n<p><strong>M\u00e5l<\/strong><br \/>\nAt underst\u00f8tte leverfunktionen hos hunde med leversygdomme.<\/p>\n<p><strong>Plantebaserede ingredienser<\/strong><br \/>\nDe indeholdende marietidselfr\u00f8 anvendes traditionelt til at sk\u00e5ne leveren.<\/p>\n<p>&nbsp;<\/p>\n<p><strong>Ingredienser<\/strong><br \/>\nRismel, risprotein* (15 %), kyllingek\u00f8d (10 %), majsmel, fjerkr\u00e6fedt, solsikkeolie, guler\u00f8dder*, leverhydrolysat, cellulose, rapsolie, h\u00f8rfr\u00f8, kaliumchlorid, marietidselfr\u00f8* (0,2%), natriumchlorid, havalger*, g\u00e6r* (ekstraheret), cikorierod*; *) t\u00f8rret.<\/p>\n<p><strong>Analytiske bestanddele<\/strong><br \/>\nR\u00e5protein 19,5%, r\u00e5fedt 14,0%, r\u00e5fibre 2,5%, r\u00e5aske 4,0%, calcium 0,5%, fosfor 0,4%, natrium 0,2%, kalium 0,6%, magnesium 0,06%, omega-6 fedtsyrer 3,5%, omega-3 fedtsyrer 0,4%, kobber (i alt) 7 mg\/kg<\/p>\n<p>&nbsp;<\/p>\n<p><strong>Tils\u00e6tningsstoffer<\/strong><\/p>\n<p><strong>Vitaminer \/ kg:<br \/>\n<\/strong>Vitamin A (3a672a) 12000 IE, vitamin D3 (3a671) 550 IE, vitamin E (alle rac-alpha-tocopheryl acetate 3a700) 300 mg, vitamin B1 (thiaminmononitrat 3a821) 5 mg, vitamin 2 ariboflavin 3i ( ) 8 mg, vitamin B6 (pyridoxinhydrochlorid 3a831) 5 mg, biotin (3a880) 700 mcg, calcium D-pantothenat (3a841) 20 mg, niacin (3a314) 65 mg, vitamin B12 40 mcg, vitamin C (natriumfosfat calcium) 3a312) 90 mg; L-Carnitin (3a910) 1000 mg, Taurin (3a370) 2000 mg<\/p>\n<p><strong>Sporstoffer\/kg:<\/strong><br \/>\nJern (jern(II)sulfat, monohydrat 3b103) 20 mg, kobber (kobber(II)sulfatpentahydrat 3b405) 3,5 mg, zink (zinkoxid 3b603) 140 mg, mangan (mangan(II)b502 oxid)3 4 mg, jod (calciumiodat, vandfrit 3b202) 0,5 mg, selen (natriumselenit 3b801) 0,1 mg<\/p>\n<p>Antioxidant, tocopherolekstrakter fra vegetabilske olier 1b306(i)<\/p>\n<p>&nbsp;<\/p>\n<p><strong>Kan ikke anbefales til<\/strong><br \/>\nHvalpe og unghunde op til 12. levem\u00e5ned<br \/>\nGraviditet, diegivende<br \/>\nAkut pancreatitis<br \/>\n(bet\u00e6ndelse i bugspytkirtlen)<br \/>\nHyperlipid\u00e6mi (forh\u00f8jet fedtstof i blodet)<br \/>\nFedtford\u00f8jelsesforstyrrelser<\/p>\n<p>&nbsp;<\/p>\n<p><img loading=\"lazy\" decoding=\"async\" class=\"alignnone size-medium wp-image-6120\" src=\"https:\/\/haps.centrumdyrehandel.dk\/wp-content\/uploads\/2024\/03\/VET-HUND-Hepatic-toerfoder-foderplan-040324-294x300.jpg\" alt=\"\" width=\"294\" height=\"300\" \/><\/p>\n<p><strong>Anbefalet varighed<\/strong><br \/>\nI f\u00f8rste omgang op til 6 m\u00e5neder<\/p>\n<p><strong>Anbefalet foderm\u00e6ngde pr. dag<\/strong><br \/>\nM\u00e6ngden af \u200b\u200bfoder skal tilpasses hundens individuelle stofskifte og skal muligvis justeres i moderate m\u00e6ngder. Hunden skal altid have frisk vand til r\u00e5dighed.<\/p>\n","protected":false},"excerpt":{"rendered":"<p>&nbsp;<\/p>\n<p><!--more--><\/p>\n<p><span style=\"color: #339966;\">M\u00c5 KUN ANVENDES EFTER AFTALE MED EN DYRL\u00c6GE<\/span><br \/>\n<span style=\"color: #339966;\">Happy Dog VET er kun tilg\u00e6ngelig hos godkendte forhandlere<\/span><\/p>\n<p>Findes i 1 kg og 4 kg<\/p>\n<ul>\n<li>Begr\u00e6nset kobberindhold<\/li>\n<li>Moderat proteinindhold med letford\u00f8jelige proteinkilder<\/li>\n<li>H\u00f8j ford\u00f8jelighed af proteinet i tyndtarmen for at mindske ammoniakbelastningen p\u00e5 leveren<\/li>\n<li>Antioxidativ beskyttelse<\/li>\n<\/ul>\n","protected":false},"featured_media":0,"comment_status":"closed","ping_status":"closed","template":"","meta":[],"product_brand":[],"product_cat":[1825,2105,2099],"product_tag":[],"class_list":{"0":"post-1839","1":"product","2":"type-product","3":"status-publish","5":"product_cat-vet-hund","6":"product_cat-vet-hund-leversygdomme-2","7":"product_cat-vet-hund-toerkost-2","9":"first","10":"instock","11":"featured","12":"purchasable","13":"product-type-simple"},"supplier_id":null,"supplier_sku":"","barcode":null,"atum_controlled":true,"out_stock_date":null,"out_stock_threshold":null,"inheritable":false,"inbound_stock":null,"stock_on_hold":0,"sold_today":0,"sales_last_days":0,"reserved_stock":null,"customer_returns":null,"warehouse_damage":null,"lost_in_post":null,"other_logs":null,"out_stock_days":0,"lost_sales":0,"has_location":null,"update_date":"2026-01-26T00:06:59","atum_locations":[],"atum_stock_status":"instock","restock_status":false,"low_stock_amount":"","sales_update_date":"2026-01-26T00:06:59","calc_backorders":null,"_links":{"self":[{"href":"https:\/\/3d-printere.dk\/index.php\/wp-json\/wp\/v2\/product\/1839","targetHints":{"allow":["GET"]}}],"collection":[{"href":"https:\/\/3d-printere.dk\/index.php\/wp-json\/wp\/v2\/product"}],"about":[{"href":"https:\/\/3d-printere.dk\/index.php\/wp-json\/wp\/v2\/types\/product"}],"replies":[{"embeddable":true,"href":"https:\/\/3d-printere.dk\/index.php\/wp-json\/wp\/v2\/comments?post=1839"}],"wp:attachment":[{"href":"https:\/\/3d-printere.dk\/index.php\/wp-json\/wp\/v2\/media?parent=1839"}],"wp:term":[{"taxonomy":"product_brand","embeddable":true,"href":"https:\/\/3d-printere.dk\/index.php\/wp-json\/wp\/v2\/product_brand?post=1839"},{"taxonomy":"product_cat","embeddable":true,"href":"https:\/\/3d-printere.dk\/index.php\/wp-json\/wp\/v2\/product_cat?post=1839"},{"taxonomy":"product_tag","embeddable":true,"href":"https:\/\/3d-printere.dk\/index.php\/wp-json\/wp\/v2\/product_tag?post=1839"}],"curies":[{"name":"wp","href":"https:\/\/api.w.org\/{rel}","templated":true}]}}