{"id":1833,"date":"2025-12-05T15:59:32","date_gmt":"2025-12-05T14:59:32","guid":{"rendered":"https:\/\/3d-printere.dk\/index.php\/vare\/crunchy-snack-atlantic-lachs-laks-3\/"},"modified":"2025-12-05T15:59:42","modified_gmt":"2025-12-05T14:59:42","slug":"crunchy-snack-atlantic-lachs-laks-3","status":"publish","type":"product","link":"https:\/\/3d-printere.dk\/index.php\/vare\/crunchy-snack-atlantic-lachs-laks-3\/","title":{"rendered":"Crunchy Snack Atlantic Lachs (laks)"},"content":{"rendered":"<p>Happy Cat Culinary Crunchy Snack &#8211; Atlantik-Laks &#8211; fork\u00e6ler alle voksne katte. Den unikke sammens\u00e6tning i Happy Cat All in One Concept\u00ae d\u00e6kker de fem vigtigste sundhedsbehov og sikrer dermed et vitalt katteliv.<\/p>\n<p>Fremstillet i Tyskland under den strengeste kvalitetskontrol.<\/p>\n<p>&nbsp;<\/p>\n<p><strong>Ingredienser:<\/strong><strong><br \/>\n<\/strong>Fiskemel (herunder 10 % laksemel), majsmel, kyllingefedt, \u00e6rter*, cellulose, rapsolie, natriumchlorid, guler\u00f8dder*, ingef\u00e6r*, ginkgoblade*, gurkemeje*, persille*, cikorierod*, bukkehorn*, traneb\u00e6rfr\u00f8*, spirulina alger, kattemynte*, selleri rod*; *) t\u00f8rret.<\/p>\n<p><strong>Analytiske bestanddele:<\/strong><br \/>\nR\u00e5protein 40,0 %, r\u00e5fedt 14,0 %, r\u00e5fiber 2,0 %, r\u00e5aske 7,5 %.<\/p>\n<p>&nbsp;<\/p>\n<p><strong>Tils\u00e6tningsstoffer:<\/strong><br \/>\n<strong>Vitaminer\/kg:<\/strong><br \/>\nVitamin A (3a672a) 35000 I.E., Vitamin D3 (3a671) 1500 I.E., Vitamin E (all-rac-alpha-Tocopherylacetat 3a700) 200 mg, Niacin (3a314) 123 mg, Taurin (3a370) 1500 mg.<\/p>\n<p><strong>Sporstoffer \/ kg:<\/strong><br \/>\nJern (jern(II)carbonat 3b101) 40 mg, kobber (kobber(II)sulfat-pentahydrat 3b405) 10 mg, zink (proteinhydrolysat-zinkchelat 3b612 40 mg, zinkoxid 3b603 80 mg) 120 mg, mangan (proteinhydrolysat-manganchelat 3b505 10 mg, mangan(II)oxid 3b502 20 mg) 30 mg, jod (coated granuleret calciumjodat, vandfrit 3b203) 1,5 mg, selen (selen-g\u00e6r fra Saccharomyces cerevisiae CNCM I-3060, inaktiv 3b810 0,052 mg, coated granuleret natriumselenit 3b802 0,1 mg) 0,152 mg. Antioxidanter, tocopherol-ekstrakter fra planteolier 1b306(i).<\/p>\n<p>&nbsp;<\/p>\n<p><strong>Fodervejledning:<\/strong><br \/>\nTilbyd et par stykker flere gang om dagen som bel\u00f8nning \u2013 eller som et lille mellemm\u00e5ltid. S\u00f8rg for at der er frisk drikkevand til r\u00e5dighed p\u00e5 alle tidspunkter.<\/p>\n<p>&nbsp;<\/p>\n","protected":false},"excerpt":{"rendered":"<p>&nbsp;<\/p>\n<p><!--more--><\/p>\n<p>Findes i 70 gr<\/p>\n<ul>\n<li>Hjerteformede velsmagende snacks<\/li>\n<li>Laks og \u00e6rter<\/li>\n<li>Praktisk genluk-funktion<\/li>\n<li>40\/14protein\/fedt<\/li>\n<li>Ogs\u00e5 egnet til neutraliserede katte<\/li>\n<li>Anbefalet af dyrl\u00e6ger til sensible hunde<\/li>\n<\/ul>\n","protected":false},"featured_media":1311,"comment_status":"closed","ping_status":"closed","template":"","meta":[],"product_brand":[],"product_cat":[2023],"product_tag":[],"class_list":{"0":"post-1833","1":"product","2":"type-product","3":"status-publish","4":"has-post-thumbnail","6":"product_cat-snacks-kat","8":"first","9":"instock","10":"featured","11":"product-type-simple"},"supplier_id":null,"supplier_sku":"","barcode":null,"atum_controlled":true,"out_stock_date":null,"out_stock_threshold":null,"inheritable":false,"inbound_stock":null,"stock_on_hold":0,"sold_today":0,"sales_last_days":0,"reserved_stock":null,"customer_returns":null,"warehouse_damage":null,"lost_in_post":null,"other_logs":null,"out_stock_days":0,"lost_sales":0,"has_location":null,"update_date":"2026-01-26T00:06:59","atum_locations":[],"atum_stock_status":"instock","restock_status":false,"low_stock_amount":"","sales_update_date":"2026-01-26T00:06:59","calc_backorders":null,"_links":{"self":[{"href":"https:\/\/3d-printere.dk\/index.php\/wp-json\/wp\/v2\/product\/1833","targetHints":{"allow":["GET"]}}],"collection":[{"href":"https:\/\/3d-printere.dk\/index.php\/wp-json\/wp\/v2\/product"}],"about":[{"href":"https:\/\/3d-printere.dk\/index.php\/wp-json\/wp\/v2\/types\/product"}],"replies":[{"embeddable":true,"href":"https:\/\/3d-printere.dk\/index.php\/wp-json\/wp\/v2\/comments?post=1833"}],"wp:featuredmedia":[{"embeddable":true,"href":"https:\/\/3d-printere.dk\/index.php\/wp-json\/wp\/v2\/media\/1311"}],"wp:attachment":[{"href":"https:\/\/3d-printere.dk\/index.php\/wp-json\/wp\/v2\/media?parent=1833"}],"wp:term":[{"taxonomy":"product_brand","embeddable":true,"href":"https:\/\/3d-printere.dk\/index.php\/wp-json\/wp\/v2\/product_brand?post=1833"},{"taxonomy":"product_cat","embeddable":true,"href":"https:\/\/3d-printere.dk\/index.php\/wp-json\/wp\/v2\/product_cat?post=1833"},{"taxonomy":"product_tag","embeddable":true,"href":"https:\/\/3d-printere.dk\/index.php\/wp-json\/wp\/v2\/product_tag?post=1833"}],"curies":[{"name":"wp","href":"https:\/\/api.w.org\/{rel}","templated":true}]}}