{"id":1825,"date":"2025-12-05T15:59:07","date_gmt":"2025-12-05T14:59:07","guid":{"rendered":"https:\/\/3d-printere.dk\/index.php\/vare\/minkas-sterilised-fjerkrae-5\/"},"modified":"2025-12-05T15:59:33","modified_gmt":"2025-12-05T14:59:33","slug":"minkas-sterilised-fjerkrae-5","status":"publish","type":"product","link":"https:\/\/3d-printere.dk\/index.php\/vare\/minkas-sterilised-fjerkrae-5\/","title":{"rendered":"Minkas Sterilised Fjerkr\u00e6"},"content":{"rendered":"<p>Komplet foder tilpasset behovene hos neutraliserede katte. Det afbalancerede fuldfoder bidrager til en optimal v\u00e6gtstyring med det reducerede fedtindhold og den optimerede m\u00e6ngde af m\u00e6ttende kostfibre. Vores opskrift med en h\u00f8j andel af v\u00e6rdifulde animalske proteiner er 100% afbalanceret og naturlig. Det velsmagende t\u00f8rfoder er beriget med mange vitaminer og mineraler og bidrager til immunforsvaret og er fri for kunstige aromaer og konserveringsmidler. Det velsmagende foder er rig p\u00e5 omega-3- og -6-fedtsyrer.<\/p>\n<p>Happy Cat\u00b4s \u201c<a href=\"https:\/\/haps.centrumdyrehandel.dk\/happy-dog-natural-life-concept\/\" target=\"_blank\" rel=\"noopener\">Natural Life Concept<\/a>\u201d \u00a0findes i alle Happy Cat Minkas produkter.<\/p>\n<p>Fremstillet i Tyskland under den strengeste kvalitetskontrol.<\/p>\n<p>&nbsp;<\/p>\n<p><strong>Ingredienser: <\/strong><br \/>\nAnimalsk protein* (22 % fra fjerkr\u00e6), majs, fedtegrever, hvedemel, hvede, majsmel, lignocellulose, hydrolyseret protein*, olier og fedtstoffer, fiskemel, roetr\u00e6vler* (afsukret), \u00e6blekvas*, natriumchlorid, kalium chlorid, yucca schidigera* (0,04%); *t\u00f8rret<\/p>\n<p><strong>Analytiske bestanddele:<\/strong><br \/>\nR\u00e5protein 33,0%, r\u00e5fedt 9,0%, r\u00e5fiber 5,0%, r\u00e5aske 7,0%, calcium 1,0%, fosfor 0,8%, natrium 0,5%, kalium 0,7%, magnesium 0,12%, omega-6-fedtsyrer 2,0%, omega-3- fedtsyrer 0,2%.<\/p>\n<p>&nbsp;<\/p>\n<p><strong>Tils\u00e6tningsstoffer:<\/strong><\/p>\n<p><strong>Vitaminer\/kg:<\/strong><br \/>\nVitamin A (3a672a) 15000 I.E., Vitamin D3 (3a671) 1250 I.E., Vitamin E (all-rac-alpha-Tocopherylacetat 3a700) 75 mg, Taurin (3a370) 1000 mg, Antioxidanter, Tocopherol-ekstrakter fra vegetabilske olier 1b306(i).<\/p>\n<p><strong>Sporstoffer\/kg:<br \/>\n<\/strong>Jern (jern(II)sulfat, monohydrat 3b103) 130 mg, Kobber (kobber(II)sulfat-pentahydrat 3b405) 12 mg, Zink (zinkoxid 3b603) 100 mg, Mangan (mangan(II)oxid 3b502) 15 mg, Jod (calciumjodat, vandfri 3b202) 1,5 mg, Selen (E8, natriumselenit) 0,15 mg.<\/p>\n<p><strong>Aminosyrer\/kg:<br \/>\n<\/strong>DL-methionin (3c301) 4500 mg<\/p>\n<div class=\"flex-1 overflow-hidden\">\n<div class=\"react-scroll-to-bottom--css-mforj-79elbk h-full\">\n<div class=\"react-scroll-to-bottom--css-mforj-1n7m0yu\">\n<div class=\"flex flex-col text-sm pb-9\">\n<div class=\"w-full text-token-text-primary\" dir=\"auto\" data-testid=\"conversation-turn-27\">\n<div class=\"px-4 py-2 justify-center text-base md:gap-6 m-auto\">\n<div class=\"flex flex-1 text-base mx-auto gap-3 juice:gap-4 juice:md:gap-6 md:px-5 lg:px-1 xl:px-5 md:max-w-3xl lg:max-w-[40rem] xl:max-w-[48rem]\">\n<div class=\"relative flex w-full min-w-0 flex-col agent-turn\">\n<div class=\"flex-col gap-1 md:gap-3\">\n<div class=\"mt-1 flex gap-3 empty:hidden\"><\/div>\n<\/div>\n<\/div>\n<\/div>\n<\/div>\n<\/div>\n<\/div>\n<\/div>\n<\/div>\n<\/div>\n<p><strong>Daglig foderm\u00e6ngde (g\/dag):<\/strong><\/p>\n<p><img loading=\"lazy\" decoding=\"async\" class=\"alignnone wp-image-6714\" src=\"https:\/\/haps.centrumdyrehandel.dk\/wp-content\/uploads\/2022\/06\/Minkas-sterilised-240424-600x395.jpg\" alt=\"\" width=\"501\" height=\"330\" \/><\/p>\n<p>S\u00f8rg for, at der er frisk drikkevand til r\u00e5dighed p\u00e5 alle tidspunkter, i en god afstand fra fodersk\u00e5len. I betragtning af forskellen mellem de enkelte katte, kan den angivne daglige m\u00e6ngde reduceres med op til 15 %. Opdel den daglige m\u00e6ngde af foder, i flere m\u00e5ltider.<\/p>\n","protected":false},"excerpt":{"rendered":"<p>&nbsp;<\/p>\n<p><!--more--><\/p>\n<p>Findes i 1,5 kg, 4 kg og 10 kg<\/p>\n<ul>\n<li>Komplet foder til neutraliserede katte<\/li>\n<li>Fjerkr\u00e6<\/li>\n<li>M\u00e6ttende og velsmagende med kun 9% fedt<\/li>\n<li>Reduceret aff\u00f8ringslugt<\/li>\n<li>33\/9 protein\/fedt<\/li>\n<li>Anbefalet af dyrl\u00e6ger og opdr\u00e6ttere<\/li>\n<\/ul>\n","protected":false},"featured_media":0,"comment_status":"closed","ping_status":"closed","template":"","meta":[],"product_brand":[],"product_cat":[1298,1403,1933,2070,2071,2076,2083,2073,2074],"product_tag":[],"class_list":{"0":"post-1825","1":"product","2":"type-product","3":"status-publish","5":"product_cat-aktiv-kat","6":"product_cat-happy-cat-minkas-2","7":"product_cat-kattefoder-2","8":"product_cat-maxi-kat-2","9":"product_cat-medium-kat-2","10":"product_cat-neutraliseret-kat-2","11":"product_cat-reduceret-affoeringslugt-2","12":"product_cat-toerfoder-kat-2","13":"product_cat-voksen-kat-2","15":"first","16":"instock","17":"featured","18":"purchasable","19":"product-type-simple"},"supplier_id":null,"supplier_sku":"","barcode":null,"atum_controlled":true,"out_stock_date":null,"out_stock_threshold":null,"inheritable":false,"inbound_stock":null,"stock_on_hold":0,"sold_today":0,"sales_last_days":0,"reserved_stock":null,"customer_returns":null,"warehouse_damage":null,"lost_in_post":null,"other_logs":null,"out_stock_days":0,"lost_sales":0,"has_location":null,"update_date":"2026-01-26T00:06:59","atum_locations":[],"atum_stock_status":"instock","restock_status":false,"low_stock_amount":"","sales_update_date":"2026-01-26T00:06:59","calc_backorders":null,"_links":{"self":[{"href":"https:\/\/3d-printere.dk\/index.php\/wp-json\/wp\/v2\/product\/1825","targetHints":{"allow":["GET"]}}],"collection":[{"href":"https:\/\/3d-printere.dk\/index.php\/wp-json\/wp\/v2\/product"}],"about":[{"href":"https:\/\/3d-printere.dk\/index.php\/wp-json\/wp\/v2\/types\/product"}],"replies":[{"embeddable":true,"href":"https:\/\/3d-printere.dk\/index.php\/wp-json\/wp\/v2\/comments?post=1825"}],"wp:attachment":[{"href":"https:\/\/3d-printere.dk\/index.php\/wp-json\/wp\/v2\/media?parent=1825"}],"wp:term":[{"taxonomy":"product_brand","embeddable":true,"href":"https:\/\/3d-printere.dk\/index.php\/wp-json\/wp\/v2\/product_brand?post=1825"},{"taxonomy":"product_cat","embeddable":true,"href":"https:\/\/3d-printere.dk\/index.php\/wp-json\/wp\/v2\/product_cat?post=1825"},{"taxonomy":"product_tag","embeddable":true,"href":"https:\/\/3d-printere.dk\/index.php\/wp-json\/wp\/v2\/product_tag?post=1825"}],"curies":[{"name":"wp","href":"https:\/\/api.w.org\/{rel}","templated":true}]}}