{"id":1817,"date":"2025-12-05T15:59:07","date_gmt":"2025-12-05T14:59:07","guid":{"rendered":"https:\/\/3d-printere.dk\/index.php\/vare\/vaadfoder-i-sovs-care-magen-und-darm-mave-og-tarm-4\/"},"modified":"2025-12-05T15:59:19","modified_gmt":"2025-12-05T14:59:19","slug":"vaadfoder-i-sovs-care-magen-und-darm-mave-og-tarm-4","status":"publish","type":"product","link":"https:\/\/3d-printere.dk\/index.php\/vare\/vaadfoder-i-sovs-care-magen-und-darm-mave-og-tarm-4\/","title":{"rendered":"V\u00e5dfoder i sovs Care Magen und Darm (mave og tarm)"},"content":{"rendered":"<p>Letford\u00f8jelig, kornfri og s\u00e6rligt velsmagende \u201cHappy Cat k\u00f8d i sovs\u201d mave &amp; tarm, er specielt udviklet til sensible katte. De l\u00e6kre bidder med fjerkr\u00e6 og gulerod i sauce bidrager positivt til kattens ford\u00f8jelsessystem.<\/p>\n<p>Happy Cat\u00b4s &#8220;<a href=\"https:\/\/haps.centrumdyrehandel.dk\/happy-dog-natural-life-concept\/\" target=\"_blank\" rel=\"noopener\">Natural Life Concept<\/a>&#8221; og \u201c<a href=\"https:\/\/haps.centrumdyrehandel.dk\/all-in-one-konceptet\/\" target=\"_blank\" rel=\"noopener\">All in one<\/a>\u201d , findes i alle Happy Cat V\u00e5dfoder produkter.<\/p>\n<p>Fremstillet i Tyskland under den strengeste kvalitetskontrol.<\/p>\n<p>&nbsp;<\/p>\n<p><strong>Ingredienser:<br \/>\n<\/strong>K\u00f8d og animalske biprodukter (blandt andet 20% fjerkr\u00e6), vegetabilske biprodukter (blandt andet 0,3% \u00e6blefibre), gr\u00f8ntsager (4% guler\u00f8dder), mineraler, fr\u00f8 (blandt andet 0,03% h\u00f8rfr\u00f8), inulin (0,1%).<\/p>\n<p><strong>Analytiske bestanddele:<br \/>\n<\/strong>R\u00e5protein 8,0 %, r\u00e5fedt 4,5 %, r\u00e5aske 0,3 %, r\u00e5fibre 2,0 %, vandindhold 82,0 %.<\/p>\n<p>&nbsp;<\/p>\n<p><strong>Tils\u00e6tningsstoffer:<\/strong><\/p>\n<p><strong>Vitaminer\/kg:<br \/>\n<\/strong>Vitamin D3 (3a671) 250 I.E., Vitamin E (3a700i) 15 mg, Biotin (3a880) 20 mcg, Taurin (3a370) 445 mg.<\/p>\n<p><strong>Sporstoffer\/kg:<\/strong><br \/>\nMangan (3b503) 1 mg, Zink (3b605) 15 mg, Kobber (3b405) 1 mg.<\/p>\n<p>&nbsp;<\/p>\n<p><strong>Anbefalet daglig foderm\u00e6ngde (g\/dag):<\/strong><\/p>\n<p><img loading=\"lazy\" decoding=\"async\" class=\"alignnone wp-image-6687\" src=\"https:\/\/haps.centrumdyrehandel.dk\/wp-content\/uploads\/2022\/06\/Mave-og-tarm-Vaadfoder-230424-600x309.jpg\" alt=\"\" width=\"495\" height=\"255\" \/><\/p>\n<p>Anbefalet daglig foderm\u00e6ngde ved eksklusiv fodring. 1 pose svarer til cirka 20 g t\u00f8rfoder. Det individuelle behov afh\u00e6nger af alder, race og aktivitetsniveau. S\u00f8rg altid for friskt vand i en sk\u00e5l, der st\u00e5r v\u00e6k fra madsk\u00e5len. Serv\u00e9r ved stuetemperatur.<\/p>\n","protected":false},"excerpt":{"rendered":"<p>&nbsp;<\/p>\n<p><!--more--><\/p>\n<p>Findes i 85 gr<\/p>\n<ul>\n<li>Komplet foder til voksne katte<\/li>\n<li>Fjerkr\u00e6 og gulerod<\/li>\n<li>Kornfri<\/li>\n<li>Til sensible katte<\/li>\n<li>Ideel til neutraliserede katte<\/li>\n<li>8\/4,5 protein\/fedt<\/li>\n<li>Anbefalet af dyrl\u00e6ger og opdr\u00e6ttere<\/li>\n<li>Praktisk pose til let afrivning<\/li>\n<\/ul>\n","protected":false},"featured_media":0,"comment_status":"closed","ping_status":"closed","template":"","meta":[],"product_brand":[],"product_cat":[1316,1364,1410,1933,2082,2070,2071,2076,2078,2074],"product_tag":[],"class_list":{"0":"post-1817","1":"product","2":"type-product","3":"status-publish","5":"product_cat-foderintolerance-kat","6":"product_cat-fordoejelse-kat-2","7":"product_cat-happy-cat-vaadfoder","8":"product_cat-kattefoder-2","9":"product_cat-kornfri-kat-2","10":"product_cat-maxi-kat-2","11":"product_cat-medium-kat-2","12":"product_cat-neutraliseret-kat-2","13":"product_cat-sensible-2","14":"product_cat-voksen-kat-2","16":"first","17":"instock","18":"featured","19":"purchasable","20":"product-type-simple"},"supplier_id":null,"supplier_sku":"","barcode":null,"atum_controlled":true,"out_stock_date":null,"out_stock_threshold":null,"inheritable":false,"inbound_stock":null,"stock_on_hold":0,"sold_today":0,"sales_last_days":0,"reserved_stock":null,"customer_returns":null,"warehouse_damage":null,"lost_in_post":null,"other_logs":null,"out_stock_days":0,"lost_sales":0,"has_location":null,"update_date":"2026-01-26T00:07:00","atum_locations":[],"atum_stock_status":"instock","restock_status":false,"low_stock_amount":"","sales_update_date":"2026-01-26T00:07:00","calc_backorders":null,"_links":{"self":[{"href":"https:\/\/3d-printere.dk\/index.php\/wp-json\/wp\/v2\/product\/1817","targetHints":{"allow":["GET"]}}],"collection":[{"href":"https:\/\/3d-printere.dk\/index.php\/wp-json\/wp\/v2\/product"}],"about":[{"href":"https:\/\/3d-printere.dk\/index.php\/wp-json\/wp\/v2\/types\/product"}],"replies":[{"embeddable":true,"href":"https:\/\/3d-printere.dk\/index.php\/wp-json\/wp\/v2\/comments?post=1817"}],"wp:attachment":[{"href":"https:\/\/3d-printere.dk\/index.php\/wp-json\/wp\/v2\/media?parent=1817"}],"wp:term":[{"taxonomy":"product_brand","embeddable":true,"href":"https:\/\/3d-printere.dk\/index.php\/wp-json\/wp\/v2\/product_brand?post=1817"},{"taxonomy":"product_cat","embeddable":true,"href":"https:\/\/3d-printere.dk\/index.php\/wp-json\/wp\/v2\/product_cat?post=1817"},{"taxonomy":"product_tag","embeddable":true,"href":"https:\/\/3d-printere.dk\/index.php\/wp-json\/wp\/v2\/product_tag?post=1817"}],"curies":[{"name":"wp","href":"https:\/\/api.w.org\/{rel}","templated":true}]}}