{"id":1804,"date":"2025-12-05T15:58:39","date_gmt":"2025-12-05T14:58:39","guid":{"rendered":"https:\/\/3d-printere.dk\/index.php\/vare\/care-light-low-fat-lavt-fedtindhold-8\/"},"modified":"2025-12-05T15:59:00","modified_gmt":"2025-12-05T14:59:00","slug":"care-light-low-fat-lavt-fedtindhold-8","status":"publish","type":"product","link":"https:\/\/3d-printere.dk\/index.php\/vare\/care-light-low-fat-lavt-fedtindhold-8\/","title":{"rendered":"Care Light low fat (lavt fedtindhold)"},"content":{"rendered":"<p>Komplet foder, glutenfri med fjerkr\u00e6, rosmarin og marietidsel er perfekt tilpasset for at im\u00f8dekomme de katte, der har brug for et fedtfattig foder for at opretholde v\u00e6gten. Fuldfoderet, med kun 9% fedt, er s\u00e6rligt m\u00e6ttende p\u00e5 grund af det h\u00f8je fiberindhold. Med den \u00f8gede m\u00e6ngde protein, d\u00e6kkes dette behov hos katten med en mindre foderm\u00e6ngde og sikrer dermed opretholdelsen af muskelmassen. Blandingen af tre slags kroketter giver ogs\u00e5 mere gl\u00e6de og variation i madsk\u00e5len.<\/p>\n<p>Happy Cat\u00b4s &#8220;<a href=\"https:\/\/haps.centrumdyrehandel.dk\/happy-dog-natural-life-concept\/\" target=\"_blank\" rel=\"noopener\">Natural Life Concept<\/a>&#8221; og \u201c<a href=\"https:\/\/haps.centrumdyrehandel.dk\/all-in-one-konceptet\/\" target=\"_blank\" rel=\"noopener\">All in one<\/a>\u201d , findes i alle Happy Cat Care produkter.<\/p>\n<p>Fremstillet i Tyskland under den strengeste kvalitetskontrol.<\/p>\n<p>&nbsp;<\/p>\n<p><strong>Ingredienser:<\/strong><br \/>\nAnimalsk protein* (fra fjerkr\u00e6 25%), majsmel, majs, ris, fedtegrever, lignocellulose, laksemel (5%), risprotein*, olier og fedtstoffer, hydrolyseret protein*, h\u00e6moglobin*, t\u00f8rrede roetr\u00e6vler, \u00e6blekvas* (0,5%), t\u00f8rrede hele \u00e6g, kaliumchlorid, g\u00e6r*, natriumchlorid, havalger*, h\u00f8rfr\u00f8 (0,16%), cikoriepulver (0,15% = 0,1% Inulin), yucca schidigera* (0,1%), muslingek\u00f8d* (0,05%), marietidsel (0,025%), g\u00e6r* (ekstraheret, 0,02% = 0,0032% MOS), artiskok, m\u00e6lkeb\u00f8tte, ingef\u00e6r, birk, br\u00e6nden\u00e6lde, kamille, koriander, rosmarin (0,008%), salvie, lakridsrod, timian (t\u00f8rrede urter i alt: 0,16%); *t\u00f8rret.<\/p>\n<p><strong>Analytiske bestanddele:<\/strong><br \/>\nR\u00e5protein 36,0%, r\u00e5fedt 9,0%, r\u00e5fiber 5,0%, r\u00e5aske 7,0%, calcium 1,15%, fosfor 0,95%, natrium 0,6%, kalium 0,6%, magnesium 0,08%, omega-6 fedtsyrer 2,5%, omega-3 fedtsyrer 0,3%.<\/p>\n<p>&nbsp;<\/p>\n<p><strong>Tils\u00e6tningsstoffer<\/strong><\/p>\n<p><strong>Vitaminer \/ kg:<\/strong><br \/>\nVitamin A (3a672a) 18000 I.E., Vitamin D3 (3a671) 1000 I.E., Vitamin E (3a700i) 130 mg, Vitamin B6 (3a831) 4 mg, Biotin (3a880) 500 mcg, Calcium-D-pantotenat (3a841) 10 mg, Niacin (3a314) 55 mg, Vitamin B12 75 mcg, Vitamin C (3a312) 35 mg, Cholinchlorid (3a890) 60 mg, Taurin (3a370) 1000 mg.<\/p>\n<p><strong>Sporstoffer \/ kg:<\/strong><br \/>\nJern (3b103) 50 mg, kobber (3b405) 11 mg, zink (3b603, 3b606) 105 mg, mangan (3b502) 26 mg, Jod (3b202) 2 mg, Selen (3b801) 0,15 mg.<\/p>\n<p><strong>Aminosyrer \/ kg:<\/strong><br \/>\nDL-Methionin (3c301) 4200 mg. Antioxidanter, tokoferolekstrakter fra vegetabilske olier 1b306(i).<\/p>\n<p>&nbsp;<\/p>\n<p><strong>Anbefalet daglig foderm\u00e6ngde (g\/dag):<\/strong><\/p>\n<p><img loading=\"lazy\" decoding=\"async\" class=\"alignnone wp-image-6634\" src=\"https:\/\/haps.centrumdyrehandel.dk\/wp-content\/uploads\/2022\/06\/Happy-Cat-Care-light-220424-600x395.jpg\" alt=\"\" width=\"500\" height=\"329\" \/><\/p>\n<p>S\u00f8rg for, at der er frisk drikkevand til r\u00e5dighed p\u00e5 alle tidspunkter, i en god afstand fra fodersk\u00e5len. I betragtning af forskellen mellem de enkelte katte, kan den angivne daglige m\u00e6ngde reduceres med op til 15 %. Opdel den daglige m\u00e6ngde af foder, i flere m\u00e5ltider.<\/p>\n","protected":false},"excerpt":{"rendered":"<p><!--more--><\/p>\n<p>Findes i 1,3 kg &#8211; 4 kg og 10 kg<\/p>\n<ul>\n<li>Komplet foder<\/li>\n<li>Glutenfri<\/li>\n<li>H\u00f8jt fiber indhold, giver en langvarig f\u00f8lelse af m\u00e6thed<\/li>\n<li>Kun 9% fedt<\/li>\n<li>Til katte med tendens til overv\u00e6gt eller til at opretholde v\u00e6gten<\/li>\n<li>3 slags krokettemix<\/li>\n<li>36\/9 protein\/fedt<\/li>\n<li>Anbefalet af dyrl\u00e6ger og opdr\u00e6ttere<\/li>\n<\/ul>\n","protected":false},"featured_media":0,"comment_status":"closed","ping_status":"closed","template":"","meta":[],"product_brand":[],"product_cat":[1289,2075,1933,2070,2071,2085,2078,2073,2074],"product_tag":[],"class_list":{"0":"post-1804","1":"product","2":"type-product","3":"status-publish","5":"product_cat-glutenfri-kat","6":"product_cat-happy-cat-care-2","7":"product_cat-kattefoder-2","8":"product_cat-maxi-kat-2","9":"product_cat-medium-kat-2","10":"product_cat-overvaegt-kat-2","11":"product_cat-sensible-2","12":"product_cat-toerfoder-kat-2","13":"product_cat-voksen-kat-2","15":"first","16":"instock","17":"featured","18":"purchasable","19":"product-type-simple"},"supplier_id":null,"supplier_sku":"","barcode":null,"atum_controlled":true,"out_stock_date":null,"out_stock_threshold":null,"inheritable":false,"inbound_stock":null,"stock_on_hold":0,"sold_today":0,"sales_last_days":0,"reserved_stock":null,"customer_returns":null,"warehouse_damage":null,"lost_in_post":null,"other_logs":null,"out_stock_days":0,"lost_sales":0,"has_location":null,"update_date":"2026-01-26T00:07:00","atum_locations":[],"atum_stock_status":"instock","restock_status":false,"low_stock_amount":"","sales_update_date":"2026-01-26T00:07:00","calc_backorders":null,"_links":{"self":[{"href":"https:\/\/3d-printere.dk\/index.php\/wp-json\/wp\/v2\/product\/1804","targetHints":{"allow":["GET"]}}],"collection":[{"href":"https:\/\/3d-printere.dk\/index.php\/wp-json\/wp\/v2\/product"}],"about":[{"href":"https:\/\/3d-printere.dk\/index.php\/wp-json\/wp\/v2\/types\/product"}],"replies":[{"embeddable":true,"href":"https:\/\/3d-printere.dk\/index.php\/wp-json\/wp\/v2\/comments?post=1804"}],"wp:attachment":[{"href":"https:\/\/3d-printere.dk\/index.php\/wp-json\/wp\/v2\/media?parent=1804"}],"wp:term":[{"taxonomy":"product_brand","embeddable":true,"href":"https:\/\/3d-printere.dk\/index.php\/wp-json\/wp\/v2\/product_brand?post=1804"},{"taxonomy":"product_cat","embeddable":true,"href":"https:\/\/3d-printere.dk\/index.php\/wp-json\/wp\/v2\/product_cat?post=1804"},{"taxonomy":"product_tag","embeddable":true,"href":"https:\/\/3d-printere.dk\/index.php\/wp-json\/wp\/v2\/product_tag?post=1804"}],"curies":[{"name":"wp","href":"https:\/\/api.w.org\/{rel}","templated":true}]}}