{"id":1798,"date":"2025-12-05T15:58:39","date_gmt":"2025-12-05T14:58:39","guid":{"rendered":"https:\/\/3d-printere.dk\/index.php\/vare\/care-haut-fell-hud-og-pels-5\/"},"modified":"2025-12-05T15:58:53","modified_gmt":"2025-12-05T14:58:53","slug":"care-haut-fell-hud-og-pels-5","status":"publish","type":"product","link":"https:\/\/3d-printere.dk\/index.php\/vare\/care-haut-fell-hud-og-pels-5\/","title":{"rendered":"Care Haut &#038; Fell (hud og pels)"},"content":{"rendered":"<p>Komplet foder, glutenfri og med letford\u00f8jelig kylling, laks, n\u00e6ringsrige h\u00f8rfr\u00f8 og v\u00e6rdifulde urter, birk og rosmarin, bidrager til en skinnende pels. Hudaktive n\u00e6ringsstoffer som vitamin-A, vitamin-B, zink, omega-3- og omega-6-fedtsyrer bidrager til hud og pels. Happy Cat Care Haut &amp; Fell (hud &amp; pels) er ogs\u00e5 velegnet til langh\u00e5rede katte og er specielt udviklet til katte med sensibel hud.<\/p>\n<p>Happy Cat\u00b4s &#8220;<a href=\"https:\/\/haps.centrumdyrehandel.dk\/happy-dog-natural-life-concept\/\" target=\"_blank\" rel=\"noopener\">Natural Life Concept<\/a>&#8221; og \u201c<a href=\"https:\/\/haps.centrumdyrehandel.dk\/all-in-one-konceptet\/\" target=\"_blank\" rel=\"noopener\">All in one<\/a>\u201d , findes i alle Happy Cat Care produkter.<\/p>\n<p>Fremstillet i Tyskland under den strengeste kvalitetskontrol.<\/p>\n<p>&nbsp;<\/p>\n<p><strong>Ingredienser:<\/strong><br \/>\nRis, kyllingeprotein* 22% (heraf 40% kyllingek\u00f8d*), kartofler*, fedtegrever, olier og fedtstoffer, laksemel (5%), hydrolyseret protein*, lignocellulose, roemelassemasse* (afsukket), \u00e6ble rester (0,4%),<br \/>\nKaliumchlorid, g\u00e6r*, natriumchlorid, tang*, cikoriepulver (0,16% = 0,1% inulin), h\u00f8rfr\u00f8 (0,16%), Yucca schidigera* (0,13%), marietidsel, g\u00e6r* (ekstraheret, 0,02% = 0,0032% MOS), artiskok, m\u00e6lkeb\u00f8tte, ingef\u00e6r, birk (0,015%), br\u00e6nden\u00e6lde, kamille, koriander, rosmarin (0,008%), salvie, lakridsrod, timian (i alt t\u00f8rrede urter: 0,16%); *t\u00f8rret.<\/p>\n<p><strong>Analytiske bestanddele:<\/strong><br \/>\nR\u00e5protein 34,0%, r\u00e5fedt 15,0%, r\u00e5fiber 3,0%, r\u00e5aske 8,0%, calcium 1,4%, fosfor 1,05%, natrium 0,65%, kalium 0,7%, magnesium 0,09%, omega-6 fedtsyrer 4,0%, omega-3 fedtsyrer 0,4%.<\/p>\n<p>&nbsp;<\/p>\n<p><strong>Tils\u00e6tningsstoffer<\/strong><\/p>\n<p><strong>Vitaminer \/ kg:<\/strong><br \/>\nVitamin A (3a672a) 17000 I.E., Vitamin D3 (3a671) 900 I.E., Vitamin E (3a700i) 125 mg, Vitamin B1 (3a821) 4 mg, Vitamin B2 (3a825ii) 4 mg, Vitamin B6 (3a831) 4 mg, Biotin (3a880) 485 mcg, Calcium-D-Pantothenat (3a841) 10 mg, Niacin (3a314) 50 mg, Vitamin B12 70 mcg, Vitamin C (3a312) 30 mg, Cholinchlorid (3a890) 55 mg, Taurin (3a370) 1000 mg.<\/p>\n<p><strong>Sporstoffer \/ kg:<\/strong><br \/>\nJern (3b103) 50 mg, kobber (3b405) 10 mg, zink (3b603, 3b606) 100 mg, mangan (3b502) 25 mg, jod (3b202) 2 mg, selen (3b801) 0,1 mg.<\/p>\n<p><strong>Aminosyrer \/ kg:<\/strong><br \/>\nDL-Methionin (3c301) 4000 mg. Antioxidanter, tokoferolekstrakter fra vegetabilske olier 1b306(i).<\/p>\n<p>&nbsp;<\/p>\n<p><strong>Anbefalet daglig foderm\u00e6ngde (g\/dag):<\/strong><\/p>\n<p><img loading=\"lazy\" decoding=\"async\" class=\"alignnone wp-image-6624\" src=\"https:\/\/haps.centrumdyrehandel.dk\/wp-content\/uploads\/2022\/06\/Happy-Cat-Care-hud-og-pels-220424-600x395.jpg\" alt=\"\" width=\"501\" height=\"330\" \/><\/p>\n<p>S\u00f8rg for, at der er frisk drikkevand til r\u00e5dighed p\u00e5 alle tidspunkter, i en god afstand fra fodersk\u00e5len. I betragtning af forskellen mellem de enkelte katte, kan den angivne daglige m\u00e6ngde reduceres med op til 15 %. Opdel den daglige m\u00e6ngde af foder, i flere m\u00e5ltider.<\/p>\n","protected":false},"excerpt":{"rendered":"<p><!--more--><\/p>\n<p>Findes i 1,3 kg og 4 kg<\/p>\n<ul>\n<li>Komplet foder<\/li>\n<li>Glutenfri<\/li>\n<li>Bidrager til hud og pels<\/li>\n<li>Med hudaktive n\u00e6ringsstoffer<\/li>\n<li>En naturlig skinnende pels<\/li>\n<li>Til katte med sensibel hud<\/li>\n<li>3 slags krokettemix<\/li>\n<li>34\/15 protein\/fedt<\/li>\n<li>Anbefalet af dyrl\u00e6ger og opdr\u00e6ttere<\/li>\n<\/ul>\n","protected":false},"featured_media":0,"comment_status":"closed","ping_status":"closed","template":"","meta":[],"product_brand":[],"product_cat":[1289,2075,1933,2070,2071,2072,2078,2073,2074],"product_tag":[],"class_list":{"0":"post-1798","1":"product","2":"type-product","3":"status-publish","5":"product_cat-glutenfri-kat","6":"product_cat-happy-cat-care-2","7":"product_cat-kattefoder-2","8":"product_cat-maxi-kat-2","9":"product_cat-medium-kat-2","10":"product_cat-pels-kat-2","11":"product_cat-sensible-2","12":"product_cat-toerfoder-kat-2","13":"product_cat-voksen-kat-2","15":"first","16":"instock","17":"featured","18":"purchasable","19":"product-type-simple"},"supplier_id":null,"supplier_sku":"","barcode":null,"atum_controlled":true,"out_stock_date":null,"out_stock_threshold":null,"inheritable":false,"inbound_stock":null,"stock_on_hold":0,"sold_today":0,"sales_last_days":0,"reserved_stock":null,"customer_returns":null,"warehouse_damage":null,"lost_in_post":null,"other_logs":null,"out_stock_days":0,"lost_sales":0,"has_location":null,"update_date":"2026-01-26T00:07:00","atum_locations":[],"atum_stock_status":"instock","restock_status":false,"low_stock_amount":"","sales_update_date":"2026-01-26T00:07:00","calc_backorders":null,"_links":{"self":[{"href":"https:\/\/3d-printere.dk\/index.php\/wp-json\/wp\/v2\/product\/1798","targetHints":{"allow":["GET"]}}],"collection":[{"href":"https:\/\/3d-printere.dk\/index.php\/wp-json\/wp\/v2\/product"}],"about":[{"href":"https:\/\/3d-printere.dk\/index.php\/wp-json\/wp\/v2\/types\/product"}],"replies":[{"embeddable":true,"href":"https:\/\/3d-printere.dk\/index.php\/wp-json\/wp\/v2\/comments?post=1798"}],"wp:attachment":[{"href":"https:\/\/3d-printere.dk\/index.php\/wp-json\/wp\/v2\/media?parent=1798"}],"wp:term":[{"taxonomy":"product_brand","embeddable":true,"href":"https:\/\/3d-printere.dk\/index.php\/wp-json\/wp\/v2\/product_brand?post=1798"},{"taxonomy":"product_cat","embeddable":true,"href":"https:\/\/3d-printere.dk\/index.php\/wp-json\/wp\/v2\/product_cat?post=1798"},{"taxonomy":"product_tag","embeddable":true,"href":"https:\/\/3d-printere.dk\/index.php\/wp-json\/wp\/v2\/product_tag?post=1798"}],"curies":[{"name":"wp","href":"https:\/\/api.w.org\/{rel}","templated":true}]}}