{"id":1794,"date":"2025-12-05T15:58:39","date_gmt":"2025-12-05T14:58:39","guid":{"rendered":"https:\/\/3d-printere.dk\/index.php\/vare\/senior-kat-atlantik-lachs-atlanterhavslaks-8\/"},"modified":"2025-12-05T15:58:49","modified_gmt":"2025-12-05T14:58:49","slug":"senior-kat-atlantik-lachs-atlanterhavslaks-8","status":"publish","type":"product","link":"https:\/\/3d-printere.dk\/index.php\/vare\/senior-kat-atlantik-lachs-atlanterhavslaks-8\/","title":{"rendered":"Senior kat Atlantik-Lachs (Atlanterhavslaks)"},"content":{"rendered":"<p>Den velsmagende og letford\u00f8jelige laks med r\u00f8dbede og koriander fork\u00e6ler katte, der har en alder p\u00e5 over 10 \u00e5r. Laks, rig p\u00e5 omega-3-fedtsyrer og hudaktive n\u00e6ringsstoffer som B-vitaminer og zink. bidrager til hud og pels. Den \u00f8gede m\u00e6ngde af vitaminer og sporstoffer som jern, kobber og mangan er tilpasset det \u00f8gede behov hos senior katte p\u00e5 grund af deres stofskifte. En tilpasset m\u00e6ngde af fosfor, calcium og natrium aflaster desuden stofskiftet og bidrager til organerne. Den newzealandske gr\u00f8nl\u00e6bede musling, bidrager naturligt til knogler og led, med dens h\u00f8je indhold af glykosaminoglykaner.<\/p>\n<p>Happy Cat\u00b4s &#8220;<a href=\"https:\/\/haps.centrumdyrehandel.dk\/happy-dog-natural-life-concept\/\" target=\"_blank\" rel=\"noopener\">Natural Life Concept<\/a>&#8221; og \u201c<a href=\"https:\/\/haps.centrumdyrehandel.dk\/all-in-one-konceptet\/\" target=\"_blank\" rel=\"noopener\">All in one<\/a>\u201d , findes i alle Happy Cat Culinary produkter.<\/p>\n<p>Fremstillet i Tyskland under den strengeste kvalitetskontrol.<\/p>\n<p>&nbsp;<\/p>\n<p><strong>Ingredienser:<\/strong><strong><br \/>\n<\/strong>Animalsk protein* (18% fra fjerkr\u00e6), majsmel, majs, ris, kartofler*, olier og fedtstoffer, risprotein*, laksemel (4%), fedtegrever, hydrolyseret protein*, lignocellulose, t\u00f8rrede roetr\u00e6vler, t\u00f8rrede hele \u00e6g , kaliumchlorid, \u00e6blekvas* (0,3%), g\u00e6r*, natriumchlorid, guler\u00f8dder*, cikoriepulver (0,15% = 0,1% inulin), havalger*, yucca schidigera* (0,15%), h\u00f8rfr\u00f8 (0,12% ), \u00e6rteflager, r\u00f8dbedepulver (0,1%), g\u00e6r* (ekstraheret, 0,06% = 0,008% MOS), muslingek\u00f8d* (0,05%), glucosamin (0,05%), marietidsel, artiskok, m\u00e6lkeb\u00f8tte, ingef\u00e6r, birk, br\u00e6nden\u00e6lde, kamille, koriander (0,006%), rosmarin, salvie, lakridsrod, timian (t\u00f8rrede urter i alt: 0,16%); *) t\u00f8rret<\/p>\n<p><strong>Analytiske bestanddele:<\/strong><strong><br \/>\n<\/strong>R\u00e5protein 29,0%, r\u00e5fedt 12,0%, r\u00e5fiber 3,0%, r\u00e5aske 6,0%, calcium 0,85%, fosfor 0,8%, natrium 0,5%, kalium 0,6%, magnesium 0,09%, omega-6-fedtsyrer 3,0%, omega-3-fedtsyrer 0,3%.<\/p>\n<p>&nbsp;<\/p>\n<p><strong>Tils\u00e6tningsstoffer<\/strong><\/p>\n<p><strong>Vitaminer \/ kg:<\/strong><strong><br \/>\n<\/strong>Vitamin A (3a672a) 17000 IE, Vitamin D3 (3a671) 930 IE, Vitamin E (3a700i) 125 mg, Vitamin B1 (3a821) 4 mg, Vitamin B2 (3a825ii) 4 mg, Vitamin B6 (3a831) (4 mg, Biotin) 3a880) 480 mcg, calcium D-pantothenat (3a841) 10 mg, niacin (3a314) 50 mg, vitamin B12 70 mcg, vitamin C (3a312) 30 mg, cholinchlorid (3a890) 45 mg, Taurin (3a370) 1000 mg, L-carnitin (3a910) 200 mg.<\/p>\n<p><strong>Sporstoffer \/ kg:<\/strong><strong><br \/>\n<\/strong>Jern (3b103) 60 mg, kobber (3b405) 12 mg, zink (3b603, 3b606) 105 mg, mangan (3b502) 25 mg, jod (3b202) 2 mg, selen (3b801) 0,15 mg.<\/p>\n<p><strong>Aminosyrer\/kg:<\/strong><strong><br \/>\n<\/strong>DL-Methionin (3c301) 4500 mg. Antioxidant, tocopherolekstrakter fra vegetabilske olier 1b306(i).<\/p>\n<p>&nbsp;<\/p>\n<p><strong>Anbefalet daglig foderm\u00e6ngde (g\/dag):<\/strong><\/p>\n<p><img loading=\"lazy\" decoding=\"async\" class=\"alignnone wp-image-6611\" src=\"https:\/\/haps.centrumdyrehandel.dk\/wp-content\/uploads\/2024\/04\/Senior-atlantik-laks-220424-600x395.jpg\" alt=\"\" width=\"500\" height=\"329\" \/><\/p>\n<p>S\u00f8rg for, at der er frisk drikkevand til r\u00e5dighed p\u00e5 alle tidspunkter, i en god afstand fra fodersk\u00e5len. I betragtning af forskellen mellem de enkelte katte, kan den angivne daglige m\u00e6ngde reduceres med op til 15 %. Opdel den daglige m\u00e6ngde af foder, i flere m\u00e5ltider.<\/p>\n","protected":false},"excerpt":{"rendered":"<p>&nbsp;<\/p>\n<p><!--more--><\/p>\n<p>Findes i 300 gr &#8211; 1,3 kg og 4 kg<\/p>\n<ul>\n<li>Komplet foder til seniorkatte<\/li>\n<li>Laks, koriander og marietidsel<\/li>\n<li>Tilpasset protein- og mineral indhold<\/li>\n<li>Bedre bev\u00e6gelighed til \u00e6ldre katte<\/li>\n<li>Bidrager til en skinnende pels<\/li>\n<li>Tilpasset den \u00e6ldre kats behov<\/li>\n<li>29\/12 protein\/fedt<\/li>\n<li>Anbefalet af dyrl\u00e6ger og opdr\u00e6ttere<\/li>\n<\/ul>\n","protected":false},"featured_media":0,"comment_status":"closed","ping_status":"closed","template":"","meta":[],"product_brand":[],"product_cat":[1944,1933,2069,2070,2071,2072,2073,2074],"product_tag":[],"class_list":{"0":"post-1794","1":"product","2":"type-product","3":"status-publish","5":"product_cat-happy-cat-senior-2","6":"product_cat-kattefoder-2","7":"product_cat-led-knogler-kat-2","8":"product_cat-maxi-kat-2","9":"product_cat-medium-kat-2","10":"product_cat-pels-kat-2","11":"product_cat-toerfoder-kat-2","12":"product_cat-voksen-kat-2","14":"first","15":"instock","16":"featured","17":"purchasable","18":"product-type-simple"},"supplier_id":null,"supplier_sku":"","barcode":null,"atum_controlled":true,"out_stock_date":null,"out_stock_threshold":null,"inheritable":false,"inbound_stock":null,"stock_on_hold":0,"sold_today":0,"sales_last_days":0,"reserved_stock":null,"customer_returns":null,"warehouse_damage":null,"lost_in_post":null,"other_logs":null,"out_stock_days":0,"lost_sales":0,"has_location":null,"update_date":"2026-01-26T00:07:00","atum_locations":[],"atum_stock_status":"instock","restock_status":false,"low_stock_amount":"","sales_update_date":"2026-01-26T00:07:00","calc_backorders":null,"_links":{"self":[{"href":"https:\/\/3d-printere.dk\/index.php\/wp-json\/wp\/v2\/product\/1794","targetHints":{"allow":["GET"]}}],"collection":[{"href":"https:\/\/3d-printere.dk\/index.php\/wp-json\/wp\/v2\/product"}],"about":[{"href":"https:\/\/3d-printere.dk\/index.php\/wp-json\/wp\/v2\/types\/product"}],"replies":[{"embeddable":true,"href":"https:\/\/3d-printere.dk\/index.php\/wp-json\/wp\/v2\/comments?post=1794"}],"wp:attachment":[{"href":"https:\/\/3d-printere.dk\/index.php\/wp-json\/wp\/v2\/media?parent=1794"}],"wp:term":[{"taxonomy":"product_brand","embeddable":true,"href":"https:\/\/3d-printere.dk\/index.php\/wp-json\/wp\/v2\/product_brand?post=1794"},{"taxonomy":"product_cat","embeddable":true,"href":"https:\/\/3d-printere.dk\/index.php\/wp-json\/wp\/v2\/product_cat?post=1794"},{"taxonomy":"product_tag","embeddable":true,"href":"https:\/\/3d-printere.dk\/index.php\/wp-json\/wp\/v2\/product_tag?post=1794"}],"curies":[{"name":"wp","href":"https:\/\/api.w.org\/{rel}","templated":true}]}}