{"id":1784,"date":"2025-12-05T15:58:12","date_gmt":"2025-12-05T14:58:12","guid":{"rendered":"https:\/\/3d-printere.dk\/index.php\/vare\/sterilised-voralpen-rind-oksekoed-9\/"},"modified":"2025-12-05T15:58:32","modified_gmt":"2025-12-05T14:58:32","slug":"sterilised-voralpen-rind-oksekoed-9","status":"publish","type":"product","link":"https:\/\/3d-printere.dk\/index.php\/vare\/sterilised-voralpen-rind-oksekoed-9\/","title":{"rendered":"Sterilised Voralpen-Rind (oksek\u00f8d)"},"content":{"rendered":"<p>Den velsmagende opskrift med oksek\u00f8d, rosmarin og marietidsel er specielt udviklet til neutraliserede katte. De store kroketter giver ikke kun mere variation i madsk\u00e5len, men tilbyder ogs\u00e5 en st\u00f8rre slidflade, hvilket bidrager til tandpleje. Den l\u00e6kre opskrift med kun 10,5% fedt og m\u00e6ttende, fibre bidrager til en optimal v\u00e6gtstyring for neutraliserede katte. Hormonelt betinget har disse tendens til \u00f8get appetit og samtidig lavere energibehov. De indeholdte fibre bidrager ogs\u00e5 til h\u00e5rbollekontrol.<\/p>\n<p>Happy Cat\u00b4s &#8220;<a href=\"https:\/\/haps.centrumdyrehandel.dk\/happy-dog-natural-life-concept\/\" target=\"_blank\" rel=\"noopener\">Natural Life Concept<\/a>&#8221; og \u201c<a href=\"https:\/\/haps.centrumdyrehandel.dk\/all-in-one-konceptet\/\" target=\"_blank\" rel=\"noopener\">All in one<\/a>\u201d , findes i alle Happy Cat Sterilised produkter.<\/p>\n<p>Fremstillet i Tyskland under den strengeste kvalitetskontrol.<\/p>\n<p>&nbsp;<\/p>\n<p><strong>Ingredienser:<\/strong><strong><br \/>\n<\/strong>Greve (i alt 25%, hvoraf 75% er oksek\u00f8d), fjerkr\u00e6protein*, majs, majsmel, kartofler*, ris, lignocellulose (5,5%), olier og fedtstoffer, animalsk protein* (inklusive oksek\u00f8d 1,8%), hydrolyseret protein *, t\u00f8rrede roetr\u00e6vler, h\u00e6moglobin*, \u00e6blekvas* (0,8%), kaliumchlorid, g\u00e6r*, natriumchlorid, t\u00f8rrede hele \u00e6g, havalger*, h\u00f8rfr\u00f8 (0,16%), cikoriepulver (0,15% = 0,1% inulin) ), yucca schidigera* (0,15%), muslingek\u00f8d* (0,05%), marietidsel (0,024%), g\u00e6r* (ekstraheret, 0,02% = 0,0032% MOS), artiskok, m\u00e6lkeb\u00f8tte, ingef\u00e6r, birkeblade, br\u00e6nden\u00e6lde, kamille , koriander, rosmarin (0,008%), salvie, lakridsrod, timian (t\u00f8rrede urter i alt: 0,16%); *) t\u00f8rret.<\/p>\n<p><strong>Analytiske bestanddele:<\/strong><strong><br \/>\n<\/strong>R\u00e5protein 37,0%, r\u00e5fedt 10,5%, r\u00e5fiber 5,5%, r\u00e5aske 7,0%, calcium 1,05%, fosfor 0,85%, natrium 0,6%, kalium 0,65%, magnesium 0,08%, omega-6-fedtsyrer 2,5%, omega-3-fedtsyrer 0,3%.<\/p>\n<p>&nbsp;<\/p>\n<p><strong>Tils\u00e6tningsstoffer<\/strong><\/p>\n<p><strong>Vitaminer \/ kg:<\/strong><strong><br \/>\n<\/strong>Vitamin A (3a672a) 18000 IE, Vitamin D3 (3a671) 1000 IE, Vitamin E (3a700i) 130 mg, Vitamin B1 (3a821) 4 mg, Vitamin B2 (3a825ii) 4 mg, Vitamin B6 (3a831) (4 mg, Vitamin B6 (3a831) (4 mg) 3a880) 500 mcg, calcium D-pantothenat (3a841) 10 mg, niacin (3a314) 55 mg, vitamin B12 75 mcg, vitamin C (3a312) 35 mg, cholinchlorid (3a890) 60 mg,<br \/>\nTaurin (3a370) 1000 mg.<\/p>\n<p><strong>Sporstoffer \/ kg:<\/strong><strong><br \/>\n<\/strong>Jern (3b103) 50 mg, kobber (3b405) 10 mg, zink (3b603, 3b606) 105 mg, Mangan (3b502) 26 mg, jod (3b202) 2 mg, selen (3b801) 0,1 mg.<\/p>\n<p><strong>Aminosyrer\/kg.<br \/>\n<\/strong>DL-Methionin (3c301) 4700 mg. Antioxidant, tocopherolekstrakter fra vegetabilske olier 1b306(i).<\/p>\n<p>&nbsp;<\/p>\n<p><strong>Anbefalet daglig foderm\u00e6ngde (g\/dag):<\/strong><\/p>\n<p><img loading=\"lazy\" decoding=\"async\" class=\"alignnone wp-image-6578\" src=\"https:\/\/haps.centrumdyrehandel.dk\/wp-content\/uploads\/2022\/06\/Sterilised-voralpen-rind-220424-600x395.jpg\" alt=\"\" width=\"501\" height=\"330\" \/><\/p>\n<p>S\u00f8rg for, at der er frisk drikkevand til r\u00e5dighed p\u00e5 alle tidspunkter, i en god afstand fra fodersk\u00e5len. I betragtning af forskellen mellem de enkelte katte, kan den angivne daglige m\u00e6ngde reduceres med op til 15 %. Opdel den daglige m\u00e6ngde af foder, i flere m\u00e5ltider.<\/p>\n<p>&nbsp;<\/p>\n","protected":false},"excerpt":{"rendered":"<p>&nbsp;<\/p>\n<p><!--more--><\/p>\n<p>Findes i 300 gr &#8211; 1,3 kg &#8211; 4 kg og 10 kg<\/p>\n<ul>\n<li>Komplet foder til neutraliserede katte<\/li>\n<li>Oksek\u00f8d, rosmarin og marietidsel<\/li>\n<li>M\u00e6ttende og velsmagende med kun 10,5% fedt<\/li>\n<li>Store kroketter<\/li>\n<li>Bidrager til tandpleje<\/li>\n<li>37\/10,5 protein\/fedt<\/li>\n<li>Anbefalet af dyrl\u00e6ger og opdr\u00e6ttere<\/li>\n<\/ul>\n","protected":false},"featured_media":0,"comment_status":"closed","ping_status":"closed","template":"","meta":[],"product_brand":[],"product_cat":[1329,1933,2070,2071,2076,2073,2074],"product_tag":[],"class_list":{"0":"post-1784","1":"product","2":"type-product","3":"status-publish","5":"product_cat-happy-cat-sterilised","6":"product_cat-kattefoder-2","7":"product_cat-maxi-kat-2","8":"product_cat-medium-kat-2","9":"product_cat-neutraliseret-kat-2","10":"product_cat-toerfoder-kat-2","11":"product_cat-voksen-kat-2","13":"first","14":"instock","15":"featured","16":"purchasable","17":"product-type-simple"},"supplier_id":null,"supplier_sku":"","barcode":null,"atum_controlled":true,"out_stock_date":null,"out_stock_threshold":null,"inheritable":false,"inbound_stock":null,"stock_on_hold":0,"sold_today":0,"sales_last_days":0,"reserved_stock":null,"customer_returns":null,"warehouse_damage":null,"lost_in_post":null,"other_logs":null,"out_stock_days":0,"lost_sales":0,"has_location":null,"update_date":"2026-01-26T00:07:00","atum_locations":[],"atum_stock_status":"instock","restock_status":false,"low_stock_amount":"","sales_update_date":"2026-01-26T00:07:00","calc_backorders":null,"_links":{"self":[{"href":"https:\/\/3d-printere.dk\/index.php\/wp-json\/wp\/v2\/product\/1784","targetHints":{"allow":["GET"]}}],"collection":[{"href":"https:\/\/3d-printere.dk\/index.php\/wp-json\/wp\/v2\/product"}],"about":[{"href":"https:\/\/3d-printere.dk\/index.php\/wp-json\/wp\/v2\/types\/product"}],"replies":[{"embeddable":true,"href":"https:\/\/3d-printere.dk\/index.php\/wp-json\/wp\/v2\/comments?post=1784"}],"wp:attachment":[{"href":"https:\/\/3d-printere.dk\/index.php\/wp-json\/wp\/v2\/media?parent=1784"}],"wp:term":[{"taxonomy":"product_brand","embeddable":true,"href":"https:\/\/3d-printere.dk\/index.php\/wp-json\/wp\/v2\/product_brand?post=1784"},{"taxonomy":"product_cat","embeddable":true,"href":"https:\/\/3d-printere.dk\/index.php\/wp-json\/wp\/v2\/product_cat?post=1784"},{"taxonomy":"product_tag","embeddable":true,"href":"https:\/\/3d-printere.dk\/index.php\/wp-json\/wp\/v2\/product_tag?post=1784"}],"curies":[{"name":"wp","href":"https:\/\/api.w.org\/{rel}","templated":true}]}}