{"id":1774,"date":"2025-12-05T15:58:12","date_gmt":"2025-12-05T14:58:12","guid":{"rendered":"https:\/\/3d-printere.dk\/index.php\/vare\/minkas-kitten-care-5\/"},"modified":"2025-12-05T15:58:22","modified_gmt":"2025-12-05T14:58:22","slug":"minkas-kitten-care-5","status":"publish","type":"product","link":"https:\/\/3d-printere.dk\/index.php\/vare\/minkas-kitten-care-5\/","title":{"rendered":"Minkas Kitten Care"},"content":{"rendered":"<p>Komplet foder til killinger tilberedt med fjerkr\u00e6. Indeholder v\u00e6rdifulde proteiner, vigtige vitaminer samt omega-3 og omega-6 fedtsyrer. Foderet er produceret uden kunstige aromastoffer og konserveringsmidler.<\/p>\n<p>Fremstillet i Tyskland under den strengeste kvalitetskontrol.<\/p>\n<p>&nbsp;<\/p>\n<p><strong>Ingredienser:<\/strong><br \/>\nFjerkr\u00e6protein** (31\u00a0%), fjerkr\u00e6fedt, kartoffelflager, majsmel, hvede, majs, grever, fiskemel, roetr\u00e6vler* (afsukret), lignocellulose,\u00a0solsikkeolie, \u00e6blekvas*, natriumklorid, rapsolie, yucca schidigera* (0,04 %), *) t\u00f8rret **) t\u00f8rret, delvis hydrolyseret.<\/p>\n<p><strong>Analytiske bestanddele:<\/strong><br \/>\nR\u00e5protein 32,0 %, r\u00e5fedt 18,0 %, r\u00e5fiber 2,5 %, r\u00e5aske 6,0 %, calcium 1,3 %, fosfor 0,9 %, natrium 0,45 %, kalium 0,5 %, magnesium 0,08 %, omega-6-fedtsyrer 3,0 %, omega-3-fedtsyrer 0,25 %<\/p>\n<p>&nbsp;<\/p>\n<p><strong>Tils\u00e6tningsstoffer:<\/strong><\/p>\n<p><strong>Vitaminer\/kg:<\/strong><br \/>\nVitamin A (3a672a) 15000 IE, vitamin D3 (3a671) 1250 IE, vitamin E (all rac-alfa-tocopherylacetat 3a700) 75 mg, taurin (3a370) 1000 mg; Antioxidanter, tocopherolekstrakter fra vegetabilske olier 1b306 (i).<\/p>\n<p><strong>Sporstoffer\/kg:<br \/>\n<\/strong>Jern (jern(II)sulfat, monohydrat 3b103) 130 mg, kobber (kobber(II)-sulfat-pentahydrat 3b405) 12 mg, zink (zinkoxid 3b603) 100 mg, mangan (E5, mangan(II)oxid 3b502) 15 mg, jod (calciumjodat, vandfri 3b202) 1,5 mg, selen (E8, natriumselenit) 0,15 mg.<\/p>\n<p><strong>Aminosyrer\/kg:<br \/>\n<\/strong>DL-methionin (3c301) 4500 mg<\/p>\n<p>&nbsp;<\/p>\n<p><strong>Anbefalet daglig foderm\u00e6ngde (g\/dag):<\/strong><\/p>\n<p><img loading=\"lazy\" decoding=\"async\" class=\"alignnone wp-image-6566\" src=\"https:\/\/haps.centrumdyrehandel.dk\/wp-content\/uploads\/2022\/06\/Minkas-kitten-care-220424-600x369.jpg\" alt=\"\" width=\"501\" height=\"308\" \/><\/p>\n<p>S\u00f8rg for, at der er frisk drikkevand til r\u00e5dighed p\u00e5 alle tidspunkter, i en god afstand fra fodersk\u00e5len. I betragtning af forskellen mellem de enkelte katte, kan den angivne daglige m\u00e6ngde reduceres med op til 15 %. Opdel den daglige m\u00e6ngde af foder, i flere m\u00e5ltider. Senest efter den 6. m\u00e5ned skiftes til <strong>Minkas Junior Care<\/strong> eller et andet passende <strong>Happy Cat junior foder<\/strong>.<\/p>\n<p>* Afh\u00e6ngigt af kattens pr\u00e6ference (kroketst\u00f8rrelse) kan du allerede fra 13. leveuge skifte fra Minkas Kitten Care til Minkas Junior Care.<\/p>\n","protected":false},"excerpt":{"rendered":"<p>&nbsp;<\/p>\n<p><!--more--><\/p>\n<p>Findes i 1,5 kg og 10 kg<\/p>\n<ul>\n<li>Komplet foder til killinger<\/li>\n<li>Fra 2.- til 6. m\u00e5ned<\/li>\n<li>Ekstra sm\u00e5 kroketter<\/li>\n<li>Fjerkr\u00e6<\/li>\n<li>V\u00e6rdifulde vitaminer<\/li>\n<li>Reduceret aff\u00f8ringslugt<\/li>\n<li>Indeholder taurin<\/li>\n<li>32\/18 protein\/fedt<\/li>\n<li>Anbefalet af dyrl\u00e6ger og opdr\u00e6ttere<\/li>\n<\/ul>\n","protected":false},"featured_media":0,"comment_status":"closed","ping_status":"closed","template":"","meta":[],"product_brand":[],"product_cat":[1298,1403,2080,1933,2081,2073],"product_tag":[],"class_list":{"0":"post-1774","1":"product","2":"type-product","3":"status-publish","5":"product_cat-aktiv-kat","6":"product_cat-happy-cat-minkas-2","7":"product_cat-happy-cat-young-killinger-2","8":"product_cat-kattefoder-2","9":"product_cat-killingefoder-2","10":"product_cat-toerfoder-kat-2","12":"first","13":"instock","14":"featured","15":"purchasable","16":"product-type-simple"},"supplier_id":null,"supplier_sku":"","barcode":null,"atum_controlled":true,"out_stock_date":null,"out_stock_threshold":null,"inheritable":false,"inbound_stock":null,"stock_on_hold":0,"sold_today":0,"sales_last_days":0,"reserved_stock":null,"customer_returns":null,"warehouse_damage":null,"lost_in_post":null,"other_logs":null,"out_stock_days":0,"lost_sales":0,"has_location":null,"update_date":"2026-01-26T00:06:59","atum_locations":[],"atum_stock_status":"instock","restock_status":false,"low_stock_amount":"","sales_update_date":"2026-01-26T00:06:59","calc_backorders":null,"_links":{"self":[{"href":"https:\/\/3d-printere.dk\/index.php\/wp-json\/wp\/v2\/product\/1774","targetHints":{"allow":["GET"]}}],"collection":[{"href":"https:\/\/3d-printere.dk\/index.php\/wp-json\/wp\/v2\/product"}],"about":[{"href":"https:\/\/3d-printere.dk\/index.php\/wp-json\/wp\/v2\/types\/product"}],"replies":[{"embeddable":true,"href":"https:\/\/3d-printere.dk\/index.php\/wp-json\/wp\/v2\/comments?post=1774"}],"wp:attachment":[{"href":"https:\/\/3d-printere.dk\/index.php\/wp-json\/wp\/v2\/media?parent=1774"}],"wp:term":[{"taxonomy":"product_brand","embeddable":true,"href":"https:\/\/3d-printere.dk\/index.php\/wp-json\/wp\/v2\/product_brand?post=1774"},{"taxonomy":"product_cat","embeddable":true,"href":"https:\/\/3d-printere.dk\/index.php\/wp-json\/wp\/v2\/product_cat?post=1774"},{"taxonomy":"product_tag","embeddable":true,"href":"https:\/\/3d-printere.dk\/index.php\/wp-json\/wp\/v2\/product_tag?post=1774"}],"curies":[{"name":"wp","href":"https:\/\/api.w.org\/{rel}","templated":true}]}}