{"id":1772,"date":"2025-12-05T15:58:12","date_gmt":"2025-12-05T14:58:12","guid":{"rendered":"https:\/\/3d-printere.dk\/index.php\/vare\/junior-land-ente-and-5\/"},"modified":"2025-12-05T15:58:20","modified_gmt":"2025-12-05T14:58:20","slug":"junior-land-ente-and-5","status":"publish","type":"product","link":"https:\/\/3d-printere.dk\/index.php\/vare\/junior-land-ente-and-5\/","title":{"rendered":"Junior Land Ente (and)"},"content":{"rendered":"<p>Opskriften med h\u00f8jkvalitets r\u00e5varer, indeholder and og guler\u00f8dder, der sammen udg\u00f8r den ideelle basis for en god start p\u00e5 livet. Den afbalancerede n\u00e6ringskombination suppleres med C-vitamin. Den kornfri opskrift er ideel til voksende, s\u00e5vel som neutraliserede killinger. Da juniorkattene stadig er i v\u00e6kstfasen, beh\u00f8ver energiindholdet i foderet ikke tjekkes s\u00e5 n\u00f8je som hos en voksen, neutraliseret kat. De sm\u00e5 kroketter med deres v\u00e6rdifulde ingredienser er ideelle til voksende juniorkatte fra 4. til 12. m\u00e5ned.<\/p>\n<p>Happy Cat\u00b4s &#8220;<a href=\"https:\/\/haps.centrumdyrehandel.dk\/happy-dog-natural-life-concept\/\" target=\"_blank\" rel=\"noopener\">Natural Life Concept<\/a>&#8221; og \u201c<a href=\"https:\/\/haps.centrumdyrehandel.dk\/all-in-one-konceptet\/\" target=\"_blank\" rel=\"noopener\">All in one<\/a>\u201d , findes i alle Happy Cat Kitten og Junior produkter.<\/p>\n<p>Fremstillet i Tyskland under den strengeste kvalitetskontrol.<\/p>\n<p>&nbsp;<\/p>\n<p><strong>Ingredienser:<\/strong><strong><br \/>\n<\/strong>Kartoffel*, animalsk protein* (fra fjerkr\u00e6), olier og fedtstoffer, andeprotein* (8%), fedtegrever, kartoffelprotein*, hydrolyseret protein*, lignocellulose, roetr\u00e6vler* (afsukret), g\u00e6r*, \u00e6blekvas * (0,4%), natriumchlorid, havalger*, h\u00f8rfr\u00f8 (0,2%), guler\u00f8dder* (0,2%), cikoriepulver (0,14% = 0,1% inulin), yucca schidigera* (0,04%), g\u00e6r* (ekstraheret, 0,02% = 0,0032% MOS ); *) t\u00f8rret.<\/p>\n<p><strong>Analytiske bestanddele:<\/strong><strong><br \/>\n<\/strong>R\u00e5protein 36,0%, r\u00e5fedt 18,5%, r\u00e5fibre 3,0%, r\u00e5aske 7,0%, calcium 1,2%, fosfor 1,0%, natrium 0,5%, kalium 0,65%, magnesium 0,1%, omega-6 fedtsyrer 3.0%, omega-3 fedtsyrer 0,3%.<\/p>\n<p>&nbsp;<\/p>\n<p><strong>Tils\u00e6tningsstoffer <\/strong><\/p>\n<p><strong>Vitaminer \/ kg:<\/strong><strong><br \/>\n<\/strong>Vitamin A (3a672a) 15000 IE, Vitamin D3 (3a671) 920 IE, Vitamin E (3a700i) 110 mg, Vitamin B1 (3a821) 4 mg, Vitamin B2 (3a825ii) 4 mg, Vitamin B6 (3a831) (4 mg, Biotin) 3a880) 430 mcg, calcium D-pantothenat (3a841) 10 mg, niacin (3a314) 45 mg, vitamin B12 65 mcg, vitamin C (3a312) 25 mg, taurin (3a370) 1000 mg.<\/p>\n<p><strong>Sporstoffer\/kg:<\/strong><strong><br \/>\n<\/strong>Jern (3b103) 55 mg, kobber (3b405) 12 mg, zink (3b603) 75 mg, mangan (3b502) 14 mg, jod (3b202) 1,4 mg, selen (3b801) 0,2 mg.<\/p>\n<p><strong>Aminosyrer \/ kg:<\/strong><strong><br \/>\n<\/strong>DL-Methionin (3c301)4200 mg. Antioxidant, tocopherolekstrakter fra vegetabilske olier 1b306(i)<\/p>\n<p>&nbsp;<\/p>\n<p><strong>Anbefalet daglig foderm\u00e6ngde (g\/dag):<\/strong><\/p>\n<p><img loading=\"lazy\" decoding=\"async\" class=\"alignnone wp-image-6555\" src=\"https:\/\/haps.centrumdyrehandel.dk\/wp-content\/uploads\/2022\/06\/Junior-land-ente-170524-600x395.jpg\" alt=\"\" width=\"504\" height=\"332\" \/><\/p>\n<p><!--more--><\/p>\n<p>S\u00f8rg for, at der er frisk drikkevand til r\u00e5dighed p\u00e5 alle tidspunkter, i en god afstand fra fodersk\u00e5len. I betragtning af forskellen mellem de enkelte katte, kan den angivne daglige m\u00e6ngde reduceres med op til 15 %. Opdel den daglige m\u00e6ngde af foder, i flere m\u00e5ltider. N\u00e5r junior katten opn\u00e5r den endelige voksenv\u00e6gt, kan der langsomt skiftes til en passende Happy Cat Adult (voksen) foder.<\/p>\n","protected":false},"excerpt":{"rendered":"<p>&nbsp;<\/p>\n<p><!--more--><\/p>\n<p>Findes i 1,3 kg og 4 kg<\/p>\n<ul>\n<li>Komplet foder til juniorkatte<\/li>\n<li>And og guler\u00f8dder<\/li>\n<li>Ekstra sm\u00e5 kroketter<\/li>\n<li>Kornfri<\/li>\n<li>Letford\u00f8jelig<\/li>\n<li>Ogs\u00e5 velegnet til neutraliserede killinger<\/li>\n<li>36\/18,5 protein\/fedt<\/li>\n<li>Anbefalet af dyrl\u00e6ger og opdr\u00e6ttere<\/li>\n<\/ul>\n","protected":false},"featured_media":0,"comment_status":"closed","ping_status":"closed","template":"","meta":[],"product_brand":[],"product_cat":[1316,1364,2080,1933,2081,2082,2076,2073],"product_tag":[],"class_list":{"0":"post-1772","1":"product","2":"type-product","3":"status-publish","5":"product_cat-foderintolerance-kat","6":"product_cat-fordoejelse-kat-2","7":"product_cat-happy-cat-young-killinger-2","8":"product_cat-kattefoder-2","9":"product_cat-killingefoder-2","10":"product_cat-kornfri-kat-2","11":"product_cat-neutraliseret-kat-2","12":"product_cat-toerfoder-kat-2","14":"first","15":"instock","16":"featured","17":"purchasable","18":"product-type-simple"},"supplier_id":null,"supplier_sku":"","barcode":null,"atum_controlled":true,"out_stock_date":null,"out_stock_threshold":null,"inheritable":false,"inbound_stock":null,"stock_on_hold":0,"sold_today":0,"sales_last_days":0,"reserved_stock":null,"customer_returns":null,"warehouse_damage":null,"lost_in_post":null,"other_logs":null,"out_stock_days":0,"lost_sales":0,"has_location":null,"update_date":"2026-01-26T00:06:59","atum_locations":[],"atum_stock_status":"instock","restock_status":false,"low_stock_amount":"","sales_update_date":"2026-01-26T00:06:59","calc_backorders":null,"_links":{"self":[{"href":"https:\/\/3d-printere.dk\/index.php\/wp-json\/wp\/v2\/product\/1772","targetHints":{"allow":["GET"]}}],"collection":[{"href":"https:\/\/3d-printere.dk\/index.php\/wp-json\/wp\/v2\/product"}],"about":[{"href":"https:\/\/3d-printere.dk\/index.php\/wp-json\/wp\/v2\/types\/product"}],"replies":[{"embeddable":true,"href":"https:\/\/3d-printere.dk\/index.php\/wp-json\/wp\/v2\/comments?post=1772"}],"wp:attachment":[{"href":"https:\/\/3d-printere.dk\/index.php\/wp-json\/wp\/v2\/media?parent=1772"}],"wp:term":[{"taxonomy":"product_brand","embeddable":true,"href":"https:\/\/3d-printere.dk\/index.php\/wp-json\/wp\/v2\/product_brand?post=1772"},{"taxonomy":"product_cat","embeddable":true,"href":"https:\/\/3d-printere.dk\/index.php\/wp-json\/wp\/v2\/product_cat?post=1772"},{"taxonomy":"product_tag","embeddable":true,"href":"https:\/\/3d-printere.dk\/index.php\/wp-json\/wp\/v2\/product_tag?post=1772"}],"curies":[{"name":"wp","href":"https:\/\/api.w.org\/{rel}","templated":true}]}}