{"id":1767,"date":"2025-12-05T15:58:12","date_gmt":"2025-12-05T14:58:12","guid":{"rendered":"https:\/\/3d-printere.dk\/index.php\/vare\/kitten-land-geflugel-fjerkrae-5\/"},"modified":"2025-12-05T15:58:15","modified_gmt":"2025-12-05T14:58:15","slug":"kitten-land-geflugel-fjerkrae-5","status":"publish","type":"product","link":"https:\/\/3d-printere.dk\/index.php\/vare\/kitten-land-geflugel-fjerkrae-5\/","title":{"rendered":"Kitten Land Gefl\u00fcgel (fjerkr\u00e6)"},"content":{"rendered":"<p>I de f\u00f8rste leveuger befinder killingen sig i en energiintensiv v\u00e6kstfase og har brug for mange h\u00f8jkvalitets proteiner, s\u00e5 muskel- og skelet systemet kan udvikle sig optimalt. Den velsmagende opskrift med letford\u00f8jeligt fjerkr\u00e6, l\u00e6kre guler\u00f8dder samt rosmarin danner den ideelle basis for en god start p\u00e5 livet. Der er tilsat C-vitamin. De ekstra sm\u00e5 kroketter og udvalgte ingredienser er s\u00e6rligt velegnede til killinge fra den 5. leveuge til den 6. m\u00e5ned. P\u00e5 grund af det \u00f8gede energiindhold er denne variant ogs\u00e5 egnet til dr\u00e6gtige og diegivende katte.<\/p>\n<p>Happy Cat\u00b4s &#8220;<a href=\"https:\/\/haps.centrumdyrehandel.dk\/happy-dog-natural-life-concept\/\" target=\"_blank\" rel=\"noopener\">Natural Life Concept<\/a>&#8221; og \u201c<a href=\"https:\/\/haps.centrumdyrehandel.dk\/all-in-one-konceptet\/\" target=\"_blank\" rel=\"noopener\">All in one<\/a>\u201d , findes i alle Happy Cat Kitten og Junior produkter.<\/p>\n<p>Fremstillet i Tyskland under den strengeste kvalitetskontrol.<\/p>\n<p>&nbsp;<\/p>\n<p><strong>Ingredienser:<\/strong><br \/>\nAnimalsk protein* (33% fra fjerkr\u00e6), majsmel, olier og fedtstoffer, ris, fedtegrever, risprotein*, laksemel (4%), hydrolyseret protein*, lignocellulose, roetr\u00e6vler* (afsukret), kaliumchlorid, g\u00e6r*, t\u00f8rrede hele \u00e6g, natriumchlorid, \u00e6blekvas* (0,4%), guler\u00f8dder* (0,2%), havalger*, h\u00f8rfr\u00f8 (0,16%), cikoriepulver (0,15% = 0,1% inulin), yucca schidigera* (0,04%), marietidsel, g\u00e6r* (ekstraheret, 0,02% = 0,0032% MOS), artiskok, m\u00e6lkeb\u00f8tte, ingef\u00e6r, birk, br\u00e6nden\u00e6lde, kamille, koriander, rosmarin (0,008%), salvie, lakridsrod, timian (t\u00f8rrede urter i alt 0,16%); *) t\u00f8rret.<\/p>\n<p><strong>Analytiske bestanddele:<\/strong><br \/>\nR\u00e5protein 37,5%, r\u00e5fedt 21,0%, r\u00e5fibre 2,5%, r\u00e5aske 7,5%, calcium 1,2%, fosfor 1,05%, natrium 0,55%, kalium 0,6%, magnesium 0,09%, omega-6 fedtsyrer 4,0%, omega-3 fedtsyrer 0,4%.<\/p>\n<p>&nbsp;<\/p>\n<p><strong>Tils\u00e6tningsstoffer<\/strong><\/p>\n<p><strong>Vitaminer \/ kg:<\/strong><br \/>\nVitamin A (3a672a) 18000 IE, Vitamin D3 (3a671) 1000 IE, Vitamin E (3a700) 130 mg, Vitamin B1 (3a821) 4 mg, Vitamin B2 (3a825ii) 4 mg, Vitamin B6 (3a831) (4 mg, Biotin) 3a880) 500 mcg, calcium D-pantothenat (3a841) 10 mg, niacin (3a314) 55 mg, vitamin B12 75 mcg, vitamin C (3a312) 35 mg, cholinchlorid (3a890) 60 mg,<br \/>\nTaurin (3a370) 1000 mg.<\/p>\n<p><strong>Sporstoffer\/kg: <\/strong><br \/>\nJern (3b103) 50 mg, kobber (3b405) 11 mg, zink (3b603, 3b606) 105 mg, mangan (3b502) 26 mg, jod (3b202) 2 mg, selen (3b801) 0,1 mg.<\/p>\n<p><strong>Aminosyrer\/kg:<\/strong><br \/>\nDL-Methionin (3c301) 4200 mg. Antioxidant, tocopherolekstrakter fra vegetabilske olier 1b306(i).<\/p>\n<p>&nbsp;<\/p>\n<p><strong>Anbefalet daglig foderm\u00e6ngde (g\/dag):<br \/>\n<\/strong><\/p>\n<p><img loading=\"lazy\" decoding=\"async\" class=\"alignnone wp-image-6533\" src=\"https:\/\/haps.centrumdyrehandel.dk\/wp-content\/uploads\/2024\/04\/Kitten-land-geflugel-170524-600x395.jpg\" alt=\"\" width=\"500\" height=\"329\" \/><\/p>\n<p><!--more--><\/p>\n<p>* Afh\u00e6ngig af kattens st\u00f8rrelse, kan du skifte fra Happy Cat Kitten Land-Gefl\u00fcgel til et Happy Cat Junior produkt allerede i 4. m\u00e5ned. S\u00f8rg for, at der er frisk drikkevand til r\u00e5dighed p\u00e5 alle tidspunkter, i en god afstand fra fodersk\u00e5len. I betragtning af forskellen mellem de enkelte katte, kan den angivne daglige m\u00e6ngde reduceres med op til 15 %. Opdel den daglige m\u00e6ngde af foder, i flere m\u00e5ltider.<\/p>\n<p>&nbsp;<\/p>\n","protected":false},"excerpt":{"rendered":"<p>&nbsp;<\/p>\n<p><!--more--><\/p>\n<p>Findes i 1,3 kg og 4 kg<\/p>\n<ul>\n<li>Komplet foder til killinger<\/li>\n<li>Fjerkr\u00e6, guler\u00f8dder og rosmarin<\/li>\n<li>En god start p\u00e5 livet<\/li>\n<li>Ekstra sm\u00e5 kroketter<\/li>\n<li>Letford\u00f8jelig<\/li>\n<li>Velegnet til gravide og diegivende katte<\/li>\n<li>37,5\/21 protein\/fedt<\/li>\n<li>Anbefalet af dyrl\u00e6ger og opdr\u00e6ttere<\/li>\n<\/ul>\n","protected":false},"featured_media":0,"comment_status":"closed","ping_status":"closed","template":"","meta":[],"product_brand":[],"product_cat":[1364,2080,1933,2081,2073],"product_tag":[],"class_list":{"0":"post-1767","1":"product","2":"type-product","3":"status-publish","5":"product_cat-fordoejelse-kat-2","6":"product_cat-happy-cat-young-killinger-2","7":"product_cat-kattefoder-2","8":"product_cat-killingefoder-2","9":"product_cat-toerfoder-kat-2","11":"first","12":"instock","13":"featured","14":"purchasable","15":"product-type-simple"},"supplier_id":null,"supplier_sku":"","barcode":null,"atum_controlled":true,"out_stock_date":null,"out_stock_threshold":null,"inheritable":false,"inbound_stock":null,"stock_on_hold":0,"sold_today":0,"sales_last_days":0,"reserved_stock":null,"customer_returns":null,"warehouse_damage":null,"lost_in_post":null,"other_logs":null,"out_stock_days":0,"lost_sales":0,"has_location":null,"update_date":"2026-01-26T00:06:59","atum_locations":[],"atum_stock_status":"instock","restock_status":false,"low_stock_amount":"","sales_update_date":"2026-01-26T00:06:59","calc_backorders":null,"_links":{"self":[{"href":"https:\/\/3d-printere.dk\/index.php\/wp-json\/wp\/v2\/product\/1767","targetHints":{"allow":["GET"]}}],"collection":[{"href":"https:\/\/3d-printere.dk\/index.php\/wp-json\/wp\/v2\/product"}],"about":[{"href":"https:\/\/3d-printere.dk\/index.php\/wp-json\/wp\/v2\/types\/product"}],"replies":[{"embeddable":true,"href":"https:\/\/3d-printere.dk\/index.php\/wp-json\/wp\/v2\/comments?post=1767"}],"wp:attachment":[{"href":"https:\/\/3d-printere.dk\/index.php\/wp-json\/wp\/v2\/media?parent=1767"}],"wp:term":[{"taxonomy":"product_brand","embeddable":true,"href":"https:\/\/3d-printere.dk\/index.php\/wp-json\/wp\/v2\/product_brand?post=1767"},{"taxonomy":"product_cat","embeddable":true,"href":"https:\/\/3d-printere.dk\/index.php\/wp-json\/wp\/v2\/product_cat?post=1767"},{"taxonomy":"product_tag","embeddable":true,"href":"https:\/\/3d-printere.dk\/index.php\/wp-json\/wp\/v2\/product_tag?post=1767"}],"curies":[{"name":"wp","href":"https:\/\/api.w.org\/{rel}","templated":true}]}}