{"id":1763,"date":"2025-12-05T15:57:48","date_gmt":"2025-12-05T14:57:48","guid":{"rendered":"https:\/\/3d-printere.dk\/index.php\/vare\/culinary-land-ente-and-6\/"},"modified":"2025-12-05T15:58:05","modified_gmt":"2025-12-05T14:58:05","slug":"culinary-land-ente-and-6","status":"publish","type":"product","link":"https:\/\/3d-printere.dk\/index.php\/vare\/culinary-land-ente-and-6\/","title":{"rendered":"Culinary Land-Ente (and)"},"content":{"rendered":"<p>Den kornfri opskrift er s\u00e6rligt velegnet til sensible katte og sikrer variation i madsk\u00e5len. Samtidig s\u00f8rger den l\u00e6kre blanding af and og guler\u00f8dder for en balanceret kost, der er b\u00e5de velsmagende og letford\u00f8jelig. Skaller fra gr\u00f8nl\u00e6bede newzealandske muslinger, der er rig p\u00e5 glykosaminoglykaner, bidrager naturligt til knogler og led.<\/p>\n<p>Happy Cat\u00b4s &#8220;<a href=\"https:\/\/haps.centrumdyrehandel.dk\/happy-dog-natural-life-concept\/\" target=\"_blank\" rel=\"noopener\">Natural Life Concept<\/a>&#8221; og \u201c<a href=\"https:\/\/haps.centrumdyrehandel.dk\/all-in-one-konceptet\/\" target=\"_blank\" rel=\"noopener\">All in one<\/a>\u201d , findes i alle Happy Cat Culinary produkter.<\/p>\n<p>Fremstillet i Tyskland under den strengeste kvalitetskontrol.<\/p>\n<p>&nbsp;<\/p>\n<p><strong>Ingredienser:<\/strong><br \/>\nKartoffel*, andeprotein* (20%), animalsk protein* (fra fjerkr\u00e6), olier og fedtstoffer, fedtegrever, hydrolyseret protein*, lignocellulose, roetr\u00e6vler* (afsukret), g\u00e6r*, \u00e6blekvas* (0,4 % ), guler\u00f8dder* (0,25%), havalger*, h\u00f8rfr\u00f8 (0,2%), cikoriepulver (0,15% = 0,1% inulin), \u00e6rteflager, r\u00f8dbedepulver, muslingek\u00f8d* (0,05%), g\u00e6r* (ekstraheret, 0,02 % = 0,0032 % MOS); *) t\u00f8rret.<\/p>\n<p><strong>Analytiske bestanddele:<\/strong><br \/>\nR\u00e5protein 33,0%, r\u00e5fedt 15,0%, r\u00e5fiber 3,0%, r\u00e5aske 7,5%, calcium 1,3%, fosfor 1,0%, natrium 0,5%, kalium 0,7%, magnesium 0,1%, omega-6-fedtsyrer 3,0%, omega-3-fedtsyrer 0,3%<\/p>\n<p>&nbsp;<\/p>\n<p><strong>Tils\u00e6tningsstoffer <\/strong><\/p>\n<p><strong>Vitaminer \/ kg:<\/strong><br \/>\nitamin A (3a672a) 15000 IE, Vitamin D3 (3a671) 900 IE, Vitamin E (3a700i) 110 mg, Vitamin B1 (3a821) 4 mg, Vitamin B2 (3a825ii) 4 mg, Vitamin B6 (3a831) (4 mg, biotin) ) 3a880) 430 mcg, calcium D-pantothenat (3a841) 10 mg, niacin (3a314) 45 mg, vitamin B12 65 mcg, vitamin C (3a312) 25 mg, taurin (3a370) 1000 mg.<\/p>\n<p><strong>Sporstoffer\/kg:<\/strong><br \/>\nJern (3b103) 50 mg, kobber (3b405) 10 mg, zink (3b603) 60 mg, mangan (3b502) 11 mg, jod (3b202) 1,2 mg, selen (3b801) 0,2 mg.<\/p>\n<p><strong>Aminosyrer\/kg:<\/strong><br \/>\nDL-Methionin (3c301) 4000 mg. Antioxidant, tocopherolekstrakter fra vegetabilske olier 1b306(i).<\/p>\n<p>&nbsp;<\/p>\n<p><strong>Anbefalet daglig foderm\u00e6ngde (g\/dag):<\/strong><\/p>\n<p><img loading=\"lazy\" decoding=\"async\" class=\"alignnone wp-image-6522\" src=\"https:\/\/haps.centrumdyrehandel.dk\/wp-content\/uploads\/2022\/06\/Culinary-toerfoder-land-ente-170524-600x395.jpg\" alt=\"\" width=\"500\" height=\"329\" \/><\/p>\n<p><!--more--><\/p>\n<p>S\u00f8rg for, at der er frisk drikkevand til r\u00e5dighed p\u00e5 alle tidspunkter, i en god afstand fra fodersk\u00e5len. I betragtning af forskellen mellem de enkelte katte, kan den angivne daglige m\u00e6ngde reduceres med op til 15 %. Opdel den daglige m\u00e6ngde af foder, i flere m\u00e5ltider.<\/p>\n<p>&nbsp;<\/p>\n","protected":false},"excerpt":{"rendered":"<p>&nbsp;<\/p>\n<p><!--more--><\/p>\n<p>Findes i 300 gr &#8211; 1,3 kg og 4 kg<\/p>\n<ul>\n<li>Komplet foder til voksne katte<\/li>\n<li>And og guler\u00f8dder<\/li>\n<li>Kornfri<\/li>\n<li>Medium kroketter<\/li>\n<li>Naturligt bidrag til knogler og led<\/li>\n<li>Letford\u00f8jelig<\/li>\n<li>33\/15 protein\/fedt<\/li>\n<li>Anbefalet af dyrl\u00e6ger og opdr\u00e6ttere<\/li>\n<\/ul>\n","protected":false},"featured_media":0,"comment_status":"closed","ping_status":"closed","template":"","meta":[],"product_brand":[],"product_cat":[1298,1364,2068,1933,2082,2069,2070,2071,2078,2073,2074],"product_tag":[],"class_list":{"0":"post-1763","1":"product","2":"type-product","3":"status-publish","5":"product_cat-aktiv-kat","6":"product_cat-fordoejelse-kat-2","7":"product_cat-happy-cat-culinary-2","8":"product_cat-kattefoder-2","9":"product_cat-kornfri-kat-2","10":"product_cat-led-knogler-kat-2","11":"product_cat-maxi-kat-2","12":"product_cat-medium-kat-2","13":"product_cat-sensible-2","14":"product_cat-toerfoder-kat-2","15":"product_cat-voksen-kat-2","17":"first","18":"instock","19":"featured","20":"purchasable","21":"product-type-simple"},"supplier_id":null,"supplier_sku":"","barcode":null,"atum_controlled":true,"out_stock_date":null,"out_stock_threshold":null,"inheritable":false,"inbound_stock":null,"stock_on_hold":0,"sold_today":0,"sales_last_days":0,"reserved_stock":null,"customer_returns":null,"warehouse_damage":null,"lost_in_post":null,"other_logs":null,"out_stock_days":0,"lost_sales":0,"has_location":null,"update_date":"2026-01-26T00:06:59","atum_locations":[],"atum_stock_status":"instock","restock_status":false,"low_stock_amount":"","sales_update_date":"2026-01-26T00:06:59","calc_backorders":null,"_links":{"self":[{"href":"https:\/\/3d-printere.dk\/index.php\/wp-json\/wp\/v2\/product\/1763","targetHints":{"allow":["GET"]}}],"collection":[{"href":"https:\/\/3d-printere.dk\/index.php\/wp-json\/wp\/v2\/product"}],"about":[{"href":"https:\/\/3d-printere.dk\/index.php\/wp-json\/wp\/v2\/types\/product"}],"replies":[{"embeddable":true,"href":"https:\/\/3d-printere.dk\/index.php\/wp-json\/wp\/v2\/comments?post=1763"}],"wp:attachment":[{"href":"https:\/\/3d-printere.dk\/index.php\/wp-json\/wp\/v2\/media?parent=1763"}],"wp:term":[{"taxonomy":"product_brand","embeddable":true,"href":"https:\/\/3d-printere.dk\/index.php\/wp-json\/wp\/v2\/product_brand?post=1763"},{"taxonomy":"product_cat","embeddable":true,"href":"https:\/\/3d-printere.dk\/index.php\/wp-json\/wp\/v2\/product_cat?post=1763"},{"taxonomy":"product_tag","embeddable":true,"href":"https:\/\/3d-printere.dk\/index.php\/wp-json\/wp\/v2\/product_tag?post=1763"}],"curies":[{"name":"wp","href":"https:\/\/api.w.org\/{rel}","templated":true}]}}