{"id":1752,"date":"2025-12-05T15:57:48","date_gmt":"2025-12-05T14:57:48","guid":{"rendered":"https:\/\/3d-printere.dk\/index.php\/vare\/culinary-weide-lamm-lam-8\/"},"modified":"2025-12-05T15:57:55","modified_gmt":"2025-12-05T14:57:55","slug":"culinary-weide-lamm-lam-8","status":"publish","type":"product","link":"https:\/\/3d-printere.dk\/index.php\/vare\/culinary-weide-lamm-lam-8\/","title":{"rendered":"Culinary Weide-Lamm (lam)"},"content":{"rendered":"<p>Den velsmagende sammens\u00e6tning med lam af h\u00f8j kvalitet, \u00e6rter og koriander, vil gl\u00e6de selv sensitive katte. Udover letford\u00f8jelig lam indeholder den glutenfri opskrift mange vigtige mineraler. Skaller fra newzealandske gr\u00f8nl\u00e6bede muslinger, kan med sit h\u00f8je indhold af glykosaminoglykaner, naturligt bidrage til knogler og led.<\/p>\n<p>Happy Cat\u00b4s &#8220;<a href=\"https:\/\/haps.centrumdyrehandel.dk\/happy-dog-natural-life-concept\/\" target=\"_blank\" rel=\"noopener\">Natural Life Concept<\/a>&#8221; og \u201c<a href=\"https:\/\/haps.centrumdyrehandel.dk\/all-in-one-konceptet\/\" target=\"_blank\" rel=\"noopener\">All in one<\/a>\u201d , findes i alle Happy Cat Culinary produkter.<\/p>\n<p>Fremstillet i Tyskland under den strengeste kvalitetskontrol.<\/p>\n<p>&nbsp;<\/p>\n<p><strong>Ingredienser:<\/strong><br \/>\nAnimalsk protein* (fra fjerkr\u00e6), lammeprotein* (11%), olier og fedtstoffer, majs, majsmel, ris, kartofler*, risprotein*, fedtegrever, hydrolyseret protein*, lignocellulose, roetr\u00e6vler* (afsukret) ), kaliumchlorid, t\u00f8rrede hele \u00e6g, \u00e6blekvas * (0,4%), g\u00e6r*, natriumchlorid, guler\u00f8dder*, tang*, h\u00f8rfr\u00f8 (0,15%), cikoriepulver* (0,15% = 0,1% inulin), \u00e6rteflager ( 0,1%), r\u00f8dbedepulver, muslingek\u00f8d* (0,05%), marietidsel, g\u00e6r* (ekstraheret, 0,02% = 0,0032% MOS), artiskok, m\u00e6lkeb\u00f8tte, ingef\u00e6r, birkeblade, br\u00e6nden\u00e6lde, kamille, koriander (0,013%), rosmarin, salvie, lakridsrod, timian (t\u00f8rrede urter i alt: 0,16%); *) t\u00f8rret.<\/p>\n<p><strong>Analytiske bestanddele:<\/strong><br \/>\nR\u00e5protein 33,0%, r\u00e5fedt 15,0%, r\u00e5fiber 3,0%, r\u00e5aske 8,0%, calcium 1,35%, fosfor 1,0%, natrium 0,6%, kalium 0,65%, magnesium 0,1%, omega-6 fedtsyrer 5%, omega-3 fedtsyrer 0,4%.<\/p>\n<p>&nbsp;<\/p>\n<p><strong>Tils\u00e6tningsstoffer <\/strong><\/p>\n<p><strong>Vitaminer \/ kg:<\/strong><br \/>\nVitamin A (3a672a) 17000 IE, Vitamin D3 (3a671) 900 IE, Vitamin E (3a700i) 120 mg, Vitamin B1 (3a821) 4 mg, Vitamin B2 (3a825ii) 4 mg, Vitamin B6 (3a831) (4 mg, Biotin) 3a880) 480 mcg, calcium D-pantothenat (3a841) 10 mg, niacin (3a314) 50 mg, vitamin B12 70 mcg, vitamin C (3a312) 30 mg, cholinchlorid (3a890) 55 mg,<br \/>\nTaurin (3a370) 1000 mg.<\/p>\n<p><strong>Sporstoffer\/kg:<\/strong><br \/>\nJern (3b103) 50 mg, kobber (3b405) 10 mg, zink (3b603, 3b606) 100 mg, mangan (3b502) 24 mg, jod (3b202) 2 mg, selen (3b801) 0,1 mg.<\/p>\n<p><strong>Aminosyrer\/kg:<\/strong><br \/>\nDL-Methionin (3c301) 4400 mg. Antioxidant, tocopherolekstrakter fra vegetabilske olier 1b306(i).<\/p>\n<p>&nbsp;<\/p>\n<p><strong>Anbefalet daglig foderm\u00e6ngde (g\/dag):<\/strong><\/p>\n<p><img loading=\"lazy\" decoding=\"async\" class=\"alignnone wp-image-6495\" src=\"https:\/\/haps.centrumdyrehandel.dk\/wp-content\/uploads\/2022\/06\/Culinary-toerfoder-weide-lamm-170524-600x395.jpg\" alt=\"\" width=\"501\" height=\"330\" \/><\/p>\n<p><!--more--><\/p>\n<p>S\u00f8rg for, at der er frisk drikkevand til r\u00e5dighed p\u00e5 alle tidspunkter, i en god afstand fra fodersk\u00e5len. I betragtning af forskellen mellem de enkelte katte, kan den angivne daglige m\u00e6ngde reduceres med op til 15 %. Opdel den daglige m\u00e6ngde af foder, i flere m\u00e5ltider.<\/p>\n","protected":false},"excerpt":{"rendered":"<p>&nbsp;<\/p>\n<p><!--more--><\/p>\n<p>Findes i 300 gr &#8211; 1,3 kg &#8211; 4 kg og 10 kg<\/p>\n<ul>\n<li>Komplet foder til voksne katte &#8211; ogs\u00e5 ideel til sensitive katte<\/li>\n<li>Glutenfri<\/li>\n<li>Medium kroketter<\/li>\n<li>Lam, \u00e6rter og koriander<\/li>\n<li>Naturligt bidrag til led og knogler<\/li>\n<li>Letford\u00f8jelig<\/li>\n<li>33\/15 protein\/fedt<\/li>\n<li>Anbefalet af dyrl\u00e6ger og opdr\u00e6ttere<\/li>\n<\/ul>\n","protected":false},"featured_media":0,"comment_status":"closed","ping_status":"closed","template":"","meta":[],"product_brand":[],"product_cat":[1298,1364,1289,2068,1933,2069,2070,2071,2073,2074],"product_tag":[],"class_list":{"0":"post-1752","1":"product","2":"type-product","3":"status-publish","5":"product_cat-aktiv-kat","6":"product_cat-fordoejelse-kat-2","7":"product_cat-glutenfri-kat","8":"product_cat-happy-cat-culinary-2","9":"product_cat-kattefoder-2","10":"product_cat-led-knogler-kat-2","11":"product_cat-maxi-kat-2","12":"product_cat-medium-kat-2","13":"product_cat-toerfoder-kat-2","14":"product_cat-voksen-kat-2","16":"first","17":"instock","18":"featured","19":"purchasable","20":"product-type-simple"},"supplier_id":null,"supplier_sku":"","barcode":null,"atum_controlled":true,"out_stock_date":null,"out_stock_threshold":null,"inheritable":false,"inbound_stock":null,"stock_on_hold":0,"sold_today":0,"sales_last_days":0,"reserved_stock":null,"customer_returns":null,"warehouse_damage":null,"lost_in_post":null,"other_logs":null,"out_stock_days":0,"lost_sales":0,"has_location":null,"update_date":"2026-01-26T00:07:00","atum_locations":[],"atum_stock_status":"instock","restock_status":false,"low_stock_amount":"","sales_update_date":"2026-01-26T00:07:00","calc_backorders":null,"_links":{"self":[{"href":"https:\/\/3d-printere.dk\/index.php\/wp-json\/wp\/v2\/product\/1752","targetHints":{"allow":["GET"]}}],"collection":[{"href":"https:\/\/3d-printere.dk\/index.php\/wp-json\/wp\/v2\/product"}],"about":[{"href":"https:\/\/3d-printere.dk\/index.php\/wp-json\/wp\/v2\/types\/product"}],"replies":[{"embeddable":true,"href":"https:\/\/3d-printere.dk\/index.php\/wp-json\/wp\/v2\/comments?post=1752"}],"wp:attachment":[{"href":"https:\/\/3d-printere.dk\/index.php\/wp-json\/wp\/v2\/media?parent=1752"}],"wp:term":[{"taxonomy":"product_brand","embeddable":true,"href":"https:\/\/3d-printere.dk\/index.php\/wp-json\/wp\/v2\/product_brand?post=1752"},{"taxonomy":"product_cat","embeddable":true,"href":"https:\/\/3d-printere.dk\/index.php\/wp-json\/wp\/v2\/product_cat?post=1752"},{"taxonomy":"product_tag","embeddable":true,"href":"https:\/\/3d-printere.dk\/index.php\/wp-json\/wp\/v2\/product_tag?post=1752"}],"curies":[{"name":"wp","href":"https:\/\/api.w.org\/{rel}","templated":true}]}}