{"id":1748,"date":"2025-12-05T15:57:48","date_gmt":"2025-12-05T14:57:48","guid":{"rendered":"https:\/\/3d-printere.dk\/index.php\/vare\/culinary-voralpen-rind-oksekoed-8\/"},"modified":"2025-12-05T15:57:51","modified_gmt":"2025-12-05T14:57:51","slug":"culinary-voralpen-rind-oksekoed-8","status":"publish","type":"product","link":"https:\/\/3d-printere.dk\/index.php\/vare\/culinary-voralpen-rind-oksekoed-8\/","title":{"rendered":"Culinary Voralpen Rind (oksek\u00f8d)"},"content":{"rendered":"<p>Kr\u00e6sne katte vil blive fork\u00e6let med denne l\u00e6kre og glutenfri opskrift, der best\u00e5r af oksek\u00f8d af h\u00f8j kvalitet, velsmagende r\u00f8dbede og udvalgt salvie. Skaller fra new zealandske gr\u00f8nl\u00e6bede muslinger, kan med sit h\u00f8je indhold af glykosaminoglykaner give naturligt bidrag til knogler og led. De store kroketter giver ikke kun mere variation i madsk\u00e5len, men tilbyder ogs\u00e5 en st\u00f8rre slidflade, hvilket bidrager til tandpleje.<\/p>\n<p>Happy Cat\u00b4s &#8220;<a href=\"https:\/\/haps.centrumdyrehandel.dk\/happy-dog-natural-life-concept\/\" target=\"_blank\" rel=\"noopener\">Natural Life Concept<\/a>&#8221; og \u201c<a href=\"https:\/\/haps.centrumdyrehandel.dk\/all-in-one-konceptet\/\" target=\"_blank\" rel=\"noopener\">All in one<\/a>\u201d , findes i alle Happy Cat Culinary produkter.<\/p>\n<p>Fremstillet i Tyskland under den strengeste kvalitetskontrol.<\/p>\n<p>&nbsp;<\/p>\n<p><strong>Ingredienser:<\/strong><br \/>\nGreve (i alt 19%, hvoraf 75% er oksek\u00f8d), fjerkr\u00e6protein*, majs, majsmel, olier og fedtstoffer, ris, kartofler*, animalsk protein* (inklusive oksek\u00f8d 2%), hydrolyseret protein*, lignocellulose, h\u00e6moglobin *, roetr\u00e6vler* (afsukret), kaliumchlorid, t\u00f8rrede hele \u00e6g, \u00e6blekvas* (0,4%), g\u00e6r*, natriumchlorid, guler\u00f8dder*, tang*, cikoriepulver (0,15% = 0,1% inulin), h\u00f8rfr\u00f8 ( 0,15%), \u00e6rteflager, r\u00f8dbedepulver (0,1%), muslingek\u00f8d* (0,05%), marietidsel, g\u00e6r* (ekstraheret, 0,02% = 0,0032% MOS), artiskok, m\u00e6lkeb\u00f8tte, ingef\u00e6r, birkeblade, br\u00e6nden\u00e6lde, kamille , koriander, rosmarin, salvie (0,008%), lakridsrod, timian (t\u00f8rrede urter i alt: 0,16%); *) t\u00f8rret.<\/p>\n<p><strong>Analytiske bestanddele:<\/strong><br \/>\nR\u00e5protein 33,0%, r\u00e5fedt 15,0%, r\u00e5fibre 3,0%, r\u00e5aske 7,0%, calcium 1,15%, fosfor 0,95%, natrium 0,6%, kalium 0,6%, magnesium 0,08%, omega-6 fedtsyrer 5%, omega-3 fedtsyrer 0,4%<\/p>\n<p>&nbsp;<\/p>\n<p><strong>Tils\u00e6tningsstoffer<\/strong><\/p>\n<p><strong>Vitaminer \/ kg:<\/strong><br \/>\nVitamin A (3a672a) 17000 IE, Vitamin D3 (3a671) 900 IE, Vitamin E (3a700i) 120 mg, Vitamin B1 (3a821) 4 mg, Vitamin B2 (3a825ii) 4 mg, Vitamin B6 (3a831) (4 mg, Biotin) 3a880) 480 mcg, calcium D-pantothenat (3a841) 10 mg, niacin (3a314) 50 mg, vitamin B12 70 mcg, vitamin C (3a312) 30 mg, cholinchlorid (3a890) 55 mg,<br \/>\nTaurin (3a370) 1000 mg.<\/p>\n<p><strong>Sporstoffer\/kg: <\/strong><br \/>\nJern (3b103) 50 mg, kobber (3b405) 10 mg, zink (3b603, 3b606) 100 mg, mangan (3b502) 25 mg, jod (3b202) 2 mg, selen (3b801) 0,1 mg.<\/p>\n<p><strong>Aminosyrer\/kg:<\/strong><br \/>\nDL-Methionin (3c301) 4400 mg. Antioxidant, tocopherolekstrakter fra vegetabilske olier 1b306(i).<\/p>\n<p>&nbsp;<\/p>\n<p><strong>Anbefalet daglig foderm\u00e6ngde (g\/dag):<br \/>\n<\/strong><\/p>\n<p><img loading=\"lazy\" decoding=\"async\" class=\"alignnone wp-image-6482\" src=\"https:\/\/haps.centrumdyrehandel.dk\/wp-content\/uploads\/2022\/06\/Culinary-toerfoder-voralpen-rind-170524-600x395.jpg\" alt=\"\" width=\"499\" height=\"328\" \/><\/p>\n<p><!--more--><\/p>\n<p>S\u00f8rg for, at der er frisk drikkevand til r\u00e5dighed p\u00e5 alle tidspunkter, i en god afstand fra fodersk\u00e5len. I betragtning af forskellen mellem de enkelte katte, kan den angivne daglige m\u00e6ngde reduceres med op til 15 %. Opdel den daglige m\u00e6ngde af foder, i flere m\u00e5ltider.<\/p>\n<p>&nbsp;<\/p>\n","protected":false},"excerpt":{"rendered":"<p>&nbsp;<\/p>\n<p><!--more--><\/p>\n<p>Findes i 300 gr &#8211; 1,3 kg &#8211; 4 kg og 10 kg<\/p>\n<ul>\n<li>Komplet foder til voksne katte<\/li>\n<li>Oksek\u00f8d og r\u00f8dbeder<\/li>\n<li>Glutenfri<\/li>\n<li>Store kroketter<\/li>\n<li>Bidrager til tandpleje<\/li>\n<li>Naturligt bidrag til knogler og led<\/li>\n<li>33\/15 protein\/fedt<\/li>\n<li>Anbefalet af dyrl\u00e6ger og opdr\u00e6ttere<\/li>\n<\/ul>\n","protected":false},"featured_media":0,"comment_status":"closed","ping_status":"closed","template":"","meta":[],"product_brand":[],"product_cat":[1298,1289,2068,1933,2069,2070,2071,2073,2074],"product_tag":[],"class_list":{"0":"post-1748","1":"product","2":"type-product","3":"status-publish","5":"product_cat-aktiv-kat","6":"product_cat-glutenfri-kat","7":"product_cat-happy-cat-culinary-2","8":"product_cat-kattefoder-2","9":"product_cat-led-knogler-kat-2","10":"product_cat-maxi-kat-2","11":"product_cat-medium-kat-2","12":"product_cat-toerfoder-kat-2","13":"product_cat-voksen-kat-2","15":"first","16":"instock","17":"featured","18":"purchasable","19":"product-type-simple"},"supplier_id":null,"supplier_sku":"","barcode":null,"atum_controlled":true,"out_stock_date":null,"out_stock_threshold":null,"inheritable":false,"inbound_stock":null,"stock_on_hold":0,"sold_today":0,"sales_last_days":0,"reserved_stock":null,"customer_returns":null,"warehouse_damage":null,"lost_in_post":null,"other_logs":null,"out_stock_days":0,"lost_sales":0,"has_location":null,"update_date":"2026-01-26T00:07:00","atum_locations":[],"atum_stock_status":"instock","restock_status":false,"low_stock_amount":"","sales_update_date":"2026-01-26T00:07:00","calc_backorders":null,"_links":{"self":[{"href":"https:\/\/3d-printere.dk\/index.php\/wp-json\/wp\/v2\/product\/1748","targetHints":{"allow":["GET"]}}],"collection":[{"href":"https:\/\/3d-printere.dk\/index.php\/wp-json\/wp\/v2\/product"}],"about":[{"href":"https:\/\/3d-printere.dk\/index.php\/wp-json\/wp\/v2\/types\/product"}],"replies":[{"embeddable":true,"href":"https:\/\/3d-printere.dk\/index.php\/wp-json\/wp\/v2\/comments?post=1748"}],"wp:attachment":[{"href":"https:\/\/3d-printere.dk\/index.php\/wp-json\/wp\/v2\/media?parent=1748"}],"wp:term":[{"taxonomy":"product_brand","embeddable":true,"href":"https:\/\/3d-printere.dk\/index.php\/wp-json\/wp\/v2\/product_brand?post=1748"},{"taxonomy":"product_cat","embeddable":true,"href":"https:\/\/3d-printere.dk\/index.php\/wp-json\/wp\/v2\/product_cat?post=1748"},{"taxonomy":"product_tag","embeddable":true,"href":"https:\/\/3d-printere.dk\/index.php\/wp-json\/wp\/v2\/product_tag?post=1748"}],"curies":[{"name":"wp","href":"https:\/\/api.w.org\/{rel}","templated":true}]}}