{"id":1746,"date":"2025-12-05T15:57:48","date_gmt":"2025-12-05T14:57:48","guid":{"rendered":"https:\/\/3d-printere.dk\/index.php\/vare\/vet-kat-snack-sensitivity-foedevareallergi-4\/"},"modified":"2025-12-05T15:57:49","modified_gmt":"2025-12-05T14:57:49","slug":"vet-kat-snack-sensitivity-foedevareallergi-4","status":"publish","type":"product","link":"https:\/\/3d-printere.dk\/index.php\/vare\/vet-kat-snack-sensitivity-foedevareallergi-4\/","title":{"rendered":"VET KAT Snack &#8211; Sensitivity &#8211; f\u00f8devareallergi"},"content":{"rendered":"<p>Supplerende snack til voksne katte<\/p>\n<p><strong>Indikation<\/strong><br \/>\nF\u00f8devareallergi eller -intolerance.<\/p>\n<p><strong>M\u00e5l<\/strong><br \/>\nFjernelse af allergener samt lindring af hud og ford\u00f8jelsessystem ved f\u00f8devareallergi eller -intolerance<\/p>\n<p>&nbsp;<\/p>\n<p><strong>Ingredienser<\/strong><br \/>\nFjerkr\u00e6protein* (28%), majsmel, majs, fedtegrever, fjerkr\u00e6fedt, oksek\u00f8dsfedt, kartoffel*, hydrolyseret protein, roetr\u00e6vler* (afsukret), \u00e6blekvas*, kaliumchlorid, t\u00f8rrede hele \u00e6g, g\u00e6r* , natriumchlorid, tang*, h\u00f8rfr\u00f8, cikoriepulver, marietidsel, g\u00e6r* (ekstraheret), artiskok, m\u00e6lkeb\u00f8tte, ingef\u00e6r, birk, br\u00e6nden\u00e6lde, kamille, koriander, rosmarin, salvie, lakridsrod, timian (t\u00f8rrede urter i alt 0,18%) ; *) t\u00f8rret.<\/p>\n<p><strong>Analytiske bestanddele<br \/>\n<\/strong>R\u00e5protein 17,0%, r\u00e5fedt 7,0%, r\u00e5fibre 1,5%, r\u00e5aske 9%, vandindhold 14%,calcium 1,55%. natrium 2,3%, magnesium 0,07%, kalium 1,1%, fosfor 1,2%, omega-6 fedtsyrer 1,5%, omega-3 fedtsyrer 0,1%<\/p>\n<p>&nbsp;<\/p>\n<p><strong>Tils\u00e6tningsstoffer<\/strong><\/p>\n<p><strong>Vitaminer \/ kg:<br \/>\n<\/strong>Vitamin A (3a672a) 18000 IE, vitamin D3 (3a671) 970 IE, taurin (3a370) 900 mg<\/p>\n<p><strong>Sporstoffer\/kg:\u00a0<\/strong><br \/>\nJern (jern (II) sulfat monohydrat 3b103) 50 mg, kobber (kobber (II) sulfat pentahydrat 3b405) 11 mg, zink (zink oxid 3b603 80 mg, aminosyre zink chelat, hydrat 25 mg) 61 mg, mangan (mangan(II)oxid 3b502) 26 mg, jod (calciumiodat, vandfrit 3b202) 2,0 mg, selen (natriumselenit 3b801) 0,1 mg<\/p>\n<p><strong>Aminosyrer\/kg:<br \/>\n<\/strong>DL-methionin (3c301) 4400 mg<\/p>\n<p>Antioxidant, tocopherolekstrakter fra vegetabilske olier 1b306(i)<\/p>\n<p>&nbsp;<\/p>\n<p><strong>Kan ikke anbefales til<\/strong><br \/>\nKillinger og unge katte op til 10. levem\u00e5ned<br \/>\nLever- eller nyresygdomme<br \/>\nIntolerance over for en eller flere af de indeholdte komponenter<\/p>\n<p><strong>Anbefalet varighed<\/strong><br \/>\nKan bruges ubegr\u00e6nset over tid.<\/p>\n<p><strong>Anbefalet foderm\u00e6ngde pr. dag<\/strong><br \/>\nTilbyd et par stykker flere gange om dagen &#8211; eller som et lille mellemm\u00e5ltid. Tr\u00e6k m\u00e6ngden af \u200b\u200btilbudte snacks fra den daglige ration af t\u00f8r- og\/eller v\u00e5dfoder.<\/p>\n","protected":false},"excerpt":{"rendered":"<p>&nbsp;<\/p>\n<p><!--more--><\/p>\n<p><span style=\"color: #339966;\">M\u00c5 KUN ANVENDES EFTER AFTALE MED EN DYRL\u00c6GE<\/span><br \/>\n<span style=\"color: #339966;\">Happy Cat VET er kun tilg\u00e6ngelig hos godkendte forhandlere<\/span><\/p>\n<p>Findes i 85 gr<\/p>\n<ul>\n<li>Letford\u00f8jelige og s\u00e6rligt veltolererede ingredienser<\/li>\n<li>Glutenfri opskrift<\/li>\n<li>Rig p\u00e5 proteiner af h\u00f8j kvalitet<\/li>\n<li>Uden tilsat sukker og konserveringsmidler<\/li>\n<\/ul>\n","protected":false},"featured_media":0,"comment_status":"closed","ping_status":"closed","template":"","meta":[],"product_brand":[],"product_cat":[1869,2117,2118],"product_tag":[],"class_list":{"0":"post-1746","1":"product","2":"type-product","3":"status-publish","5":"product_cat-vet-kat-2","6":"product_cat-vet-kat-foedevareallergi-2","7":"product_cat-vet-kat-snack-2","9":"first","10":"instock","11":"featured","12":"purchasable","13":"product-type-simple"},"supplier_id":null,"supplier_sku":"","barcode":null,"atum_controlled":true,"out_stock_date":null,"out_stock_threshold":null,"inheritable":false,"inbound_stock":null,"stock_on_hold":0,"sold_today":0,"sales_last_days":0,"reserved_stock":null,"customer_returns":null,"warehouse_damage":null,"lost_in_post":null,"other_logs":null,"out_stock_days":0,"lost_sales":0,"has_location":null,"update_date":"2026-01-26T00:07:00","atum_locations":[],"atum_stock_status":"instock","restock_status":false,"low_stock_amount":"","sales_update_date":"2026-01-26T00:07:00","calc_backorders":null,"_links":{"self":[{"href":"https:\/\/3d-printere.dk\/index.php\/wp-json\/wp\/v2\/product\/1746","targetHints":{"allow":["GET"]}}],"collection":[{"href":"https:\/\/3d-printere.dk\/index.php\/wp-json\/wp\/v2\/product"}],"about":[{"href":"https:\/\/3d-printere.dk\/index.php\/wp-json\/wp\/v2\/types\/product"}],"replies":[{"embeddable":true,"href":"https:\/\/3d-printere.dk\/index.php\/wp-json\/wp\/v2\/comments?post=1746"}],"wp:attachment":[{"href":"https:\/\/3d-printere.dk\/index.php\/wp-json\/wp\/v2\/media?parent=1746"}],"wp:term":[{"taxonomy":"product_brand","embeddable":true,"href":"https:\/\/3d-printere.dk\/index.php\/wp-json\/wp\/v2\/product_brand?post=1746"},{"taxonomy":"product_cat","embeddable":true,"href":"https:\/\/3d-printere.dk\/index.php\/wp-json\/wp\/v2\/product_cat?post=1746"},{"taxonomy":"product_tag","embeddable":true,"href":"https:\/\/3d-printere.dk\/index.php\/wp-json\/wp\/v2\/product_tag?post=1746"}],"curies":[{"name":"wp","href":"https:\/\/api.w.org\/{rel}","templated":true}]}}