{"id":1735,"date":"2025-12-05T15:57:22","date_gmt":"2025-12-05T14:57:22","guid":{"rendered":"https:\/\/3d-printere.dk\/index.php\/vare\/vet-kat-renal-toerfoder-kronisk-nyresvigt-6\/"},"modified":"2025-12-05T15:57:33","modified_gmt":"2025-12-05T14:57:33","slug":"vet-kat-renal-toerfoder-kronisk-nyresvigt-6","status":"publish","type":"product","link":"https:\/\/3d-printere.dk\/index.php\/vare\/vet-kat-renal-toerfoder-kronisk-nyresvigt-6\/","title":{"rendered":"VET KAT Renal t\u00f8rfoder &#8211; Kronisk nyresvigt"},"content":{"rendered":"<p>Di\u00e6tetisk fuldfoder til katte for at underst\u00f8tte nyrefunktionen ved akut og kronisk nyresvigt.<\/p>\n<p><strong>Indikation<\/strong><\/p>\n<ul>\n<li>Kronisk nyreinsufficiens (CNI) (nyresvigt)<\/li>\n<li>Forbig\u00e5ende nyreinsufficiens (nyresvigt)<\/li>\n<\/ul>\n<p><strong>M\u00e5l<\/strong><br \/>\nAflaste nyrerne gennem den rette tilf\u00f8relse af n\u00e6ringsstoffer<br \/>\nStabilisere og forbedre kattens generelle tilstand<br \/>\nFremme optagelsen af foderet p\u00e5 grund af den s\u00e6rdeles velsmagende opskrift<\/p>\n<p><strong>Plantebaserede ingredienser<\/strong><br \/>\nIngredienserne birkeblade og m\u00e6lkeb\u00f8tte bruges traditionelt til at rense blodet.<\/p>\n<p>&nbsp;<\/p>\n<p><strong>Ingredienser<\/strong><br \/>\nMajs, rismel, kartoffelflager, fjerkr\u00e6fedt, fedtegrever (8%), laksemel (4%), t\u00f8rrede hele \u00e6g (2%), guler\u00f8dder*, leverhydrolysat, solsikkeolie, kaliumchlorid, rapsolie, calciumcarbonat, g\u00e6r*, natriumchlorid, havalger*, h\u00f8rfr\u00f8 ( 0,15%), muslingek\u00f8d* (0,04%), marietidsel, g\u00e6r (ekstraheret)*, artiskok, m\u00e6lkeb\u00f8tte (0,015%), ingef\u00e6r, birkeblade (0,015%), br\u00e6nden\u00e6lde, kamille, koriander, rosmarin, salvie, lakridsrod, timian<br \/>\n(t\u00f8rrede urter i alt: 0,16% ); *) t\u00f8rret<\/p>\n<p><strong>Analytiske bestanddele<\/strong><br \/>\nR\u00e5protein 25,5%, r\u00e5fedt 16,0%, r\u00e5fiber 3,5%, r\u00e5aske 4,0%, calcium 0,35%, fosfor 0,3%, natrium 0,25 %, kalium 0,65%, magnesium 0,06%, omega-6 fedtsyrer 3,5% omega-3 fedtsyrer 0,4%<\/p>\n<p>&nbsp;<\/p>\n<p><strong>Tils\u00e6tningsstoffer<\/strong><\/p>\n<p><strong>Vitaminer \/ kg:<br \/>\n<\/strong>Vitamin A (3a672a) 17000 IE, vitamin D3 (3a671) 600 IE, vitamin E (alle rac-alpha-tocopheryl acetate 3a700) 130 mg, vitamin B1 (thiaminmononitrat 3a821) 9 mg, vitamin 2 ariboflavin 3i ( ) 10 mg, vitamin B6 (Py-ridoxin hydrochlorid 3a831) 8 mg, biotin (3a880) 1000 mcg, calcium D-pantothenat (3a841) 35 mg, niacin (3a314) 100 mg, vitamin B12 40 mcg (10 mcg) (3a, taurin) mg<\/p>\n<p><strong>Sporstoffer\/kg:<br \/>\n<\/strong>Jern (jern(II)sulfat, monohydrat 3b103) 60 mg, kobber(kobber(II)sulfatpentahydrat 3b405) 10 mg, zink (zinkoxid 3b603 70 mg, aminosyre zinkchelat, hydrat 3b606) 80 mg, mangan (mangan (II) oxid 3b502) 15 mg, jod (calciumiodat, vandfri 3b202) 1,5 mg, selen (natriumselenit 3b801) 0,2 mg<\/p>\n<p>Antioxidant, tocopherolekstrakter fra vegetabilske olier 1b306(i)<\/p>\n<div class=\"js--modal sizing--content\">\n<div class=\"btn icon--cross is--small btn--grey modal--close\"><\/div>\n<\/div>\n<p><strong>Kan ikke anbefales til<\/strong><br \/>\nKillinger og unge katte op til 10. levem\u00e5ned<br \/>\nGraviditet, diegivende<br \/>\nPancreatitis (bet\u00e6ndelse i bugspytkirtlen)<br \/>\nHyperlipid\u00e6mi (forh\u00f8jet fedtstof i blodet)<br \/>\nFedtford\u00f8jelsesforstyrrelser<\/p>\n<p>&nbsp;<\/p>\n<p><img loading=\"lazy\" decoding=\"async\" class=\"alignnone size-medium wp-image-6216\" src=\"https:\/\/haps.centrumdyrehandel.dk\/wp-content\/uploads\/2024\/04\/VET-KAT-renal-toerfoder-foderplan-030424-300x183.jpg\" alt=\"\" width=\"300\" height=\"183\" \/><\/p>\n<p><strong>Anbefalet varighed<\/strong><br \/>\nVed kronisk nyresvigt op til 6 m\u00e5neder.Livslang fodring er normalt n\u00f8dvendig. Hvis foderet anbefales til midlertidigt nyresvigt, er den anbefalede fodringsperiode 2 til 4 uger.<\/p>\n<p><strong>R\u00e5dgivning om fodring<\/strong><br \/>\nDet anbefales at kontrollere nyrefunktionen med j\u00e6vne mellemrum.<\/p>\n<p><strong>Anbefalet foderm\u00e6ngde pr. dag<\/strong><br \/>\nM\u00e6ngden af \u200b\u200bfoder skal tilpasses kattens individuelle stofskifte og skal muligvis justeres i moderate m\u00e6ngder. Katten skal altid have frisk vand til r\u00e5dighed. Ved blandet fodring bem\u00e6rk: 100 g v\u00e5dfoder \u2248 29 g t\u00f8rfoder<\/p>\n","protected":false},"excerpt":{"rendered":"<p>&nbsp;<\/p>\n<p><!--more--><\/p>\n<p><span style=\"color: #339966;\">M\u00c5 KUN ANVENDES EFTER AFTALE MED EN DYRL\u00c6GE<\/span><br \/>\n<span style=\"color: #339966;\">Happy Cat VET er kun tilg\u00e6ngelig hos godkendte forhandlere<\/span><\/p>\n<p>Findes i 1 kg og 4 kg<\/p>\n<ul>\n<li>Tilpasset reduktion af fosfor-, natrium- og proteinindhold i overensstemmelse med behovene<\/li>\n<li>H\u00f8j accept p\u00e5 grund af en s\u00e6rlig velsmagende opskrift<\/li>\n<li>H\u00f8j kvalitet af proteiner<\/li>\n<li>Med antioxidanter og omega-3 fedtsyrer for en yderligere positiv st\u00f8ttende effekt<\/li>\n<\/ul>\n","protected":false},"featured_media":0,"comment_status":"closed","ping_status":"closed","template":"","meta":[],"product_brand":[],"product_cat":[1869,2079,2113],"product_tag":[],"class_list":{"0":"post-1735","1":"product","2":"type-product","3":"status-publish","5":"product_cat-vet-kat-2","6":"product_cat-vet-kat-nyrersvigt-2","7":"product_cat-vet-kat-toerkost-2","9":"first","10":"instock","11":"featured","12":"purchasable","13":"product-type-simple"},"supplier_id":null,"supplier_sku":"","barcode":null,"atum_controlled":true,"out_stock_date":null,"out_stock_threshold":null,"inheritable":false,"inbound_stock":null,"stock_on_hold":0,"sold_today":0,"sales_last_days":0,"reserved_stock":null,"customer_returns":null,"warehouse_damage":null,"lost_in_post":null,"other_logs":null,"out_stock_days":0,"lost_sales":0,"has_location":null,"update_date":"2026-01-26T00:06:57","atum_locations":[],"atum_stock_status":"instock","restock_status":false,"low_stock_amount":"","sales_update_date":"2026-01-26T00:06:57","calc_backorders":null,"_links":{"self":[{"href":"https:\/\/3d-printere.dk\/index.php\/wp-json\/wp\/v2\/product\/1735","targetHints":{"allow":["GET"]}}],"collection":[{"href":"https:\/\/3d-printere.dk\/index.php\/wp-json\/wp\/v2\/product"}],"about":[{"href":"https:\/\/3d-printere.dk\/index.php\/wp-json\/wp\/v2\/types\/product"}],"replies":[{"embeddable":true,"href":"https:\/\/3d-printere.dk\/index.php\/wp-json\/wp\/v2\/comments?post=1735"}],"wp:attachment":[{"href":"https:\/\/3d-printere.dk\/index.php\/wp-json\/wp\/v2\/media?parent=1735"}],"wp:term":[{"taxonomy":"product_brand","embeddable":true,"href":"https:\/\/3d-printere.dk\/index.php\/wp-json\/wp\/v2\/product_brand?post=1735"},{"taxonomy":"product_cat","embeddable":true,"href":"https:\/\/3d-printere.dk\/index.php\/wp-json\/wp\/v2\/product_cat?post=1735"},{"taxonomy":"product_tag","embeddable":true,"href":"https:\/\/3d-printere.dk\/index.php\/wp-json\/wp\/v2\/product_tag?post=1735"}],"curies":[{"name":"wp","href":"https:\/\/api.w.org\/{rel}","templated":true}]}}