{"id":1731,"date":"2025-12-05T15:57:22","date_gmt":"2025-12-05T14:57:22","guid":{"rendered":"https:\/\/3d-printere.dk\/index.php\/vare\/vet-kat-intestinal-low-fat-toerfoder-fordoejelsesproblemer-3\/"},"modified":"2025-12-05T15:57:29","modified_gmt":"2025-12-05T14:57:29","slug":"vet-kat-intestinal-low-fat-toerfoder-fordoejelsesproblemer-3","status":"publish","type":"product","link":"https:\/\/3d-printere.dk\/index.php\/vare\/vet-kat-intestinal-low-fat-toerfoder-fordoejelsesproblemer-3\/","title":{"rendered":"VET KAT Intestinal Low Fat t\u00f8rfoder &#8211; Ford\u00f8jelsesproblemer"},"content":{"rendered":"<p>Di\u00e6tetisk fuldfoder til voksne katte for at kompensere for utilstr\u00e6kkelig ford\u00f8jelse, eksokrin bugspytkirtelinsufficiens<br \/>\nog for at underst\u00f8tte fedtstofskiftet ved hyperlipid\u00e6mi<\/p>\n<p><strong>Indikation<\/strong><\/p>\n<ul>\n<li>Eksokrin pancreasinsufficiens (bugspytkirtlen ikke producerer nok enzymer til at nedbryde maden)<\/li>\n<li>Hyperlipid\u00e6mi (forh\u00f8jet niveau af fedtstoffer i blodet)<\/li>\n<li>Lymfangiektasi (udvidelse af lymfekar)<\/li>\n<li>Sygdom i galdegangene<\/li>\n<\/ul>\n<p><strong>M\u00e5l<\/strong><br \/>\nAflastning af mave-tarmkanalen ved utilstr\u00e6kkelig fedtford\u00f8jelse<\/p>\n<p>&nbsp;<\/p>\n<p><strong>Ingredienser<\/strong><br \/>\nKyllingek\u00f8d* (21%), fedtegrever, rismel (15%), ris (15%), majsmel, risprotein* (7,5%), solsikkeolie, guler\u00f8dder*, leverhydrolysat, fiskehydrolysat*, fjerkr\u00e6fedt ( 1%), cellulose, kaliumchlorid, rapsolie, cikoriepulver (0,15% = 0,1% inulin), yucca schidigera, g\u00e6r* (ekstraheret, 0,05% = 0,008% MOS), psylliumskaller *) t\u00f8rret, **) t\u00f8rret, delvist hydrolyseret.<\/p>\n<p><strong>Analytiske bestanddele<\/strong><br \/>\nR\u00e5protein 37,0%, r\u00e5fedt 10,0%, r\u00e5fiber 2,0%, r\u00e5aske 7,0%, calcium 1,05%, fosfor 0,85%, natrium 0,4%, kalium 0,7%, magnesium 0,07%, omega-6 fedtsyrer 2,0%, omega-3 fedtsyrer 0,2%<\/p>\n<p>&nbsp;<\/p>\n<p><strong>Tils\u00e6tningsstoffer<\/strong><\/p>\n<p><strong>Vitaminer \/ kg:<br \/>\n<\/strong>Vitamin A (3a672a) 18000 IE, vitamin D3 (3a671) 900 IE, vitamin E (alle rac-alpha-tocopheryl acetate 3a700) 130 mg, vitamin B1 (thiaminmononitrat 3a821) 4 mg, vitamin 2 ariboflavin 3i ( ) 4 mg, vitamin B6 (Py-ridoxin hydrochlorid 3a831) 4 mg, biotin (3a880) 500 mcg, calcium D-pantothenat (3a841) 10 mg, niacin (3a314) 55 mg, vitamin B12 75 mcg, 1 0300 (3 070) mg<\/p>\n<p><strong>Sporstoffer\/kg:<br \/>\n<\/strong>Jern (jern(II)sulfat, monohydrat 3b103) 60 mg, kobber (kobber(II)sulfatpentahydrat 3b405) 10 mg, zink (zinkoxid 3b603) 80 mg, mangan (mangan(II)oxid 3b502) 15 mg, jod (calciumiodat, vandfrit 3b202) 1,5 mg, selen (natriumselenit 3b801) 0,25 mg<\/p>\n<p>Antioxidant, tocopherolekstrakter fra vegetabilske olier 1b306(i)<\/p>\n<p>&nbsp;<\/p>\n<p><strong>Kan ikke anbefales til<\/strong><br \/>\nKillinger og unge katte op til 10. levem\u00e5ned<br \/>\nGraviditet, diegivende<br \/>\nKatte med nyrer- eller leversygdom<\/p>\n<p>&nbsp;<\/p>\n<p><img loading=\"lazy\" decoding=\"async\" class=\"alignnone size-medium wp-image-6209\" src=\"https:\/\/haps.centrumdyrehandel.dk\/wp-content\/uploads\/2024\/04\/VET-KAT-intestinal-low-fat-toerfoder-foderplan-030424-300x183.jpg\" alt=\"\" width=\"300\" height=\"183\" \/><\/p>\n<p><strong>Anbefalet varighed<\/strong><br \/>\nI f\u00f8rste omgang op til 12 uger, eller for livet, hvis der er kronisk bugspytkirtelinsufficiens. I tilf\u00e6lde af hyperlipid\u00e6mi, i f\u00f8rste omgang op til to m\u00e5neder.<\/p>\n<p><strong>R\u00e5dgivning om fodring<\/strong><br \/>\nS\u00e5fremt dyrl\u00e6gen ikke anbefaler andet, tilbyd flere sm\u00e5 m\u00e5ltider om dagen. Det anbefales at s\u00f8ge r\u00e5d fra en dyrl\u00e6ge, f\u00f8r fodring eller forl\u00e6ngelse af fodringsperioden. For at opn\u00e5 optimal effekt b\u00f8r du udelukkende f\u00f8lge di\u00e6tanbefalingerne. Eventuelle yderligere kosttilskud b\u00f8r afklares med den behandlende dyrl\u00e6ge.<\/p>\n<p><strong>Anbefalet foderm\u00e6ngde pr. dag<\/strong><br \/>\nM\u00e6ngden af \u200b\u200bfoder skal tilpasses kattens individuelle stofskifte og skal muligvis justeres i moderate m\u00e6ngder. Katten skal altid have frisk vand til r\u00e5dighed.<\/p>\n","protected":false},"excerpt":{"rendered":"<p>&nbsp;<\/p>\n<p><!--more--><\/p>\n<p><span style=\"color: #339966;\">M\u00c5 KUN ANVENDES EFTER AFTALE MED EN DYRL\u00c6GE<\/span><br \/>\n<span style=\"color: #339966;\">Happy Cat VET er kun tilg\u00e6ngelig hos godkendte forhandlere<\/span><\/p>\n<p>Findes i 1 kg<\/p>\n<ul>\n<li>Lavt fedtindhold for at aflaste ford\u00f8jelsessystemet<\/li>\n<li>Aff\u00f8ringsstabilisering og styrkelse af tarmfloraen gennem kostfibre<\/li>\n<li>Med inulin og mannanoligosaccharider* (MOS) til at regenerere tarmfloraen<\/li>\n<li>Med letford\u00f8jelige ingredienser som kylling og ris, forbedres optagelsen af n\u00e6ringsstoffer<\/li>\n<\/ul>\n<p>* Mannanoligosaccharider (MOS) er komplekse kulhydrater, prim\u00e6rt best\u00e5ende af mannose, der findes naturligt i visse planter og g\u00e6r; de anvendes ofte som kosttilskud i dyrefoder for at fremme sund tarmfunktion og immunforsvar ved at virke pr\u00e6biotisk og binde patogene bakterier i tarmen.<\/p>\n","protected":false},"featured_media":1189,"comment_status":"closed","ping_status":"closed","template":"","meta":[],"product_brand":[],"product_cat":[1869,2111,2113],"product_tag":[],"class_list":{"0":"post-1731","1":"product","2":"type-product","3":"status-publish","4":"has-post-thumbnail","6":"product_cat-vet-kat-2","7":"product_cat-vet-kat-fordoejelsesbesvaer-2","8":"product_cat-vet-kat-toerkost-2","10":"first","11":"instock","12":"featured","13":"product-type-simple"},"supplier_id":null,"supplier_sku":"","barcode":null,"atum_controlled":true,"out_stock_date":null,"out_stock_threshold":null,"inheritable":false,"inbound_stock":null,"stock_on_hold":0,"sold_today":0,"sales_last_days":0,"reserved_stock":null,"customer_returns":null,"warehouse_damage":null,"lost_in_post":null,"other_logs":null,"out_stock_days":0,"lost_sales":0,"has_location":null,"update_date":"2026-01-26T00:06:57","atum_locations":[],"atum_stock_status":"instock","restock_status":false,"low_stock_amount":"","sales_update_date":"2026-01-26T00:06:57","calc_backorders":null,"_links":{"self":[{"href":"https:\/\/3d-printere.dk\/index.php\/wp-json\/wp\/v2\/product\/1731","targetHints":{"allow":["GET"]}}],"collection":[{"href":"https:\/\/3d-printere.dk\/index.php\/wp-json\/wp\/v2\/product"}],"about":[{"href":"https:\/\/3d-printere.dk\/index.php\/wp-json\/wp\/v2\/types\/product"}],"replies":[{"embeddable":true,"href":"https:\/\/3d-printere.dk\/index.php\/wp-json\/wp\/v2\/comments?post=1731"}],"wp:featuredmedia":[{"embeddable":true,"href":"https:\/\/3d-printere.dk\/index.php\/wp-json\/wp\/v2\/media\/1189"}],"wp:attachment":[{"href":"https:\/\/3d-printere.dk\/index.php\/wp-json\/wp\/v2\/media?parent=1731"}],"wp:term":[{"taxonomy":"product_brand","embeddable":true,"href":"https:\/\/3d-printere.dk\/index.php\/wp-json\/wp\/v2\/product_brand?post=1731"},{"taxonomy":"product_cat","embeddable":true,"href":"https:\/\/3d-printere.dk\/index.php\/wp-json\/wp\/v2\/product_cat?post=1731"},{"taxonomy":"product_tag","embeddable":true,"href":"https:\/\/3d-printere.dk\/index.php\/wp-json\/wp\/v2\/product_tag?post=1731"}],"curies":[{"name":"wp","href":"https:\/\/api.w.org\/{rel}","templated":true}]}}