{"id":1726,"date":"2025-12-05T15:57:22","date_gmt":"2025-12-05T14:57:22","guid":{"rendered":"https:\/\/3d-printere.dk\/index.php\/vare\/vet-kat-intestinal-toerfoder-fordoejelsesproblemer-4\/"},"modified":"2025-12-05T15:57:24","modified_gmt":"2025-12-05T14:57:24","slug":"vet-kat-intestinal-toerfoder-fordoejelsesproblemer-4","status":"publish","type":"product","link":"https:\/\/3d-printere.dk\/index.php\/vare\/vet-kat-intestinal-toerfoder-fordoejelsesproblemer-4\/","title":{"rendered":"VET KAT Intestinal t\u00f8rfoder &#8211; Ford\u00f8jelsesproblemer"},"content":{"rendered":"<p>Di\u00e6tetisk fuldfoder til killinger fra 6. m\u00e5ned og voksne katte til lindring af akutte ford\u00f8jelsesproblemer<\/p>\n<p><strong>Indikation<\/strong><br \/>\nAkutte og kroniske mave-tarm-sygdomme<\/p>\n<p><strong>M\u00e5l<\/strong><br \/>\nAt styrke tarmen til bedre ford\u00f8jelse<br \/>\nAflastning af ford\u00f8jelsessystemet<\/p>\n<p><strong>Plantebaserede ingredienser<\/strong><br \/>\nIngredienserne kamille og koriander anvendes traditionelt som supplement til den konventionelle behandling af gastrointestinale (mave\/tarm) problemer.<\/p>\n<p>&nbsp;<\/p>\n<p><strong>Ingredienser<\/strong><br \/>\nKyllingek\u00f8d* (21%), rismel (20%), risprotein* (16%), kartoffelflager, fedtegrever, fjerkr\u00e6fedt (7%), solsikkeolie, guler\u00f8dder, leverhydrolysat, fiskehydrolysat*, cellulose, t\u00f8rrede hele \u00e6g (0,5%), rapsolie, majs, kaliumchlorid, cikoriepulver (0,15% = 0,1% inulin), g\u00e6r*, natriumchlorid, yucca schidigera, havalger*, h\u00f8rfr\u00f8*, g\u00e6r* (ekstraheret, 0,05% = 0,008% MOS), psylliumskaller, marietidsel, artiskok, m\u00e6lkeb\u00f8tte, ingef\u00e6r, birk, br\u00e6nden\u00e6lde, kamille (0,006%), koriander (0,003%), rosmarin, salvie, lakridsrod, timian (t\u00f8rrede urter i alt: 0,16%); *) t\u00f8rret, **) t\u00f8rret, delvist hydrolyseret.<\/p>\n<p><strong>Analytiske bestanddele<\/strong><br \/>\nR\u00e5protein 37,0%, r\u00e5fedt 10,0%, r\u00e5fiber 2,0%, r\u00e5aske 7,0%, calcium 1,05%, fosfor 0,85%, natrium 0,4%, kalium 0,7%, magnesium 0,07%, omega-6 fedtsyrer 2,0%, omega-3 fedtsyrer 0,2%<\/p>\n<p>&nbsp;<\/p>\n<p><strong>Tils\u00e6tningsstoffer<\/strong><\/p>\n<p><strong>Vitaminer \/ kg:<br \/>\n<\/strong>Vitamin A (3a672a) 18000 IE, vitamin D3 (3a671) 900 IE, vitamin E (alle rac-alpha-tocopheryl acetate 3a700) 130 mg, vitamin B1 (thiaminmononitrat 3a821) 4 mg, vitamin 2 ariboflavin 3i ( ) 4 mg, vitamin B6 (Py-ridoxin hydrochlorid 3a831) 4 mg, biotin (3a880) 500 mcg, calcium D-pantothenat (3a841) 10 mg, niacin (3a314) 55 mg, vitamin B12 75 mcg, 1 0300 (3 070) mg<\/p>\n<p><strong>Sporstoffer\/kg:<\/strong><br \/>\nJern (jern(II)sulfat, monohydrat 3b103) 60 mg, kobber (kobber(II)sulfatpentahydrat 3b405) 10 mg, zink (zinkoxid 3b603) 80 mg, mangan (mangan(II)oxid 3b502) 15 mg, jod (calciumiodat, vandfrit 3b202) 1,5 mg, selen (natriumselenit 3b801) 0,25 mg<\/p>\n<p>Antioxidant, tocopherolekstrakter fra vegetabilske olier 1b306(i)<\/p>\n<p>&nbsp;<\/p>\n<p><strong>Kan ikke anbefales til<\/strong><br \/>\nAkut pancreatitis<br \/>\n(bet\u00e6ndelse i bugspytkirtlen)<br \/>\nHyperlipid\u00e6mi<br \/>\n(forh\u00f8jet fedtstof i blodet)<br \/>\nSygdomme, der kr\u00e6ver en reduktion<br \/>\naf fedtindholdet<br \/>\nKillinger og unge katte op til 6. levem\u00e5ned<br \/>\nGraviditet, diegivende<br \/>\nKatte med natriumretention<br \/>\n(hyppig vandladning)<\/p>\n<p>&nbsp;<\/p>\n<p><img loading=\"lazy\" decoding=\"async\" class=\"alignnone size-medium wp-image-6191\" src=\"https:\/\/haps.centrumdyrehandel.dk\/wp-content\/uploads\/2024\/04\/VET-KAT-intestinal-toerfoder-foderplan-030424-300x195.jpg\" alt=\"\" width=\"300\" height=\"195\" \/><\/p>\n<p><strong>Anbefalet varighed<\/strong><br \/>\nOp til 12 uger.<\/p>\n<p><strong>Anbefalet foderm\u00e6ngde pr. dag<\/strong><br \/>\nM\u00e6ngden af \u200b\u200bfoder skal tilpasses kattens individuelle stofskifte og skal muligvis justeres i moderate m\u00e6ngder. Katten skal altid have frisk vand til r\u00e5dighed.<\/p>\n<p>* Fra den 10. levem\u00e5ned kan foderm\u00e6ngden (efter neutralisering) langsomt reduceres til den daglige m\u00e6ngde, der anbefales til \u201cdet normale behov for en voksen kat\u201d i overensstemmelse med det faldende energibehov. Ved blandet fodring bem\u00e6rk: 100 g v\u00e5dfoder \u2248 23 g t\u00f8rfoder<\/p>\n","protected":false},"excerpt":{"rendered":"<p>&nbsp;<\/p>\n<p><!--more--><\/p>\n<p><span style=\"color: #339966;\">M\u00c5 KUN ANVENDES EFTER AFTALE MED EN DYRL\u00c6GE<\/span><br \/>\n<span style=\"color: #339966;\">Happy Cat VET er kun tilg\u00e6ngelig hos godkendte forhandlere<\/span><\/p>\n<p>Findes i 1 kg og 4 kg<\/p>\n<ul>\n<li>Akut og kronisk mave-tarm sygdomme<\/li>\n<li>Forbedret optagelse af n\u00e6ringsstoffer<\/li>\n<li>Med letford\u00f8jelige ingredienser som kylling og ris<\/li>\n<li>Stabilisering af aff\u00f8ringen og styrkelse af tarmfloraen ved hj\u00e6lp af kostfibre<\/li>\n<li>Tilpasset indhold af kulhydrat for at sk\u00e5ne ford\u00f8jelsessystemet<\/li>\n<li>Glutenfri<\/li>\n<li>Med inulin og mannanoligosaccharider* (MOS) til at genoprette tarmfloraen<\/li>\n<li>\u00d8get indhold af natrium og kalium<\/li>\n<\/ul>\n<p>* Mannanoligosaccharider (MOS) er komplekse kulhydrater, prim\u00e6rt best\u00e5ende af mannose, der findes naturligt i visse planter og g\u00e6r; de anvendes ofte som kosttilskud i dyrefoder for at fremme sund tarmfunktion og immunforsvar ved at virke pr\u00e6biotisk og binde patogene bakterier i tarmen.<\/p>\n","protected":false},"featured_media":1171,"comment_status":"closed","ping_status":"closed","template":"","meta":[],"product_brand":[],"product_cat":[1869,2111,2113],"product_tag":[],"class_list":{"0":"post-1726","1":"product","2":"type-product","3":"status-publish","4":"has-post-thumbnail","6":"product_cat-vet-kat-2","7":"product_cat-vet-kat-fordoejelsesbesvaer-2","8":"product_cat-vet-kat-toerkost-2","10":"first","11":"instock","12":"featured","13":"product-type-simple"},"supplier_id":null,"supplier_sku":"","barcode":null,"atum_controlled":true,"out_stock_date":null,"out_stock_threshold":null,"inheritable":false,"inbound_stock":null,"stock_on_hold":0,"sold_today":0,"sales_last_days":0,"reserved_stock":null,"customer_returns":null,"warehouse_damage":null,"lost_in_post":null,"other_logs":null,"out_stock_days":0,"lost_sales":0,"has_location":null,"update_date":"2026-01-26T00:06:57","atum_locations":[],"atum_stock_status":"instock","restock_status":false,"low_stock_amount":"","sales_update_date":"2026-01-26T00:06:57","calc_backorders":null,"_links":{"self":[{"href":"https:\/\/3d-printere.dk\/index.php\/wp-json\/wp\/v2\/product\/1726","targetHints":{"allow":["GET"]}}],"collection":[{"href":"https:\/\/3d-printere.dk\/index.php\/wp-json\/wp\/v2\/product"}],"about":[{"href":"https:\/\/3d-printere.dk\/index.php\/wp-json\/wp\/v2\/types\/product"}],"replies":[{"embeddable":true,"href":"https:\/\/3d-printere.dk\/index.php\/wp-json\/wp\/v2\/comments?post=1726"}],"wp:featuredmedia":[{"embeddable":true,"href":"https:\/\/3d-printere.dk\/index.php\/wp-json\/wp\/v2\/media\/1171"}],"wp:attachment":[{"href":"https:\/\/3d-printere.dk\/index.php\/wp-json\/wp\/v2\/media?parent=1726"}],"wp:term":[{"taxonomy":"product_brand","embeddable":true,"href":"https:\/\/3d-printere.dk\/index.php\/wp-json\/wp\/v2\/product_brand?post=1726"},{"taxonomy":"product_cat","embeddable":true,"href":"https:\/\/3d-printere.dk\/index.php\/wp-json\/wp\/v2\/product_cat?post=1726"},{"taxonomy":"product_tag","embeddable":true,"href":"https:\/\/3d-printere.dk\/index.php\/wp-json\/wp\/v2\/product_tag?post=1726"}],"curies":[{"name":"wp","href":"https:\/\/api.w.org\/{rel}","templated":true}]}}