{"id":1723,"date":"2025-12-05T15:56:55","date_gmt":"2025-12-05T14:56:55","guid":{"rendered":"https:\/\/3d-printere.dk\/index.php\/vare\/vet-kat-adipositas-toerfoder-vaegtkontrol-6\/"},"modified":"2025-12-05T15:57:14","modified_gmt":"2025-12-05T14:57:14","slug":"vet-kat-adipositas-toerfoder-vaegtkontrol-6","status":"publish","type":"product","link":"https:\/\/3d-printere.dk\/index.php\/vare\/vet-kat-adipositas-toerfoder-vaegtkontrol-6\/","title":{"rendered":"VET KAT Adipositas t\u00f8rfoder &#8211; V\u00e6gtkontrol"},"content":{"rendered":"<p>Di\u00e6tetisk fuldfoder til voksne katte med henblik p\u00e5 v\u00e6gtreduktion.<\/p>\n<p><strong>Indikation<\/strong><br \/>\nOverv\u00e6gt, Adipositas<\/p>\n<p><strong>M\u00e5l<\/strong><br \/>\nReduktion af overv\u00e6gt<br \/>\nForbedre og vedligeholde den fysiske tilstand<\/p>\n<p><strong>Plantebaserede ingredienser<\/strong><br \/>\nIngredienserne rosmarin og ingef\u00e6r bruges traditionelt som supplement til at stimulere stofskiftet.<\/p>\n<p>&nbsp;<\/p>\n<p><strong>Ingredienser<\/strong><br \/>\nFjerkr\u00e6protein** (23,5%), byg, rismel, fedtegrever, kartoffelprotein*, lignocellulose, fiskemel, guler\u00f8dder, h\u00f8rfr\u00f8, solsikkeolie, fjerkr\u00e6fedt, fiskehydrolysat*, kaliumchlorid, rapsolie, g\u00e6r* (ekstraheret) , kollagenhydrolysat (0,2%), muslingek\u00f8d* (0,2%), glucosamin (0,2%), marietidsel, g\u00e6r*, natriumchlorid, yucca schidigera*, cikoriepulver, tang*, artiskok, m\u00e6lkeb\u00f8tte, ingef\u00e6r (0,003%) , birkeblade, br\u00e6nden\u00e6lde, kamille, koriander, rosmarin (0,003%), salvie, lakridsrod, timian (t\u00f8rrede urter i alt: 0,13%); *) t\u00f8rret, **) t\u00f8rret, delvist hydrolyseret.<\/p>\n<p><strong>Analytiske bestanddele<\/strong><\/p>\n<p>R\u00e5protein 41,0%, r\u00e5fedt 7,0%, r\u00e5fibre 8,0%, r\u00e5aske 7,0%, calcium 0,85%, fosfor 0,8%, natrium 0,4%, kalium 0,8%, magnesium 0,1%, omega-6 fedtsyrer 2%. omega-3 fedtsyrer 0,2%<\/p>\n<p>Energiv\u00e6rdi: ME 3265 kcal\/kg<\/p>\n<p>&nbsp;<\/p>\n<p><strong>Tils\u00e6tningsstoffer<\/strong><\/p>\n<p><strong>Vitaminer \/ kg:<br \/>\n<\/strong>Vitamin A (3a672a) 20000 IE, vitamin D3 (3a671) 1000 IE, vitamin E (alle rac-alpha-tocopherylacetat 3a700) 140 mg, vitamin B1 (thiaminmononitrat 3a821) 5 mg, vitamin B2i (vitamin 25 ) 5 mg, vitamin B6 (Pyri-doxin hydrochlorid 3a831) 5 mg, biotin (3a880) 550 mcg, calcium D-pantothenat (3a841) 12 mg, niacin (3a314) 60 mg, vitamin B12 80 mcg, 1a300 ( 070) mg, L-carnitin (3a910) 200 mg, cholinchlorid (3a890) 15 mg.<\/p>\n<p><strong>Sporstoffer\/kg:<br \/>\n<\/strong>Jern (jern(II)sulfat, monohydrat 3b103) 60 mg, kobber(kobber(II)sulfatpentahydrat 3b405) 10 mg, zink (zinkoxid 3b603 70 mg, aminosyre zinkchelat, hydrat 3b606) 80 mg, mangan mangan(II)oxid 3b502) 15 mg, jod (calciumiodat, vandfrit 3b202) 1,5 mg, selen (natriumselenit 3b801) 0,2 mg<\/p>\n<p><strong>Aminosyrer\/kg:<\/strong><br \/>\nDL-methionin (3c301) 4000 mg<\/p>\n<p>&nbsp;<\/p>\n<p><strong>Kan ikke anbefales til<\/strong><br \/>\nKillinger og unge katte op til 10. levem\u00e5ned<br \/>\nGraviditet, diegivende<br \/>\nKroniske sygdomme med \u00f8get energibehov<\/p>\n<p>&nbsp;<\/p>\n<p><img loading=\"lazy\" decoding=\"async\" class=\"alignnone size-medium wp-image-6177\" src=\"https:\/\/haps.centrumdyrehandel.dk\/wp-content\/uploads\/2024\/04\/VET-KAT-adipositas-toerfoder-foderplan-030424-300x195.jpg\" alt=\"\" width=\"300\" height=\"195\" \/><\/p>\n<p><strong>Anbefalet varighed<\/strong><br \/>\nIndtil \u00f8nsket v\u00e6gt er opn\u00e5et &#8211; og derefter ved behov for at opretholde den ideelle v\u00e6gt. Der anbefales en overgangsperiode til katte, n\u00e5r de starter p\u00e5 di\u00e6ten.<\/p>\n<p><strong>R\u00e5dgivning om fodring<\/strong><br \/>\nDen optimale v\u00e6gtreduktion p\u00e5 0,5 &#8211; 2% af den aktuelle kropsv\u00e6gt pr. uge b\u00f8r kontrolleres regelm\u00e6ssigt. For at undg\u00e5 ford\u00f8jelsesproblemer anbefales en langsom overgang til foderet over flere dage. Da katte er udsat for risikoen for feline hepatisk lipidose (fedtlever), b\u00f8r hurtig v\u00e6gttab og faste undg\u00e5s. \u00d8get aff\u00f8ring er for\u00e5rsaget af det h\u00f8jere fiber indhold.<\/p>\n<p><strong>Anbefalet foderm\u00e6ngde pr. dag<\/strong><br \/>\nM\u00e6ngden af \u200b\u200bfoder skal tilpasses kattens individuelle stofskifte og skal muligvis justeres i moderate m\u00e6ngder. Katten skal altid have frisk vand til r\u00e5dighed. Bem\u00e6rk ved blandet fodring: 100 g v\u00e5dfoder \u2248 20 g t\u00f8rfoder<\/p>\n","protected":false},"excerpt":{"rendered":"<p>&nbsp;<\/p>\n<p><!--more--><\/p>\n<p><span style=\"color: #339966;\">M\u00c5 KUN ANVENDES EFTER AFTALE MED EN DYRL\u00c6GE<\/span><br \/>\n<span style=\"color: #339966;\">Happy Cat VET er kun tilg\u00e6ngelig hos godkendte forhandlere<\/span><\/p>\n<p>Findes i 1 kg og 4 kg<\/p>\n<ul>\n<li>Reduceret energi- og kulhydratindhold<\/li>\n<li>\u00d8get indhold af m\u00e6ttende kostfibre<\/li>\n<li>Rig p\u00e5 protein, af h\u00f8j kvalitet, til at vedligeholde musklerne under v\u00e6gttab<\/li>\n<li>Med metaboliserende L-Carnitin<\/li>\n<li>Med kollagenhydrolysat, newzealandske muslinger og glucosamin &#8211; til at st\u00f8tte leddene<\/li>\n<\/ul>\n","protected":false},"featured_media":0,"comment_status":"closed","ping_status":"closed","template":"","meta":[],"product_brand":[],"product_cat":[1869,2114,2113],"product_tag":[],"class_list":{"0":"post-1723","1":"product","2":"type-product","3":"status-publish","5":"product_cat-vet-kat-2","6":"product_cat-vet-kat-overvaegt-2","7":"product_cat-vet-kat-toerkost-2","9":"first","10":"instock","11":"featured","12":"purchasable","13":"product-type-simple"},"supplier_id":null,"supplier_sku":"","barcode":null,"atum_controlled":true,"out_stock_date":null,"out_stock_threshold":null,"inheritable":false,"inbound_stock":null,"stock_on_hold":0,"sold_today":0,"sales_last_days":0,"reserved_stock":null,"customer_returns":null,"warehouse_damage":null,"lost_in_post":null,"other_logs":null,"out_stock_days":0,"lost_sales":0,"has_location":null,"update_date":"2026-01-26T00:06:57","atum_locations":[],"atum_stock_status":"instock","restock_status":false,"low_stock_amount":"","sales_update_date":"2026-01-26T00:06:57","calc_backorders":null,"_links":{"self":[{"href":"https:\/\/3d-printere.dk\/index.php\/wp-json\/wp\/v2\/product\/1723","targetHints":{"allow":["GET"]}}],"collection":[{"href":"https:\/\/3d-printere.dk\/index.php\/wp-json\/wp\/v2\/product"}],"about":[{"href":"https:\/\/3d-printere.dk\/index.php\/wp-json\/wp\/v2\/types\/product"}],"replies":[{"embeddable":true,"href":"https:\/\/3d-printere.dk\/index.php\/wp-json\/wp\/v2\/comments?post=1723"}],"wp:attachment":[{"href":"https:\/\/3d-printere.dk\/index.php\/wp-json\/wp\/v2\/media?parent=1723"}],"wp:term":[{"taxonomy":"product_brand","embeddable":true,"href":"https:\/\/3d-printere.dk\/index.php\/wp-json\/wp\/v2\/product_brand?post=1723"},{"taxonomy":"product_cat","embeddable":true,"href":"https:\/\/3d-printere.dk\/index.php\/wp-json\/wp\/v2\/product_cat?post=1723"},{"taxonomy":"product_tag","embeddable":true,"href":"https:\/\/3d-printere.dk\/index.php\/wp-json\/wp\/v2\/product_tag?post=1723"}],"curies":[{"name":"wp","href":"https:\/\/api.w.org\/{rel}","templated":true}]}}