{"id":1720,"date":"2025-12-05T15:56:55","date_gmt":"2025-12-05T14:56:55","guid":{"rendered":"https:\/\/3d-printere.dk\/index.php\/vare\/vet-rekonvaleszenz-regenerering-4\/"},"modified":"2025-12-05T15:57:11","modified_gmt":"2025-12-05T14:57:11","slug":"vet-rekonvaleszenz-regenerering-4","status":"publish","type":"product","link":"https:\/\/3d-printere.dk\/index.php\/vare\/vet-rekonvaleszenz-regenerering-4\/","title":{"rendered":"VET Rekonvaleszenz &#8211; Regenerering"},"content":{"rendered":"<p>Di\u00e6tetisk tilskudsfoder til voksne hunde og katte til ern\u00e6ringsm\u00e6ssig genopretning og regenerering samt til leverlipidose (fedtlever) hos katte.<\/p>\n<p><strong>Indikation<\/strong><\/p>\n<ul>\n<li>Sygdomme med h\u00f8jt energibehov<\/li>\n<li>Efter omfattende kirurgiske indgreb eller skader<\/li>\n<li>Til opfedning efter perioder med sult<\/li>\n<li>Ved manglende appetit og udmagring<\/li>\n<\/ul>\n<p><strong>M\u00e5l<\/strong><br \/>\n&#8211; at fremme v\u00e6gt\u00f8gning og regenerering<\/p>\n<p>&nbsp;<\/p>\n<p><strong>Ingredienser<\/strong><br \/>\nGelatine, kokosm\u00e6lkspulver, sojaproteinkoncentrat (21%), vallefedtkoncentrat (14,5%, vallepulver, vegetabilsk fedt (inklusive raffineret kokos)), s\u00f8dm\u00e6lkspulver (5%), dicalciumphosphat, t\u00f8rrede hele \u00e6g (2% ).<\/p>\n<p><strong>Analytiske bestanddele<br \/>\n<\/strong>R\u00e5protein 42,5%, r\u00e5fedt 25,1%, r\u00e5fibre 0,7%, r\u00e5aske 8,0%, calcium 1,5%, natrium 0,3%, kalium 1,0%, magnesium 0,2%, fosfor 1,2%, omega-6 fedtsyrer 1,4%<\/p>\n<p>Energiv\u00e6rdi: ME: 1945 kJ\/100 g \/ 4650 kcal\/kg<\/p>\n<p>&nbsp;<\/p>\n<p><strong>Tils\u00e6tningsstoffer<\/strong><\/p>\n<p><strong>Vitaminer \/ kg:<br \/>\n<\/strong>Vitamin A (3a672a) 20000 IE, vitamin D3 (3a671) 1800 IE, vitamin E (alle rac-alpha-tocopherylacetat 3a700) 700 mg, vitamin B1 (thiaminmononitrat 3a821) 15 mg, riboflavini B2 ) 15 mg, vitamin B6 (pyridoxinhydrochlorid 3a831) 10 mg, biotin (3a880) 100 mcg, calcium D-pantothenat (3a841) 50 mg, niacin (3a314) 90 mg, vitamin B12 100 mcg, 308 mcg, 308 mcg, cholinchlorid , C-vitamin (natriumcalciumascorbylphosphat 3a312) 250 mg, L-carnitin (3a910) 50 mg, taurin (3a370) 700 mg<\/p>\n<p><strong>Sporstoffer\/kg:<\/strong><br \/>\nJern (jern(II)sulfat, monohydrat 3b103) 180 mg, kobber (kobber(II)sulfatpentahydrat 3b405) 19 mg, zink (zinkoxid 3b603) 133 mg, mangan (mangan(II)sulfat, monohydratsulfat 3b503) 7 mg, jod (kaliumiodid 3b201) 1,7 mg, selen (natriumselenit 3b801) 0,24 mg<\/p>\n<p>&nbsp;<\/p>\n<p><strong>Kan ikke anbefales til<\/strong><br \/>\nHvalpe og unge hunde op til 6. levem\u00e5ned<br \/>\nGraviditet, diegivende<br \/>\nSygdomme i bugspytkirtlen<br \/>\nForstyrrelser i lipidmetabolismen<\/p>\n<p>&nbsp;<\/p>\n<p><img loading=\"lazy\" decoding=\"async\" class=\"alignnone size-medium wp-image-6164\" src=\"https:\/\/haps.centrumdyrehandel.dk\/wp-content\/uploads\/2024\/04\/VET-KAT-rekonvaleszenz-foderplan-040324-300x167.jpg\" alt=\"\" width=\"300\" height=\"167\" \/><\/p>\n<p>For indlagte dyr med reduceret energibehov anbefaler vi fodring med den station\u00e6re m\u00e6ngde af pulver.<\/p>\n<p>&nbsp;<\/p>\n<p><img loading=\"lazy\" decoding=\"async\" class=\"alignnone size-medium wp-image-6165\" src=\"https:\/\/haps.centrumdyrehandel.dk\/wp-content\/uploads\/2024\/04\/VET-HUND-rekonvaleszenz-foderplan-040324-300x220.jpg\" alt=\"\" width=\"300\" height=\"220\" \/><\/p>\n<p>For indlagte dyr med reduceret energibehov anbefaler vi fodring med den station\u00e6re m\u00e6ngde af pulver.<\/p>\n<p>&nbsp;<\/p>\n<p>&nbsp;<\/p>\n<p><strong>Anvendelse<br \/>\n<\/strong>1 str\u00f8get m\u00e5leske svarer til ca. 8 gram.<\/p>\n<p>Opl\u00f8s den forudbestemte m\u00e6ngde pulver i varmt vand i forholdet 3:1 under omr\u00f8ring.<br \/>\nLad blandingen k\u00f8le af inden brug og opbevar den eventuelt i k\u00f8leskabet i op til 24 timer.<\/p>\n<p>Ved administration med hj\u00e6lp fra sv\u00e6lgsonder: Administrer under dyrl\u00e6gens vejledning.<\/p>\n<p><strong>Anbefalet fodringsvarighed<\/strong><br \/>\nIndtil fuldst\u00e6ndig bedring.<\/p>\n","protected":false},"excerpt":{"rendered":"<p>&nbsp;<\/p>\n<p><!--more--><\/p>\n<p><span style=\"color: #339966;\">M\u00c5 KUN ANVENDES EFTER AFTALE MED EN DYRL\u00c6GE<\/span><br \/>\n<span style=\"color: #339966;\">Happy Dog \/ Happy Cat VET er kun tilg\u00e6ngelig hos godkendte forhandlere<\/span><\/p>\n<p>Findes i 200 gr<\/p>\n<ul>\n<li>Rig p\u00e5 energi og med h\u00f8je koncentrationer af essentielle n\u00e6ringsstoffer<\/li>\n<li>H\u00f8j ford\u00f8jelighed af proteiner til regenerering og styrkelse af immunsystemet<\/li>\n<li>Letford\u00f8jelige r\u00e5varer (soja, vallefedtkoncentrat, m\u00e6lk, \u00e6g)<\/li>\n<li>Opl\u00f8selig form for administration<\/li>\n<li>Velegnet til b\u00e5de oral og sondeern\u00e6ring<\/li>\n<\/ul>\n","protected":false},"featured_media":0,"comment_status":"closed","ping_status":"closed","template":"","meta":[],"product_brand":[],"product_cat":[1855,1825,2108,2099,1869,2112,2109,2113],"product_tag":[],"class_list":{"0":"post-1720","1":"product","2":"type-product","3":"status-publish","5":"product_cat-kosttilskud-kat","6":"product_cat-vet-hund","7":"product_cat-vet-hund-regenerering-2","8":"product_cat-vet-hund-toerkost-2","9":"product_cat-vet-kat-2","10":"product_cat-vet-kat-kosttilskud-2","11":"product_cat-vet-kat-regenerering-2","12":"product_cat-vet-kat-toerkost-2","13":"pa_stoerrelse-200-gr","15":"first","16":"instock","17":"featured","18":"purchasable","19":"product-type-simple"},"supplier_id":null,"supplier_sku":"","barcode":null,"atum_controlled":true,"out_stock_date":null,"out_stock_threshold":null,"inheritable":false,"inbound_stock":null,"stock_on_hold":0,"sold_today":0,"sales_last_days":0,"reserved_stock":null,"customer_returns":null,"warehouse_damage":null,"lost_in_post":null,"other_logs":null,"out_stock_days":0,"lost_sales":0,"has_location":null,"update_date":"2026-01-26T00:06:57","atum_locations":[],"atum_stock_status":"instock","restock_status":false,"low_stock_amount":"","sales_update_date":"2026-01-26T00:06:57","calc_backorders":null,"_links":{"self":[{"href":"https:\/\/3d-printere.dk\/index.php\/wp-json\/wp\/v2\/product\/1720","targetHints":{"allow":["GET"]}}],"collection":[{"href":"https:\/\/3d-printere.dk\/index.php\/wp-json\/wp\/v2\/product"}],"about":[{"href":"https:\/\/3d-printere.dk\/index.php\/wp-json\/wp\/v2\/types\/product"}],"replies":[{"embeddable":true,"href":"https:\/\/3d-printere.dk\/index.php\/wp-json\/wp\/v2\/comments?post=1720"}],"wp:attachment":[{"href":"https:\/\/3d-printere.dk\/index.php\/wp-json\/wp\/v2\/media?parent=1720"}],"wp:term":[{"taxonomy":"product_brand","embeddable":true,"href":"https:\/\/3d-printere.dk\/index.php\/wp-json\/wp\/v2\/product_brand?post=1720"},{"taxonomy":"product_cat","embeddable":true,"href":"https:\/\/3d-printere.dk\/index.php\/wp-json\/wp\/v2\/product_cat?post=1720"},{"taxonomy":"product_tag","embeddable":true,"href":"https:\/\/3d-printere.dk\/index.php\/wp-json\/wp\/v2\/product_tag?post=1720"}],"curies":[{"name":"wp","href":"https:\/\/api.w.org\/{rel}","templated":true}]}}