{"id":1717,"date":"2025-12-05T15:56:55","date_gmt":"2025-12-05T14:56:55","guid":{"rendered":"https:\/\/3d-printere.dk\/index.php\/vare\/vet-aktizym-fordoejelsen-3\/"},"modified":"2025-12-05T15:57:07","modified_gmt":"2025-12-05T14:57:07","slug":"vet-aktizym-fordoejelsen-3","status":"publish","type":"product","link":"https:\/\/3d-printere.dk\/index.php\/vare\/vet-aktizym-fordoejelsen-3\/","title":{"rendered":"VET AktiZym &#8211; Ford\u00f8jelsen"},"content":{"rendered":"<p>Di\u00e6tetisk tilskudsfoder til hunde og katte. Udreder ford\u00f8jelsesbesv\u00e6r, er udelukkende plantebaseret med en h\u00f8j accept samt uden behov for opbl\u00f8dning f\u00f8r fodring.<\/p>\n<p><strong>Indikation<\/strong><\/p>\n<ul>\n<li>Generel ford\u00f8jelsesbesv\u00e6r f.eks. EPI (eksokrin pancreasinsufficiens)<\/li>\n<li>Kompensation af utilstr\u00e6kkelig ford\u00f8jelsesfunktion (f.eks. hos geriatriske (\u00e6ldre) patienter)<\/li>\n<li>Ved mistanke om samtidig forekomst af f\u00f8devareallergi<\/li>\n<\/ul>\n<p><strong>M\u00e5l<\/strong><br \/>\nOptimering af ford\u00f8jelsesevnen<br \/>\nForbedring af kroppens tilstand efter v\u00e6gttab<\/p>\n<p>&nbsp;<\/p>\n<p><strong>Ingredienser<\/strong><br \/>\nPulveriseret cellulose, maltodextrin, produkt fra Rhizopus oryzae, rig p\u00e5 protein (7%), produkt fra Aspergillus oryzae, rig p\u00e5 protein (4,5%), produkter fra forarbejdning af frisk frugt og gr\u00f8ntsager (kiwifrugtkoncentrat &#8211; Actinidia deliciosa -) 1,25%.<\/p>\n<p><strong>Analytiske bestanddele<br \/>\n<\/strong>R\u00e5protein 15,3%, r\u00e5fedt 0,1%, r\u00e5fibre 21,0%, r\u00e5aske 0,5%<\/p>\n<p>&nbsp;<\/p>\n<p><strong>Tils\u00e6tningsstoffer<br \/>\n<\/strong><br \/>\n<strong>Vitaminer\/kg:<\/strong><br \/>\nVitamin B12 (3a835) 12500 mg, taurin (3a370) 200.000 mg, folinsyre (3a316) 50 mg<\/p>\n<p>&nbsp;<\/p>\n<p><strong>Kan ikke anbefales<\/strong><br \/>\n&#8211; ved intolerance over for en eller flere af de inkluderede ingredienser.<\/p>\n<p>&nbsp;<\/p>\n<p><img loading=\"lazy\" decoding=\"async\" class=\"alignnone size-medium wp-image-6157\" src=\"https:\/\/haps.centrumdyrehandel.dk\/wp-content\/uploads\/2024\/04\/VET-HUND-aktizym-foderplan-040324-300x144.jpg\" alt=\"\" width=\"300\" height=\"144\" \/><\/p>\n<p><strong>Anvendelse<br \/>\n<\/strong>Giv AktiZym over foderet, bland godt og fodr derefter. Start med den angivne m\u00e6ngde pulver. M\u00e6ngden kan justeres op eller ned efter behov. Frisk drikkevand skal v\u00e6re tilg\u00e6ngeligt konstant.<\/p>\n<p><strong>Anbefalet fodringsvarighed<\/strong><br \/>\nMindst 2-4 uger eller efter behov. En permanent supplerende fodring er uproblematisk. Det anbefales at s\u00f8ge r\u00e5d fra en dyrl\u00e6ge, f\u00f8r du begynder at fodre eller forl\u00e6nger fodringsperioden.<\/p>\n","protected":false},"excerpt":{"rendered":"<p>&nbsp;<\/p>\n<p><!--more--><\/p>\n<p><span style=\"color: #339966;\">M\u00c5 KUN ANVENDES EFTER AFTALE MED EN DYRL\u00c6GE<\/span><br \/>\n<span style=\"color: #339966;\">Happy Dog \/ Happy Cat VET er kun tilg\u00e6ngelig hos godkendte forhandlere<\/span><\/p>\n<p>Findes i 250 gr<\/p>\n<ul>\n<li>Hypoallergen, ren plantebaseret enzymkompleks uden animalske bestanddele<\/li>\n<li>Beriget med taurin og vitamin B12<\/li>\n<li>Ingen behov for \u201copbl\u00f8dning\u201d af pulveret f\u00f8r fodring<\/li>\n<li>H\u00f8j enzymatisk aktivitet<\/li>\n<li>Mulighed for nedbrydning af m\u00e6lkesukker<\/li>\n<li>H\u00f8j accept<\/li>\n<li>Let at blande i foderet<\/li>\n<\/ul>\n","protected":false},"featured_media":1157,"comment_status":"closed","ping_status":"closed","template":"","meta":[],"product_brand":[],"product_cat":[1855,1825,2102,2099,1869,2111,2112,2113],"product_tag":[],"class_list":{"0":"post-1717","1":"product","2":"type-product","3":"status-publish","4":"has-post-thumbnail","6":"product_cat-kosttilskud-kat","7":"product_cat-vet-hund","8":"product_cat-vet-hund-fordoejelsesbesvaer-2","9":"product_cat-vet-hund-toerkost-2","10":"product_cat-vet-kat-2","11":"product_cat-vet-kat-fordoejelsesbesvaer-2","12":"product_cat-vet-kat-kosttilskud-2","13":"product_cat-vet-kat-toerkost-2","15":"first","16":"instock","17":"featured","18":"product-type-simple"},"supplier_id":null,"supplier_sku":"","barcode":null,"atum_controlled":true,"out_stock_date":null,"out_stock_threshold":null,"inheritable":false,"inbound_stock":null,"stock_on_hold":0,"sold_today":0,"sales_last_days":0,"reserved_stock":null,"customer_returns":null,"warehouse_damage":null,"lost_in_post":null,"other_logs":null,"out_stock_days":0,"lost_sales":0,"has_location":null,"update_date":"2026-01-26T00:06:57","atum_locations":[],"atum_stock_status":"instock","restock_status":false,"low_stock_amount":"","sales_update_date":"2026-01-26T00:06:57","calc_backorders":null,"_links":{"self":[{"href":"https:\/\/3d-printere.dk\/index.php\/wp-json\/wp\/v2\/product\/1717","targetHints":{"allow":["GET"]}}],"collection":[{"href":"https:\/\/3d-printere.dk\/index.php\/wp-json\/wp\/v2\/product"}],"about":[{"href":"https:\/\/3d-printere.dk\/index.php\/wp-json\/wp\/v2\/types\/product"}],"replies":[{"embeddable":true,"href":"https:\/\/3d-printere.dk\/index.php\/wp-json\/wp\/v2\/comments?post=1717"}],"wp:featuredmedia":[{"embeddable":true,"href":"https:\/\/3d-printere.dk\/index.php\/wp-json\/wp\/v2\/media\/1157"}],"wp:attachment":[{"href":"https:\/\/3d-printere.dk\/index.php\/wp-json\/wp\/v2\/media?parent=1717"}],"wp:term":[{"taxonomy":"product_brand","embeddable":true,"href":"https:\/\/3d-printere.dk\/index.php\/wp-json\/wp\/v2\/product_brand?post=1717"},{"taxonomy":"product_cat","embeddable":true,"href":"https:\/\/3d-printere.dk\/index.php\/wp-json\/wp\/v2\/product_cat?post=1717"},{"taxonomy":"product_tag","embeddable":true,"href":"https:\/\/3d-printere.dk\/index.php\/wp-json\/wp\/v2\/product_tag?post=1717"}],"curies":[{"name":"wp","href":"https:\/\/api.w.org\/{rel}","templated":true}]}}