{"id":1708,"date":"2025-12-05T15:56:55","date_gmt":"2025-12-05T14:56:55","guid":{"rendered":"https:\/\/3d-printere.dk\/index.php\/vare\/profi-line-sportive-4\/"},"modified":"2025-12-05T15:56:58","modified_gmt":"2025-12-05T14:56:58","slug":"profi-line-sportive-4","status":"publish","type":"product","link":"https:\/\/3d-printere.dk\/index.php\/vare\/profi-line-sportive-4\/","title":{"rendered":"Profi-Line Sportive"},"content":{"rendered":"<p><strong>Ingredienser:<br \/>\n<\/strong>Korn (inkl. hvede, majs, byg), k\u00f8d og animalske biprodukter* (inkl. animalsk protein fra fjerkr\u00e6* (12 %)), olier og fedtstoffer, plantebiprodukter* (inkl. \u00e6blekvas*), fisk og fiskebiprodukter*, g\u00e6r*, mineraler, fr\u00f8, gr\u00f8ntsager*, alger*, m\u00e6lk og mejeriprodukter*, bl\u00f8ddyr og skaldyr* (inkl. muslingepulver), planteproteinudtr\u00e6k*, \u00e6g og \u00e6ggeprodukter*, frugter*; *) t\u00f8rret.<\/p>\n<p><strong>Metabolis\u00e9rbar energi:<br \/>\n<\/strong> 3895 kcal\/kg.<\/p>\n<p><strong>Analytiske bestanddele:<\/strong><br \/>\nR\u00e5protein 26,0 %, r\u00e5fedt 16,0 %, r\u00e5fiber 2,0 %, r\u00e5aske 6,5 %, calcium 1,45 %, fosfor 0,85 %, natrium 0,3 %, omega-6-fedtsyrer 3,0 %, omega-3-fedtsyrer 0,3 %.<\/p>\n<p>&nbsp;<\/p>\n<p><strong>Tils\u00e6tningsstoffer:<\/strong><\/p>\n<p><strong>Vitaminer\/kg<\/strong>:<br \/>\nVitamin A 13000 I.E., Vitamin D3 790 I.E.<\/p>\n<p><strong>Sporstoffer\/kg:<br \/>\n<\/strong>Jern (3b103) 55 mg, kobber (3b405) 13 mg, zink (3b603) 100 mg, mangan (3b502) 10 mg, jod (3b202) 2,5 mg, selen (3b801) 0,2 mg.<\/p>\n<p>&nbsp;<\/p>\n<p><strong>Anbefalet daglig foderm\u00e6ngde (g\/dag):<\/strong><\/p>\n<p><img loading=\"lazy\" decoding=\"async\" class=\"alignnone wp-image-7301\" src=\"https:\/\/haps.centrumdyrehandel.dk\/wp-content\/uploads\/2022\/06\/Profi-26_16-1024-559x600.jpg\" alt=\"\" width=\"402\" height=\"431\" \/><\/p>\n<p><strong>Fodring:<br \/>\n<\/strong>Giv foderet t\u00f8r eller tilf\u00f8j frisk, varmt vand (ved omkring 50-60\u00b0 C) og lad det tr\u00e6kke i et par minutter. S\u00f8rg for, at der er frisk drikkevand til r\u00e5dighed p\u00e5 alle tidspunkter. Reducer m\u00e6ngden af foder, hvis du ogs\u00e5 giver din hund snacks\/godbidder. I betragtning af forskellen mellem de enkelte hunde, kan den angivne daglige m\u00e6ngde reduceres med op til 15 %, hvis hunden har tendens til at v\u00e6re overv\u00e6gtig.<\/p>\n","protected":false},"excerpt":{"rendered":"<p>&nbsp;<\/p>\n<p><!--more--><\/p>\n<p>PRODUKTET S\u00c6LGES KUN TIL OPDR\u00c6TTERE<\/p>\n<p>Findes i 20 kg.<\/p>\n<ul>\n<li>Fuldfoder til voksne hunde inden for<br \/>\nsport og pr\u00e6station<\/li>\n<li>26\/16 protein\/fedt<\/li>\n<li>Til alle racer<\/li>\n<li>H\u00f8j optagelighed og letford\u00f8jelig<\/li>\n<li>Med fjerkr\u00e6, fisk, majs og hvede<br \/>\nUden soja, kunstige farvestoffer, aromaer<br \/>\nog konserveringsmidler<\/li>\n<li>Anbefalet af dyrel\u00e6ger og opdr\u00e6ttere<\/li>\n<li>Fremstillet i Tyskland under den strengeste kvalitetskontrol<\/li>\n<\/ul>\n","protected":false},"featured_media":0,"comment_status":"closed","ping_status":"closed","template":"","meta":[],"product_brand":[],"product_cat":[1278,1853],"product_tag":[],"class_list":{"0":"post-1708","1":"product","2":"type-product","3":"status-publish","5":"product_cat-opdraetter-serie-hund","6":"product_cat-profiline-2","8":"first","9":"instock","10":"featured","11":"purchasable","12":"product-type-simple"},"supplier_id":null,"supplier_sku":"","barcode":null,"atum_controlled":true,"out_stock_date":null,"out_stock_threshold":null,"inheritable":false,"inbound_stock":null,"stock_on_hold":0,"sold_today":0,"sales_last_days":0,"reserved_stock":null,"customer_returns":null,"warehouse_damage":null,"lost_in_post":null,"other_logs":null,"out_stock_days":0,"lost_sales":0,"has_location":null,"update_date":"2026-01-26T00:06:57","atum_locations":[],"atum_stock_status":"instock","restock_status":false,"low_stock_amount":"","sales_update_date":"2026-01-26T00:06:57","calc_backorders":null,"_links":{"self":[{"href":"https:\/\/3d-printere.dk\/index.php\/wp-json\/wp\/v2\/product\/1708","targetHints":{"allow":["GET"]}}],"collection":[{"href":"https:\/\/3d-printere.dk\/index.php\/wp-json\/wp\/v2\/product"}],"about":[{"href":"https:\/\/3d-printere.dk\/index.php\/wp-json\/wp\/v2\/types\/product"}],"replies":[{"embeddable":true,"href":"https:\/\/3d-printere.dk\/index.php\/wp-json\/wp\/v2\/comments?post=1708"}],"wp:attachment":[{"href":"https:\/\/3d-printere.dk\/index.php\/wp-json\/wp\/v2\/media?parent=1708"}],"wp:term":[{"taxonomy":"product_brand","embeddable":true,"href":"https:\/\/3d-printere.dk\/index.php\/wp-json\/wp\/v2\/product_brand?post=1708"},{"taxonomy":"product_cat","embeddable":true,"href":"https:\/\/3d-printere.dk\/index.php\/wp-json\/wp\/v2\/product_cat?post=1708"},{"taxonomy":"product_tag","embeddable":true,"href":"https:\/\/3d-printere.dk\/index.php\/wp-json\/wp\/v2\/product_tag?post=1708"}],"curies":[{"name":"wp","href":"https:\/\/api.w.org\/{rel}","templated":true}]}}