{"id":1705,"date":"2025-12-05T15:56:27","date_gmt":"2025-12-05T14:56:27","guid":{"rendered":"https:\/\/3d-printere.dk\/index.php\/vare\/vet-hund-og-kat-recovery-til-regenerering-4\/"},"modified":"2025-12-05T15:56:56","modified_gmt":"2025-12-05T14:56:56","slug":"vet-hund-og-kat-recovery-til-regenerering-4","status":"publish","type":"product","link":"https:\/\/3d-printere.dk\/index.php\/vare\/vet-hund-og-kat-recovery-til-regenerering-4\/","title":{"rendered":"VET HUND og KAT Recovery &#8211; til regenerering"},"content":{"rendered":"<p>Di\u00e6tetisk tilskudsfoder til voksne hunde og katte &#8211; til ern\u00e6ringsm\u00e6ssig genopretning og rekonvalescens hos hunde<\/p>\n<p><strong>Indikation<\/strong><\/p>\n<ul>\n<li>Sygdomme med betydeligt energibehov<\/li>\n<li>Efter omfattende kirurgiske indgreb eller skader<\/li>\n<li>Til introduktion af f\u00f8de efter perioder med sult<\/li>\n<li>Ved manglende appetit og v\u00e6gttab<\/li>\n<\/ul>\n<p><strong>M\u00e5l<\/strong><br \/>\nFremmer v\u00e6gt\u00f8gning og regenerering<\/p>\n<p>&nbsp;<\/p>\n<p><strong>Ingredienser<\/strong><br \/>\nK\u00f8d og animalske biprodukter fra kylling (50 %) og kalkun (15 %), s\u00f8de kartoffler, \u00e6ggepulver (2 %), kartoffelprotein, mineralstoffer, lakseolie (0,5 %), cellulose, cikoriarod (kilde til FOS), marietidsel.<\/p>\n<p><strong>Analytiske bestanddele<br \/>\n<\/strong>R\u00e5protein 12,8%, r\u00e5fedt 7,4%, r\u00e5fibre 0,3%, r\u00e5aske 1,8%, vandindhold 75%, calcium 0,28%, natrium 0,15%, kalium 0,22%, magnesium 0,03%, fosfor 0,22%, omega-6 fedtsyrer 0,6%, omega-3 fedtsyrer 0,2 %<\/p>\n<p>&nbsp;<\/p>\n<p><strong>Tils\u00e6tningsstoffer<\/strong><\/p>\n<p><strong>Vitaminer \/ kg:<br \/>\n<\/strong>Vitamin A (3a672a) 2000 IE, vitamin D3 (3a671) 240 IE, vitamin E (alle rac-alpha-tocopherylacetat 3a700) 24 mg, vitamin B1 (thiaminmononitrat 3a821) 5,8 mg, vitamin 2 ariboflavin 3 ( ) 7,2 mg, vitamin B6 (pyri-doxin hydrochlorid 3a831) 3 mg, biotin (3a880) 600 mcg, calcium D-pantothenat (3a841) 14,4 mg, niacin (3a315) 16,2 mg, vitamin B12 90 mCagarnitin, L0-1carnitin ) 1000 mg, Taurin (3a370) 500 mg<\/p>\n<p><strong>Sporstoffer\/kg:<\/strong><br \/>\nKobber 1 mg, zink (zinkoxid 3b603) 27 mg, mangan 3 mg, jod 0,75 mg<\/p>\n<div class=\"js--modal sizing--content\">\n<div class=\"btn icon--cross is--small btn--grey modal--close\"><\/div>\n<\/div>\n<p><strong>Kan ikke anbefales til:<\/strong><\/p>\n<ul>\n<li>Hvalpe og unge hunde \/ killinger og unge katte op til 6 m\u00e5neder<\/li>\n<li>Graviditet, diegivende<\/li>\n<li>Bugspytkirtelsygdomme<\/li>\n<li>Forstyrrelser i fedtstofskiftet<\/li>\n<\/ul>\n<p>&nbsp;<\/p>\n<p><img loading=\"lazy\" decoding=\"async\" class=\"alignnone size-medium wp-image-6198\" src=\"https:\/\/haps.centrumdyrehandel.dk\/wp-content\/uploads\/2024\/03\/VET-HUND-Recovery-foderplan-030424-300x234.jpg\" alt=\"\" width=\"300\" height=\"234\" \/><\/p>\n<p><img loading=\"lazy\" decoding=\"async\" class=\"alignnone wp-image-6301\" src=\"https:\/\/haps.centrumdyrehandel.dk\/wp-content\/uploads\/2024\/04\/VET-KAT-recovery-toerfoder-foderplan-030424-600x375.jpg\" alt=\"\" width=\"288\" height=\"180\" \/><\/p>\n<p><strong>R\u00e5dgivning om fodring<\/strong><br \/>\nVed brug af sv\u00e6lgsonde: Administreres under dyrl\u00e6gens opsyn.<\/p>\n<p><strong>Anbefalet foderm\u00e6ngde pr. dag<\/strong><br \/>\nM\u00e6ngden af \u200b\u200bfoder skal tilpasses hundens \/ kattens individuelle stofskifte og skal muligvis justeres i moderate m\u00e6ngder. Der skal altid v\u00e6re frisk vand til r\u00e5dighed.<\/p>\n","protected":false},"excerpt":{"rendered":"<p>&nbsp;<\/p>\n<p><!--more--><\/p>\n<p><span style=\"color: #339966;\">M\u00c5 KUN ANVENDES EFTER AFTALE MED EN DYRL\u00c6GE<\/span><br \/>\n<span style=\"color: #339966;\">Happy Dog VET og Happy Cat VET er kun tilg\u00e6ngelig hos godkendte forhandlere<\/span><\/p>\n<p>Findes i 200 gr<\/p>\n<ul>\n<li>H\u00f8jt energiindhold og h\u00f8j koncentration af vigtige n\u00e6ringsstoffer<\/li>\n<li>H\u00f8j proteinford\u00f8jelighed til regenerering og underst\u00f8ttelse af immunsystemet.<\/li>\n<li>Letford\u00f8jelige r\u00e5varer (kylling, \u00e6g, lakseolie)<\/li>\n<li>Egnet til sondeern\u00e6ring<\/li>\n<\/ul>\n","protected":false},"featured_media":0,"comment_status":"closed","ping_status":"closed","template":"","meta":[],"product_brand":[],"product_cat":[1825,2108,2100,1869,2109,2110],"product_tag":[],"class_list":{"0":"post-1705","1":"product","2":"type-product","3":"status-publish","5":"product_cat-vet-hund","6":"product_cat-vet-hund-regenerering-2","7":"product_cat-vet-hund-vaadkost-2","8":"product_cat-vet-kat-2","9":"product_cat-vet-kat-regenerering-2","10":"product_cat-vet-kat-vaadkost-2","12":"first","13":"instock","14":"featured","15":"purchasable","16":"product-type-simple"},"supplier_id":null,"supplier_sku":"","barcode":null,"atum_controlled":true,"out_stock_date":null,"out_stock_threshold":null,"inheritable":false,"inbound_stock":null,"stock_on_hold":0,"sold_today":0,"sales_last_days":0,"reserved_stock":null,"customer_returns":null,"warehouse_damage":null,"lost_in_post":null,"other_logs":null,"out_stock_days":0,"lost_sales":0,"has_location":null,"update_date":"2026-01-26T00:06:57","atum_locations":[],"atum_stock_status":"instock","restock_status":false,"low_stock_amount":"","sales_update_date":"2026-01-26T00:06:57","calc_backorders":null,"_links":{"self":[{"href":"https:\/\/3d-printere.dk\/index.php\/wp-json\/wp\/v2\/product\/1705","targetHints":{"allow":["GET"]}}],"collection":[{"href":"https:\/\/3d-printere.dk\/index.php\/wp-json\/wp\/v2\/product"}],"about":[{"href":"https:\/\/3d-printere.dk\/index.php\/wp-json\/wp\/v2\/types\/product"}],"replies":[{"embeddable":true,"href":"https:\/\/3d-printere.dk\/index.php\/wp-json\/wp\/v2\/comments?post=1705"}],"wp:attachment":[{"href":"https:\/\/3d-printere.dk\/index.php\/wp-json\/wp\/v2\/media?parent=1705"}],"wp:term":[{"taxonomy":"product_brand","embeddable":true,"href":"https:\/\/3d-printere.dk\/index.php\/wp-json\/wp\/v2\/product_brand?post=1705"},{"taxonomy":"product_cat","embeddable":true,"href":"https:\/\/3d-printere.dk\/index.php\/wp-json\/wp\/v2\/product_cat?post=1705"},{"taxonomy":"product_tag","embeddable":true,"href":"https:\/\/3d-printere.dk\/index.php\/wp-json\/wp\/v2\/product_tag?post=1705"}],"curies":[{"name":"wp","href":"https:\/\/api.w.org\/{rel}","templated":true}]}}